{"id":45987,"date":"2026-01-07T18:31:34","date_gmt":"2026-01-08T02:31:34","guid":{"rendered":"https:\/\/tangooled.com\/?post_type=product&#038;p=45987"},"modified":"2026-02-02T22:24:17","modified_gmt":"2026-02-03T06:24:17","slug":"recessed-up-and-down-led-lighting-channel-cabinet-lb02","status":"publish","type":"product","link":"https:\/\/tangooled.com\/pt\/product\/recessed-up-and-down-led-lighting-channel-cabinet-lb02\/","title":{"rendered":"canal de ilumina\u00e7\u00e3o em alum\u00ednio LED embutido para luzes de cima e embaixo para gabinete"},"content":{"rendered":"<div class=\"wp-block-group is-vertical is-layout-flex wp-container-core-group-is-layout-d255d7c4 wp-block-group-is-layout-flex\" style=\"padding-top:var(--wp--preset--spacing--80);padding-bottom:var(--wp--preset--spacing--80)\">\n<p>Nosso canal de ilumina\u00e7\u00e3o embutido BP02 proporcionar\u00e1 uma ilumina\u00e7\u00e3o suave e inteligente para seus gabinetes. Este canal de ilumina\u00e7\u00e3o para gabinetes oferece um design limpo e moderno. \u00c9 feito de alum\u00ednio resistente, que ajuda a manter suas LEDs frescas e brilhantes por anos. Use-o para fazer suas luzes de gabinete parecerem elegantes e funcionarem melhor.<\/p>\n<\/div>\n\n\n\n<div class=\"wp-block-group has-background is-vertical is-layout-flex wp-container-core-group-is-layout-d255d7c4 wp-block-group-is-layout-flex\" style=\"background-color:#f1f1f1;padding-top:var(--wp--preset--spacing--80);padding-bottom:var(--wp--preset--spacing--80)\">\n<div class=\"wp-block-group is-vertical is-layout-flex wp-container-core-group-is-layout-8cf370e7 wp-block-group-is-layout-flex\">\n<h2 class=\"wp-block-heading\" style=\"padding-top:var(--wp--preset--spacing--40);padding-bottom:var(--wp--preset--spacing--40);font-size:25px;font-style:normal;font-weight:600;text-transform:capitalize\">Por que escolher nosso canal de ilumina\u00e7\u00e3o embutido para cima e embaixo LB02?<\/h2>\n\n\n\n<ul class=\"wp-block-list\">\n<li>Ilumina\u00e7\u00e3o para cima e para baixo: A luz ilumina para cima e para baixo para fornecer tanto uma ilumina\u00e7\u00e3o eficaz para tarefas quanto uma suave ilumina\u00e7\u00e3o ambiente.<\/li>\n\n\n\n<li>Design embutido e flush: Encaixa perfeitamente em um painel de gabinete de 18mm de espessura para um visual organizado.<\/li>\n\n\n\n<li>Canal de alum\u00ednio forte: Isso mant\u00e9m as LEDs frescas e ajuda a prolongar sua vida \u00fatil.<\/li>\n\n\n\n<li>Luz sem pontos: O difusor fosco proporciona uma ilumina\u00e7\u00e3o suave e uniforme sem pontos brilhantes.<\/li>\n\n\n\n<li>Capa protetora: Mant\u00e9m as fitas LED seguras contra poeira e impactos.<\/li>\n\n\n\n<li>F\u00e1cil de instalar: Basta cavar um canal, prender a flangemontagem na madeira, depois adicionar as LEDs e o difusor.<\/li>\n\n\n\n<li>Funciona com fitas LED populares: Funciona bem com LEDs flex\u00edveis 2835, 5050 e 5630.<\/li>\n<\/ul>\n<\/div>\n<\/div>\n\n\n\n<div class=\"wp-block-group is-vertical is-layout-flex wp-container-core-group-is-layout-d255d7c4 wp-block-group-is-layout-flex\" style=\"padding-top:var(--wp--preset--spacing--80);padding-bottom:var(--wp--preset--spacing--80)\">\n<hr class=\"wp-block-separator has-alpha-channel-opacity\"\/>\n\n\n\n<div class=\"wp-block-media-text has-media-on-the-right is-stacked-on-mobile\" style=\"grid-template-columns:auto 40%\"><div class=\"wp-block-media-text__content\">\n<h2 class=\"wp-block-heading\" style=\"padding-top:var(--wp--preset--spacing--40);padding-bottom:var(--wp--preset--spacing--40);font-size:25px;font-style:normal;font-weight:600;text-transform:capitalize\">Instru\u00e7\u00f5es de instala\u00e7\u00e3o<\/h2>\n\n\n\n<ul class=\"wp-block-list\">\n<li>Corte um canal no lado do painel do seu gabinete.<\/li>\n\n\n\n<li>Snap a parte da flangemontagem no canal.<\/li>\n\n\n\n<li>Cole sua fita LED dentro do canal.<\/li>\n\n\n\n<li>Snap na capa do difusor fosco.<\/li>\n\n\n\n<li>Anexe os tamp\u00f5es de extremidade para finalizar o visual.<\/li>\n<\/ul>\n<\/div><figure class=\"wp-block-media-text__media\"><img loading=\"lazy\" decoding=\"async\" width=\"506\" height=\"506\" src=\"https:\/\/tangooled.com\/wp-content\/uploads\/2026\/01\/lb02-ins.webp\" alt=\"lb02 ins\" class=\"wp-image-46018 size-full\" srcset=\"https:\/\/tangooled.com\/wp-content\/uploads\/2026\/01\/lb02-ins.webp 506w, https:\/\/tangooled.com\/wp-content\/uploads\/2026\/01\/lb02-ins-300x300.webp 300w, https:\/\/tangooled.com\/wp-content\/uploads\/2026\/01\/lb02-ins-150x150.webp 150w\" sizes=\"auto, (max-width: 506px) 100vw, 506px\" \/><\/figure><\/div>\n<\/div>\n\n\n\n<div class=\"wp-block-group has-background is-vertical is-layout-flex wp-container-core-group-is-layout-b429018a wp-block-group-is-layout-flex\" style=\"background-color:#f1f1f1f2;padding-top:var(--wp--preset--spacing--70);padding-bottom:var(--wp--preset--spacing--70)\">\n<h2 class=\"wp-block-heading\" style=\"padding-top:var(--wp--preset--spacing--40);padding-bottom:var(--wp--preset--spacing--40);font-size:25px;font-style:normal;font-weight:600\">Produtos relacionados para completar sua ilumina\u00e7\u00e3o<\/h2>\n\n\n\n<p>Explore estes perfis de canal em alum\u00ednio com difusores correspondentes para construir um sistema de ilumina\u00e7\u00e3o completo:<\/p>\n\n\n\n<ul class=\"wp-block-list\">\n<li><a href=\"https:\/\/tangooled.com\/pt\/product\/black-led-profile-with-black-diffuser-for-10mm-led-strip-light\/\"><mark style=\"background-color:rgba(0, 0, 0, 0)\" class=\"has-inline-color has-vivid-red-color\">Perfil LED Preto com Difusor Preto para Luz de Fita LED de 10mm<\/mark><\/a><\/li>\n\n\n\n<li><a href=\"https:\/\/tangooled.com\/pt\/product\/cabinet-led-aluminum-profile-up-and-down-edge-lighting\/\"><mark style=\"background-color:rgba(0, 0, 0, 0)\" class=\"has-inline-color has-vivid-red-color\">Perfil de alum\u00ednio LED para ilumina\u00e7\u00e3o de bordo em cima e embaixo de gabinete<\/mark><\/a><\/li>\n\n\n\n<li><a href=\"https:\/\/tangooled.com\/pt\/product\/cabinet-led-strip-channel-with-diffuser-for-double-led-strips\/\"><mark style=\"background-color:rgba(0, 0, 0, 0)\" class=\"has-inline-color has-vivid-red-color\">Canal de fita LED para gabinete com difusor para fitas de LED duplas<\/mark><\/a><\/li>\n<\/ul>\n<\/div>\n\n\n\n<p><\/p>","protected":false},"featured_media":14171,"template":"","meta":{"_acf_changed":true,"_seopress_robots_primary_cat":"none","_seopress_titles_title":"Recessed Up and Down LED Profile for Cabinets LB02 | TANGOOLED","_seopress_titles_desc":"TANGOO's recessed aluminum LED profile LB02 features up and down lighting channels. Ideal for integrated cabinet lighting and architectural shadow-free effects.","_seopress_robots_index":""},"pcb-width":[228],"product-cat":[193],"class_list":{"0":"post-45987","1":"product","2":"type-product","3":"status-publish","4":"has-post-thumbnail","6":"pcb-width-6-12mm","7":"product-cat-recessed-profile"},"acf":[],"_links":{"self":[{"href":"https:\/\/tangooled.com\/pt\/wp-json\/wp\/v2\/product\/45987","targetHints":{"allow":["GET"]}}],"collection":[{"href":"https:\/\/tangooled.com\/pt\/wp-json\/wp\/v2\/product"}],"about":[{"href":"https:\/\/tangooled.com\/pt\/wp-json\/wp\/v2\/types\/product"}],"wp:featuredmedia":[{"embeddable":true,"href":"https:\/\/tangooled.com\/pt\/wp-json\/wp\/v2\/media\/14171"}],"wp:attachment":[{"href":"https:\/\/tangooled.com\/pt\/wp-json\/wp\/v2\/media?parent=45987"}],"wp:term":[{"taxonomy":"pcb-width","embeddable":true,"href":"https:\/\/tangooled.com\/pt\/wp-json\/wp\/v2\/pcb-width?post=45987"},{"taxonomy":"product-cat","embeddable":true,"href":"https:\/\/tangooled.com\/pt\/wp-json\/wp\/v2\/product-cat?post=45987"}],"curies":[{"name":"wp","href":"https:\/\/api.w.org\/{rel}","templated":true}]}}