{"id":45924,"date":"2026-01-07T18:11:18","date_gmt":"2026-01-08T02:11:18","guid":{"rendered":"https:\/\/tangooled.com\/?post_type=product&#038;p=45924"},"modified":"2026-02-02T01:55:52","modified_gmt":"2026-02-02T09:55:52","slug":"curved-diffuser-flexible-led-channel-for-8mm-led-strips-bp03","status":"publish","type":"product","link":"https:\/\/tangooled.com\/pt\/product\/curved-diffuser-flexible-led-channel-for-8mm-led-strips-bp03\/","title":{"rendered":"canal flex\u00edvel de luz LED com difusor curvo para faixas LED de 8mm"},"content":{"rendered":"<div class=\"wp-block-group is-vertical is-layout-flex wp-container-core-group-is-layout-d255d7c4 wp-block-group-is-layout-flex\" style=\"padding-top:var(--wp--preset--spacing--80);padding-bottom:var(--wp--preset--spacing--80)\">\n<p>Este canal de LED difusor curvo BP03 \u00e9 muito flex\u00edvel e foi projetado para fornecer luz suave e brilhante em superf\u00edcies arquitet\u00f4nicas arredondadas, curvas ou em \u00e2ngulo. Ele se adapta perfeitamente a faixas de luz LED de 8mm de largura, e sua flexibilidade permite que seja facilmente dobrado e moldado \u00e0 m\u00e3o para atender a qualquer contorno de design \u00fanico. Isso o torna excelente para instala\u00e7\u00f5es personalizadas.<\/p>\n\n\n\n<p>O canal resistente mant\u00e9m sua faixa LED segura, e a tampa difusora opal que o acompanha \u00e9 o que faz as luzes parecerem t\u00e3o boas. Ela elimina pontos quentes intensos e pontos LED \u00f3bvios, transformando a luz em um brilho suave e limpo, sem pontos. Isso o torna uma excelente escolha para adicionar luz ambiente de alta qualidade e melhorar os aspectos decorativos onde contornos precisos s\u00e3o necess\u00e1rios.<\/p>\n<\/div>\n\n\n\n<div class=\"wp-block-group has-background is-vertical is-layout-flex wp-container-core-group-is-layout-d255d7c4 wp-block-group-is-layout-flex\" style=\"background-color:#f1f1f1;padding-top:var(--wp--preset--spacing--80);padding-bottom:var(--wp--preset--spacing--80)\">\n<div class=\"wp-block-group is-vertical is-layout-flex wp-container-core-group-is-layout-8cf370e7 wp-block-group-is-layout-flex\">\n<h2 class=\"wp-block-heading\" style=\"padding-top:var(--wp--preset--spacing--40);padding-bottom:var(--wp--preset--spacing--40);font-size:25px;font-style:normal;font-weight:600;text-transform:capitalize\">Por que usar este canal de LED difusor curvo BP03?<\/h2>\n\n\n\n<ul class=\"wp-block-list\">\n<li>F\u00e1cil de dobrar: Voc\u00ea pode dobr\u00e1-lo para se ajustar a formas como arcos, c\u00edrculos ou ondas.<\/li>\n\n\n\n<li>Suaviza a luz: O difusor esconde os pontos LED, de modo que a luz seja suave e uniforme.<\/li>\n\n\n\n<li>Protege as faixas LED: A caixa de alum\u00ednio ou silicone mant\u00e9m as faixas seguras e frias.<\/li>\n\n\n\n<li>Ajusta-se a faixas LED de 8mm: Feito para se adequar perfeitamente a LEDs de 8mm de largura.<\/li>\n\n\n\n<li>F\u00e1cil de instalar: Vem com clipes e tampas de extremidade para um visual limpo.<\/li>\n\n\n\n<li>Duradouro: LEDs duram mais, pois transferem calor bem.<\/li>\n<\/ul>\n<\/div>\n<\/div>\n\n\n\n<div class=\"wp-block-group is-vertical is-layout-flex wp-container-core-group-is-layout-d255d7c4 wp-block-group-is-layout-flex\" style=\"padding-top:var(--wp--preset--spacing--80);padding-bottom:var(--wp--preset--spacing--80)\">\n<hr class=\"wp-block-separator has-alpha-channel-opacity\"\/>\n\n\n\n<div class=\"wp-block-media-text has-media-on-the-right is-stacked-on-mobile\" style=\"grid-template-columns:auto 40%\"><div class=\"wp-block-media-text__content\">\n<h2 class=\"wp-block-heading\" style=\"padding-top:var(--wp--preset--spacing--40);padding-bottom:var(--wp--preset--spacing--40);font-size:25px;font-style:normal;font-weight:600;text-transform:capitalize\">Como Usar<\/h2>\n\n\n\n<ul class=\"wp-block-list\">\n<li>Fa\u00e7a o canal se adaptar \u00e0 curva que voc\u00ea deseja.<\/li>\n\n\n\n<li>Anexe os clipes de montagem \u00e0 sua superf\u00edcie.<\/li>\n\n\n\n<li>Coloque o canal nos clipes.<\/li>\n\n\n\n<li>Coloque sua faixa LED de 8mm dentro.<\/li>\n\n\n\n<li>Coloque o difusor por cima para espalhar a luz suavemente.<\/li>\n<\/ul>\n<\/div><figure class=\"wp-block-media-text__media\"><img loading=\"lazy\" decoding=\"async\" width=\"500\" height=\"500\" src=\"https:\/\/tangooled.com\/wp-content\/uploads\/2026\/01\/bp03-ins.webp\" alt=\"bp03 ins\" class=\"wp-image-46015 size-full\" srcset=\"https:\/\/tangooled.com\/wp-content\/uploads\/2026\/01\/bp03-ins.webp 500w, https:\/\/tangooled.com\/wp-content\/uploads\/2026\/01\/bp03-ins-300x300.webp 300w, https:\/\/tangooled.com\/wp-content\/uploads\/2026\/01\/bp03-ins-150x150.webp 150w\" sizes=\"auto, (max-width: 500px) 100vw, 500px\" \/><\/figure><\/div>\n<\/div>\n\n\n\n<div class=\"wp-block-group has-background is-vertical is-layout-flex wp-container-core-group-is-layout-b429018a wp-block-group-is-layout-flex\" style=\"background-color:#f1f1f1f2;padding-top:var(--wp--preset--spacing--70);padding-bottom:var(--wp--preset--spacing--70)\">\n<h2 class=\"wp-block-heading\" style=\"padding-top:var(--wp--preset--spacing--40);padding-bottom:var(--wp--preset--spacing--40);font-size:25px;font-style:normal;font-weight:600\">Onde Pode Us\u00e1-lo?<\/h2>\n\n\n\n<ul class=\"wp-block-list\">\n<li>Paredes curvil\u00edneas ou arcos para destacar formas com luz.<\/li>\n\n\n\n<li>Espelhos redondos ou os cantos dos m\u00f3veis para uma ilumina\u00e7\u00e3o de fundo sutil.<\/li>\n\n\n\n<li>Faixas de luz personalizadas para balc\u00f5es de bar ou recep\u00e7\u00f5es.<\/li>\n\n\n\n<li>Displays de varejo que precisam de uma ilumina\u00e7\u00e3o suave e atrativa.<\/li>\n\n\n\n<li>Contornos curvos para ilhas de cozinha ou nichos.<\/li>\n<\/ul>\n<\/div>\n\n\n\n<div class=\"wp-block-group is-vertical is-layout-flex wp-container-core-group-is-layout-d255d7c4 wp-block-group-is-layout-flex\" style=\"padding-top:var(--wp--preset--spacing--80);padding-bottom:var(--wp--preset--spacing--80)\">\n<h2 class=\"wp-block-heading\" style=\"padding-top:var(--wp--preset--spacing--40);padding-bottom:var(--wp--preset--spacing--40);font-size:25px;font-style:normal;font-weight:600;text-transform:capitalize\">Produtos Relacionados que Voc\u00ea Pode Acessar<\/h2>\n\n\n\n<ul class=\"wp-block-list\">\n<li><a href=\"https:\/\/tangooled.com\/pt\/product\/10mm-led-profile-aluminum-channel-for-8mm-led-tape-lights\/\"><mark style=\"background-color:rgba(0, 0, 0, 0)\" class=\"has-inline-color has-vivid-red-color\">Canal de Alum\u00ednio de Perfil LED de 10mm para Fitas LED de 8mm<\/mark><\/a> \u2014 A bigger channel for slightly wider strips.<\/li>\n\n\n\n<li><a href=\"https:\/\/tangooled.com\/pt\/product\/led-strip-light-channel-aluminum-profile-with-diffused-cover-6mm-height\/\"><mark style=\"background-color:rgba(0, 0, 0, 0)\" class=\"has-inline-color has-vivid-red-color\">Perfil de Alum\u00ednio para Faixas de Luz LED com Tampa Difusora 6mm de Altura<\/mark><\/a> \u2014 Slim profile for tight spaces.<\/li>\n\n\n\n<li><a href=\"https:\/\/tangooled.com\/pt\/product\/black-led-profile-with-black-diffuser-for-10mm-led-strip-light\/\"><mark style=\"background-color:rgba(0, 0, 0, 0)\" class=\"has-inline-color has-vivid-red-color\">Perfil LED Preto com Difusor Preto para Luz de Fita LED de 10mm<\/mark><\/a> \u2014 Sleek black finish option for modern look.<\/li>\n\n\n\n<li><a href=\"https:\/\/tangooled.com\/pt\/product\/17mm-led-strip-light-aluminum-channel-for-surface-mounting\/\"><mark style=\"background-color:rgba(0, 0, 0, 0)\" class=\"has-inline-color has-vivid-red-color\">Canal de Alum\u00ednio para Faixa de Luz LED de 17mm para Montagem Superficial<\/mark><\/a> \u2014 Wider surface mount channel for bigger projects.<\/li>\n<\/ul>\n<\/div>\n\n\n\n<p>Este canal de luz LED flex\u00edvel para faixas de 8mm \u00e9 f\u00e1cil de usar e adiciona uma linda luz suave a qualquer superf\u00edcie curvada. Ele se adapta bem \u00e0s suas LEDs e fica incr\u00edvel em qualquer projeto dom\u00e9stico ou comercial.<\/p>","protected":false},"featured_media":13116,"template":"","meta":{"_acf_changed":true,"_seopress_robots_primary_cat":"none","_seopress_titles_title":"Curved Diffuser Flexible LED Channel BP03 | TANGOOLED","_seopress_titles_desc":"TANGOO's BP03 is a flexible LED channel featuring a curved diffuser for shape lighting. Perfect for 8mm LED strips in curved furniture and architectural designs.","_seopress_robots_index":""},"pcb-width":[228],"product-cat":[203],"class_list":{"0":"post-45924","1":"product","2":"type-product","3":"status-publish","4":"has-post-thumbnail","6":"pcb-width-6-12mm","7":"product-cat-flexible-profile"},"acf":[],"_links":{"self":[{"href":"https:\/\/tangooled.com\/pt\/wp-json\/wp\/v2\/product\/45924","targetHints":{"allow":["GET"]}}],"collection":[{"href":"https:\/\/tangooled.com\/pt\/wp-json\/wp\/v2\/product"}],"about":[{"href":"https:\/\/tangooled.com\/pt\/wp-json\/wp\/v2\/types\/product"}],"wp:featuredmedia":[{"embeddable":true,"href":"https:\/\/tangooled.com\/pt\/wp-json\/wp\/v2\/media\/13116"}],"wp:attachment":[{"href":"https:\/\/tangooled.com\/pt\/wp-json\/wp\/v2\/media?parent=45924"}],"wp:term":[{"taxonomy":"pcb-width","embeddable":true,"href":"https:\/\/tangooled.com\/pt\/wp-json\/wp\/v2\/pcb-width?post=45924"},{"taxonomy":"product-cat","embeddable":true,"href":"https:\/\/tangooled.com\/pt\/wp-json\/wp\/v2\/product-cat?post=45924"}],"curies":[{"name":"wp","href":"https:\/\/api.w.org\/{rel}","templated":true}]}}