{"id":45250,"date":"2026-01-07T02:16:46","date_gmt":"2026-01-07T10:16:46","guid":{"rendered":"https:\/\/tangooled.com\/?post_type=product&#038;p=45250"},"modified":"2026-02-02T01:55:19","modified_gmt":"2026-02-02T09:55:19","slug":"11mm-bendable-led-light-channel-for-6mm-led-strips","status":"publish","type":"product","link":"https:\/\/tangooled.com\/pt\/product\/11mm-bendable-led-light-channel-for-6mm-led-strips\/","title":{"rendered":"canal de luz LED dobr\u00e1vel de 11mm para faixas LED de 6mm"},"content":{"rendered":"<div class=\"wp-block-group is-vertical is-layout-flex wp-container-core-group-is-layout-d255d7c4 wp-block-group-is-layout-flex\" style=\"padding-top:var(--wp--preset--spacing--80);padding-bottom:var(--wp--preset--spacing--80)\">\n<p>Our 11mm bendable LED light channel is made to let you create\u00a0light shaping\u00a0in any interior architectural setting. This flexible LED channel is great for standard 6mm LED strips. By utilizing this bendable channel, you can effortlessly create gentle, continuous curving light, avoiding the harsh appearance of sharp corners and rigid lines. The channel is very easy to put in because it is flexible and can fit into small spaces or around objects that are hard to reach and have a lot of curves.<br> Al\u00e9m disso, o design garante uma excelente dissipa\u00e7\u00e3o de calor para uma vida \u00fatil mais longa. Seu difusor fosco de alta qualidade proporciona uma distribui\u00e7\u00e3o uniforme da luz, criando um efeito ambiental suave e profissional.<\/p>\n<\/div>\n\n\n\n<div class=\"wp-block-group has-background is-vertical is-layout-flex wp-container-core-group-is-layout-d255d7c4 wp-block-group-is-layout-flex\" style=\"background-color:#f1f1f1;padding-top:var(--wp--preset--spacing--80);padding-bottom:var(--wp--preset--spacing--80)\">\n<div class=\"wp-block-group is-vertical is-layout-flex wp-container-core-group-is-layout-8cf370e7 wp-block-group-is-layout-flex\">\n<h2 class=\"wp-block-heading\" style=\"padding-top:var(--wp--preset--spacing--40);padding-bottom:var(--wp--preset--spacing--40);font-size:25px;font-style:normal;font-weight:600;text-transform:capitalize\">Por que usar nosso canal LED dobr\u00e1vel de 11mm?<\/h2>\n\n\n\n<ul class=\"wp-block-list\">\n<li>Voc\u00ea pode dobr\u00e1-lo manualmente sem precisar de ferramentas.<\/li>\n\n\n\n<li>Funciona bem com perfis de strip LED finos de 6mm.<\/li>\n\n\n\n<li>Alum\u00ednio resistente que resfria rapidamente a strip LED.<\/li>\n\n\n\n<li>The frosted cover blocks &#8220;dot&#8221; lights and lets in gentle, flowing light.<\/li>\n\n\n\n<li>Vem com tampas de extremidade e clipes para f\u00e1cil instala\u00e7\u00e3o.<\/li>\n\n\n\n<li>Funciona perfeitamente em m\u00f3veis, paredes e placas que s\u00e3o curvas.<\/li>\n<\/ul>\n<\/div>\n<\/div>\n\n\n\n<div class=\"wp-block-group is-vertical is-layout-flex wp-container-core-group-is-layout-d255d7c4 wp-block-group-is-layout-flex\" style=\"padding-top:var(--wp--preset--spacing--80);padding-bottom:var(--wp--preset--spacing--80)\">\n<hr class=\"wp-block-separator has-alpha-channel-opacity\"\/>\n\n\n\n<div class=\"wp-block-media-text has-media-on-the-right is-stacked-on-mobile\" style=\"grid-template-columns:auto 40%\"><div class=\"wp-block-media-text__content\">\n<h2 class=\"wp-block-heading\" style=\"padding-top:var(--wp--preset--spacing--40);padding-bottom:var(--wp--preset--spacing--40);font-size:25px;font-style:normal;font-weight:600;text-transform:capitalize\">Como instalar seu canal de luz dobr\u00e1vel<\/h2>\n\n\n\n<ul class=\"wp-block-list\">\n<li>Corte o canal no tamanho usando uma serra de dente fino. Para um corte limpo, mantenha o difusor no lugar.<\/li>\n\n\n\n<li>Dobre o canal LED dobr\u00e1vel de 11mm na forma que voc\u00ea deseja.<\/li>\n\n\n\n<li>Coloque os clipes para montagem na superf\u00edcie.<\/li>\n\n\n\n<li>Prenda o canal nos clipes e coloque seu perfil de strip LED de 6mm dentro.<\/li>\n\n\n\n<li>Coloque a capa difusora fosca em cima.<\/li>\n\n\n\n<li>Coloque as tampas de extremidade para deix\u00e1-lo com apar\u00eancia limpa.<\/li>\n<\/ul>\n<\/div><figure class=\"wp-block-media-text__media\"><img loading=\"lazy\" decoding=\"async\" width=\"500\" height=\"500\" src=\"https:\/\/tangooled.com\/wp-content\/uploads\/2026\/01\/bp02-ins.webp\" alt=\"bp02 ins\" class=\"wp-image-46014 size-full\" srcset=\"https:\/\/tangooled.com\/wp-content\/uploads\/2026\/01\/bp02-ins.webp 500w, https:\/\/tangooled.com\/wp-content\/uploads\/2026\/01\/bp02-ins-300x300.webp 300w, https:\/\/tangooled.com\/wp-content\/uploads\/2026\/01\/bp02-ins-150x150.webp 150w\" sizes=\"auto, (max-width: 500px) 100vw, 500px\" \/><\/figure><\/div>\n<\/div>\n\n\n\n<div class=\"wp-block-group has-background is-vertical is-layout-flex wp-container-core-group-is-layout-b429018a wp-block-group-is-layout-flex\" style=\"background-color:#f1f1f1f2;padding-top:var(--wp--preset--spacing--70);padding-bottom:var(--wp--preset--spacing--70)\">\n<h2 class=\"wp-block-heading\" style=\"padding-top:var(--wp--preset--spacing--40);padding-bottom:var(--wp--preset--spacing--40);font-size:25px;font-style:normal;font-weight:600\">\u00d3timo para muitos usos<\/h2>\n\n\n\n<ul class=\"wp-block-list\">\n<li>Paredes e arcos curvados: A caracter\u00edstica dobr\u00e1vel se adapta suavemente a formas curvas.<\/li>\n\n\n\n<li>Sinaliza\u00e7\u00e3o personalizada: Fa\u00e7a placas redondas ou moldadas com linhas limpas de luz LED.<\/li>\n\n\n\n<li>Bares e ilhas na cozinha: Adapte sob balc\u00f5es com curvas para tornar a ilumina\u00e7\u00e3o de trabalho mais relaxante.<\/li>\n\n\n\n<li>Prateleiras e vitrines em lojas: Proporcione luz suave em exibi\u00e7\u00f5es e prateleiras circulares.<\/li>\n\n\n\n<li>Ilumina\u00e7\u00e3o para m\u00f3veis: Coloque luzes em mesas, balc\u00f5es de recep\u00e7\u00e3o e arm\u00e1rios que s\u00e3o curvados.<\/li>\n\n\n\n<li>Luzes para carros e barcos: Funciona bem para ilumina\u00e7\u00e3o em espa\u00e7os apertados ou curvados.<\/li>\n<\/ul>\n<\/div>\n\n\n\n<div class=\"wp-block-group is-vertical is-layout-flex wp-container-core-group-is-layout-d255d7c4 wp-block-group-is-layout-flex\" style=\"padding-top:var(--wp--preset--spacing--80);padding-bottom:var(--wp--preset--spacing--80)\">\n<h2 class=\"wp-block-heading\" style=\"padding-top:var(--wp--preset--spacing--40);padding-bottom:var(--wp--preset--spacing--40);font-size:25px;font-style:normal;font-weight:600;text-transform:capitalize\">Veja a compara\u00e7\u00e3o com outros produtos<\/h2>\n\n\n\n<ul class=\"wp-block-list\">\n<li><a href=\"https:\/\/tangooled.com\/pt\/product\/25x6mm-low-profile-led-strip-channel-for-10mm-led-strip-light\/\"><mark style=\"background-color:rgba(0, 0, 0, 0)\" class=\"has-inline-color has-vivid-red-color\">Canal de strip LED de perfil baixo de 25x6mm para luz de strip LED de 10mm<\/mark><\/a>.<\/li>\n\n\n\n<li><a href=\"https:\/\/tangooled.com\/pt\/product\/surface-mount-led-profile-with-frosted-diffuser-for-10mm-rope-lights\/\"><mark style=\"background-color:rgba(0, 0, 0, 0)\" class=\"has-inline-color has-vivid-red-color\">Perfil LED de Montagem Superficial com Difusor Fosco para Luzes de Cord\u00e3o de 10mm<\/mark><\/a>.<\/li>\n\n\n\n<li><a href=\"https:\/\/tangooled.com\/pt\/product\/black-led-profile-with-black-diffuser-for-10mm-led-strip-light\/\"><mark style=\"background-color:rgba(0, 0, 0, 0)\" class=\"has-inline-color has-vivid-red-color\">Perfil LED Preto com Difusor Preto para Luz de Fita LED de 10mm<\/mark><\/a>.<\/li>\n<\/ul>\n<\/div>\n\n\n\n<div class=\"wp-block-group has-background is-vertical is-layout-flex wp-container-core-group-is-layout-b429018a wp-block-group-is-layout-flex\" style=\"background-color:#f1f1f1f2;padding-top:var(--wp--preset--spacing--70);padding-bottom:var(--wp--preset--spacing--70)\">\n<h2 class=\"wp-block-heading\" style=\"padding-top:var(--wp--preset--spacing--40);padding-bottom:var(--wp--preset--spacing--40);font-size:25px;font-style:normal;font-weight:600\">Resumo<\/h2>\n\n\n\n<p style=\"padding-right:var(--wp--preset--spacing--50);padding-left:var(--wp--preset--spacing--50)\">Nosso canal LED flex\u00edvel de 11mm \u00e9 projetado para strips LED de 6mm. \u00c9 o melhor canal de luz, pois pode se dobrar para se ajustar a luzes que s\u00e3o curvas. Mant\u00e9m seus LEDs frios, segura-os firmemente e fornece luz limpa e livre de pontos. Voc\u00ea pode facilmente cortar, dobrar e instalar. Voc\u00ea pode usar este canal para fazer uma infinidade de objetos, como arcos, placas redondas, m\u00f3veis curvados, exibi\u00e7\u00f5es em lojas, carros e muito mais.<\/p>\n<\/div>\n\n\n\n<p><\/p>","protected":false},"featured_media":13113,"template":"","meta":{"_acf_changed":false,"_seopress_robots_primary_cat":"none","_seopress_titles_title":"11mm Bendable LED Light Channel for 6mm Strips | TANGOOLED","_seopress_titles_desc":"Ultra-slim 11mm bendable LED light channel perfect for 6mm LED strips. Ideal for tight curves, cabinet lighting, and minimalist designs.","_seopress_robots_index":""},"pcb-width":[228],"product-cat":[203],"class_list":{"0":"post-45250","1":"product","2":"type-product","3":"status-publish","4":"has-post-thumbnail","6":"pcb-width-6-12mm","7":"product-cat-flexible-profile"},"acf":[],"_links":{"self":[{"href":"https:\/\/tangooled.com\/pt\/wp-json\/wp\/v2\/product\/45250","targetHints":{"allow":["GET"]}}],"collection":[{"href":"https:\/\/tangooled.com\/pt\/wp-json\/wp\/v2\/product"}],"about":[{"href":"https:\/\/tangooled.com\/pt\/wp-json\/wp\/v2\/types\/product"}],"wp:featuredmedia":[{"embeddable":true,"href":"https:\/\/tangooled.com\/pt\/wp-json\/wp\/v2\/media\/13113"}],"wp:attachment":[{"href":"https:\/\/tangooled.com\/pt\/wp-json\/wp\/v2\/media?parent=45250"}],"wp:term":[{"taxonomy":"pcb-width","embeddable":true,"href":"https:\/\/tangooled.com\/pt\/wp-json\/wp\/v2\/pcb-width?post=45250"},{"taxonomy":"product-cat","embeddable":true,"href":"https:\/\/tangooled.com\/pt\/wp-json\/wp\/v2\/product-cat?post=45250"}],"curies":[{"name":"wp","href":"https:\/\/api.w.org\/{rel}","templated":true}]}}