{"id":44987,"date":"2026-01-04T20:08:39","date_gmt":"2026-01-05T04:08:39","guid":{"rendered":"https:\/\/tangooled.com\/?post_type=product&#038;p=44987"},"modified":"2026-01-29T18:40:05","modified_gmt":"2026-01-30T02:40:05","slug":"surface-mount-30mm-led-diffuser-channel-for-two-led-strips","status":"publish","type":"product","link":"https:\/\/tangooled.com\/pt\/product\/surface-mount-30mm-led-diffuser-channel-for-two-led-strips\/","title":{"rendered":"canal difusor LED de montagem em superf\u00edcie de 30mm para duas tiras de LED"},"content":{"rendered":"<div class=\"wp-block-group\" style=\"padding-top:var(--wp--preset--spacing--80);padding-bottom:var(--wp--preset--spacing--80)\"><div class=\"wp-block-group__inner-container is-layout-constrained wp-block-group-is-layout-constrained\">\n<p>Our 30mm surface LED channel for two strips has external dimensions of 34.6mm x 23.8mm and will double the effect of your lights. This high-quality aluminum profile has a 31.0mm internal width, which makes it perfect for holding two 10mm wide LED strips next to each other. It&#8217;s easy to install: just drill through the special internal groove and use screws to attach the channel directly to the surface. After it is fastened, snap on the light diffuser to make a glow that is wide, smooth, and free of dots.<br>Este canal LED de superf\u00edcie de 30mm para duas tiras \u00e9 \u00f3timo para cozinhas, locais de trabalho e lojas.<\/p>\n<\/div><\/div>\n\n\n\n<div class=\"wp-block-group has-background\" style=\"background-color:#f2f2f2f2;padding-top:var(--wp--preset--spacing--80);padding-bottom:var(--wp--preset--spacing--80)\"><div class=\"wp-block-group__inner-container is-layout-constrained wp-block-group-is-layout-constrained\">\n<div class=\"wp-block-group is-vertical is-layout-flex wp-container-core-group-is-layout-8cf370e7 wp-block-group-is-layout-flex\">\n<h2 class=\"wp-block-heading\" style=\"padding-top:var(--wp--preset--spacing--40);padding-bottom:var(--wp--preset--spacing--40);font-size:25px;font-style:normal;font-weight:600;text-transform:capitalize\">Por que escolher nosso canal LED de superf\u00edcie de 30mm para duas tiras?<\/h2>\n\n\n\n<ul class=\"wp-block-list\">\n<li>Pode acomodar duas tiras de LED com at\u00e9 12mm de largura.<\/li>\n\n\n\n<li>Feito de alum\u00ednio anodizado robusto que funciona como um dissipador de calor.<\/li>\n\n\n\n<li>Possui um difusor de policarbonato fosco que faz com que as luzes LED pare\u00e7am uma linha suave.<\/li>\n\n\n\n<li>Vem com todas as ferramentas necess\u00e1rias para instala\u00e7\u00e3o, incluindo parafusos de montagem&nbsp;e tampas de extremidade.<\/li>\n\n\n\n<li>\u00d3timo para montagem em paredes, tetos e arm\u00e1rios.<\/li>\n\n\n\n<li>Protege as tiras de LED da poeira e danos.<\/li>\n<\/ul>\n<\/div>\n<\/div><\/div>\n\n\n\n<div class=\"wp-block-group\" style=\"padding-top:var(--wp--preset--spacing--80);padding-bottom:var(--wp--preset--spacing--80)\"><div class=\"wp-block-group__inner-container is-layout-constrained wp-block-group-is-layout-constrained\">\n<div class=\"wp-block-media-text has-media-on-the-right is-stacked-on-mobile\" style=\"padding-top:0;padding-bottom:0;grid-template-columns:auto 40%\"><div class=\"wp-block-media-text__content\">\n<h2 class=\"wp-block-heading\" style=\"font-size:25px;font-style:normal;font-weight:600;text-transform:capitalize\">Como instalar o canal LED de superf\u00edcie de 30mm para duas tiras<\/h2>\n\n\n\n<ul class=\"wp-block-list\">\n<li>Use parafusos para fixar o canal diretamente \u00e0 superf\u00edcie&nbsp;onde voc\u00ea deseja.<\/li>\n\n\n\n<li>Coloque duas tiras de LED no canal uma ao lado da outra. Verifique se o adesivo na fita LED \u00e9 forte.<\/li>\n\n\n\n<li>Para suavizar a luz, encaixe a tampa difusora.<\/li>\n\n\n\n<li>Conecte suas tiras de LED ao driver de LED ou fonte de energia.<\/li>\n\n\n\n<li>Put on end caps to keep the ends safe and make it look like it&#8217;s done.<\/li>\n<\/ul>\n<\/div><figure class=\"wp-block-media-text__media\"><img loading=\"lazy\" decoding=\"async\" width=\"750\" height=\"750\" src=\"https:\/\/tangooled.com\/wp-content\/uploads\/2026\/01\/fp31-ins.webp\" alt=\"surface mount 30mm led diffuser channel for two led strips\" class=\"wp-image-45239 size-full\" srcset=\"https:\/\/tangooled.com\/wp-content\/uploads\/2026\/01\/fp31-ins.webp 750w, https:\/\/tangooled.com\/wp-content\/uploads\/2026\/01\/fp31-ins-300x300.webp 300w, https:\/\/tangooled.com\/wp-content\/uploads\/2026\/01\/fp31-ins-150x150.webp 150w\" sizes=\"auto, (max-width: 750px) 100vw, 750px\" \/><\/figure><\/div>\n<\/div><\/div>\n\n\n\n<div class=\"wp-block-group has-background\" style=\"background-color:#f2f2f2;padding-top:var(--wp--preset--spacing--80);padding-bottom:var(--wp--preset--spacing--80)\"><div class=\"wp-block-group__inner-container is-layout-constrained wp-block-group-is-layout-constrained\">\n<h2 class=\"wp-block-heading\" style=\"padding-top:var(--wp--preset--spacing--40);padding-bottom:var(--wp--preset--spacing--40);font-size:25px;font-style:normal;font-weight:600;text-transform:capitalize\">Funciona para muitas aplica\u00e7\u00f5es<\/h2>\n\n\n\n<p>Funciona bem para muitas necessidades de ilumina\u00e7\u00e3o:<\/p>\n\n\n\n<ul class=\"wp-block-list\">\n<li>Ilumina\u00e7\u00e3o sob os arm\u00e1rios da cozinha<\/li>\n\n\n\n<li>Ilumina\u00e7\u00e3o de cove e arquitet\u00f4nica<\/li>\n\n\n\n<li>Ilumina\u00e7\u00e3o para exibi\u00e7\u00f5es e lojas<\/li>\n\n\n\n<li>Ilumina\u00e7\u00e3o para closets e guarda-roupas<\/li>\n\n\n\n<li>Ilumina\u00e7\u00e3o geral na sala<\/li>\n<\/ul>\n<\/div><\/div>\n\n\n\n<div class=\"wp-block-group\" style=\"padding-top:var(--wp--preset--spacing--80);padding-bottom:var(--wp--preset--spacing--80)\"><div class=\"wp-block-group__inner-container is-layout-constrained wp-block-group-is-layout-constrained\">\n<h2 class=\"wp-block-heading\" style=\"padding-top:var(--wp--preset--spacing--40);padding-bottom:var(--wp--preset--spacing--40);font-size:25px;font-style:normal;font-weight:600;text-transform:capitalize\">O que vem na caixa?<\/h2>\n\n\n\n<ul class=\"wp-block-list\">\n<li>Canal de Alum\u00ednio (se\u00e7\u00f5es de 2.5m)<\/li>\n\n\n\n<li>Tampa Difusora de Policarbonato Fosco<\/li>\n\n\n\n<li>Tampas de extremidade (simples + com orif\u00edcio para fio)<\/li>\n\n\n\n<li>Parafusos de montagem para instala\u00e7\u00e3o<\/li>\n<\/ul>\n<\/div><\/div>\n\n\n\n<div class=\"wp-block-group has-background\" style=\"background-color:#f2f2f2f2;padding-top:var(--wp--preset--spacing--80);padding-bottom:var(--wp--preset--spacing--80)\"><div class=\"wp-block-group__inner-container is-layout-constrained wp-block-group-is-layout-constrained\">\n<h2 class=\"wp-block-heading\" style=\"font-size:25px;font-style:normal;font-weight:600\">Produtos Relacionados Que Voc\u00ea Pode Gostar<\/h2>\n\n\n\n<ul class=\"wp-block-list\">\n<li><a href=\"https:\/\/tangooled.com\/pt\/product\/black-led-diffuser-aluminum-channel-for-12mm-tape-lights\/\"><mark style=\"background-color:rgba(0, 0, 0, 0)\" class=\"has-inline-color has-vivid-red-color\">Canal de alum\u00ednio com difusor LED preto para luzes de fita de 12mm<\/mark><\/a> \u2013 A sleek black profile matching 12mm strips.<\/li>\n\n\n\n<li><a href=\"https:\/\/tangooled.com\/pt\/product\/surface-mount-led-profile-with-frosted-diffuser-for-10mm-rope-lights\/\"><mark style=\"background-color:rgba(0, 0, 0, 0)\" class=\"has-inline-color has-vivid-red-color\">Perfil LED de montagem de superf\u00edcie com difusor fosco para luzes de cord\u00e3o de 10mm<\/mark><\/a> \u2013 Ideal for thinner rope-style LED lights.<\/li>\n\n\n\n<li><mark style=\"background-color:rgba(0, 0, 0, 0)\" class=\"has-inline-color has-vivid-red-color\"><a href=\"https:\/\/tangooled.com\/pt\/product\/17mm-led-strip-light-aluminum-channel-for-surface-mounting\/\">Canal de alum\u00ednio para fita LED de 17mm para montagem em superf\u00edcie<\/a> <\/mark>\u2013 A narrower surface profile for single strips.<\/li>\n<\/ul>\n\n\n\n<p>Explore mais solu\u00e7\u00f5es de ilumina\u00e7\u00e3o em nossa <a href=\"https:\/\/tangooled.com\/pt\/led-profiles\/\"><mark style=\"background-color:rgba(0, 0, 0, 0)\" class=\"has-inline-color has-vivid-red-color\">cole\u00e7\u00e3o de Perfis de Alum\u00ednio LED<\/mark><\/a> para brilho perfeito e instala\u00e7\u00f5es organizadas.<\/p>\n<\/div><\/div>\n\n\n\n<div class=\"wp-block-group\" style=\"padding-top:var(--wp--preset--spacing--80);padding-bottom:var(--wp--preset--spacing--80)\"><div class=\"wp-block-group__inner-container is-layout-constrained wp-block-group-is-layout-constrained\">\n<p>Nosso canal difusor LED de montagem em superf\u00edcie de 30mm para duas tiras de LED \u00e9 uma solu\u00e7\u00e3o de ilumina\u00e7\u00e3o brilhante, uniforme e profissional que \u00e9 f\u00e1cil de instalar e dura muito tempo. Use-o para ilumina\u00e7\u00e3o arquitet\u00f4nica, exibi\u00e7\u00e3o no varejo ou luz ambiente na sua pr\u00f3xima projeto!<\/p>\n<\/div><\/div>","protected":false},"featured_media":14014,"template":"","meta":{"_acf_changed":true,"_seopress_robots_primary_cat":"none","_seopress_titles_title":"Aluminum 30mm Surface LED Channel for Two Strips | TANGOOLED","_seopress_titles_desc":"Source the 30mm surface LED channel. This wide aluminum profile fits two LED strips for high-output lighting and superior thermal management.","_seopress_robots_index":""},"pcb-width":[229],"product-cat":[192],"class_list":{"0":"post-44987","1":"product","2":"type-product","3":"status-publish","4":"has-post-thumbnail","6":"pcb-width-15-20mm","7":"product-cat-surface-led-profile"},"acf":[],"_links":{"self":[{"href":"https:\/\/tangooled.com\/pt\/wp-json\/wp\/v2\/product\/44987","targetHints":{"allow":["GET"]}}],"collection":[{"href":"https:\/\/tangooled.com\/pt\/wp-json\/wp\/v2\/product"}],"about":[{"href":"https:\/\/tangooled.com\/pt\/wp-json\/wp\/v2\/types\/product"}],"wp:featuredmedia":[{"embeddable":true,"href":"https:\/\/tangooled.com\/pt\/wp-json\/wp\/v2\/media\/14014"}],"wp:attachment":[{"href":"https:\/\/tangooled.com\/pt\/wp-json\/wp\/v2\/media?parent=44987"}],"wp:term":[{"taxonomy":"pcb-width","embeddable":true,"href":"https:\/\/tangooled.com\/pt\/wp-json\/wp\/v2\/pcb-width?post=44987"},{"taxonomy":"product-cat","embeddable":true,"href":"https:\/\/tangooled.com\/pt\/wp-json\/wp\/v2\/product-cat?post=44987"}],"curies":[{"name":"wp","href":"https:\/\/api.w.org\/{rel}","templated":true}]}}