{"id":44985,"date":"2026-01-04T20:03:41","date_gmt":"2026-01-05T04:03:41","guid":{"rendered":"https:\/\/tangooled.com\/?post_type=product&#038;p=44985"},"modified":"2026-01-29T18:25:37","modified_gmt":"2026-01-30T02:25:37","slug":"25mm-u-shape-led-mounting-channel-for-15mm-double-row-led-strip-lights","status":"publish","type":"product","link":"https:\/\/tangooled.com\/pt\/product\/25mm-u-shape-led-mounting-channel-for-15mm-double-row-led-strip-lights\/","title":{"rendered":"Canal de montagem LED em forma de U de 25mm para luzes de fita LED de linha dupla de 15mm"},"content":{"rendered":"<div class=\"wp-block-group\" style=\"padding-top:var(--wp--preset--spacing--80);padding-bottom:var(--wp--preset--spacing--80)\"><div class=\"wp-block-group__inner-container is-layout-constrained wp-block-group-is-layout-constrained\">\n<p>O nosso canal LED em forma de U de 25mm far\u00e1 com que seus projetos pare\u00e7am profissionais, encaixando-se perfeitamente e emitindo a maior quantidade de luz. Este inv\u00f3lucro em forma de U \u00e9 feito de liga de alum\u00ednio 6063-T5, que \u00e9 o mesmo material utilizado na constru\u00e7\u00e3o de avi\u00f5es. Ele mant\u00e9m seus LEDs seguros, frescos e protegidos.<br>O canal em U&nbsp;tem uma grande largura interna de 25mm, tornando-o ideal para fitas LED de linha dupla de 15mm como 5050, 2835 ou tipos COB. Al\u00e9m disso, seu design facilita a conex\u00e3o a qualquer superf\u00edcie plana. Este canal vers\u00e1til faz um excelente trabalho ao esconder fios feios, de modo que suas luzes pare\u00e7am muito limpas, elegantes e modernas.<\/p>\n<\/div><\/div>\n\n\n\n<div class=\"wp-block-group has-background\" style=\"background-color:#f2f2f2f2;padding-top:var(--wp--preset--spacing--80);padding-bottom:var(--wp--preset--spacing--80)\"><div class=\"wp-block-group__inner-container is-layout-constrained wp-block-group-is-layout-constrained\">\n<div class=\"wp-block-group is-vertical is-layout-flex wp-container-core-group-is-layout-8cf370e7 wp-block-group-is-layout-flex\">\n<h2 class=\"wp-block-heading\" style=\"padding-top:var(--wp--preset--spacing--40);padding-bottom:var(--wp--preset--spacing--40);font-size:25px;font-style:normal;font-weight:600;text-transform:capitalize\">Por que escolher este canal LED em forma de U de 25mm?<\/h2>\n\n\n\n<ul class=\"wp-block-list\">\n<li>Funciona com fitas largas de linha dupla: Isso \u00e9 \u00f3timo para v\u00e1rias&nbsp;fitas de LED&nbsp;e fitas LED de linha dupla.<\/li>\n\n\n\n<li>Luz suave com difusor: A lente difusora fosca que vem com ele faz com que suas luzes LED brilhem uniformemente, sem pontos quentes.<\/li>\n\n\n\n<li>Protege e resfria: O alum\u00ednio \u00e9 um bom dissipador de calor. Ele impede que seus LEDs fiquem muito quentes e faz com que durem mais.<\/li>\n\n\n\n<li>Kit completo: Vem com o canal de alum\u00ednio, capa difusora de encaixe, clipes de montagem e tampas de extremidade com e sem buracos para fios.<\/li>\n\n\n\n<li>F\u00e1cil de instalar: Voc\u00ea pode usar os clipes ou fita que v\u00eam com ele para fix\u00e1-lo em qualquer superf\u00edcie, incluindo um trilho de arm\u00e1rio, sob um gabinete ou prateleiras de exibi\u00e7\u00e3o.<\/li>\n<\/ul>\n<\/div>\n<\/div><\/div>\n\n\n\n<div class=\"wp-block-group\" style=\"padding-top:var(--wp--preset--spacing--80);padding-bottom:var(--wp--preset--spacing--80)\"><div class=\"wp-block-group__inner-container is-layout-constrained wp-block-group-is-layout-constrained\">\n<div class=\"wp-block-media-text has-media-on-the-right is-stacked-on-mobile\" style=\"padding-top:0;padding-bottom:0;grid-template-columns:auto 40%\"><div class=\"wp-block-media-text__content\">\n<h2 class=\"wp-block-heading\" style=\"font-size:25px;font-style:normal;font-weight:600;text-transform:capitalize\">Como usar o canal LED em forma de U de 25mm?<\/h2>\n\n\n\n<ul class=\"wp-block-list\">\n<li>Corte para o tamanho: Utilize uma serra de arco para obter o comprimento correto.<\/li>\n\n\n\n<li>Anexe os clipes: Use parafusos ou fita para prender os clipes de montagem de a\u00e7o \u00e0 sua superf\u00edcie.<\/li>\n\n\n\n<li>Coloque a fita LED: Insira sua fita de LED de linha dupla&nbsp;dentro.<\/li>\n\n\n\n<li>Encaixe o difusor: Use a lente fosca para cobri-lo e tornar a luz uniforme e sem pontos.<\/li>\n\n\n\n<li>Coloque as tampas de extremidade: Feche ambas as extremidades, uma com um buraco para fios e uma s\u00f3lida.<\/li>\n<\/ul>\n<\/div><figure class=\"wp-block-media-text__media\"><img loading=\"lazy\" decoding=\"async\" width=\"500\" height=\"500\" src=\"https:\/\/tangooled.com\/wp-content\/uploads\/2026\/01\/fp25-ins.webp\" alt=\"25mm u shape led mounting channel for 15mm double row led strip lights\" class=\"wp-image-45238 size-full\" srcset=\"https:\/\/tangooled.com\/wp-content\/uploads\/2026\/01\/fp25-ins.webp 500w, https:\/\/tangooled.com\/wp-content\/uploads\/2026\/01\/fp25-ins-300x300.webp 300w, https:\/\/tangooled.com\/wp-content\/uploads\/2026\/01\/fp25-ins-150x150.webp 150w\" sizes=\"auto, (max-width: 500px) 100vw, 500px\" \/><\/figure><\/div>\n<\/div><\/div>\n\n\n\n<div class=\"wp-block-group has-background\" style=\"background-color:#f2f2f2;padding-top:var(--wp--preset--spacing--80);padding-bottom:var(--wp--preset--spacing--80)\"><div class=\"wp-block-group__inner-container is-layout-constrained wp-block-group-is-layout-constrained\">\n<h2 class=\"wp-block-heading\" style=\"padding-top:var(--wp--preset--spacing--40);padding-bottom:var(--wp--preset--spacing--40);font-size:25px;font-style:normal;font-weight:600;text-transform:capitalize\">Usos comuns para o canal de montagem LED em forma de U de 25mm<\/h2>\n\n\n\n<ul class=\"wp-block-list\">\n<li>Ilumina\u00e7\u00e3o sob os arm\u00e1rios: Ilumine cozinhas, esta\u00e7\u00f5es de trabalho ou closets.<\/li>\n\n\n\n<li>Ilumina\u00e7\u00e3o para exibi\u00e7\u00f5es comerciais: Ilumine prateleiras, arm\u00e1rios e vitrines.<\/li>\n\n\n\n<li>Ilumina\u00e7\u00e3o arquitet\u00f4nica em cove: Use perfis de barra LED linear para criar efeitos ambientes.<\/li>\n\n\n\n<li>Ilumina\u00e7\u00e3o para escrit\u00f3rio e oficina: ilumina\u00e7\u00e3o de tarefa brilhante e limpa.<\/li>\n\n\n\n<li>Barras de luz DIY: Crie seus pr\u00f3prios perfis de alum\u00ednio&nbsp;que se fixam a uma superf\u00edcie plana.<\/li>\n\n\n\n<li>Arm\u00e1rios e estantes: Use ilumina\u00e7\u00e3o suave nas prateleiras para exibir seus objetos.<\/li>\n<\/ul>\n<\/div><\/div>\n\n\n\n<div class=\"wp-block-group\" style=\"padding-top:var(--wp--preset--spacing--80);padding-bottom:var(--wp--preset--spacing--80)\"><div class=\"wp-block-group__inner-container is-layout-constrained wp-block-group-is-layout-constrained\">\n<h2 class=\"wp-block-heading\" style=\"padding-top:var(--wp--preset--spacing--40);padding-bottom:var(--wp--preset--spacing--40);font-size:25px;font-style:normal;font-weight:600;text-transform:capitalize\">Produtos Relacionados<\/h2>\n\n\n\n<ul class=\"wp-block-list\">\n<li>Confira isso <a href=\"https:\/\/tangooled.com\/pt\/product\/black-aluminum-u-channel-profile-for-10mm-led-strips\/\"><mark style=\"background-color:rgba(0, 0, 0, 0)\" class=\"has-inline-color has-vivid-red-color\">Canal de Alum\u00ednio Preto em forma de U para Fitas LED de 10mm<\/mark><\/a> para aplica\u00e7\u00f5es de LED mais finas.<\/li>\n\n\n\n<li>Navegue pelas nossas <a href=\"https:\/\/tangooled.com\/pt\/product\/22x15mm-led-light-channel-aluminum-extrusion-for-flexible-strips\/\"><mark style=\"background-color:rgba(0, 0, 0, 0)\" class=\"has-inline-color has-vivid-red-color\">Extrus\u00f5es de Alum\u00ednio para Canal de Luz LED 22x15mm para Fitas Flex\u00edveis<\/mark><\/a> se precisar de op\u00e7\u00f5es para outras larguras.<\/li>\n\n\n\n<li>Se voc\u00ea quiser uma instala\u00e7\u00e3o de perfil baixo, veja o <a href=\"https:\/\/tangooled.com\/pt\/product\/25x6mm-low-profile-led-strip-channel-for-10mm-led-strip-light\/\"><mark style=\"background-color:rgba(0, 0, 0, 0)\" class=\"has-inline-color has-vivid-red-color\">Canal de Fita LED de Perfil Baixo 25x6mm para Luz de Fita de 10mm<\/mark><\/a>.<\/li>\n\n\n\n<li>Descubra mais sobre <a href=\"https:\/\/tangooled.com\/pt\/product\/led-strip-light-channel-aluminum-profile-with-diffused-cover-6mm-height\/\"><mark style=\"background-color:rgba(0, 0, 0, 0)\" class=\"has-inline-color has-vivid-red-color\">Perfil de Alum\u00ednio para Faixas de Luz LED com Tampa Difusora 6mm de Altura<\/mark><\/a>.<\/li>\n<\/ul>\n<\/div><\/div>\n\n\n\n<div class=\"wp-block-group has-background\" style=\"background-color:#f2f2f2f2;padding-top:var(--wp--preset--spacing--80);padding-bottom:var(--wp--preset--spacing--80)\"><div class=\"wp-block-group__inner-container is-layout-constrained wp-block-group-is-layout-constrained\">\n<p style=\"padding-right:var(--wp--preset--spacing--50);padding-left:var(--wp--preset--spacing--50)\">o canal LED em forma de U de 25mm&nbsp;\u00e9 um perfil de LED de montagem em superf\u00edcie e feito para durar. Ele oferece uma luz linear LED fresca e \u00e0 prova de poeira. Voc\u00ea pode us\u00e1-lo em cozinhas, locais de trabalho ou em qualquer outra ilumina\u00e7\u00e3o arquitet\u00f4nica que escolher.<\/p>\n<\/div><\/div>\n\n\n\n<p><\/p>","protected":false},"featured_media":14010,"template":"","meta":{"_acf_changed":true,"_seopress_robots_primary_cat":"none","_seopress_titles_title":"Aluminum 25mm U Shape LED Channel For Strip Lights | TANGOOLED","_seopress_titles_desc":"Source the 25mm U shape LED channel profile for strip lights. It fits 15mm double row LED strips, providing high brightness and professional heat dissipation.","_seopress_robots_index":""},"pcb-width":[229],"product-cat":[192],"class_list":{"0":"post-44985","1":"product","2":"type-product","3":"status-publish","4":"has-post-thumbnail","6":"pcb-width-15-20mm","7":"product-cat-surface-led-profile"},"acf":[],"_links":{"self":[{"href":"https:\/\/tangooled.com\/pt\/wp-json\/wp\/v2\/product\/44985","targetHints":{"allow":["GET"]}}],"collection":[{"href":"https:\/\/tangooled.com\/pt\/wp-json\/wp\/v2\/product"}],"about":[{"href":"https:\/\/tangooled.com\/pt\/wp-json\/wp\/v2\/types\/product"}],"wp:featuredmedia":[{"embeddable":true,"href":"https:\/\/tangooled.com\/pt\/wp-json\/wp\/v2\/media\/14010"}],"wp:attachment":[{"href":"https:\/\/tangooled.com\/pt\/wp-json\/wp\/v2\/media?parent=44985"}],"wp:term":[{"taxonomy":"pcb-width","embeddable":true,"href":"https:\/\/tangooled.com\/pt\/wp-json\/wp\/v2\/pcb-width?post=44985"},{"taxonomy":"product-cat","embeddable":true,"href":"https:\/\/tangooled.com\/pt\/wp-json\/wp\/v2\/product-cat?post=44985"}],"curies":[{"name":"wp","href":"https:\/\/api.w.org\/{rel}","templated":true}]}}