{"id":44983,"date":"2026-01-04T20:01:16","date_gmt":"2026-01-05T04:01:16","guid":{"rendered":"https:\/\/tangooled.com\/?post_type=product&#038;p=44983"},"modified":"2026-01-21T18:58:02","modified_gmt":"2026-01-22T02:58:02","slug":"22mm-surface-led-aluminum-strip-channel-with-opal-diffuser","status":"publish","type":"product","link":"https:\/\/tangooled.com\/pt\/product\/22mm-surface-led-aluminum-strip-channel-with-opal-diffuser\/","title":{"rendered":"Canal de strip LED de alum\u00ednio de montagem superficial de 22mm com difusor opalino"},"content":{"rendered":"<div class=\"wp-block-group\" style=\"padding-top:var(--wp--preset--spacing--80);padding-bottom:var(--wp--preset--spacing--80)\"><div class=\"wp-block-group__inner-container is-layout-constrained wp-block-group-is-layout-constrained\">\n<p>The 22mm surface mount LED channel channel is a high-performance solution\u00a0that can improve your lighting projects. Featuring external dimensions of 22.2mm x 23.3mm, this robust aluminum profile offers a generous 19.6mm internal width, making it the ideal housing for LED strips ranging from 10mm to 15mm wide. It installs easily on any flat surface using secure clips and end caps, while its aluminum construction provides excellent heat dissipation to ensure longevity. When paired with a high-quality opal diffuser, it delivers smooth, dot-free illumination for a professional, modern finish.<\/p>\n<\/div><\/div>\n\n\n\n<div class=\"wp-block-group has-background\" style=\"background-color:#f2f2f2f2;padding-top:var(--wp--preset--spacing--80);padding-bottom:var(--wp--preset--spacing--80)\"><div class=\"wp-block-group__inner-container is-layout-constrained wp-block-group-is-layout-constrained\">\n<div class=\"wp-block-group is-vertical is-layout-flex wp-container-core-group-is-layout-8cf370e7 wp-block-group-is-layout-flex\">\n<h2 class=\"wp-block-heading\" style=\"padding-top:var(--wp--preset--spacing--40);padding-bottom:var(--wp--preset--spacing--40);font-size:25px;font-style:normal;font-weight:600;text-transform:capitalize\">Por que escolher nosso canal de strip LED de alum\u00ednio de 22mm?<\/h2>\n\n\n\n<ul class=\"wp-block-list\">\n<li>Strong aluminum housing made from6063-T5 anodized aluminum for better heat control and protection of\u00a0LED strips.<\/li>\n\n\n\n<li>O difusor de policarbonato opalino amacia e espalha a luz uniformemente, tornando a luz suave e homog\u00eanea.<\/li>\n\n\n\n<li>F\u00e1cil de montar usando clipes que permitem coloc\u00e1-lo em arm\u00e1rios, prateleiras, paredes e outras superf\u00edcies planas.<\/li>\n\n\n\n<li>Um estilo arquitet\u00f4nico amplo que funciona com muitas fitas de LED diferentes, como 2835, 5050, 5630 e fitas de LED COB.<\/li>\n<\/ul>\n<\/div>\n<\/div><\/div>\n\n\n\n<div class=\"wp-block-group\" style=\"padding-top:var(--wp--preset--spacing--80);padding-bottom:var(--wp--preset--spacing--80)\"><div class=\"wp-block-group__inner-container is-layout-constrained wp-block-group-is-layout-constrained\">\n<div class=\"wp-block-media-text has-media-on-the-right is-stacked-on-mobile\" style=\"padding-top:0;padding-bottom:0;grid-template-columns:auto 40%\"><div class=\"wp-block-media-text__content\">\n<h2 class=\"wp-block-heading\" style=\"font-size:25px;font-style:normal;font-weight:600;text-transform:capitalize\">Quatro passos para uma instala\u00e7\u00e3o f\u00e1cil<\/h2>\n\n\n\n<ul class=\"wp-block-list\">\n<li>Prenda os clipes de montagem \u00e0 sua superf\u00edcie com parafusos.<\/li>\n\n\n\n<li>Coloque sua fita LED dentro do canal de alum\u00ednio montado na superf\u00edcie de 22mm.<\/li>\n\n\n\n<li>Coloque o canal de alum\u00ednio nos clipes de montagem e encaixe-o.<\/li>\n\n\n\n<li>Coloque o difusor opalino por cima para ocultar a fita LED.<\/li>\n<\/ul>\n<\/div><figure class=\"wp-block-media-text__media\"><img loading=\"lazy\" decoding=\"async\" width=\"500\" height=\"500\" src=\"https:\/\/tangooled.com\/wp-content\/uploads\/2026\/01\/fp22-ins.webp\" alt=\"Canal de strip LED de alum\u00ednio de montagem superficial de 22mm com difusor opalino\" class=\"wp-image-45234 size-full\" srcset=\"https:\/\/tangooled.com\/wp-content\/uploads\/2026\/01\/fp22-ins.webp 500w, https:\/\/tangooled.com\/wp-content\/uploads\/2026\/01\/fp22-ins-300x300.webp 300w, https:\/\/tangooled.com\/wp-content\/uploads\/2026\/01\/fp22-ins-150x150.webp 150w\" sizes=\"auto, (max-width: 500px) 100vw, 500px\" \/><\/figure><\/div>\n<\/div><\/div>\n\n\n\n<div class=\"wp-block-group has-background\" style=\"background-color:#f2f2f2;padding-top:var(--wp--preset--spacing--80);padding-bottom:var(--wp--preset--spacing--80)\"><div class=\"wp-block-group__inner-container is-layout-constrained wp-block-group-is-layout-constrained\">\n<h2 class=\"wp-block-heading\" style=\"padding-top:var(--wp--preset--spacing--40);padding-bottom:var(--wp--preset--spacing--40);font-size:25px;font-style:normal;font-weight:600;text-transform:capitalize\">Onde usar<\/h2>\n\n\n\n<p>Este perfil LED de montagem superficial \u00e9 perfeito para:<\/p>\n\n\n\n<ul class=\"wp-block-list\">\n<li>Ilumina\u00e7\u00e3o sob arm\u00e1rios na cozinha para iluminar superf\u00edcies de trabalho e evitar ofuscamento.<\/li>\n\n\n\n<li>Ilumina\u00e7\u00e3o de destaque em sancas que confere um visual moderno a salas de estar ou escrit\u00f3rios.<\/li>\n\n\n\n<li>Vitrines e prateleiras em lojas que utilizam ilumina\u00e7\u00e3o requintada para chamar a aten\u00e7\u00e3o para os produtos.<\/li>\n\n\n\n<li>Caixas de armazenamento, arm\u00e1rios e guarda-roupas para luz suave e limpa.<\/li>\n\n\n\n<li>Ilumina\u00e7\u00e3o arquitet\u00f4nica de parede e luzes de destaque no teto para criar uma atmosfera.<\/li>\n\n\n\n<li>Ilumina\u00e7\u00e3o para tarefas em mesas e oficinas em ambientes profissionais.<\/li>\n<\/ul>\n<\/div><\/div>\n\n\n\n<div class=\"wp-block-group\" style=\"padding-top:var(--wp--preset--spacing--80);padding-bottom:var(--wp--preset--spacing--80)\"><div class=\"wp-block-group__inner-container is-layout-constrained wp-block-group-is-layout-constrained\">\n<h2 class=\"wp-block-heading\" style=\"padding-top:var(--wp--preset--spacing--40);padding-bottom:var(--wp--preset--spacing--40);font-size:25px;font-style:normal;font-weight:600;text-transform:capitalize\">Produtos relacionados da Tangooled que voc\u00ea pode gostar<\/h2>\n\n\n\n<ul class=\"wp-block-list\">\n<li><a href=\"https:\/\/tangooled.com\/pt\/product\/black-led-diffuser-aluminum-channel-for-12mm-tape-lights\/\"><mark style=\"background-color:rgba(0, 0, 0, 0)\" class=\"has-inline-color has-vivid-red-color\">Canal de Alum\u00ednio Difusor LED Preto para Fitas de 12mm<\/mark><\/a><\/li>\n\n\n\n<li><a href=\"https:\/\/tangooled.com\/pt\/product\/surface-mount-led-profile-with-frosted-diffuser-for-10mm-rope-lights\/\"><mark style=\"background-color:rgba(0, 0, 0, 0)\" class=\"has-inline-color has-vivid-red-color\">Perfil LED de Montagem Superficial com Difusor Fosco para Luzes de Cord\u00e3o de 10mm<\/mark><\/a><\/li>\n\n\n\n<li><a href=\"https:\/\/tangooled.com\/pt\/product\/25x14m-surface-mounted-led-light-aluminum-profile\/\"><mark style=\"background-color:rgba(0, 0, 0, 0)\" class=\"has-inline-color has-vivid-red-color\">Perfil de Luz LED de Alum\u00ednio Montado na Superf\u00edcie 25x14m<\/mark><\/a><\/li>\n\n\n\n<li><a href=\"https:\/\/tangooled.com\/pt\/product\/18x9mm-led-tape-light-profile-for-surface-installation\/\"><mark style=\"background-color:rgba(0, 0, 0, 0)\" class=\"has-inline-color has-vivid-red-color\">Perfil de Fita LED 18x9mm para Instala\u00e7\u00e3o em Superf\u00edcie<\/mark><\/a><\/li>\n\n\n\n<li><a href=\"https:\/\/tangooled.com\/pt\/product\/22x15mm-led-light-channel-aluminum-extrusion-for-flexible-strips\/\"><mark style=\"background-color:rgba(0, 0, 0, 0)\" class=\"has-inline-color has-vivid-red-color\">Extrus\u00f5es de Alum\u00ednio para Canal de Luz LED 22x15mm para Fitas Flex\u00edveis<\/mark><\/a><\/li>\n<\/ul>\n<\/div><\/div>\n\n\n\n<p><\/p>","protected":false},"featured_media":14004,"template":"","meta":{"_acf_changed":true,"_seopress_robots_primary_cat":"none","_seopress_titles_title":"Aluminum 22mm Surface Mount LED Channel For Strips | TANGOOLED","_seopress_titles_desc":"Source the 22mm surface mount LED channel for strip light. Features an opal diffuser for soft, dot-free lighting. Durable aluminum extrusion for professional projects.","_seopress_robots_index":""},"pcb-width":[228],"product-cat":[192],"class_list":{"0":"post-44983","1":"product","2":"type-product","3":"status-publish","4":"has-post-thumbnail","6":"pcb-width-6-12mm","7":"product-cat-surface-led-profile"},"acf":[],"_links":{"self":[{"href":"https:\/\/tangooled.com\/pt\/wp-json\/wp\/v2\/product\/44983","targetHints":{"allow":["GET"]}}],"collection":[{"href":"https:\/\/tangooled.com\/pt\/wp-json\/wp\/v2\/product"}],"about":[{"href":"https:\/\/tangooled.com\/pt\/wp-json\/wp\/v2\/types\/product"}],"wp:featuredmedia":[{"embeddable":true,"href":"https:\/\/tangooled.com\/pt\/wp-json\/wp\/v2\/media\/14004"}],"wp:attachment":[{"href":"https:\/\/tangooled.com\/pt\/wp-json\/wp\/v2\/media?parent=44983"}],"wp:term":[{"taxonomy":"pcb-width","embeddable":true,"href":"https:\/\/tangooled.com\/pt\/wp-json\/wp\/v2\/pcb-width?post=44983"},{"taxonomy":"product-cat","embeddable":true,"href":"https:\/\/tangooled.com\/pt\/wp-json\/wp\/v2\/product-cat?post=44983"}],"curies":[{"name":"wp","href":"https:\/\/api.w.org\/{rel}","templated":true}]}}