{"id":44981,"date":"2026-01-04T19:57:31","date_gmt":"2026-01-05T03:57:31","guid":{"rendered":"https:\/\/tangooled.com\/?post_type=product&#038;p=44981"},"modified":"2026-01-29T18:15:18","modified_gmt":"2026-01-30T02:15:18","slug":"22x15mm-led-light-channel-aluminum-extrusion-for-flexible-strips","status":"publish","type":"product","link":"https:\/\/tangooled.com\/pt\/product\/22x15mm-led-light-channel-aluminum-extrusion-for-flexible-strips\/","title":{"rendered":"Extrus\u00e3o de canal de luz LED em alum\u00ednio de 22x15mm para tiras flex\u00edveis"},"content":{"rendered":"<div class=\"wp-block-group\" style=\"padding-top:var(--wp--preset--spacing--80);padding-bottom:var(--wp--preset--spacing--80)\"><div class=\"wp-block-group__inner-container is-layout-constrained wp-block-group-is-layout-constrained\">\n<p>With our 22x15mm LED channel for flexible strips, you can get a professional finish in your space. This aluminum extrusion is made to be installed on a surface and has a wide internal width of 19.6 mm. It&#8217;s an ideal aluminum housing&nbsp;for flexible LED strips that are 10mm, 12mm, or 15mm wide. This channel comes with&nbsp;mounting clips and end caps, so your lighting design will be easy to make, long-lasting, and stunning.<\/p>\n<\/div><\/div>\n\n\n\n<div class=\"wp-block-group has-background\" style=\"background-color:#f2f2f2f2;padding-top:var(--wp--preset--spacing--80);padding-bottom:var(--wp--preset--spacing--80)\"><div class=\"wp-block-group__inner-container is-layout-constrained wp-block-group-is-layout-constrained\">\n<div class=\"wp-block-group is-vertical is-layout-flex wp-container-core-group-is-layout-8cf370e7 wp-block-group-is-layout-flex\">\n<h2 class=\"wp-block-heading\" style=\"padding-top:var(--wp--preset--spacing--40);padding-bottom:var(--wp--preset--spacing--40);font-size:25px;font-style:normal;font-weight:600;text-transform:capitalize\">Por que escolher este canal de LED de 22x15mm para tiras flex\u00edveis?<\/h2>\n\n\n\n<ul class=\"wp-block-list\">\n<li>Made from 6063-T5 anodized aluminum \u2014 this helps keep your LED strips cool and safe.<\/li>\n\n\n\n<li>Fits LED strips up to 20mm wide \u2014 great for many flexible LED strips.<\/li>\n\n\n\n<li>Inclui capas difusoras, que suavizam a luz e evitam manchas brilhantes de LED.<\/li>\n\n\n\n<li>Vem com clipes de montagem e tampas nas extremidades para finalizar seu projeto com eleg\u00e2ncia.<\/li>\n\n\n\n<li>Great for under cabinet, cove, task, and accent lighting \u2014 works inside homes, shops, and offices.<\/li>\n<\/ul>\n<\/div>\n<\/div><\/div>\n\n\n\n<div class=\"wp-block-group\" style=\"padding-top:var(--wp--preset--spacing--80);padding-bottom:var(--wp--preset--spacing--80)\"><div class=\"wp-block-group__inner-container is-layout-constrained wp-block-group-is-layout-constrained\">\n<div class=\"wp-block-media-text has-media-on-the-right is-stacked-on-mobile\" style=\"padding-top:0;padding-bottom:0;grid-template-columns:auto 40%\"><div class=\"wp-block-media-text__content\">\n<h2 class=\"wp-block-heading\" style=\"font-size:25px;font-style:normal;font-weight:600;text-transform:capitalize\">Como usar este produto<\/h2>\n\n\n\n<ul class=\"wp-block-list\">\n<li>Escolha o tamanho certo da tira LED.<\/li>\n\n\n\n<li>Corte o canal de LED de 22x15mm para tiras flex\u00edveis no comprimento desejado.<\/li>\n\n\n\n<li>Fixe os clipes de montagem onde necess\u00e1rio.<\/li>\n\n\n\n<li>Coloque o canal no lugar.<\/li>\n\n\n\n<li>Coloque sua tira LED dentro do canal.<\/li>\n\n\n\n<li>Cole o difusor e fixe as tampas nas extremidades para um acabamento perfeito.<\/li>\n<\/ul>\n<\/div><figure class=\"wp-block-media-text__media\"><img loading=\"lazy\" decoding=\"async\" width=\"500\" height=\"500\" src=\"https:\/\/tangooled.com\/wp-content\/uploads\/2026\/01\/fp20b-ins.webp\" alt=\"22x15mm led light channel aluminum extrusion for flexible strips\" class=\"wp-image-45231 size-full\" srcset=\"https:\/\/tangooled.com\/wp-content\/uploads\/2026\/01\/fp20b-ins.webp 500w, https:\/\/tangooled.com\/wp-content\/uploads\/2026\/01\/fp20b-ins-300x300.webp 300w, https:\/\/tangooled.com\/wp-content\/uploads\/2026\/01\/fp20b-ins-150x150.webp 150w\" sizes=\"auto, (max-width: 500px) 100vw, 500px\" \/><\/figure><\/div>\n<\/div><\/div>\n\n\n\n<div class=\"wp-block-group has-background\" style=\"background-color:#f2f2f2;padding-top:var(--wp--preset--spacing--80);padding-bottom:var(--wp--preset--spacing--80)\"><div class=\"wp-block-group__inner-container is-layout-constrained wp-block-group-is-layout-constrained\">\n<h2 class=\"wp-block-heading\" style=\"padding-top:var(--wp--preset--spacing--40);padding-bottom:var(--wp--preset--spacing--40);font-size:25px;font-style:normal;font-weight:600;text-transform:capitalize\">Lugares comuns para usar este perfil de alum\u00ednio LED<\/h2>\n\n\n\n<ul class=\"wp-block-list\">\n<li>Under-cabinet lighting \u2014 brighten kitchens and workspaces.<\/li>\n\n\n\n<li>Cove lighting \u2014 create soft ceiling glow in living rooms or offices.<\/li>\n\n\n\n<li>Shelf and retail display lights \u2014 highlight products clearly.<\/li>\n\n\n\n<li>Task lighting \u2014 for offices, garages, or any work zone.<\/li>\n\n\n\n<li>Architectural lighting \u2014 professional finish for ceilings and walls.<\/li>\n<\/ul>\n<\/div><\/div>\n\n\n\n<div class=\"wp-block-group\" style=\"padding-top:var(--wp--preset--spacing--80);padding-bottom:var(--wp--preset--spacing--80)\"><div class=\"wp-block-group__inner-container is-layout-constrained wp-block-group-is-layout-constrained\">\n<h2 class=\"wp-block-heading\" style=\"padding-top:var(--wp--preset--spacing--40);padding-bottom:var(--wp--preset--spacing--40);font-size:25px;font-style:normal;font-weight:600;text-transform:capitalize\">Produtos compat\u00edveis e relacionados<\/h2>\n\n\n\n<ul class=\"wp-block-list\">\n<li><a href=\"https:\/\/tangooled.com\/pt\/product\/black-aluminum-u-channel-profile-for-10mm-led-strips\/\"><mark style=\"background-color:rgba(0, 0, 0, 0)\" class=\"has-inline-color has-vivid-red-color\">Perfil de canal U de alum\u00ednio preto para tiras LED de 10mm<\/mark><\/a><\/li>\n\n\n\n<li><a href=\"https:\/\/tangooled.com\/pt\/product\/surface-mount-led-profile-with-frosted-diffuser-for-10mm-rope-lights\/\"><mark style=\"background-color:rgba(0, 0, 0, 0)\" class=\"has-inline-color has-vivid-red-color\">Perfil LED de montagem de superf\u00edcie com difusor fosco para luzes de cord\u00e3o de 10mm<\/mark><\/a><\/li>\n\n\n\n<li><a href=\"https:\/\/tangooled.com\/pt\/product\/led-light-diffuser-channel-aluminum-15x12mm-for-10mm-led-strips\/\"><mark style=\"background-color:rgba(0, 0, 0, 0)\" class=\"has-inline-color has-vivid-red-color\">Difusor de luz em alum\u00ednio 15x12mm para tiras LED de 10mm<\/mark><\/a><\/li>\n\n\n\n<li><a href=\"https:\/\/tangooled.com\/pt\/product\/22x10mm-led-profile-light-channel-for-15mm-flexible-led-strips\/\"><mark style=\"background-color:rgba(0, 0, 0, 0)\" class=\"has-inline-color has-vivid-red-color\">Canal de luz de perfil LED 22x10mm para tiras LED flex\u00edveis de 15mm<\/mark><\/a><\/li>\n\n\n\n<li><a href=\"https:\/\/tangooled.com\/pt\/product\/25x14m-surface-mounted-led-light-aluminum-profile\/\"><mark style=\"background-color:rgba(0, 0, 0, 0)\" class=\"has-inline-color has-vivid-red-color\">Perfil de alum\u00ednio para luz LED montado na superf\u00edcie de 25x14mm<\/mark><\/a><\/li>\n<\/ul>\n<\/div><\/div>\n\n\n\n<div class=\"wp-block-group has-background\" style=\"background-color:#f2f2f2f2;padding-top:var(--wp--preset--spacing--80);padding-bottom:var(--wp--preset--spacing--80)\"><div class=\"wp-block-group__inner-container is-layout-constrained wp-block-group-is-layout-constrained\">\n<h2 class=\"wp-block-heading\" style=\"padding-top:var(--wp--preset--spacing--40);padding-bottom:var(--wp--preset--spacing--40);font-size:25px;font-style:normal;font-weight:600;text-transform:capitalize\">resumo<\/h2>\n\n\n\n<p style=\"padding-right:var(--wp--preset--spacing--50);padding-left:var(--wp--preset--spacing--50)\">Nosso canal de LED de 22x15mm para tiras flex\u00edveis \u00e9 essencial para quem est\u00e1 criando luzes de tira LED. O canal de alum\u00ednio resistente protege as tiras, espalha a luz uniformemente, mant\u00e9m a poeira fora e mant\u00e9m seus LEDs frescos. Ele pode fornecer a luminosidade sob seus arm\u00e1rios, ilumina\u00e7\u00e3o de cove atraente ou ilumina\u00e7\u00e3o transparente de prateleiras de varejo.<\/p>\n<\/div><\/div>\n\n\n\n<p><\/p>","protected":false},"featured_media":13998,"template":"","meta":{"_acf_changed":true,"_seopress_robots_primary_cat":"none","_seopress_titles_title":"Aluminum 22x15mm LED Channel for Flexible Strips | TANGOOLED","_seopress_titles_desc":"Source the 22x15mm LED channel. This aluminum extrusion is designed for flexible strips, providing ample depth for dot-free, uniform lighting in modern projects.","_seopress_robots_index":""},"pcb-width":[229],"product-cat":[192],"class_list":{"0":"post-44981","1":"product","2":"type-product","3":"status-publish","4":"has-post-thumbnail","6":"pcb-width-15-20mm","7":"product-cat-surface-led-profile"},"acf":[],"_links":{"self":[{"href":"https:\/\/tangooled.com\/pt\/wp-json\/wp\/v2\/product\/44981","targetHints":{"allow":["GET"]}}],"collection":[{"href":"https:\/\/tangooled.com\/pt\/wp-json\/wp\/v2\/product"}],"about":[{"href":"https:\/\/tangooled.com\/pt\/wp-json\/wp\/v2\/types\/product"}],"wp:featuredmedia":[{"embeddable":true,"href":"https:\/\/tangooled.com\/pt\/wp-json\/wp\/v2\/media\/13998"}],"wp:attachment":[{"href":"https:\/\/tangooled.com\/pt\/wp-json\/wp\/v2\/media?parent=44981"}],"wp:term":[{"taxonomy":"pcb-width","embeddable":true,"href":"https:\/\/tangooled.com\/pt\/wp-json\/wp\/v2\/pcb-width?post=44981"},{"taxonomy":"product-cat","embeddable":true,"href":"https:\/\/tangooled.com\/pt\/wp-json\/wp\/v2\/product-cat?post=44981"}],"curies":[{"name":"wp","href":"https:\/\/api.w.org\/{rel}","templated":true}]}}