{"id":44710,"date":"2026-01-03T02:26:39","date_gmt":"2026-01-03T10:26:39","guid":{"rendered":"https:\/\/tangooled.com\/?post_type=product&#038;p=44710"},"modified":"2026-01-29T18:02:42","modified_gmt":"2026-01-30T02:02:42","slug":"10mm-led-profile-aluminum-channel-for-8mm-led-tape-lights","status":"publish","type":"product","link":"https:\/\/tangooled.com\/pt\/product\/10mm-led-profile-aluminum-channel-for-8mm-led-tape-lights\/","title":{"rendered":"canal de perfil em alum\u00ednio de 10mm para luzes de fita LED de 8mm"},"content":{"rendered":"<div class=\"wp-block-group\" style=\"padding-top:var(--wp--preset--spacing--80);padding-bottom:var(--wp--preset--spacing--80)\"><div class=\"wp-block-group__inner-container is-layout-constrained wp-block-group-is-layout-constrained\">\n<p>Our 10mm LED profile aluminum channel will give your 8mm LED tape lights a professional look. This anodized aluminum extrusion is of high quality and is made to be easy to place on a surface with secure mounting clips and neat end caps. The inside width is 8.2mm, so it fits 6mm or 8mm wide LED strips well. This slim channel, along with its diffuser, makes sure that any project has a smooth, gorgeous glow, whether it&#8217;s for under-cabinet or wall&nbsp;lighting.<\/p>\n<\/div><\/div>\n\n\n\n<div class=\"wp-block-group has-background\" style=\"background-color:#f2f2f2f2;padding-top:var(--wp--preset--spacing--80);padding-bottom:var(--wp--preset--spacing--80)\"><div class=\"wp-block-group__inner-container is-layout-constrained wp-block-group-is-layout-constrained\">\n<div class=\"wp-block-group is-vertical is-layout-flex wp-container-core-group-is-layout-8cf370e7 wp-block-group-is-layout-flex\">\n<h2 class=\"wp-block-heading\" style=\"padding-top:var(--wp--preset--spacing--40);padding-bottom:var(--wp--preset--spacing--40);font-size:25px;font-style:normal;font-weight:600;text-transform:capitalize\">Por que escolher o nosso perfil LED de 10mm?<\/h2>\n\n\n\n<ul class=\"wp-block-list\">\n<li>Se adapta perfeitamente a tiras LED de 6mm e 8mm.<\/li>\n\n\n\n<li>Feito de alum\u00ednio anodizado 6063-T5 forte para manter seus LEDs frios.<\/li>\n\n\n\n<li>Vem com um difusor opalino que torna a luz suave e suave, sem manchas.<\/li>\n\n\n\n<li>Kit completo com tampas de extremidade, clips de montagem e um difusor.<\/li>\n\n\n\n<li>F\u00e1cil de cortar e instalar em qualquer superf\u00edcie, mesmo em gesso ou embutido.<\/li>\n<\/ul>\n<\/div>\n<\/div><\/div>\n\n\n\n<div class=\"wp-block-group\" style=\"padding-top:var(--wp--preset--spacing--80);padding-bottom:var(--wp--preset--spacing--80)\"><div class=\"wp-block-group__inner-container is-layout-constrained wp-block-group-is-layout-constrained\">\n<div class=\"wp-block-media-text has-media-on-the-right is-stacked-on-mobile\" style=\"padding-top:0;padding-bottom:0;grid-template-columns:auto 40%\"><div class=\"wp-block-media-text__content\">\n<h2 class=\"wp-block-heading\" style=\"font-size:25px;font-style:normal;font-weight:600;text-transform:capitalize\">Passos para uma instala\u00e7\u00e3o f\u00e1cil<\/h2>\n\n\n\n<ul class=\"wp-block-list\">\n<li>Coloque os clips de montagem onde voc\u00ea deseja o canal LED e aparafuse-os.<\/li>\n\n\n\n<li>Cole sua fita LED de 6mm ou 8mm dentro do canal de alum\u00ednio.<\/li>\n\n\n\n<li>Coloque a tampa do difusor em cima para suavizar a luz.<\/li>\n\n\n\n<li>Para finalizar a apar\u00eancia e manter os fios seguros, encaixe as tampas de extremidade.<\/li>\n<\/ul>\n<\/div><figure class=\"wp-block-media-text__media\"><img loading=\"lazy\" decoding=\"async\" width=\"500\" height=\"500\" src=\"https:\/\/tangooled.com\/wp-content\/uploads\/2026\/01\/fp10-ins.webp\" alt=\"canal de perfil em alum\u00ednio de 10mm para luzes de fita LED de 8mm\" class=\"wp-image-44711 size-full\" srcset=\"https:\/\/tangooled.com\/wp-content\/uploads\/2026\/01\/fp10-ins.webp 500w, https:\/\/tangooled.com\/wp-content\/uploads\/2026\/01\/fp10-ins-300x300.webp 300w, https:\/\/tangooled.com\/wp-content\/uploads\/2026\/01\/fp10-ins-150x150.webp 150w\" sizes=\"auto, (max-width: 500px) 100vw, 500px\" \/><\/figure><\/div>\n<\/div><\/div>\n\n\n\n<div class=\"wp-block-group has-background\" style=\"background-color:#f2f2f2;padding-top:var(--wp--preset--spacing--80);padding-bottom:var(--wp--preset--spacing--80)\"><div class=\"wp-block-group__inner-container is-layout-constrained wp-block-group-is-layout-constrained\">\n<h2 class=\"wp-block-heading\" style=\"padding-top:var(--wp--preset--spacing--40);padding-bottom:var(--wp--preset--spacing--40);font-size:25px;font-style:normal;font-weight:600;text-transform:capitalize\">O que vem na caixa?<\/h2>\n\n\n\n<ul class=\"wp-block-list\">\n<li>1 metro de canal de perfil em alum\u00ednio LED<\/li>\n\n\n\n<li>1 metro de tampa de difusor opalino<\/li>\n\n\n\n<li>2 tampas de extremidade (uma com um furo para um fio e uma s\u00f3lida)<\/li>\n<\/ul>\n<\/div><\/div>\n\n\n\n<div class=\"wp-block-group\" style=\"padding-top:var(--wp--preset--spacing--80);padding-bottom:var(--wp--preset--spacing--80)\"><div class=\"wp-block-group__inner-container is-layout-constrained wp-block-group-is-layout-constrained\">\n<h2 class=\"wp-block-heading\" style=\"padding-top:var(--wp--preset--spacing--60);padding-bottom:var(--wp--preset--spacing--60);font-size:25px;font-style:normal;font-weight:600;text-transform:capitalize\">Links internos relacionados<\/h2>\n\n\n\n<ul class=\"wp-block-list\">\n<li>Verifique o nosso <a href=\"https:\/\/tangooled.com\/pt\/product\/15x16mm-led-channel-with-half-round-diffuser-for-10mm-led-strips\/\"><mark style=\"background-color:rgba(0, 0, 0, 0)\" class=\"has-inline-color has-vivid-red-color\">Canal LED de 15x16mm com difusor semi-redondo para tiras LED de 10mm<\/mark><\/a> para uma op\u00e7\u00e3o de perfil mais largo.<\/li>\n\n\n\n<li>Para tiras LED menores, veja o <a href=\"https:\/\/tangooled.com\/pt\/product\/8x9mm-led-profile-aluminum-channel-rigid-bar-for-5mm-led-strips\/\"><mark style=\"background-color:rgba(0, 0, 0, 0)\" class=\"has-inline-color has-vivid-red-color\">canal r\u00edgido de perfil de alum\u00ednio 8x9mm para tiras LED de 5mm<\/mark><\/a>.<\/li>\n\n\n\n<li>Se voc\u00ea deseja um perfil curvo, explore o <a href=\"https:\/\/tangooled.com\/pt\/product\/curved-diffuser-led-corner-extrusion-16x16mm-for-10mm-led-strips\/\"><mark style=\"background-color:rgba(0, 0, 0, 0)\" class=\"has-inline-color has-vivid-red-color\">extrus\u00e3o de canto de difusor curvo LED 16x16mm para tiras LED de 10mm<\/mark><\/a> para cantos criativos.<\/li>\n\n\n\n<li>Para suporte adicional de montagem, visite o <a href=\"https:\/\/tangooled.com\/pt\/product\/black-aluminum-u-channel-profile-for-10mm-led-strips\/\"><mark style=\"background-color:rgba(0, 0, 0, 0)\" class=\"has-inline-color has-vivid-red-color\">perfil de canal em alum\u00ednio preto para tiras LED de 10mm<\/mark><\/a> para um canal robusto.<\/li>\n\n\n\n<li>Precisa de um canal com lente? O nosso <a href=\"https:\/\/tangooled.com\/pt\/product\/aluminum-profile-with-60-degree-lens-led-diffuser\/\"><mark style=\"background-color:rgba(0, 0, 0, 0)\" class=\"has-inline-color has-vivid-red-color\">perfil de alum\u00ednio com difusor de lente LED de 60 graus<\/mark><\/a> melhora a distribui\u00e7\u00e3o de luz e o controle de ofuscamento.<\/li>\n<\/ul>\n<\/div><\/div>\n\n\n\n<div class=\"wp-block-group has-background\" style=\"background-color:#f2f2f2f2;padding-top:var(--wp--preset--spacing--80);padding-bottom:var(--wp--preset--spacing--80)\"><div class=\"wp-block-group__inner-container is-layout-constrained wp-block-group-is-layout-constrained\">\n<h2 class=\"wp-block-heading\" style=\"padding-top:var(--wp--preset--spacing--40);padding-bottom:var(--wp--preset--spacing--40);font-size:25px;font-style:normal;font-weight:600;text-transform:capitalize\">resumo<\/h2>\n\n\n\n<p style=\"padding-right:var(--wp--preset--spacing--50);padding-left:var(--wp--preset--spacing--50)\">O nosso canal de perfil em alum\u00ednio de 10mm para luzes de fita LED de 8mm \u00e9 uma op\u00e7\u00e3o robusta e duradoura que permite que a luz passe sem nenhum ofuscamento. O kit completo tem tudo que voc\u00ea precisa para instal\u00e1-lo rapidamente e profissionalmente. Funciona bem para diversas aplica\u00e7\u00f5es, como ilumina\u00e7\u00e3o sob arm\u00e1rios e exibi\u00e7\u00f5es.<\/p>\n<\/div><\/div>\n\n\n\n<p><\/p>","protected":false},"featured_media":13356,"template":"","meta":{"_acf_changed":true,"_seopress_robots_primary_cat":"none","_seopress_titles_title":"Aluminum 10mm LED Profile For 8mm Tape Lights | TANGOOLED","_seopress_titles_desc":"TANGOO's 10mm LED profile is a slim aluminum channel designed for 8mm tape lights, providing a sleek, integrated look for furniture and cabinet lighting.","_seopress_robots_index":""},"pcb-width":[228],"product-cat":[192],"class_list":{"0":"post-44710","1":"product","2":"type-product","3":"status-publish","4":"has-post-thumbnail","6":"pcb-width-6-12mm","7":"product-cat-surface-led-profile"},"acf":[],"_links":{"self":[{"href":"https:\/\/tangooled.com\/pt\/wp-json\/wp\/v2\/product\/44710","targetHints":{"allow":["GET"]}}],"collection":[{"href":"https:\/\/tangooled.com\/pt\/wp-json\/wp\/v2\/product"}],"about":[{"href":"https:\/\/tangooled.com\/pt\/wp-json\/wp\/v2\/types\/product"}],"wp:featuredmedia":[{"embeddable":true,"href":"https:\/\/tangooled.com\/pt\/wp-json\/wp\/v2\/media\/13356"}],"wp:attachment":[{"href":"https:\/\/tangooled.com\/pt\/wp-json\/wp\/v2\/media?parent=44710"}],"wp:term":[{"taxonomy":"pcb-width","embeddable":true,"href":"https:\/\/tangooled.com\/pt\/wp-json\/wp\/v2\/pcb-width?post=44710"},{"taxonomy":"product-cat","embeddable":true,"href":"https:\/\/tangooled.com\/pt\/wp-json\/wp\/v2\/product-cat?post=44710"}],"curies":[{"name":"wp","href":"https:\/\/api.w.org\/{rel}","templated":true}]}}