{"id":44702,"date":"2026-01-03T02:17:12","date_gmt":"2026-01-03T10:17:12","guid":{"rendered":"https:\/\/tangooled.com\/?post_type=product&#038;p=44702"},"modified":"2026-02-02T22:33:55","modified_gmt":"2026-02-03T06:33:55","slug":"aluminum-profile-with-60-degree-lens-led-diffuser","status":"publish","type":"product","link":"https:\/\/tangooled.com\/pt\/product\/aluminum-profile-with-60-degree-lens-led-diffuser\/","title":{"rendered":"perfil de alum\u00ednio com difusor de lente LED de 60 graus"},"content":{"rendered":"<div class=\"wp-block-group\" style=\"padding-top:var(--wp--preset--spacing--80);padding-bottom:var(--wp--preset--spacing--80)\"><div class=\"wp-block-group__inner-container is-layout-constrained wp-block-group-is-layout-constrained\">\n<p>Nosso perfil de alum\u00ednio com difusor de lente de 60 graus \u00e9 excelente para fazer suas fitas LED parecerem organizadas e funcionarem melhor. Ajuda a sua luz a brilhar na \u00e1rea correta com um feixe focado de 60 graus. Este produto \u00e9 forte, seguro e f\u00e1cil de usar em paredes, tetos ou arm\u00e1rios. Voc\u00ea pode us\u00e1-lo em casas, escrit\u00f3rios, lojas e muito mais!<\/p>\n<\/div><\/div>\n\n\n\n<div class=\"wp-block-group has-background\" style=\"background-color:#f2f2f2f2;padding-top:var(--wp--preset--spacing--80);padding-bottom:var(--wp--preset--spacing--80)\"><div class=\"wp-block-group__inner-container is-layout-constrained wp-block-group-is-layout-constrained\">\n<div class=\"wp-block-group is-vertical is-layout-flex wp-container-core-group-is-layout-8cf370e7 wp-block-group-is-layout-flex\">\n<h2 class=\"wp-block-heading\" style=\"padding-top:var(--wp--preset--spacing--40);padding-bottom:var(--wp--preset--spacing--40);font-size:25px;font-style:normal;font-weight:600;text-transform:capitalize\">Por que escolher nosso difusor LED com lente de 60 graus?<\/h2>\n\n\n\n<ul class=\"wp-block-list\">\n<li>Feixe de luz focado: A lente especial de 60 graus faz com que a luz brilhe com uma distribui\u00e7\u00e3o clara e uniforme. Chega de luz dura ou desigual.<\/li>\n\n\n\n<li>Corpo de alum\u00ednio forte: Feito com alum\u00ednio 6063-T5 que mant\u00e9m suas fitas LED frescas e seguras.<\/li>\n\n\n\n<li>Difusores claros e suaves: Escolha entre capas de difusor foscas ou claras. Voc\u00ea pode escolher luz suave ou clara com base nas suas necessidades.<\/li>\n\n\n\n<li>Caber\u00e1 em muitas fitas LED: Funciona com fitas LED de at\u00e9 12 mm de largura e muitos outros tipos.<\/li>\n\n\n\n<li>F\u00e1cil de montar: Pode ser colocado em paredes, tetos ou superf\u00edcies embutidas.<\/li>\n\n\n\n<li>Protege seus LEDs: Mant\u00e9m seus LEDs seguros contra poeira e danos.<\/li>\n<\/ul>\n<\/div>\n<\/div><\/div>\n\n\n\n<div class=\"wp-block-group\" style=\"padding-top:var(--wp--preset--spacing--80);padding-bottom:var(--wp--preset--spacing--80)\"><div class=\"wp-block-group__inner-container is-layout-constrained wp-block-group-is-layout-constrained\">\n<div class=\"wp-block-media-text has-media-on-the-right is-stacked-on-mobile\" style=\"padding-top:0;padding-bottom:0;grid-template-columns:auto 40%\"><div class=\"wp-block-media-text__content\">\n<h2 class=\"wp-block-heading\" style=\"font-size:25px;font-style:normal;font-weight:600;text-transform:capitalize\">Como usar este perfil LED com lente de 60 graus?<\/h2>\n\n\n\n<ul class=\"wp-block-list\">\n<li>Use uma serra de arco ou cortador de metal para cortar o canal de alum\u00ednio e o difusor no comprimento certo.<\/li>\n\n\n\n<li>Instale a fita LED no canal de forma segura, conecte os fios e verifique a luz para garantir que funcione.<\/li>\n\n\n\n<li>Use os clips de montagem para prender o canal \u00e0 sua parede ou teto.<\/li>\n\n\n\n<li>Finalize a instala\u00e7\u00e3o encaixando o difusor e colocando as buchas finais.<\/li>\n<\/ul>\n<\/div><figure class=\"wp-block-media-text__media\"><img loading=\"lazy\" decoding=\"async\" width=\"500\" height=\"500\" src=\"https:\/\/tangooled.com\/wp-content\/uploads\/2026\/01\/fp08-ins.webp\" alt=\"aluminum profile with 60 degree lens led diffuser\" class=\"wp-image-44704 size-full\" srcset=\"https:\/\/tangooled.com\/wp-content\/uploads\/2026\/01\/fp08-ins.webp 500w, https:\/\/tangooled.com\/wp-content\/uploads\/2026\/01\/fp08-ins-300x300.webp 300w, https:\/\/tangooled.com\/wp-content\/uploads\/2026\/01\/fp08-ins-150x150.webp 150w\" sizes=\"auto, (max-width: 500px) 100vw, 500px\" \/><\/figure><\/div>\n<\/div><\/div>\n\n\n\n<div class=\"wp-block-group has-background\" style=\"background-color:#f2f2f2;padding-top:var(--wp--preset--spacing--80);padding-bottom:var(--wp--preset--spacing--80)\"><div class=\"wp-block-group__inner-container is-layout-constrained wp-block-group-is-layout-constrained\">\n<h2 class=\"wp-block-heading\" style=\"padding-top:var(--wp--preset--spacing--40);padding-bottom:var(--wp--preset--spacing--40);font-size:25px;font-style:normal;font-weight:600;text-transform:capitalize\">Formas para suas necessidades de ilumina\u00e7\u00e3o<\/h2>\n\n\n\n<ul class=\"wp-block-list\">\n<li>Ilumina\u00e7\u00e3o de destaque pode ser usada para chamar a aten\u00e7\u00e3o para mesas, fotografias ou estantes.<\/li>\n\n\n\n<li>Ilumina\u00e7\u00e3o de parede: Use para iluminar paredes uniformemente sem torn\u00e1-las muito brilhantes.<\/li>\n\n\n\n<li>Tetos: Use montagem embutida para um visual elegante.<\/li>\n\n\n\n<li>Use em lojas, locais de trabalho e vitrines para tornar a ilumina\u00e7\u00e3o mais profissional.<\/li>\n<\/ul>\n<\/div><\/div>\n\n\n\n<div class=\"wp-block-group\" style=\"padding-top:var(--wp--preset--spacing--80);padding-bottom:var(--wp--preset--spacing--80)\"><div class=\"wp-block-group__inner-container is-layout-constrained wp-block-group-is-layout-constrained\">\n<h2 class=\"wp-block-heading\" style=\"padding-top:var(--wp--preset--spacing--60);padding-bottom:var(--wp--preset--spacing--60);font-size:25px;font-style:normal;font-weight:600;text-transform:capitalize\">O que torna este item especial?<\/h2>\n\n\n\n<h3 class=\"wp-block-heading\" style=\"padding-top:var(--wp--preset--spacing--40);padding-bottom:var(--wp--preset--spacing--40);font-size:20px;font-style:normal;font-weight:600;text-transform:capitalize\">Lente de 60 graus para melhor luz<\/h3>\n\n\n\n<p>The special 60 degree lens diffuser keeps the light beam bright but concentrated. It gives a wide and soft look, which is great for many uses \u2013 like showing off art on walls or lighting up shelves.<\/p>\n\n\n\n<h3 class=\"wp-block-heading\" style=\"font-size:20px;font-style:normal;font-weight:600;text-transform:capitalize\">Diferentes op\u00e7\u00f5es de difusor<\/h3>\n\n\n\n<ul class=\"wp-block-list\">\n<li>Difusor mate opalino em PC: como iluminar uma estante ou exibir arte nas paredes.<\/li>\n\n\n\n<li>Difusor semi-claro em PC: Para luz mais clara com menos ofuscamento.<\/li>\n\n\n\n<li>Lente clara: Excelente para feixes de luz n\u00edtidos e focados.<\/li>\n<\/ul>\n<\/div><\/div>\n\n\n\n<div class=\"wp-block-group has-background\" style=\"background-color:#f2f2f2f2;padding-top:var(--wp--preset--spacing--80);padding-bottom:var(--wp--preset--spacing--80)\"><div class=\"wp-block-group__inner-container is-layout-constrained wp-block-group-is-layout-constrained\">\n<h2 class=\"wp-block-heading\" style=\"font-size:25px;font-style:normal;font-weight:600\">Veja produtos semelhantes<\/h2>\n\n\n\n<ul class=\"wp-block-list\">\n<li>Para vers\u00f5es pretas, veja <a href=\"https:\/\/tangooled.com\/pt\/product\/black-led-profile-with-black-diffuser-for-10mm-led-strip-light\/\"><mark style=\"background-color:rgba(0, 0, 0, 0)\" class=\"has-inline-color has-vivid-red-color\">Perfil LED preto com difusor preto<\/mark><\/a> para fitas menores<\/li>\n\n\n\n<li>Para fitas menores, experimente <a href=\"https:\/\/tangooled.com\/pt\/product\/led-strip-light-channel-aluminum-profile-with-diffused-cover-6mm-height\/\"><mark style=\"background-color:rgba(0, 0, 0, 0)\" class=\"has-inline-color has-vivid-red-color\">Canal de perfil de alum\u00ednio de 6mm de altura<\/mark><\/a><\/li>\n\n\n\n<li>Para montagens de superf\u00edcie com capas foscas, veja<a href=\"https:\/\/tangooled.com\/pt\/product\/surface-mount-led-profile-with-frosted-diffuser-for-10mm-rope-lights\/\"><mark style=\"background-color:rgba(0, 0, 0, 0)\" class=\"has-inline-color has-vivid-red-color\"> Perfil LED de montagem superficial com difusor fosco<\/mark><\/a><\/li>\n<\/ul>\n<\/div><\/div>\n\n\n\n<div class=\"wp-block-group\" style=\"padding-top:var(--wp--preset--spacing--80);padding-bottom:var(--wp--preset--spacing--80)\"><div class=\"wp-block-group__inner-container is-layout-constrained wp-block-group-is-layout-constrained\">\n<h2 class=\"wp-block-heading\" style=\"padding-top:var(--wp--preset--spacing--40);padding-bottom:var(--wp--preset--spacing--40);font-size:25px;font-style:normal;font-weight:600\">Resumo<\/h2>\n\n\n\n<p>Se voc\u00ea precisar de uma luz bonita, poderosa e focada para fitas LED, nosso perfil de alum\u00ednio com difusor de lente de 60 graus \u00e9 a melhor solu\u00e7\u00e3o. Mant\u00e9m os LEDs frescos, espalha a luz uniformemente e pode ser usado de v\u00e1rias maneiras diferentes. Adquira-o hoje para que seu projeto de ilumina\u00e7\u00e3o fique bonito e funcione bem!<\/p>\n<\/div><\/div>\n\n\n\n<p><\/p>","protected":false},"featured_media":14217,"template":"","meta":{"_acf_changed":true,"_seopress_robots_primary_cat":"none","_seopress_titles_title":"60 Degree Lens Diffuser LED Profile Aluminum Channel | TANGOOLED","_seopress_titles_desc":"Source the FP08 60 degree lens diffuser LED aluminum profile. Designed for focused wall washing and accent lighting with precision beam control.","_seopress_robots_index":""},"pcb-width":[228],"product-cat":[201],"class_list":{"0":"post-44702","1":"product","2":"type-product","3":"status-publish","4":"has-post-thumbnail","6":"pcb-width-6-12mm","7":"product-cat-optic-lens-profile"},"acf":[],"_links":{"self":[{"href":"https:\/\/tangooled.com\/pt\/wp-json\/wp\/v2\/product\/44702","targetHints":{"allow":["GET"]}}],"collection":[{"href":"https:\/\/tangooled.com\/pt\/wp-json\/wp\/v2\/product"}],"about":[{"href":"https:\/\/tangooled.com\/pt\/wp-json\/wp\/v2\/types\/product"}],"wp:featuredmedia":[{"embeddable":true,"href":"https:\/\/tangooled.com\/pt\/wp-json\/wp\/v2\/media\/14217"}],"wp:attachment":[{"href":"https:\/\/tangooled.com\/pt\/wp-json\/wp\/v2\/media?parent=44702"}],"wp:term":[{"taxonomy":"pcb-width","embeddable":true,"href":"https:\/\/tangooled.com\/pt\/wp-json\/wp\/v2\/pcb-width?post=44702"},{"taxonomy":"product-cat","embeddable":true,"href":"https:\/\/tangooled.com\/pt\/wp-json\/wp\/v2\/product-cat?post=44702"}],"curies":[{"name":"wp","href":"https:\/\/api.w.org\/{rel}","templated":true}]}}