{"id":44700,"date":"2026-01-03T02:13:17","date_gmt":"2026-01-03T10:13:17","guid":{"rendered":"https:\/\/tangooled.com\/?post_type=product&#038;p=44700"},"modified":"2026-01-21T02:14:32","modified_gmt":"2026-01-21T10:14:32","slug":"25x14m-surface-mounted-led-light-aluminum-profile","status":"publish","type":"product","link":"https:\/\/tangooled.com\/pt\/product\/25x14m-surface-mounted-led-light-aluminum-profile\/","title":{"rendered":"Perfil de alum\u00ednio para luz LED montada na superf\u00edcie 25x14m"},"content":{"rendered":"<div class=\"wp-block-group\" style=\"padding-top:var(--wp--preset--spacing--80);padding-bottom:var(--wp--preset--spacing--80)\"><div class=\"wp-block-group__inner-container is-layout-constrained wp-block-group-is-layout-constrained\">\n<p>Melhore seus projetos de ilumina\u00e7\u00e3o com este perfil LED montado na superf\u00edcie de 25x14m, projetado especificamente para aplica\u00e7\u00f5es de montagem limpa. Seu exterior arredondado e estriado mede 25,8mm de largura e 13,9mm de altura, oferecendo uma carca\u00e7a robusta e estilosa para suas luzes. O canal interno de 12,2mm proporciona amplo espa\u00e7o para fitas padr\u00e3o ficarem protegidas e frescas. A instala\u00e7\u00e3o \u00e9 simples e segura usando os clipes de montagem dedicados, permitindo que voc\u00ea prenda o perfil diretamente aos tectos ou paredes para um acabamento profissional. \u00c9 a escolha perfeita para conseguir uma ilumina\u00e7\u00e3o suave e sem pontos em qualquer espa\u00e7o moderno.<\/p>\n<\/div><\/div>\n\n\n\n<div class=\"wp-block-group has-background\" style=\"background-color:#f2f2f2f2;padding-top:var(--wp--preset--spacing--80);padding-bottom:var(--wp--preset--spacing--80)\"><div class=\"wp-block-group__inner-container is-layout-constrained wp-block-group-is-layout-constrained\">\n<div class=\"wp-block-group is-vertical is-layout-flex wp-container-core-group-is-layout-8cf370e7 wp-block-group-is-layout-flex\">\n<h2 class=\"wp-block-heading\" style=\"padding-top:var(--wp--preset--spacing--40);padding-bottom:var(--wp--preset--spacing--40);font-size:25px;font-style:normal;font-weight:600;text-transform:capitalize\">Por que escolher nosso perfil LED montado na superf\u00edcie de 25x14m?<\/h2>\n\n\n\n<ul class=\"wp-block-list\">\n<li>Feito de alum\u00ednio de alta qualidade 6063-T5. Isso o torna forte e ajuda a dissipar o calor das fitas LED.<\/li>\n\n\n\n<li>Vem com um difusor fosco que se encaixa para tornar a luz suave, uniforme, e sem pontos.<\/li>\n\n\n\n<li>F\u00e1cil montagem na superf\u00edcie com clipes e tampas de extremidade para um acabamento limpo.<\/li>\n\n\n\n<li>Dur\u00e1vel e estiloso: O acabamento anodizado impede a ferrugem e tem um visual elegante em prata, preto ou branco.<\/li>\n\n\n\n<li>Proteja seus LEDs: Mant\u00e9m as fitas seguras contra sujeira, poeira e impactos.<\/li>\n\n\n\n<li>Perfect for different uses \u2014 from kitchens to shops, offices, and furniture.<\/li>\n<\/ul>\n<\/div>\n<\/div><\/div>\n\n\n\n<div class=\"wp-block-group\" style=\"padding-top:var(--wp--preset--spacing--80);padding-bottom:var(--wp--preset--spacing--80)\"><div class=\"wp-block-group__inner-container is-layout-constrained wp-block-group-is-layout-constrained\">\n<div class=\"wp-block-media-text has-media-on-the-right is-stacked-on-mobile\" style=\"padding-top:0;padding-bottom:0;grid-template-columns:auto 40%\"><div class=\"wp-block-media-text__content\">\n<h2 class=\"wp-block-heading\" style=\"font-size:25px;font-style:normal;font-weight:600;text-transform:capitalize\">Instala\u00e7\u00e3o simples em 4 etapas<\/h2>\n\n\n\n<ul class=\"wp-block-list\">\n<li>Fixe os clipes na sua parede ou superf\u00edcie com parafusos.<\/li>\n\n\n\n<li>Cole sua fita LED dentro do canal de alum\u00ednio.<\/li>\n\n\n\n<li>Encaixe o perfil nos clipes.<\/li>\n\n\n\n<li>Coloque o difusor encaixando-o por cima para uma luz brilhante e suave.<\/li>\n<\/ul>\n<\/div><figure class=\"wp-block-media-text__media\"><img loading=\"lazy\" decoding=\"async\" width=\"500\" height=\"500\" src=\"https:\/\/tangooled.com\/wp-content\/uploads\/2026\/01\/fp07-ins.webp\" alt=\"Perfil de alum\u00ednio para luz LED montada na superf\u00edcie 25x14m\" class=\"wp-image-44701 size-full\" srcset=\"https:\/\/tangooled.com\/wp-content\/uploads\/2026\/01\/fp07-ins.webp 500w, https:\/\/tangooled.com\/wp-content\/uploads\/2026\/01\/fp07-ins-300x300.webp 300w, https:\/\/tangooled.com\/wp-content\/uploads\/2026\/01\/fp07-ins-150x150.webp 150w\" sizes=\"auto, (max-width: 500px) 100vw, 500px\" \/><\/figure><\/div>\n<\/div><\/div>\n\n\n\n<div class=\"wp-block-group has-background\" style=\"background-color:#f2f2f2;padding-top:var(--wp--preset--spacing--80);padding-bottom:var(--wp--preset--spacing--80)\"><div class=\"wp-block-group__inner-container is-layout-constrained wp-block-group-is-layout-constrained\">\n<h2 class=\"wp-block-heading\" style=\"padding-top:var(--wp--preset--spacing--40);padding-bottom:var(--wp--preset--spacing--40);font-size:25px;font-style:normal;font-weight:600;text-transform:capitalize\">Onde voc\u00ea pode usar este perfil LED montado na superf\u00edcie de 25x14m?<\/h2>\n\n\n\n<p>Aqui est\u00e3o algumas \u00f3timas ideias que mostram como ele funciona bem:<\/p>\n\n\n\n<ul class=\"wp-block-list\">\n<li>Ilumina\u00e7\u00e3o sob o Arm\u00e1rio: Oferece luz clara e brilhante para bancadas ou superf\u00edcies de trabalho.<\/li>\n\n\n\n<li>Ilumina\u00e7\u00e3o de Teto: Use-o ao longo das bordas para criar um brilho suave em salas de estar ou escrit\u00f3rios.<\/li>\n\n\n\n<li>Exibi\u00e7\u00f5es Comerciais: Ilumine prateleiras ou produtos com linhas de luz perfeitas.<\/li>\n\n\n\n<li>Ilumina\u00e7\u00e3o de Escrit\u00f3rio: Luz brilhante e focada sobre mesas ou em corredores.<\/li>\n\n\n\n<li>Guarda-roupas e M\u00f3veis: Integre em guarda-roupas, prateleiras ou arm\u00e1rios para uma ilumina\u00e7\u00e3o organizada.<\/li>\n\n\n\n<li>Acentos Arquitet\u00f4nicos: Realce paredes, cantos ou nichos com fitas de luz organizadas.<\/li>\n<\/ul>\n<\/div><\/div>\n\n\n\n<div class=\"wp-block-group\" style=\"padding-top:var(--wp--preset--spacing--80);padding-bottom:var(--wp--preset--spacing--80)\"><div class=\"wp-block-group__inner-container is-layout-constrained wp-block-group-is-layout-constrained\">\n<h2 class=\"wp-block-heading\" style=\"padding-top:var(--wp--preset--spacing--40);padding-bottom:var(--wp--preset--spacing--40);font-size:25px;font-style:normal;font-weight:600;text-transform:capitalize\">Produtos Relacionados para Conferir<\/h2>\n\n\n\n<ul class=\"wp-block-list\">\n<li><a href=\"https:\/\/tangooled.com\/pt\/product\/black-led-profile-with-black-diffuser-for-10mm-led-strip-light\/\"><mark style=\"background-color:rgba(0, 0, 0, 0)\" class=\"has-inline-color has-vivid-red-color\">Perfil LED preto com difusor preto para fita LED de 10mm<\/mark><\/a> &#8211; A sleek choice for slim strips. <\/li>\n\n\n\n<li><a href=\"https:\/\/tangooled.com\/pt\/product\/led-strip-light-channel-aluminum-profile-with-diffused-cover-6mm-height\/\"><mark style=\"background-color:rgba(0, 0, 0, 0)\" class=\"has-inline-color has-vivid-red-color\">Canal de luz LED de alum\u00ednio com cobertura difusa, altura de 6 mm<\/mark><\/a> \u2013 Another profile for tight spaces.<\/li>\n\n\n\n<li><a href=\"https:\/\/tangooled.com\/pt\/product\/25x6mm-low-profile-led-strip-channel-for-10mm-led-strip-light\/\"><mark style=\"background-color:rgba(0, 0, 0, 0)\" class=\"has-inline-color has-vivid-red-color\">canal de LED de perfil baixo 25x6mm para fita LED de 10mm<\/mark><\/a> \u2013 Slim, perfect for narrow spots.<\/li>\n<\/ul>\n\n\n\n<p>Bring your LED lighting to life with our reliable 25x14m surface mounted LED profile! It\u2019s the easy, smart way to make LED strip lighting look professional and work better.<\/p>\n<\/div><\/div>\n\n\n\n<p><\/p>","protected":false},"featured_media":13333,"template":"","meta":{"_acf_changed":true,"_seopress_robots_primary_cat":"none","_seopress_titles_title":"Aluminum 25x14mm Surface Mounted LED Profile | TANGOOLED","_seopress_titles_desc":"Source the FP07 25x14mm surface mounted LED profile. This large aluminum channel is perfect for wide strips, providing superior heat dissipation and dot-free lighting.","_seopress_robots_index":""},"pcb-width":[228],"product-cat":[192],"class_list":{"0":"post-44700","1":"product","2":"type-product","3":"status-publish","4":"has-post-thumbnail","6":"pcb-width-6-12mm","7":"product-cat-surface-led-profile"},"acf":[],"_links":{"self":[{"href":"https:\/\/tangooled.com\/pt\/wp-json\/wp\/v2\/product\/44700","targetHints":{"allow":["GET"]}}],"collection":[{"href":"https:\/\/tangooled.com\/pt\/wp-json\/wp\/v2\/product"}],"about":[{"href":"https:\/\/tangooled.com\/pt\/wp-json\/wp\/v2\/types\/product"}],"wp:featuredmedia":[{"embeddable":true,"href":"https:\/\/tangooled.com\/pt\/wp-json\/wp\/v2\/media\/13333"}],"wp:attachment":[{"href":"https:\/\/tangooled.com\/pt\/wp-json\/wp\/v2\/media?parent=44700"}],"wp:term":[{"taxonomy":"pcb-width","embeddable":true,"href":"https:\/\/tangooled.com\/pt\/wp-json\/wp\/v2\/pcb-width?post=44700"},{"taxonomy":"product-cat","embeddable":true,"href":"https:\/\/tangooled.com\/pt\/wp-json\/wp\/v2\/product-cat?post=44700"}],"curies":[{"name":"wp","href":"https:\/\/api.w.org\/{rel}","templated":true}]}}