{"id":44697,"date":"2026-01-03T02:02:47","date_gmt":"2026-01-03T10:02:47","guid":{"rendered":"https:\/\/tangooled.com\/?post_type=product&#038;p=44697"},"modified":"2026-01-29T17:53:46","modified_gmt":"2026-01-30T01:53:46","slug":"18x9mm-led-tape-light-profile-for-surface-installation","status":"publish","type":"product","link":"https:\/\/tangooled.com\/pt\/product\/18x9mm-led-tape-light-profile-for-surface-installation\/","title":{"rendered":"perfil de luz LED de fita de 18x9mm para instala\u00e7\u00e3o em superf\u00edcie"},"content":{"rendered":"<div class=\"wp-block-group\" style=\"padding-top:var(--wp--preset--spacing--80);padding-bottom:var(--wp--preset--spacing--80)\"><div class=\"wp-block-group__inner-container is-layout-constrained wp-block-group-is-layout-constrained\">\n<p>This 18x9mm LED tape light profile is built particularly for surface mounting, so it&#8217;s easy to light up your space. Made of high-quality 6063-T5 anodized aluminum, it has a base width of 18.6mm and a slim&nbsp;height of 9mm, making it a stylish accent to any flat surface. The 12.2mm inner width is just right for standard LED strips, which keeps them cool, clean, and safe. The mounting clip system is straightforward to use, so installation is quick and safe. It&#8217;s the ideal option for professionals to make smooth, pretty lighting in kitchens, offices, or store displays.<\/p>\n<\/div><\/div>\n\n\n\n<div class=\"wp-block-group has-background\" style=\"background-color:#f2f2f2f2;padding-top:var(--wp--preset--spacing--80);padding-bottom:var(--wp--preset--spacing--80)\"><div class=\"wp-block-group__inner-container is-layout-constrained wp-block-group-is-layout-constrained\">\n<div class=\"wp-block-group is-vertical is-layout-flex wp-container-core-group-is-layout-8cf370e7 wp-block-group-is-layout-flex\">\n<h2 class=\"wp-block-heading\" style=\"padding-top:var(--wp--preset--spacing--40);padding-bottom:var(--wp--preset--spacing--40);font-size:25px;font-style:normal;font-weight:600;text-transform:capitalize\">Por Que Escolher Nosso Perfil de Fita LED de 18x9mm?<\/h2>\n\n\n\n<ul class=\"wp-block-list\">\n<li>Difus\u00e3o de Luz Perfeita: O difusor opalino fosco proporciona uma luz suave e uniforme, escondendo pontos quentes de LED para uma apar\u00eancia profissional.<\/li>\n\n\n\n<li>Strong Heat Dissipation: This profile is made of aluminum and functions as a heatsink, drawing heat away from your LED lights so they don&#8217;t fade or change color.<\/li>\n\n\n\n<li>Prote\u00e7\u00e3o Dur\u00e1vel: Mant\u00e9m sua fita LED protegida da umidade, poeira e danos.<\/li>\n\n\n\n<li>Design Moderno e Fino: O corpo de 18x9mm \u00e9 discreto, de modo que se mistura com paredes, tetos ou m\u00f3veis, escondendo todos os acess\u00f3rios para uma apar\u00eancia limpa.<\/li>\n\n\n\n<li>F\u00e1cil de Instalar em Qualquer Superf\u00edcie: Utilize os clipes de montagem fornecidos para anexar o perfil a qualquer superf\u00edcie. Basta encaix\u00e1-lo no lugar e adicionar sua fita LED.<\/li>\n<\/ul>\n<\/div>\n<\/div><\/div>\n\n\n\n<div class=\"wp-block-group\" style=\"padding-top:var(--wp--preset--spacing--80);padding-bottom:var(--wp--preset--spacing--80)\"><div class=\"wp-block-group__inner-container is-layout-constrained wp-block-group-is-layout-constrained\">\n<div class=\"wp-block-media-text has-media-on-the-right is-stacked-on-mobile\" style=\"padding-top:0;padding-bottom:0;grid-template-columns:auto 40%\"><div class=\"wp-block-media-text__content\">\n<h2 class=\"wp-block-heading\" style=\"font-size:25px;font-style:normal;font-weight:600;text-transform:capitalize\">Quatro Passos Simples para Instala\u00e7\u00e3o<\/h2>\n\n\n\n<ul class=\"wp-block-list\">\n<li>Prenda os clipes de montagem \u00e0 sua superf\u00edcie com parafusos.<\/li>\n\n\n\n<li>Coloque o canal de alum\u00ednio nos clipes.<\/li>\n\n\n\n<li>Coloque sua fita LED dentro do canal.<\/li>\n\n\n\n<li>Para um acabamento arrumado, encaixe a tampa do difusor e fixe as tampas de extremidade.<\/li>\n<\/ul>\n<\/div><figure class=\"wp-block-media-text__media\"><img loading=\"lazy\" decoding=\"async\" width=\"500\" height=\"500\" src=\"https:\/\/tangooled.com\/wp-content\/uploads\/2026\/01\/fp06-ins.webp\" alt=\"18x9mm led tape light profile for surface installation\" class=\"wp-image-44698 size-full\" srcset=\"https:\/\/tangooled.com\/wp-content\/uploads\/2026\/01\/fp06-ins.webp 500w, https:\/\/tangooled.com\/wp-content\/uploads\/2026\/01\/fp06-ins-300x300.webp 300w, https:\/\/tangooled.com\/wp-content\/uploads\/2026\/01\/fp06-ins-150x150.webp 150w\" sizes=\"auto, (max-width: 500px) 100vw, 500px\" \/><\/figure><\/div>\n<\/div><\/div>\n\n\n\n<div class=\"wp-block-group has-background\" style=\"background-color:#f2f2f2;padding-top:var(--wp--preset--spacing--80);padding-bottom:var(--wp--preset--spacing--80)\"><div class=\"wp-block-group__inner-container is-layout-constrained wp-block-group-is-layout-constrained\">\n<h2 class=\"wp-block-heading\" style=\"padding-top:var(--wp--preset--spacing--40);padding-bottom:var(--wp--preset--spacing--40);font-size:25px;font-style:normal;font-weight:600;text-transform:capitalize\">Onde Colocar o Perfil de Fita LED de 18x9mm<\/h2>\n\n\n\n<p>Esta extrus\u00e3o de fita LED \u00e9 excelente para casas e empresas. Pode ser usada para:&nbsp;<\/p>\n\n\n\n<ul class=\"wp-block-list\">\n<li>Ilumina\u00e7\u00e3o de tarefa sob arm\u00e1rios e bancadas em cozinhas e oficinas<\/li>\n\n\n\n<li>Ilumina\u00e7\u00e3o de cove em salas de estar e corredores<\/li>\n\n\n\n<li>Ilumina\u00e7\u00e3o estilosa e segura para escadas e corredores&nbsp;<\/li>\n\n\n\n<li>Ilumina\u00e7\u00e3o estilosa e segura para closets, arm\u00e1rios e estantes<br><\/li>\n<\/ul>\n<\/div><\/div>\n\n\n\n<div class=\"wp-block-group\" style=\"padding-top:var(--wp--preset--spacing--80);padding-bottom:var(--wp--preset--spacing--80)\"><div class=\"wp-block-group__inner-container is-layout-constrained wp-block-group-is-layout-constrained\">\n<h2 class=\"wp-block-heading\" style=\"padding-top:var(--wp--preset--spacing--40);padding-bottom:var(--wp--preset--spacing--40);font-size:25px;font-style:normal;font-weight:600;text-transform:capitalize\">Produtos Relacionados Que Voc\u00ea Pode Gostar<\/h2>\n\n\n\n<ul class=\"wp-block-list\">\n<li>Perfil LED preto com difusor preto para fita LED de 10mm: <a href=\"https:\/\/tangooled.com\/pt\/product\/black-led-profile-with-black-diffuser-for-10mm-led-strip-light\/\"><mark style=\"background-color:rgba(0, 0, 0, 0)\" class=\"has-inline-color has-vivid-red-color\">Explore Aqui<\/mark><\/a><\/li>\n\n\n\n<li>Canal de alum\u00ednio com difusor preto para fitas LED de 12mm:<a href=\"https:\/\/tangooled.com\/pt\/product\/black-led-diffuser-aluminum-channel-for-12mm-tape-lights\/\"> <mark style=\"background-color:rgba(0, 0, 0, 0)\" class=\"has-inline-color has-vivid-red-color\">Confira Isto<\/mark><\/a><\/li>\n\n\n\n<li>Perfil LED de montagem em superf\u00edcie com difusor fosco para luzes de corda de 10mm: <a href=\"https:\/\/tangooled.com\/pt\/product\/surface-mount-led-profile-with-frosted-diffuser-for-10mm-rope-lights\/\"><mark style=\"background-color:rgba(0, 0, 0, 0)\" class=\"has-inline-color has-vivid-red-color\">Ver Produto<\/mark><\/a><\/li>\n<\/ul>\n<\/div><\/div>\n\n\n\n<div class=\"wp-block-group has-background\" style=\"background-color:#f2f2f2f2;padding-top:var(--wp--preset--spacing--80);padding-bottom:var(--wp--preset--spacing--80)\"><div class=\"wp-block-group__inner-container is-layout-constrained wp-block-group-is-layout-constrained\">\n<p style=\"padding-right:var(--wp--preset--spacing--50);padding-left:var(--wp--preset--spacing--50)\">Se voc\u00ea procura um canal de luz LED profissional, que seja f\u00e1cil de instalar, mantenha sua fita LED fresca, limpa e brilhante, com um design fino e discreto, esta \u00e9 a melhor escolha. Ele se adapta a v\u00e1rias fitas LED e aplica\u00e7\u00f5es sem cases volumosos ou montagem complicada.<br>Confie no nosso perfil de fita LED de 18x9mm para instala\u00e7\u00e3o em superf\u00edcie para tornar seus projetos de ilumina\u00e7\u00e3o simples, inteligentes e impressionantes.<\/p>\n<\/div><\/div>\n\n\n\n<p><\/p>","protected":false},"featured_media":13307,"template":"","meta":{"_acf_changed":true,"_seopress_robots_primary_cat":"none","_seopress_titles_title":"Aluminum 18x9mm LED Tape Light Profile Surface Mount | TANGOOLED","_seopress_titles_desc":"Source FP06 18x9mm LED tape light profile. This sleek aluminum channel is ideal for surface installation, providing professional heat dissipation and a clean finish.","_seopress_robots_index":""},"pcb-width":[228],"product-cat":[192],"class_list":{"0":"post-44697","1":"product","2":"type-product","3":"status-publish","4":"has-post-thumbnail","6":"pcb-width-6-12mm","7":"product-cat-surface-led-profile"},"acf":[],"_links":{"self":[{"href":"https:\/\/tangooled.com\/pt\/wp-json\/wp\/v2\/product\/44697","targetHints":{"allow":["GET"]}}],"collection":[{"href":"https:\/\/tangooled.com\/pt\/wp-json\/wp\/v2\/product"}],"about":[{"href":"https:\/\/tangooled.com\/pt\/wp-json\/wp\/v2\/types\/product"}],"wp:featuredmedia":[{"embeddable":true,"href":"https:\/\/tangooled.com\/pt\/wp-json\/wp\/v2\/media\/13307"}],"wp:attachment":[{"href":"https:\/\/tangooled.com\/pt\/wp-json\/wp\/v2\/media?parent=44697"}],"wp:term":[{"taxonomy":"pcb-width","embeddable":true,"href":"https:\/\/tangooled.com\/pt\/wp-json\/wp\/v2\/pcb-width?post=44697"},{"taxonomy":"product-cat","embeddable":true,"href":"https:\/\/tangooled.com\/pt\/wp-json\/wp\/v2\/product-cat?post=44697"}],"curies":[{"name":"wp","href":"https:\/\/api.w.org\/{rel}","templated":true}]}}