{"id":44692,"date":"2026-01-03T02:00:39","date_gmt":"2026-01-03T10:00:39","guid":{"rendered":"https:\/\/tangooled.com\/?post_type=product&#038;p=44692"},"modified":"2026-01-29T17:50:45","modified_gmt":"2026-01-30T01:50:45","slug":"25x6mm-low-profile-led-strip-channel-for-10mm-led-strip-light","status":"publish","type":"product","link":"https:\/\/tangooled.com\/pt\/product\/25x6mm-low-profile-led-strip-channel-for-10mm-led-strip-light\/","title":{"rendered":"canal de LED de perfil baixo 25x6mm para fita LED de 10mm"},"content":{"rendered":"<div class=\"wp-block-group\" style=\"padding-top:var(--wp--preset--spacing--80);padding-bottom:var(--wp--preset--spacing--80)\"><div class=\"wp-block-group__inner-container is-layout-constrained wp-block-group-is-layout-constrained\">\n<p>As suas luzes parecer\u00e3o limpas e profissionais com o canal LED de perfil baixo de 25x6mm. Esta extrus\u00e3o de alum\u00ednio fino \u00e9 composta de alum\u00ednio anodizado, que \u00e9 um robusto dissipador de calor que mant\u00e9m as suas fitas LED frescas e aumenta a sua durabilidade. O canal tem o tamanho certo para pequenos espa\u00e7os como prateleiras e arm\u00e1rios de cozinha. Pode suportar fitas LED de at\u00e9 10mm de largura, como SMD 5050, 2835 e COB. Protege as fitas, oculta a fia\u00e7\u00e3o e possui um difusor opaco que distribui a luz uniformemente, conferindo um aspeto suave e profissional. Esta extrus\u00e3o de LED de superf\u00edcie vem com uma tampa difusora, clips de montagem e tampas de extremidade para que voc\u00ea possa instal\u00e1-la facilmente e obter um visual profissional rapidamente.<\/p>\n<\/div><\/div>\n\n\n\n<div class=\"wp-block-group has-background\" style=\"background-color:#f2f2f2f2;padding-top:var(--wp--preset--spacing--80);padding-bottom:var(--wp--preset--spacing--80)\"><div class=\"wp-block-group__inner-container is-layout-constrained wp-block-group-is-layout-constrained\">\n<div class=\"wp-block-group is-vertical is-layout-flex wp-container-core-group-is-layout-8cf370e7 wp-block-group-is-layout-flex\">\n<h2 class=\"wp-block-heading\" style=\"padding-top:var(--wp--preset--spacing--40);padding-bottom:var(--wp--preset--spacing--40);font-size:25px;font-style:normal;font-weight:600;text-transform:capitalize\">Principais Caracter\u00edsticas<\/h2>\n\n\n\n<ul class=\"wp-block-list\">\n<li>Design muito fino: Tem apenas 25mm de largura e 6mm de altura, permitindo que se encaixe em pequenos espa\u00e7os.<\/li>\n\n\n\n<li>Funciona com fitas LED de 10mm, como as 5050, 2835 e Philips Hue.<\/li>\n\n\n\n<li>Possui um dissipador de calor de alum\u00ednio para evitar que os LEDs fiquem muito quentes.&nbsp;<\/li>\n\n\n\n<li>Possui um difusor opaco que proporciona uma linha de luz suave sem ofuscamento.<\/li>\n\n\n\n<li>Vem com clips, capas difusoras e tampas de extremidade para uma instala\u00e7\u00e3o f\u00e1cil.<\/li>\n<\/ul>\n<\/div>\n<\/div><\/div>\n\n\n\n<div class=\"wp-block-group\" style=\"padding-top:var(--wp--preset--spacing--80);padding-bottom:var(--wp--preset--spacing--80)\"><div class=\"wp-block-group__inner-container is-layout-constrained wp-block-group-is-layout-constrained\">\n<div class=\"wp-block-media-text has-media-on-the-right is-stacked-on-mobile\" style=\"padding-top:0;padding-bottom:0;grid-template-columns:auto 40%\"><div class=\"wp-block-media-text__content\">\n<h2 class=\"wp-block-heading\" style=\"font-size:25px;font-style:normal;font-weight:600;text-transform:capitalize\">Como Usar<\/h2>\n\n\n\n<ul class=\"wp-block-list\">\n<li>Coloque os clips de montagem met\u00e1licos na superf\u00edcie.<\/li>\n\n\n\n<li>Coloque o canal de alum\u00ednio nos clips.<\/li>\n\n\n\n<li>Coloque a sua fita LED de 10mm dentro do canal.<\/li>\n\n\n\n<li>Prenda a capa difusora opaca.<\/li>\n\n\n\n<li>Use as tampas de extremidade para finalizar as bordas e torn\u00e1-las mais bonitas.<\/li>\n<\/ul>\n<\/div><figure class=\"wp-block-media-text__media\"><img loading=\"lazy\" decoding=\"async\" width=\"500\" height=\"500\" src=\"https:\/\/tangooled.com\/wp-content\/uploads\/2026\/01\/fp05-ins.webp\" alt=\"Canal de strip LED de perfil baixo de 25x6mm para luz de strip LED de 10mm\" class=\"wp-image-44693 size-full\" srcset=\"https:\/\/tangooled.com\/wp-content\/uploads\/2026\/01\/fp05-ins.webp 500w, https:\/\/tangooled.com\/wp-content\/uploads\/2026\/01\/fp05-ins-300x300.webp 300w, https:\/\/tangooled.com\/wp-content\/uploads\/2026\/01\/fp05-ins-150x150.webp 150w\" sizes=\"auto, (max-width: 500px) 100vw, 500px\" \/><\/figure><\/div>\n<\/div><\/div>\n\n\n\n<div class=\"wp-block-group has-background\" style=\"background-color:#f2f2f2;padding-top:var(--wp--preset--spacing--80);padding-bottom:var(--wp--preset--spacing--80)\"><div class=\"wp-block-group__inner-container is-layout-constrained wp-block-group-is-layout-constrained\">\n<h2 class=\"wp-block-heading\" style=\"padding-top:var(--wp--preset--spacing--40);padding-bottom:var(--wp--preset--spacing--40);font-size:25px;font-style:normal;font-weight:600;text-transform:capitalize\">O que est\u00e1 inclu\u00eddo no seu kit?<\/h2>\n\n\n\n<ul class=\"wp-block-list\">\n<li>Uma pe\u00e7a de canais de alum\u00ednio de perfil baixo&nbsp;<\/li>\n\n\n\n<li>Uma pe\u00e7a de capas difusoras opacas<\/li>\n\n\n\n<li>Dois clips de montagem met\u00e1licos&nbsp;<\/li>\n\n\n\n<li>Duas tampas de extremidade (uma com um buraco e uma s\u00f3lida)<\/li>\n<\/ul>\n\n\n\n<p>Este kit tudo-em-um tem tudo o que voc\u00ea precisa para instalar rapidamente e criar um acabamento suave sem pe\u00e7as extras.<\/p>\n<\/div><\/div>\n\n\n\n<div class=\"wp-block-group\" style=\"padding-top:var(--wp--preset--spacing--80);padding-bottom:var(--wp--preset--spacing--80)\"><div class=\"wp-block-group__inner-container is-layout-constrained wp-block-group-is-layout-constrained\">\n<h2 class=\"wp-block-heading\" style=\"padding-top:var(--wp--preset--spacing--40);padding-bottom:var(--wp--preset--spacing--40);font-size:25px;font-style:normal;font-weight:600;text-transform:capitalize\">Ideias de Instala\u00e7\u00e3o para o Seu Projeto<\/h2>\n\n\n\n<p>O nosso canal de fita LED de perfil baixo funciona bem em muitos lugares:<\/p>\n\n\n\n<ul class=\"wp-block-list\">\n<li>Debaixo de arm\u00e1rios de cozinha: Proporciona luz cont\u00ednua e forte para cozinhar.<\/li>\n\n\n\n<li>Em arm\u00e1rios e guarda-roupas: Luz que \u00e9 f\u00e1cil de alcan\u00e7ar e limpar em lugares dif\u00edceis de acessar.<\/li>\n\n\n\n<li>Vitrines e prateleiras: \u00d3timo para iluminar lojas ou casas.<\/li>\n\n\n\n<li>Ilumina\u00e7\u00e3o de cove e arquitet\u00f4nica: torna tetos e paredes modernos.<\/li>\n<\/ul>\n<\/div><\/div>\n\n\n\n<div class=\"wp-block-group has-background\" style=\"background-color:#f2f2f2f2;padding-top:var(--wp--preset--spacing--80);padding-bottom:var(--wp--preset--spacing--80)\"><div class=\"wp-block-group__inner-container is-layout-constrained wp-block-group-is-layout-constrained\">\n<h2 class=\"wp-block-heading\" style=\"font-size:25px;font-style:normal;font-weight:600\">Produtos Relacionados Que Voc\u00ea Pode Gostar<\/h2>\n\n\n\n<ul class=\"wp-block-list\">\n<li>Para um visual mais escuro, consulte nosso <a href=\"https:\/\/tangooled.com\/pt\/product\/black-led-profile-with-black-diffuser-for-10mm-led-strip-light\/\"><mark style=\"background-color:rgba(0, 0, 0, 0)\" class=\"has-inline-color has-vivid-red-color\">perfil LED preto com difusor preto para fita de LED de 10mm<\/mark><\/a>.<\/li>\n\n\n\n<li>Precisa de um canal para fitas mais largas? Veja <a href=\"https:\/\/tangooled.com\/pt\/product\/black-led-diffuser-aluminum-channel-for-12mm-tape-lights\/\"><mark style=\"background-color:rgba(0, 0, 0, 0)\" class=\"has-inline-color has-vivid-red-color\">canal de alum\u00ednio com difusor LED preto para luzes de fita de 12mm<\/mark><\/a>.<\/li>\n\n\n\n<li>Experimente o nosso <a href=\"https:\/\/tangooled.com\/pt\/product\/surface-mount-led-profile-with-frosted-diffuser-for-10mm-rope-lights\/\"><mark style=\"background-color:rgba(0, 0, 0, 0)\" class=\"has-inline-color has-vivid-red-color\">perfil de LED de montagem em superf\u00edcie com difusor fosco para luzes de corda de 10mm <\/mark><\/a>para estilo e tamanho semelhantes<\/li>\n<\/ul>\n<\/div><\/div>\n\n\n\n<p><\/p>","protected":false},"featured_media":13304,"template":"","meta":{"_acf_changed":true,"_seopress_robots_primary_cat":"none","_seopress_titles_title":"25x6mm Aluminum Low Profile LED Channel for 10mm Strips | TANGOOLED","_seopress_titles_desc":"The FP05 is a 25x6mm low profile LED channel designed for 10mm LED strips. Its ultra-slim aluminum design is perfect for surface-mounted lighting with a minimalist look.","_seopress_robots_index":""},"pcb-width":[228],"product-cat":[192],"class_list":{"0":"post-44692","1":"product","2":"type-product","3":"status-publish","4":"has-post-thumbnail","6":"pcb-width-6-12mm","7":"product-cat-surface-led-profile"},"acf":[],"_links":{"self":[{"href":"https:\/\/tangooled.com\/pt\/wp-json\/wp\/v2\/product\/44692","targetHints":{"allow":["GET"]}}],"collection":[{"href":"https:\/\/tangooled.com\/pt\/wp-json\/wp\/v2\/product"}],"about":[{"href":"https:\/\/tangooled.com\/pt\/wp-json\/wp\/v2\/types\/product"}],"wp:featuredmedia":[{"embeddable":true,"href":"https:\/\/tangooled.com\/pt\/wp-json\/wp\/v2\/media\/13304"}],"wp:attachment":[{"href":"https:\/\/tangooled.com\/pt\/wp-json\/wp\/v2\/media?parent=44692"}],"wp:term":[{"taxonomy":"pcb-width","embeddable":true,"href":"https:\/\/tangooled.com\/pt\/wp-json\/wp\/v2\/pcb-width?post=44692"},{"taxonomy":"product-cat","embeddable":true,"href":"https:\/\/tangooled.com\/pt\/wp-json\/wp\/v2\/product-cat?post=44692"}],"curies":[{"name":"wp","href":"https:\/\/api.w.org\/{rel}","templated":true}]}}