{"id":44689,"date":"2026-01-03T01:56:11","date_gmt":"2026-01-03T09:56:11","guid":{"rendered":"https:\/\/tangooled.com\/?post_type=product&#038;p=44689"},"modified":"2026-01-29T17:46:02","modified_gmt":"2026-01-30T01:46:02","slug":"led-light-diffuser-channel-aluminum-15x12mm-for-10mm-led-strips","status":"publish","type":"product","link":"https:\/\/tangooled.com\/pt\/product\/led-light-diffuser-channel-aluminum-15x12mm-for-10mm-led-strips\/","title":{"rendered":"canal difusor de luz LED em alum\u00ednio 15x12mm para fitas de LED de 10mm"},"content":{"rendered":"<div class=\"wp-block-group\" style=\"padding-top:var(--wp--preset--spacing--80);padding-bottom:var(--wp--preset--spacing--80)\"><div class=\"wp-block-group__inner-container is-layout-constrained wp-block-group-is-layout-constrained\">\n<p>Se voc\u00ea deseja uma ilumina\u00e7\u00e3o LED limpa e sem pontos, nosso canal difusor de luz LED 15x12mm \u00e9 a escolha ideal. Este canal \u00e9 feito de uma extrus\u00e3o de alum\u00ednio anodizado resistente e vem com um difusor opalino de policarbonato. Ele proporciona uma apar\u00eancia profissional e uma distribui\u00e7\u00e3o uniforme da luz sem pontos de LED. A maioria das fitas LED t\u00edpicas de at\u00e9 10mm de largura, como SMD2835 e fitas LED COB, se encaixam bem neste canal difusor de luz LED 15x12mm.&nbsp;<\/p>\n<\/div><\/div>\n\n\n\n<div class=\"wp-block-group has-background\" style=\"background-color:#f2f2f2f2;padding-top:var(--wp--preset--spacing--80);padding-bottom:var(--wp--preset--spacing--80)\"><div class=\"wp-block-group__inner-container is-layout-constrained wp-block-group-is-layout-constrained\">\n<div class=\"wp-block-group is-vertical is-layout-flex wp-container-core-group-is-layout-8cf370e7 wp-block-group-is-layout-flex\">\n<h2 class=\"wp-block-heading\" style=\"padding-top:var(--wp--preset--spacing--40);padding-bottom:var(--wp--preset--spacing--40);font-size:25px;font-style:normal;font-weight:600;text-transform:capitalize\">Por que escolher nosso canal difusor de luz LED 15x12mm?<\/h2>\n\n\n\n<ul class=\"wp-block-list\">\n<li>Ilumina\u00e7\u00e3o sem pontos: A tampa difusora opalina suaviza a luz e oculta os chips LED, proporcionando um brilho suave e uniforme.<\/li>\n\n\n\n<li>Excelente dissipa\u00e7\u00e3o de calor: Feito de alum\u00ednio anodizado 6063-T5, ele dissipa o calor da sua fita LED para mant\u00ea-la fria e duradoura.<\/li>\n\n\n\n<li>Protege sua fita LED: Mant\u00e9m a poeira, umidade e danos f\u00edsicos longe das luzes.<\/li>\n\n\n\n<li>F\u00e1cil de instalar: Vem com tampas de extremidade, clips de montagem e uma tampa que se encaixa para uma instala\u00e7\u00e3o simples.<\/li>\n\n\n\n<li>Perfil elegante: O perfil fino de 15x12mm se encaixa perfeitamente em espa\u00e7os apertados sem afetar a qualidade da luz.<\/li>\n\n\n\n<li>Montagem flex\u00edvel: Voc\u00ea pode instal\u00e1-lo em uma superf\u00edcie ou em uma parede ou m\u00f3vel, perfeito para designs modernos e minimalistas.<\/li>\n<\/ul>\n<\/div>\n<\/div><\/div>\n\n\n\n<div class=\"wp-block-group\" style=\"padding-top:var(--wp--preset--spacing--80);padding-bottom:var(--wp--preset--spacing--80)\"><div class=\"wp-block-group__inner-container is-layout-constrained wp-block-group-is-layout-constrained\">\n<div class=\"wp-block-media-text has-media-on-the-right is-stacked-on-mobile\" style=\"padding-top:0;padding-bottom:0;grid-template-columns:auto 40%\"><div class=\"wp-block-media-text__content\">\n<h2 class=\"wp-block-heading\" style=\"font-size:25px;font-style:normal;font-weight:600;text-transform:capitalize\">Instala\u00e7\u00e3o &amp; Compatibilidade<\/h2>\n\n\n\n<ul class=\"wp-block-list\">\n<li>Funciona com todas as fitas de LED padr\u00e3o de at\u00e9 10mm de largura, incluindo SMD 3528, 5050, e fitas LED COB.<\/li>\n\n\n\n<li>Como montar: Use as tampas clip-on inclu\u00eddas e os suportes de montagem. Funciona bem em montagens de superf\u00edcie ou em ranhuras para layouts de canal LED sem moldura.<\/li>\n\n\n\n<li>Ilumina\u00e7\u00e3o difusa: Para a melhor ilumina\u00e7\u00e3o LED sem pontos, utilize fitas LED de alta densidade (120+ LEDs\/m) com este canal.<\/li>\n\n\n\n<li>Acess\u00f3rios inclu\u00eddos: Inclui tampas de extremidade correspondentes para selar o perfil; uma tampa possui um orif\u00edcio pr\u00e9-perfurado para gerenciamento de fios sem costura.<\/li>\n<\/ul>\n<\/div><figure class=\"wp-block-media-text__media\"><img loading=\"lazy\" decoding=\"async\" width=\"500\" height=\"500\" src=\"https:\/\/tangooled.com\/wp-content\/uploads\/2026\/01\/ifp04-ins.webp\" alt=\"canal difusor de luz LED em alum\u00ednio 15x12mm para fitas de LED de 10mm\" class=\"wp-image-44690 size-full\" srcset=\"https:\/\/tangooled.com\/wp-content\/uploads\/2026\/01\/ifp04-ins.webp 500w, https:\/\/tangooled.com\/wp-content\/uploads\/2026\/01\/ifp04-ins-300x300.webp 300w, https:\/\/tangooled.com\/wp-content\/uploads\/2026\/01\/ifp04-ins-150x150.webp 150w\" sizes=\"auto, (max-width: 500px) 100vw, 500px\" \/><\/figure><\/div>\n<\/div><\/div>\n\n\n\n<div class=\"wp-block-group has-background\" style=\"background-color:#f2f2f2;padding-top:var(--wp--preset--spacing--80);padding-bottom:var(--wp--preset--spacing--80)\"><div class=\"wp-block-group__inner-container is-layout-constrained wp-block-group-is-layout-constrained\">\n<h2 class=\"wp-block-heading\" style=\"padding-top:var(--wp--preset--spacing--40);padding-bottom:var(--wp--preset--spacing--40);font-size:25px;font-style:normal;font-weight:600;text-transform:capitalize\">Usos ideais para nosso canal difusor de luz LED 15x12mm<\/h2>\n\n\n\n<p>Nosso canal \u00e9 excelente para diversas tarefas de ilumina\u00e7\u00e3o, como:<\/p>\n\n\n\n<ul class=\"wp-block-list\">\n<li>Ilumina\u00e7\u00e3o de destaque que sai da parede em casas e empresas.<\/li>\n\n\n\n<li>Ilumina\u00e7\u00e3o de tarefa que \u00e9 uniforme sob arm\u00e1rios e na cozinha.<\/li>\n\n\n\n<li>Ilumina\u00e7\u00e3o de exibi\u00e7\u00e3o em lojas que faz os produtos brilharem.<\/li>\n\n\n\n<li>Ilumina\u00e7\u00e3o de destaque em sancas e tetos em empresas.<\/li>\n\n\n\n<li>Ilumina\u00e7\u00e3o para closets e guarda-roupas que tem uma apar\u00eancia agrad\u00e1vel e limpa.<\/li>\n\n\n\n<li>Perfis de ilumina\u00e7\u00e3o arquitet\u00f4nica que precisam de um acabamento suave.<\/li>\n\n\n\n<li>Ilumina\u00e7\u00e3o para prateleiras e acabamentos em madeira que proporciona uma apar\u00eancia elegante e embutida.<\/li>\n<\/ul>\n<\/div><\/div>\n\n\n\n<div class=\"wp-block-group\" style=\"padding-top:var(--wp--preset--spacing--80);padding-bottom:var(--wp--preset--spacing--80)\"><div class=\"wp-block-group__inner-container is-layout-constrained wp-block-group-is-layout-constrained\">\n<h2 class=\"wp-block-heading\" style=\"padding-top:var(--wp--preset--spacing--40);padding-bottom:var(--wp--preset--spacing--40);font-size:25px;font-style:normal;font-weight:600;text-transform:capitalize\">Produtos relacionados que voc\u00ea pode gostar:<\/h2>\n\n\n\n<ul class=\"wp-block-list\">\n<li><a href=\"https:\/\/tangooled.com\/pt\/product\/black-led-diffuser-aluminum-channel-for-12mm-tape-lights\/\"><mark style=\"background-color:rgba(0, 0, 0, 0)\" class=\"has-inline-color has-vivid-red-color\">Canal de alum\u00ednio com difusor LED preto para luzes de fita de 12mm<\/mark><\/a><\/li>\n\n\n\n<li><a href=\"https:\/\/tangooled.com\/pt\/product\/surface-mount-led-profile-with-frosted-diffuser-for-10mm-rope-lights\/\"><mark style=\"background-color:rgba(0, 0, 0, 0)\" class=\"has-inline-color has-vivid-red-color\">Perfil LED de montagem de superf\u00edcie com difusor fosco para luzes de cord\u00e3o de 10mm<\/mark><\/a><\/li>\n\n\n\n<li><a href=\"https:\/\/tangooled.com\/pt\/product\/led-light-diffuser-channel-aluminum-15x12mm-for-10mm-led-strips\/\"><mark style=\"background-color:rgba(0, 0, 0, 0)\" class=\"has-inline-color has-vivid-red-color\">canal difusor de luz LED em alum\u00ednio 15x12mm para fitas de LED de 10mm<\/mark><\/a><\/li>\n<\/ul>\n<\/div><\/div>\n\n\n\n<div class=\"wp-block-group has-background\" style=\"background-color:#f2f2f2f2;padding-top:var(--wp--preset--spacing--80);padding-bottom:var(--wp--preset--spacing--80)\"><div class=\"wp-block-group__inner-container is-layout-constrained wp-block-group-is-layout-constrained\">\n<h2 class=\"wp-block-heading\" style=\"padding-top:var(--wp--preset--spacing--40);padding-bottom:var(--wp--preset--spacing--40);font-size:25px;font-style:normal;font-weight:600\">Resumo<\/h2>\n\n\n\n<p style=\"padding-right:var(--wp--preset--spacing--50);padding-left:var(--wp--preset--spacing--50)\">The 15x12mm LED light diffuser channel is a sleek, durable, and adaptable aluminum profile that will enhance the appearance of any lighting project. Not only does this linear lighting solution protect your LED strips from dust and damage, but it also ensures they remain functional for a long time by letting heat escape easily. It\u00a0is great for use as an under-cabinet light channel and retail shelf lighting.<\/p>\n<\/div><\/div>\n\n\n\n<p><\/p>","protected":false},"featured_media":13322,"template":"","meta":{"_acf_changed":true,"_seopress_robots_primary_cat":"none","_seopress_titles_title":"Aluminum LED Light Diffuser Channel 15x12mm | TANGOOLED","_seopress_titles_desc":"Source the IFP04 LED light diffuser channel in a 15x12mm size. This aluminum profile fits 10mm strips, providing a clean look and high-quality heat dissipation.","_seopress_robots_index":""},"pcb-width":[228],"product-cat":[192],"class_list":{"0":"post-44689","1":"product","2":"type-product","3":"status-publish","4":"has-post-thumbnail","6":"pcb-width-6-12mm","7":"product-cat-surface-led-profile"},"acf":[],"_links":{"self":[{"href":"https:\/\/tangooled.com\/pt\/wp-json\/wp\/v2\/product\/44689","targetHints":{"allow":["GET"]}}],"collection":[{"href":"https:\/\/tangooled.com\/pt\/wp-json\/wp\/v2\/product"}],"about":[{"href":"https:\/\/tangooled.com\/pt\/wp-json\/wp\/v2\/types\/product"}],"wp:featuredmedia":[{"embeddable":true,"href":"https:\/\/tangooled.com\/pt\/wp-json\/wp\/v2\/media\/13322"}],"wp:attachment":[{"href":"https:\/\/tangooled.com\/pt\/wp-json\/wp\/v2\/media?parent=44689"}],"wp:term":[{"taxonomy":"pcb-width","embeddable":true,"href":"https:\/\/tangooled.com\/pt\/wp-json\/wp\/v2\/pcb-width?post=44689"},{"taxonomy":"product-cat","embeddable":true,"href":"https:\/\/tangooled.com\/pt\/wp-json\/wp\/v2\/product-cat?post=44689"}],"curies":[{"name":"wp","href":"https:\/\/api.w.org\/{rel}","templated":true}]}}