{"id":44685,"date":"2026-01-03T01:51:51","date_gmt":"2026-01-03T09:51:51","guid":{"rendered":"https:\/\/tangooled.com\/?post_type=product&#038;p=44685"},"modified":"2026-01-29T22:32:27","modified_gmt":"2026-01-30T06:32:27","slug":"black-aluminum-u-channel-profile-for-10mm-led-strips","status":"publish","type":"product","link":"https:\/\/tangooled.com\/pt\/product\/black-aluminum-u-channel-profile-for-10mm-led-strips\/","title":{"rendered":"perfil em U de alum\u00ednio preto para tiras LED de 10mm"},"content":{"rendered":"<div class=\"wp-block-group\" style=\"padding-top:var(--wp--preset--spacing--80);padding-bottom:var(--wp--preset--spacing--80)\"><div class=\"wp-block-group__inner-container is-layout-constrained wp-block-group-is-layout-constrained\">\n<p>Nosso perfil em U de alum\u00ednio preto IFP03 \u00e9 feito especialmente para suas tiras LED de 10mm. Este trilho de alum\u00ednio em U preto protege suas luzes de poeira, sujeira e danos, ao mesmo tempo em que atua como um dissipador de calor para ajudar suas LEDs a durarem mais. Seu design de montagem em superf\u00edcie facilita a instala\u00e7\u00e3o diretamente em \u00e1reas planas como paredes, prateleiras ou arm\u00e1rios. Este canal LED preto \u00e9 a escolha perfeita para quem deseja uma ilumina\u00e7\u00e3o limpa, brilhante e suave para seus projetos dom\u00e9sticos ou de escrit\u00f3rio.<\/p>\n<\/div><\/div>\n\n\n\n<div class=\"wp-block-group has-background\" style=\"background-color:#f2f2f2f2;padding-top:var(--wp--preset--spacing--80);padding-bottom:var(--wp--preset--spacing--80)\"><div class=\"wp-block-group__inner-container is-layout-constrained wp-block-group-is-layout-constrained\">\n<div class=\"wp-block-group is-vertical is-layout-flex wp-container-core-group-is-layout-8cf370e7 wp-block-group-is-layout-flex\">\n<h2 class=\"wp-block-heading\" style=\"padding-top:var(--wp--preset--spacing--40);padding-bottom:var(--wp--preset--spacing--40);font-size:25px;font-style:normal;font-weight:600;text-transform:capitalize\">Por que Usar Nosso Canal de Alum\u00ednio Preto para LED?<\/h2>\n\n\n\n<ul class=\"wp-block-list\">\n<li>Formato: O canal apresenta um perfil em U elegante e slim. Seu design de baixo perfil cria linhas de luz limpas e simples que combinam com qualquer estilo arquitet\u00f4nico moderno.<\/li>\n\n\n\n<li>Material &amp; Acabamento: Feito de alum\u00ednio extrudado 6063 com acabamento anodizado preto de alta qualidade. Isso garante uma excelente dissipa\u00e7\u00e3o de calor, o que prolongar\u00e1 a vida \u00fatil das LEDs.<\/li>\n\n\n\n<li>Op\u00e7\u00f5es de Acabamento: Al\u00e9m do preto, este canal tamb\u00e9m est\u00e1 dispon\u00edvel em branco e prata para complementar qualquer decora\u00e7\u00e3o.<\/li>\n\n\n\n<li>Compatibilidade: Funciona com a maioria das fitas LED que t\u00eam at\u00e9 10mm de largura.<\/li>\n\n\n\n<li>Kit Acess\u00f3rios Completo: Cada canal vem com tampas de extremidade e clipes de montagem combinando para uma instala\u00e7\u00e3o r\u00e1pida e f\u00e1cil.<\/li>\n<\/ul>\n<\/div>\n<\/div><\/div>\n\n\n\n<div class=\"wp-block-group\" style=\"padding-top:var(--wp--preset--spacing--80);padding-bottom:var(--wp--preset--spacing--80)\"><div class=\"wp-block-group__inner-container is-layout-constrained wp-block-group-is-layout-constrained\">\n<div class=\"wp-block-media-text has-media-on-the-right is-stacked-on-mobile\" style=\"padding-top:0;padding-bottom:0;grid-template-columns:auto 40%\"><div class=\"wp-block-media-text__content\">\n<h2 class=\"wp-block-heading\" style=\"font-size:25px;font-style:normal;font-weight:600;text-transform:capitalize\">Como Instalar Facilmente<\/h2>\n\n\n\n<ul class=\"wp-block-list\">\n<li>Corte o canal em U de alum\u00ednio preto para o tamanho certo.<\/li>\n\n\n\n<li>Use parafusos ou clipes de montagem para segurar o canal na posi\u00e7\u00e3o.<\/li>\n\n\n\n<li>Coloque sua tira LED de 10mm de largura no canal.<\/li>\n\n\n\n<li>Para suavizar a luz e espalh\u00e1-la, coloque a capa difusora.<\/li>\n\n\n\n<li>Para finalizar a apar\u00eancia e proteger os cabos, coloque as tampas de extremidade.<\/li>\n<\/ul>\n<\/div><figure class=\"wp-block-media-text__media\"><img loading=\"lazy\" decoding=\"async\" width=\"500\" height=\"500\" src=\"https:\/\/tangooled.com\/wp-content\/uploads\/2026\/01\/ifp03-ins.webp\" alt=\"perfil de canal de alum\u00ednio u preto para fitas de LED de 10mm\" class=\"wp-image-44687 size-full\" srcset=\"https:\/\/tangooled.com\/wp-content\/uploads\/2026\/01\/ifp03-ins.webp 500w, https:\/\/tangooled.com\/wp-content\/uploads\/2026\/01\/ifp03-ins-300x300.webp 300w, https:\/\/tangooled.com\/wp-content\/uploads\/2026\/01\/ifp03-ins-150x150.webp 150w\" sizes=\"auto, (max-width: 500px) 100vw, 500px\" \/><\/figure><\/div>\n<\/div><\/div>\n\n\n\n<div class=\"wp-block-group has-background\" style=\"background-color:#f2f2f2;padding-top:var(--wp--preset--spacing--80);padding-bottom:var(--wp--preset--spacing--80)\"><div class=\"wp-block-group__inner-container is-layout-constrained wp-block-group-is-layout-constrained\">\n<h2 class=\"wp-block-heading\" style=\"padding-top:var(--wp--preset--spacing--40);padding-bottom:var(--wp--preset--spacing--40);font-size:25px;font-style:normal;font-weight:600;text-transform:capitalize\">Onde Us\u00e1-lo?<\/h2>\n\n\n\n<p>Nosso canal em U de alum\u00ednio preto pode caber em muitos lugares de ilumina\u00e7\u00e3o diferentes! Aqui est\u00e3o algumas sugest\u00f5es:<\/p>\n\n\n\n<ul class=\"wp-block-list\">\n<li>Ilumina\u00e7\u00e3o sob o arm\u00e1rio: Torne a cozinha ou escrit\u00f3rio mais brilhante e mantenha-o limpo.<\/li>\n\n\n\n<li>Ilumina\u00e7\u00e3o de cove: Ilumine paredes ou tetos de maneira sutil.<\/li>\n\n\n\n<li>Ilumina\u00e7\u00e3o de prateleiras: Ilumine livros ou outros objetos para destac\u00e1-los.<\/li>\n\n\n\n<li>Lights in the closet and wardrobe:\u00a0 Make it easy to\u00a0find things.<\/li>\n\n\n\n<li>Vitrines: Mantenha suas coisas favoritas seguras e bem iluminadas.<\/li>\n<\/ul>\n<\/div><\/div>\n\n\n\n<div class=\"wp-block-group\" style=\"padding-top:var(--wp--preset--spacing--80);padding-bottom:var(--wp--preset--spacing--80)\"><div class=\"wp-block-group__inner-container is-layout-constrained wp-block-group-is-layout-constrained\">\n<h2 class=\"wp-block-heading\" style=\"padding-top:var(--wp--preset--spacing--40);padding-bottom:var(--wp--preset--spacing--40);font-size:25px;font-style:normal;font-weight:600;text-transform:capitalize\">what&#8217;s in a kit?<\/h2>\n\n\n\n<ul class=\"wp-block-list\">\n<li>1 x Canal em U de alum\u00ednio preto<\/li>\n\n\n\n<li>1 x Difusor opalino fosco<\/li>\n\n\n\n<li>2 Tampas de extremidade <\/li>\n\n\n\n<li>2 Clipes de montagem <\/li>\n<\/ul>\n<\/div><\/div>\n\n\n\n<div class=\"wp-block-group has-background\" style=\"background-color:#f2f2f2f2;padding-top:var(--wp--preset--spacing--80);padding-bottom:var(--wp--preset--spacing--80)\"><div class=\"wp-block-group__inner-container is-layout-constrained wp-block-group-is-layout-constrained\">\n<h2 class=\"wp-block-heading\" style=\"font-size:25px;font-style:normal;font-weight:600\">Perfis LED Relacionados Que Voc\u00ea Pode Gostar<\/h2>\n\n\n\n<ul class=\"wp-block-list\">\n<li>Veja o <a href=\"https:\/\/tangooled.com\/pt\/product\/black-led-profile-with-black-diffuser-for-10mm-led-strip-light\/\"><mark style=\"background-color:rgba(0, 0, 0, 0)\" class=\"has-inline-color has-vivid-red-color\">Perfil LED Preto com Difusor Preto para Luz de Fita LED de 10mm <\/mark><\/a>para mais op\u00e7\u00f5es de estilo.<\/li>\n\n\n\n<li>Precisa de uma op\u00e7\u00e3o mais ampla? Veja o<a href=\"https:\/\/tangooled.com\/pt\/product\/black-led-diffuser-aluminum-channel-for-12mm-tape-lights\/\"><mark style=\"background-color:rgba(0, 0, 0, 0)\" class=\"has-inline-color has-vivid-red-color\"> Canal de Alum\u00ednio Difusor LED Preto para Fitas de 12mm<\/mark><\/a>.<\/li>\n\n\n\n<li>Explorar <a href=\"https:\/\/tangooled.com\/pt\/product\/led-strip-light-channel-aluminum-profile-with-diffused-cover-6mm-height\/\"><mark style=\"background-color:rgba(0, 0, 0, 0)\" class=\"has-inline-color has-vivid-red-color\">Perfil de Alum\u00ednio para Faixas de Luz LED com Tampa Difusora 6mm de Altura<\/mark><\/a> para Instala\u00e7\u00f5es Vers\u00e1teis.<\/li>\n\n\n\n<li>Para designs ultra finos, explore o <a href=\"https:\/\/tangooled.com\/pt\/product\/surface-mount-led-profile-with-frosted-diffuser-for-10mm-rope-lights\/\"><mark style=\"background-color:rgba(0, 0, 0, 0)\" class=\"has-inline-color has-vivid-red-color\">Perfil LED de Montagem Superficial com Difusor Fosco para Luzes de Cord\u00e3o de 10mm<\/mark><\/a> para manter sua ilumina\u00e7\u00e3o alinhada e refinada.<\/li>\n<\/ul>\n<\/div><\/div>\n\n\n\n<div class=\"wp-block-group\" style=\"padding-top:var(--wp--preset--spacing--80);padding-bottom:var(--wp--preset--spacing--80)\"><div class=\"wp-block-group__inner-container is-layout-constrained wp-block-group-is-layout-constrained\">\n<h2 class=\"wp-block-heading\" style=\"padding-top:var(--wp--preset--spacing--40);padding-bottom:var(--wp--preset--spacing--40);font-size:25px;font-style:normal;font-weight:600;text-transform:capitalize\">Resumo<\/h2>\n\n\n\n<p>Our black aluminum U channel is the best way to\u00a0display\u00a0your 10mm LED profile strips in a clean, safe style. It has a smooth black finish, makes your lights last longer, and covers surface-mount LED strips so they glow evenly. Get the black aluminum U channel profile for 10mm LED strips today and let your project glow with smooth, bright light!<\/p>\n<\/div><\/div>\n\n\n\n<p><\/p>","protected":false},"featured_media":40747,"template":"","meta":{"_acf_changed":true,"_seopress_robots_primary_cat":"none","_seopress_titles_title":"Black Aluminum U Channel for 10mm LED Strips | TANGOOLED","_seopress_titles_desc":"Source the IFP03 black aluminum U channel profile. Perfect for 10mm LED strips, offering a sleek housing and excellent heat dissipation for modern lighting projects.","_seopress_robots_index":""},"pcb-width":[228],"product-cat":[192],"class_list":{"0":"post-44685","1":"product","2":"type-product","3":"status-publish","4":"has-post-thumbnail","6":"pcb-width-6-12mm","7":"product-cat-surface-led-profile"},"acf":[],"_links":{"self":[{"href":"https:\/\/tangooled.com\/pt\/wp-json\/wp\/v2\/product\/44685","targetHints":{"allow":["GET"]}}],"collection":[{"href":"https:\/\/tangooled.com\/pt\/wp-json\/wp\/v2\/product"}],"about":[{"href":"https:\/\/tangooled.com\/pt\/wp-json\/wp\/v2\/types\/product"}],"wp:featuredmedia":[{"embeddable":true,"href":"https:\/\/tangooled.com\/pt\/wp-json\/wp\/v2\/media\/40747"}],"wp:attachment":[{"href":"https:\/\/tangooled.com\/pt\/wp-json\/wp\/v2\/media?parent=44685"}],"wp:term":[{"taxonomy":"pcb-width","embeddable":true,"href":"https:\/\/tangooled.com\/pt\/wp-json\/wp\/v2\/pcb-width?post=44685"},{"taxonomy":"product-cat","embeddable":true,"href":"https:\/\/tangooled.com\/pt\/wp-json\/wp\/v2\/product-cat?post=44685"}],"curies":[{"name":"wp","href":"https:\/\/api.w.org\/{rel}","templated":true}]}}