{"id":44683,"date":"2026-01-03T01:46:21","date_gmt":"2026-01-03T09:46:21","guid":{"rendered":"https:\/\/tangooled.com\/?post_type=product&#038;p=44683"},"modified":"2026-01-31T07:33:26","modified_gmt":"2026-01-31T15:33:26","slug":"surface-mount-led-profile-with-frosted-diffuser-for-10mm-rope-lights","status":"publish","type":"product","link":"https:\/\/tangooled.com\/pt\/product\/surface-mount-led-profile-with-frosted-diffuser-for-10mm-rope-lights\/","title":{"rendered":"perfil LED de montagem em superf\u00edcie com difusor fosco para luzes de corda de 10mm"},"content":{"rendered":"<div class=\"wp-block-group\" style=\"padding-top:var(--wp--preset--spacing--80);padding-bottom:var(--wp--preset--spacing--80)\"><div class=\"wp-block-group__inner-container is-layout-constrained wp-block-group-is-layout-constrained\">\n<p>O nosso perfil LED de montagem em superf\u00edcie FP04 com difusor fosco far\u00e1 suas luzes LED brilhar de forma intensa e suave. Este canal de alum\u00ednio com difusor fosco \u00e9 projetado especificamente para luzes de corda de 10mm e fitas LED, garantindo um encaixe perfeito para ilumina\u00e7\u00e3o linear. A capa do difusor fosco no canal de alum\u00ednio protege a fita LED, permitindo que o calor flua mais facilmente, e proporciona uma luz suave, uniforme e sem pontos. A instala\u00e7\u00e3o \u00e9 simples e f\u00e1cil. Voc\u00ea pode usar clipes ou fita adesiva para fix\u00e1-lo em uma superf\u00edcie. O perfil \u00e9 \u00f3timo para iluminar tetos, paredes ou sob arm\u00e1rios.<\/p>\n<\/div><\/div>\n\n\n\n<div class=\"wp-block-group has-background\" style=\"background-color:#f2f2f2f2;padding-top:var(--wp--preset--spacing--80);padding-bottom:var(--wp--preset--spacing--80)\"><div class=\"wp-block-group__inner-container is-layout-constrained wp-block-group-is-layout-constrained\">\n<div class=\"wp-block-group is-vertical is-layout-flex wp-container-core-group-is-layout-8cf370e7 wp-block-group-is-layout-flex\">\n<h2 class=\"wp-block-heading\" style=\"padding-top:var(--wp--preset--spacing--40);padding-bottom:var(--wp--preset--spacing--40);font-size:25px;font-style:normal;font-weight:600;text-transform:capitalize\">Por que escolher o nosso perfil LED com difusor fosco?<\/h2>\n\n\n\n<ul class=\"wp-block-list\">\n<li>Luz suave e uniforme: O difusor opalino (fosco) faz com que os pontos LED pare\u00e7am uma \u00fanica linha brilhante.<\/li>\n\n\n\n<li>Carca\u00e7a de alum\u00ednio resistente: O corpo de alum\u00ednio anodizado \u00e9 de alta qualidade e funciona como um dissipador de calor. Mant\u00e9m suas fitas LED frias e aumenta sua durabilidade.<\/li>\n\n\n\n<li>Encaixe Perfeito: Estes s\u00e3o feitos para fitas LED e luzes de corda que t\u00eam 10mm de largura, como as populares SMD 5050, 2835, 3528 e COB.<\/li>\n\n\n\n<li>F\u00e1cil de Montar: Vem com clipes, parafusos e tampas de extremidade para que voc\u00ea possa instal\u00e1-lo em superf\u00edcies planas, como paredes ou por tr\u00e1s de arm\u00e1rios.<\/li>\n\n\n\n<li>Cores Diferentes: Voc\u00ea pode escolher entre acabamentos em prata, preto ou branco para complementar o estilo da sua casa ou projeto.<\/li>\n<\/ul>\n<\/div>\n<\/div><\/div>\n\n\n\n<div class=\"wp-block-group\" style=\"padding-top:var(--wp--preset--spacing--80);padding-bottom:var(--wp--preset--spacing--80)\"><div class=\"wp-block-group__inner-container is-layout-constrained wp-block-group-is-layout-constrained\">\n<div class=\"wp-block-media-text has-media-on-the-right is-stacked-on-mobile\" style=\"padding-top:0;padding-bottom:0;grid-template-columns:auto 40%\"><div class=\"wp-block-media-text__content\">\n<h2 class=\"wp-block-heading\" style=\"font-size:25px;font-style:normal;font-weight:600;text-transform:capitalize\">Guia de Instala\u00e7\u00e3o F\u00e1cil<\/h2>\n\n\n\n<ul class=\"wp-block-list\">\n<li>Corte e me\u00e7a o perfil para o comprimento desejado.<\/li>\n\n\n\n<li>Coloque os clipes de montagem seguros no seu teto, parede ou arm\u00e1rio.<\/li>\n\n\n\n<li>Coloque o perfil de alum\u00ednio nos clipes.<\/li>\n\n\n\n<li>Coloque sua fita LED ou luz de corda de 10mm no canal.<\/li>\n\n\n\n<li>Para disseminar a luz de forma uniforme, coloque a capa do difusor fosco por cima.<\/li>\n\n\n\n<li>Coloque as tampas de extremidade para finalizar uma instala\u00e7\u00e3o impec\u00e1vel.<\/li>\n<\/ul>\n<\/div><figure class=\"wp-block-media-text__media\"><img loading=\"lazy\" decoding=\"async\" width=\"500\" height=\"500\" src=\"https:\/\/tangooled.com\/wp-content\/uploads\/2026\/01\/fp04-ins.webp\" alt=\"perfil LED de montagem em superf\u00edcie com difusor fosco para luzes de corda de 10mm\" class=\"wp-image-44684 size-full\" srcset=\"https:\/\/tangooled.com\/wp-content\/uploads\/2026\/01\/fp04-ins.webp 500w, https:\/\/tangooled.com\/wp-content\/uploads\/2026\/01\/fp04-ins-300x300.webp 300w, https:\/\/tangooled.com\/wp-content\/uploads\/2026\/01\/fp04-ins-150x150.webp 150w\" sizes=\"auto, (max-width: 500px) 100vw, 500px\" \/><\/figure><\/div>\n<\/div><\/div>\n\n\n\n<div class=\"wp-block-group has-background\" style=\"background-color:#f2f2f2;padding-top:var(--wp--preset--spacing--80);padding-bottom:var(--wp--preset--spacing--80)\"><div class=\"wp-block-group__inner-container is-layout-constrained wp-block-group-is-layout-constrained\">\n<h2 class=\"wp-block-heading\" style=\"padding-top:var(--wp--preset--spacing--40);padding-bottom:var(--wp--preset--spacing--40);font-size:25px;font-style:normal;font-weight:600;text-transform:capitalize\">O que est\u00e1 inclu\u00eddo?<\/h2>\n\n\n\n<ul class=\"wp-block-list\">\n<li>Canal de perfil LED de alum\u00ednio<\/li>\n\n\n\n<li>Difusor fosco Snap-on&nbsp;<\/li>\n\n\n\n<li>Clipes e parafusos de montagem&nbsp;<\/li>\n\n\n\n<li>Tampas de extremidade (uma com um buraco para um fio e uma s\u00f3lida)<\/li>\n<\/ul>\n<\/div><\/div>\n\n\n\n<div class=\"wp-block-group\" style=\"padding-top:var(--wp--preset--spacing--80);padding-bottom:var(--wp--preset--spacing--80)\"><div class=\"wp-block-group__inner-container is-layout-constrained wp-block-group-is-layout-constrained\">\n<h2 class=\"wp-block-heading\" style=\"padding-top:var(--wp--preset--spacing--40);padding-bottom:var(--wp--preset--spacing--40);font-size:25px;font-style:normal;font-weight:600;text-transform:capitalize\">Onde usar este perfil LED de montagem em superf\u00edcie?<\/h2>\n\n\n\n<ul class=\"wp-block-list\">\n<li>A ilumina\u00e7\u00e3o sob arm\u00e1rios \u00e9 \u00f3tima para prateleiras e balc\u00f5es de cozinha.<\/li>\n\n\n\n<li>A ilumina\u00e7\u00e3o de guarda-roupa e closet ilumina \u00e1reas de armazenamento escuras.&nbsp;<\/li>\n\n\n\n<li>A ilumina\u00e7\u00e3o de cove e de destaque no teto adiciona luz suave e indireta aos ambientes.&nbsp;<\/li>\n\n\n\n<li>Exibi\u00e7\u00f5es de varejo utilizam luz uniforme para destacar produtos.&nbsp;<\/li>\n\n\n\n<li>Ilumina\u00e7\u00e3o de prateleira e escada acrescenta estilo e seguran\u00e7a com um brilho linear.<\/li>\n<\/ul>\n<\/div><\/div>\n\n\n\n<div class=\"wp-block-group has-background\" style=\"background-color:#f2f2f2f2;padding-top:var(--wp--preset--spacing--80);padding-bottom:var(--wp--preset--spacing--80)\"><div class=\"wp-block-group__inner-container is-layout-constrained wp-block-group-is-layout-constrained\">\n<h2 class=\"wp-block-heading\" style=\"font-size:25px;font-style:normal;font-weight:600\">Links internos relacionados<\/h2>\n\n\n\n<ul class=\"wp-block-list\">\n<li>Veja o <a href=\"https:\/\/tangooled.com\/pt\/product\/black-led-profile-with-black-diffuser-for-10mm-led-strip-light\/\"><mark style=\"background-color:rgba(0, 0, 0, 0)\" class=\"has-inline-color has-vivid-red-color\">perfil LED preto com difusor preto para fita de LED de 10mm<\/mark><\/a> \u2014 great if you want a dark finish.<\/li>\n\n\n\n<li>Para perfis mais finos, veja o <a href=\"https:\/\/tangooled.com\/pt\/product\/led-strip-light-channel-aluminum-profile-with-diffused-cover-6mm-height\/\"><mark style=\"background-color:rgba(0, 0, 0, 0)\" class=\"has-inline-color has-vivid-red-color\">Canal de luz LED de alum\u00ednio com cobertura difusa, altura de 6 mm<\/mark><\/a>.<\/li>\n\n\n\n<li>Para ilumina\u00e7\u00e3o de arm\u00e1rios, experimente o <a href=\"https:\/\/tangooled.com\/pt\/product\/cabinet-led-strip-channel-with-diffuser-for-double-led-strips\/\"><mark style=\"background-color:rgba(0, 0, 0, 0)\" class=\"has-inline-color has-vivid-red-color\">canal LED para arm\u00e1rio com difusor para fitas LED duplas<\/mark><\/a>.<\/li>\n\n\n\n<li>Descubra mais perfis como o <a href=\"https:\/\/tangooled.com\/pt\/product\/25x6mm-low-profile-led-strip-channel-for-10mm-led-strip-light\/\"><mark style=\"background-color:rgba(0, 0, 0, 0)\" class=\"has-inline-color has-vivid-red-color\">canal para fita LED de perfil baixo 25x6mm para luz de fita LED de 10mm.<\/mark><\/a><\/li>\n<\/ul>\n<\/div><\/div>\n\n\n\n<div class=\"wp-block-group\" style=\"padding-top:var(--wp--preset--spacing--80);padding-bottom:var(--wp--preset--spacing--80)\"><div class=\"wp-block-group__inner-container is-layout-constrained wp-block-group-is-layout-constrained\">\n<h2 class=\"wp-block-heading\" style=\"padding-top:var(--wp--preset--spacing--40);padding-bottom:var(--wp--preset--spacing--40);font-size:25px;font-style:normal;font-weight:600;text-transform:capitalize\">resumo<\/h2>\n\n\n\n<p>Our surface mount LED profile with frosted diffuser for 10mm rope lights is a great way to make your LED strip lighting look better and last longer. It spreads light evenly, reduces heat, and is easy to install, so it&#8217;s great for both residential and business projects.<\/p>\n<\/div><\/div>\n\n\n\n<p><\/p>","protected":false},"featured_media":13301,"template":"","meta":{"_acf_changed":true,"_seopress_robots_primary_cat":"none","_seopress_titles_title":"LED Profile with Frosted Diffuser | Surface Mount | TANGOOLED","_seopress_titles_desc":"Source the FP04 surface mount LED profile with frosted diffuser. Designed for 10mm rope lights to provide smooth, dot-free illumination for modern interiors.","_seopress_robots_index":""},"pcb-width":[228],"product-cat":[192],"class_list":{"0":"post-44683","1":"product","2":"type-product","3":"status-publish","4":"has-post-thumbnail","6":"pcb-width-6-12mm","7":"product-cat-surface-led-profile"},"acf":[],"_links":{"self":[{"href":"https:\/\/tangooled.com\/pt\/wp-json\/wp\/v2\/product\/44683","targetHints":{"allow":["GET"]}}],"collection":[{"href":"https:\/\/tangooled.com\/pt\/wp-json\/wp\/v2\/product"}],"about":[{"href":"https:\/\/tangooled.com\/pt\/wp-json\/wp\/v2\/types\/product"}],"wp:featuredmedia":[{"embeddable":true,"href":"https:\/\/tangooled.com\/pt\/wp-json\/wp\/v2\/media\/13301"}],"wp:attachment":[{"href":"https:\/\/tangooled.com\/pt\/wp-json\/wp\/v2\/media?parent=44683"}],"wp:term":[{"taxonomy":"pcb-width","embeddable":true,"href":"https:\/\/tangooled.com\/pt\/wp-json\/wp\/v2\/pcb-width?post=44683"},{"taxonomy":"product-cat","embeddable":true,"href":"https:\/\/tangooled.com\/pt\/wp-json\/wp\/v2\/product-cat?post=44683"}],"curies":[{"name":"wp","href":"https:\/\/api.w.org\/{rel}","templated":true}]}}