{"id":44679,"date":"2026-01-03T01:39:43","date_gmt":"2026-01-03T09:39:43","guid":{"rendered":"https:\/\/tangooled.com\/?post_type=product&#038;p=44679"},"modified":"2026-01-29T17:30:56","modified_gmt":"2026-01-30T01:30:56","slug":"led-strip-light-channel-aluminum-profile-with-diffused-cover-6mm-height","status":"publish","type":"product","link":"https:\/\/tangooled.com\/pt\/product\/led-strip-light-channel-aluminum-profile-with-diffused-cover-6mm-height\/","title":{"rendered":"Canal de luz LED de alum\u00ednio com cobertura difusa, altura de 6 mm"},"content":{"rendered":"<div class=\"wp-block-group\" style=\"padding-top:var(--wp--preset--spacing--80);padding-bottom:var(--wp--preset--spacing--80)\"><div class=\"wp-block-group__inner-container is-layout-constrained wp-block-group-is-layout-constrained\">\n<p>O nosso canal ultra-raro para fita LED FP03 com capa difusa ir\u00e1 melhorar sua ilumina\u00e7\u00e3o. Este perfil de alum\u00ednio fino \u00e9 apropriado para fitas LED com at\u00e9 10mm de largura. Tem apenas 6.0mm de altura e 15.2mm de largura do lado externo, e possui um canal interno de 11.2mm que permite que ele fique baixo. O canal de alum\u00ednio resistente e a capa difusa protegem a fita, ajudam a resfri\u00e1-la mais rapidamente e garantem que a sa\u00edda seja suave, uniforme e livre de pontos. Voc\u00ea pode instalar facilmente este canal, aparafusando ou colando-o a qualquer superf\u00edcie plana. Isso torna a instala\u00e7\u00e3o muito flex\u00edvel. Este canal \u00e9 uma \u00f3tima escolha para casas, empresas ou varejistas que desejam uma ilumina\u00e7\u00e3o linear que pare\u00e7a limpa, moderna e de alta qualidade.<\/p>\n<\/div><\/div>\n\n\n\n<div class=\"wp-block-group has-background\" style=\"background-color:#f2f2f2f2;padding-top:var(--wp--preset--spacing--80);padding-bottom:var(--wp--preset--spacing--80)\"><div class=\"wp-block-group__inner-container is-layout-constrained wp-block-group-is-layout-constrained\">\n<div class=\"wp-block-group is-vertical is-layout-flex wp-container-core-group-is-layout-8cf370e7 wp-block-group-is-layout-flex\">\n<h2 class=\"wp-block-heading\" style=\"padding-top:var(--wp--preset--spacing--40);padding-bottom:var(--wp--preset--spacing--40);font-size:25px;font-style:normal;font-weight:600;text-transform:capitalize\">Por que escolher nosso canal de fita LED com capa difusa?<\/h2>\n\n\n\n<ul class=\"wp-block-list\">\n<li>Slim Design: Only 6mm tall, so it&#8217;s great for places where you want tidy, clean lighting.<\/li>\n\n\n\n<li>O dissipador de calor \u00e9 feito de alum\u00ednio 6063. Mant\u00e9m suas fitas LED frescas para que durem mais.<\/li>\n\n\n\n<li>Luz Suave: A capa de policarbonato fosco torna a luz mais suave, evitando pontos brilhantes, apenas um brilho agrad\u00e1vel.<\/li>\n\n\n\n<li>Protege seus LEDs: Evita que sujeira e poeira atinjam suas fitas LED.<\/li>\n\n\n\n<li>F\u00e1cil de usar: Vem com grampos e tampas de extremidade que facilitam a instala\u00e7\u00e3o.<\/li>\n\n\n\n<li>Compat\u00edvel com a maioria das fitas: Feito para fitas LED de 10 a 12 mm de largura.<\/li>\n<\/ul>\n<\/div>\n<\/div><\/div>\n\n\n\n<div class=\"wp-block-group\" style=\"padding-top:var(--wp--preset--spacing--80);padding-bottom:var(--wp--preset--spacing--80)\"><div class=\"wp-block-group__inner-container is-layout-constrained wp-block-group-is-layout-constrained\">\n<div class=\"wp-block-media-text has-media-on-the-right is-stacked-on-mobile\" style=\"padding-top:0;padding-bottom:0;grid-template-columns:auto 40%\"><div class=\"wp-block-media-text__content\">\n<h2 class=\"wp-block-heading\" style=\"font-size:25px;font-style:normal;font-weight:600;text-transform:capitalize\">Como instalar seu canal de fita LED com capa difusa<\/h2>\n\n\n\n<ul class=\"wp-block-list\">\n<li>Verifique a largura da sua fita LED para garantir que se encaixe no canal (n\u00e3o mais do que 10mm).<\/li>\n\n\n\n<li>Use grampos de montagem para fixar o perfil de alum\u00ednio \u00e0s superf\u00edcies.<\/li>\n\n\n\n<li>Coloque a fita LED dentro do canal. A parte adesiva a mant\u00e9m no lugar.<\/li>\n\n\n\n<li>Para finalizar, encaixe ou deslizem a capa difusora fosca.<\/li>\n\n\n\n<li>Use tampas de extremidade para fechar as extremidades.<\/li>\n<\/ul>\n<\/div><figure class=\"wp-block-media-text__media\"><img loading=\"lazy\" decoding=\"async\" width=\"500\" height=\"500\" src=\"https:\/\/tangooled.com\/wp-content\/uploads\/2026\/01\/fp03-ins.webp\" alt=\"canal de alum\u00ednio com difusor LED preto para luzes de fita de 12mm\" class=\"wp-image-44680 size-full\" srcset=\"https:\/\/tangooled.com\/wp-content\/uploads\/2026\/01\/fp03-ins.webp 500w, https:\/\/tangooled.com\/wp-content\/uploads\/2026\/01\/fp03-ins-300x300.webp 300w, https:\/\/tangooled.com\/wp-content\/uploads\/2026\/01\/fp03-ins-150x150.webp 150w\" sizes=\"auto, (max-width: 500px) 100vw, 500px\" \/><\/figure><\/div>\n<\/div><\/div>\n\n\n\n<div class=\"wp-block-group has-background\" style=\"background-color:#f2f2f2;padding-top:var(--wp--preset--spacing--80);padding-bottom:var(--wp--preset--spacing--80)\"><div class=\"wp-block-group__inner-container is-layout-constrained wp-block-group-is-layout-constrained\">\n<h2 class=\"wp-block-heading\" style=\"padding-top:var(--wp--preset--spacing--40);padding-bottom:var(--wp--preset--spacing--40);font-size:25px;font-style:normal;font-weight:600;text-transform:capitalize\">Onde usar este canal de fita LED com capa difusa<\/h2>\n\n\n\n<ul class=\"wp-block-list\">\n<li>Ilumina\u00e7\u00e3o para a cozinha e sob os arm\u00e1rios: Use luz clara e suave que se encaixe em pequenos espa\u00e7os para iluminar seus balc\u00f5es.<\/li>\n\n\n\n<li>Expositores e prateleiras: \u00d3timo para prateleiras de vidro ou madeira, esta luz destaca os produtos com uma ilumina\u00e7\u00e3o brilhante e est\u00e1vel e um estilo elegante.<\/li>\n\n\n\n<li>Ilumina\u00e7\u00e3o para m\u00f3veis: Voc\u00ea pode instalar a ilumina\u00e7\u00e3o dentro de estantes, mesas ou arm\u00e1rios para deix\u00e1-los bonitos e funcionais.<\/li>\n\n\n\n<li>Ilumina\u00e7\u00e3o em cove e destaque: Adicione linhas de luz suaves e discretas nas paredes ou no teto para manter seu espa\u00e7o com um visual moderno.<\/li>\n<\/ul>\n<\/div><\/div>\n\n\n\n<div class=\"wp-block-group\" style=\"padding-top:var(--wp--preset--spacing--80);padding-bottom:var(--wp--preset--spacing--80)\"><div class=\"wp-block-group__inner-container is-layout-constrained wp-block-group-is-layout-constrained\">\n<h2 class=\"wp-block-heading\" style=\"padding-top:var(--wp--preset--spacing--40);padding-bottom:var(--wp--preset--spacing--40);font-size:25px;font-style:normal;font-weight:600;text-transform:capitalize\">What\u2019s Inside the Box?<\/h2>\n\n\n\n<ul class=\"wp-block-list\">\n<li>1x canal de alum\u00ednio para fita LED (voc\u00ea pode escolher o comprimento)&nbsp;<\/li>\n\n\n\n<li>1x capa difusa fosca&nbsp;<\/li>\n\n\n\n<li>2x grampos de montagem para cada metro<\/li>\n\n\n\n<li>2x tampas de extremidade (uma com um buraco para fios e uma s\u00f3lida) <\/li>\n<\/ul>\n<\/div><\/div>\n\n\n\n<div class=\"wp-block-group has-background\" style=\"background-color:#f2f2f2f2;padding-top:var(--wp--preset--spacing--40);padding-bottom:var(--wp--preset--spacing--40)\"><div class=\"wp-block-group__inner-container is-layout-constrained wp-block-group-is-layout-constrained\">\n<p style=\"padding-right:var(--wp--preset--spacing--50);padding-left:var(--wp--preset--spacing--50)\">Este canal de fita LED com uma capa difusa \u00e9 uma \u00f3tima escolha para suas aplica\u00e7\u00f5es de fita LED slim. Mant\u00e9m as coisas seguras, resfria e proporciona luz suave e brilhante. Este produto \u00e9 f\u00e1cil de instalar e oferece ilumina\u00e7\u00e3o de qualidade profissional para arm\u00e1rios, prateleiras ou m\u00f3veis.<\/p>\n<\/div><\/div>\n\n\n\n<p><\/p>","protected":false},"featured_media":13249,"template":"","meta":{"_acf_changed":true,"_seopress_robots_primary_cat":"none","_seopress_titles_title":"LED Strip Channel with Diffused Cover | 6mm Ultra-Slim | TANGOOLED","_seopress_titles_desc":"Source the FP03 LED strip channel with diffused cover. Features a 6mm ultra-slim aluminum profile for discrete surface mounting in furniture and cabinets.","_seopress_robots_index":""},"pcb-width":[228],"product-cat":[192],"class_list":{"0":"post-44679","1":"product","2":"type-product","3":"status-publish","4":"has-post-thumbnail","6":"pcb-width-6-12mm","7":"product-cat-surface-led-profile"},"acf":[],"_links":{"self":[{"href":"https:\/\/tangooled.com\/pt\/wp-json\/wp\/v2\/product\/44679","targetHints":{"allow":["GET"]}}],"collection":[{"href":"https:\/\/tangooled.com\/pt\/wp-json\/wp\/v2\/product"}],"about":[{"href":"https:\/\/tangooled.com\/pt\/wp-json\/wp\/v2\/types\/product"}],"wp:featuredmedia":[{"embeddable":true,"href":"https:\/\/tangooled.com\/pt\/wp-json\/wp\/v2\/media\/13249"}],"wp:attachment":[{"href":"https:\/\/tangooled.com\/pt\/wp-json\/wp\/v2\/media?parent=44679"}],"wp:term":[{"taxonomy":"pcb-width","embeddable":true,"href":"https:\/\/tangooled.com\/pt\/wp-json\/wp\/v2\/pcb-width?post=44679"},{"taxonomy":"product-cat","embeddable":true,"href":"https:\/\/tangooled.com\/pt\/wp-json\/wp\/v2\/product-cat?post=44679"}],"curies":[{"name":"wp","href":"https:\/\/api.w.org\/{rel}","templated":true}]}}