{"id":44676,"date":"2026-01-03T01:31:00","date_gmt":"2026-01-03T09:31:00","guid":{"rendered":"https:\/\/tangooled.com\/?post_type=product&#038;p=44676"},"modified":"2026-01-29T23:29:11","modified_gmt":"2026-01-30T07:29:11","slug":"black-led-diffuser-aluminum-channel-for-12mm-tape-lights","status":"publish","type":"product","link":"https:\/\/tangooled.com\/pt\/product\/black-led-diffuser-aluminum-channel-for-12mm-tape-lights\/","title":{"rendered":"canal de alum\u00ednio com difusor LED preto para luzes de fita de 12mm"},"content":{"rendered":"<div class=\"wp-block-group\" style=\"padding-top:var(--wp--preset--spacing--80);padding-bottom:var(--wp--preset--spacing--80)\"><div class=\"wp-block-group__inner-container is-layout-constrained wp-block-group-is-layout-constrained\">\n<p>Nosso canal difusor de LED preto para tiras de 12mm \u00e9 uma \u00f3tima escolha para ilumina\u00e7\u00e3o linear moderna. A parte externa deste forte perfil de alum\u00ednio possui 17,2mm de largura e 15,3mm de altura, enquanto a interna \u00e9 de 12,2mm, que se encaixa na maioria das fitas LED de 12mm. Ele protege suas tiras de LED e \u00e9 importante para o resfriamento, o que faz com que durem mais. Este canal \u00e9 f\u00e1cil de fixar em qualquer superf\u00edcie plana com fita adesiva ou clips de montagem. A capa difusora preta fum\u00ea torna a sa\u00edda de luz suave, macia e uniforme. Este canal de LED preto ajudar\u00e1 voc\u00ea a configurar luzes inteligentes que aparentam ser elegantes, limpas e sofisticadas.<\/p>\n<\/div><\/div>\n\n\n\n<div class=\"wp-block-group has-background\" style=\"background-color:#f2f2f2f2;padding-top:var(--wp--preset--spacing--80);padding-bottom:var(--wp--preset--spacing--80)\"><div class=\"wp-block-group__inner-container is-layout-constrained wp-block-group-is-layout-constrained\">\n<div class=\"wp-block-group is-vertical is-layout-flex wp-container-core-group-is-layout-8cf370e7 wp-block-group-is-layout-flex\">\n<h2 class=\"wp-block-heading\" style=\"padding-top:var(--wp--preset--spacing--40);padding-bottom:var(--wp--preset--spacing--40);font-size:25px;font-style:normal;font-weight:600;text-transform:capitalize\">Por que escolher nosso canal difusor de LED preto para luzes de fita de 12mm?<\/h2>\n\n\n\n<ul class=\"wp-block-list\">\n<li>Encaixa perfeitamente nas luzes de fita LED de 12mm<\/li>\n\n\n\n<li>O alum\u00ednio forte mant\u00e9m as luzes seguras e refrigeradas<\/li>\n\n\n\n<li>O acabamento preto \u00e9 estiloso e se adapta a muitos ambientes<\/li>\n\n\n\n<li>A capa difusora torna a luz suave e uniforme<\/li>\n\n\n\n<li>Pode ser montado na superf\u00edcie ou embutido para setups organizados<\/li>\n<\/ul>\n<\/div>\n\n\n\n<p style=\"padding-top:var(--wp--preset--spacing--40);padding-right:var(--wp--preset--spacing--50);padding-bottom:var(--wp--preset--spacing--40);padding-left:var(--wp--preset--spacing--50)\">Este canal difusor de alum\u00ednio LED preto faz sua luz brilhar suavemente. O perfil da fita LED de 12mm se encaixa perfeitamente dentro. O acabamento preto oculta o canal e mant\u00e9m seu espa\u00e7o estiloso. Monte-o na parede ou esconda-o na parede de dry wall para um visual organizado. \u00c9 um canal de montagem na superf\u00edcie, ent\u00e3o pode ser facilmente adicionado em qualquer lugar.<\/p>\n<\/div><\/div>\n\n\n\n<div class=\"wp-block-group\" style=\"padding-top:var(--wp--preset--spacing--80);padding-bottom:var(--wp--preset--spacing--80)\"><div class=\"wp-block-group__inner-container is-layout-constrained wp-block-group-is-layout-constrained\">\n<div class=\"wp-block-media-text has-media-on-the-right is-stacked-on-mobile\" style=\"padding-top:0;padding-bottom:0;grid-template-columns:auto 40%\"><div class=\"wp-block-media-text__content\">\n<h2 class=\"wp-block-heading\" style=\"font-size:25px;font-style:normal;font-weight:600;text-transform:capitalize\">Como instalar seu canal difusor de alum\u00ednio LED preto<\/h2>\n\n\n\n<ul class=\"wp-block-list\">\n<li>Escolha o lugar onde voc\u00ea quer uma luz organizada.<\/li>\n\n\n\n<li>Use os clips para fixar o canal de alum\u00ednio diretamente em sua superf\u00edcie.<\/li>\n\n\n\n<li>Coloque sua fita de LED de 12mm no canal.<\/li>\n\n\n\n<li>Coloque a capa difusora preta. A luz brilhar\u00e1 suavemente e de forma uniforme.<\/li>\n\n\n\n<li>Para um acabamento impec\u00e1vel, adicione as capas finais.<\/li>\n<\/ul>\n<\/div><figure class=\"wp-block-media-text__media\"><img loading=\"lazy\" decoding=\"async\" width=\"500\" height=\"500\" src=\"https:\/\/tangooled.com\/wp-content\/uploads\/2026\/01\/fp02-ins.webp\" alt=\"canal de alum\u00ednio com difusor LED preto para luzes de fita de 12mm\" class=\"wp-image-44677 size-full\" srcset=\"https:\/\/tangooled.com\/wp-content\/uploads\/2026\/01\/fp02-ins.webp 500w, https:\/\/tangooled.com\/wp-content\/uploads\/2026\/01\/fp02-ins-300x300.webp 300w, https:\/\/tangooled.com\/wp-content\/uploads\/2026\/01\/fp02-ins-150x150.webp 150w\" sizes=\"auto, (max-width: 500px) 100vw, 500px\" \/><\/figure><\/div>\n<\/div><\/div>\n\n\n\n<div class=\"wp-block-group has-background\" style=\"background-color:#f2f2f2;padding-top:var(--wp--preset--spacing--80);padding-bottom:var(--wp--preset--spacing--80)\"><div class=\"wp-block-group__inner-container is-layout-constrained wp-block-group-is-layout-constrained\">\n<h2 class=\"wp-block-heading\" style=\"padding-top:var(--wp--preset--spacing--40);padding-bottom:var(--wp--preset--spacing--40);font-size:25px;font-style:normal;font-weight:600;text-transform:capitalize\">Para que voc\u00ea pode usar isso?<\/h2>\n\n\n\n<p>Voc\u00ea pode usar este canal difusor de alum\u00ednio LED preto em muitos lugares:<\/p>\n\n\n\n<ul class=\"wp-block-list\">\n<li>luz de trabalho brilhante sob arm\u00e1rios de cozinha&nbsp;<\/li>\n\n\n\n<li>Ilumina\u00e7\u00e3o de backsplash para fazer suas paredes brilharem&nbsp;<\/li>\n\n\n\n<li>Acess\u00f3rios suaves e brilhantes em prateleiras e m\u00f3veis<\/li>\n\n\n\n<li>Ilumina\u00e7\u00e3o de cove para uma luz suave no teto<\/li>\n\n\n\n<li>Guarda-roupas e closets para iluminar cantos escuros<\/li>\n<\/ul>\n<\/div><\/div>\n\n\n\n<div class=\"wp-block-group\" style=\"padding-top:var(--wp--preset--spacing--80);padding-bottom:var(--wp--preset--spacing--80)\"><div class=\"wp-block-group__inner-container is-layout-constrained wp-block-group-is-layout-constrained\">\n<h2 class=\"wp-block-heading\" style=\"padding-top:var(--wp--preset--spacing--40);padding-bottom:var(--wp--preset--spacing--40);font-size:25px;font-style:normal;font-weight:600;text-transform:capitalize\">resumo<\/h2>\n\n\n\n<p>If you want tidy and safe LED lighting, our black LED diffuser aluminum channel for 12mm tape light profile is the ideal choice. It keeps your lights safe, puts forth soft, steady light, and looks excellent in any room. You can use it as a surface mount channel or put it into walls or furniture for a stylish look. It&#8217;s great for cove lighting, accent lighting, under-cabinet lighting, and more. Also explore these for more ideas: <a href=\"https:\/\/tangooled.com\/pt\/product\/black-led-profile-with-black-diffuser-for-10mm-led-strip-light\/\"><mark style=\"background-color:rgba(0, 0, 0, 0)\" class=\"has-inline-color has-vivid-red-color\">Perfil LED Preto com Difusor Preto para Luz de Fita LED de 10mm<\/mark><\/a>, <a href=\"https:\/\/tangooled.com\/pt\/product\/surface-mount-led-profile-with-frosted-diffuser-for-10mm-rope-lights\/\"><mark style=\"background-color:rgba(0, 0, 0, 0)\" class=\"has-inline-color has-vivid-red-color\">Perfil LED de montagem de superf\u00edcie com difusor fosco para luzes de cord\u00e3o de 10mm<\/mark><\/a>, <a href=\"https:\/\/tangooled.com\/pt\/product\/25mm-u-shape-led-mounting-channel-for-15mm-double-row-led-strip-lights\/\"><mark style=\"background-color:rgba(0, 0, 0, 0)\" class=\"has-inline-color has-vivid-red-color\">Canal de montagem em LED em forma de U de 25mm para tiras LED de 15mm de duas fileiras<\/mark><\/a>.<\/p>\n<\/div><\/div>\n\n\n\n<p><\/p>","protected":false},"featured_media":37468,"template":"","meta":{"_acf_changed":true,"_seopress_robots_primary_cat":"none","_seopress_titles_title":"Black Diffuser LED Channel | Fits 12mm Tape Lights | TANGOOLED","_seopress_titles_desc":"Source the black diffuser LED channel. Engineered for 12mm tape lights to create a professional \"blackout\" aesthetic for commercial and retail lighting.","_seopress_robots_index":""},"pcb-width":[228],"product-cat":[192],"class_list":{"0":"post-44676","1":"product","2":"type-product","3":"status-publish","4":"has-post-thumbnail","6":"pcb-width-6-12mm","7":"product-cat-surface-led-profile"},"acf":[],"_links":{"self":[{"href":"https:\/\/tangooled.com\/pt\/wp-json\/wp\/v2\/product\/44676","targetHints":{"allow":["GET"]}}],"collection":[{"href":"https:\/\/tangooled.com\/pt\/wp-json\/wp\/v2\/product"}],"about":[{"href":"https:\/\/tangooled.com\/pt\/wp-json\/wp\/v2\/types\/product"}],"wp:featuredmedia":[{"embeddable":true,"href":"https:\/\/tangooled.com\/pt\/wp-json\/wp\/v2\/media\/37468"}],"wp:attachment":[{"href":"https:\/\/tangooled.com\/pt\/wp-json\/wp\/v2\/media?parent=44676"}],"wp:term":[{"taxonomy":"pcb-width","embeddable":true,"href":"https:\/\/tangooled.com\/pt\/wp-json\/wp\/v2\/pcb-width?post=44676"},{"taxonomy":"product-cat","embeddable":true,"href":"https:\/\/tangooled.com\/pt\/wp-json\/wp\/v2\/product-cat?post=44676"}],"curies":[{"name":"wp","href":"https:\/\/api.w.org\/{rel}","templated":true}]}}