{"id":43526,"date":"2025-12-30T02:06:06","date_gmt":"2025-12-30T10:06:06","guid":{"rendered":"https:\/\/tangooled.com\/?post_type=product&#038;p=43526"},"modified":"2026-02-02T22:31:40","modified_gmt":"2026-02-03T06:31:40","slug":"wide-slim-surface-mount-led-channel-35x13mm-s3513","status":"publish","type":"product","link":"https:\/\/tangooled.com\/pt\/product\/wide-slim-surface-mount-led-channel-35x13mm-s3513\/","title":{"rendered":"Canal LED de montagem em superf\u00edcie estreito de 35x13mm"},"content":{"rendered":"<div class=\"wp-block-group is-vertical is-layout-flex wp-container-core-group-is-layout-d255d7c4 wp-block-group-is-layout-flex\" style=\"padding-top:var(--wp--preset--spacing--80);padding-bottom:var(--wp--preset--spacing--80)\">\n<p>Nosso canal LED de montagem em superf\u00edcie estreito de 35x13mm \u00e9 uma \u00f3tima maneira de iluminar qualquer ambiente. Feito de alum\u00ednio anodizado dur\u00e1vel, este perfil atua como um forte suporte que mant\u00e9m suas luzes LED com apar\u00eancia limpa e n\u00edtida. O design s\u00f3lido facilita a dissipa\u00e7\u00e3o de calor, o que protege suas fitas LED para que durem mais e funcionem melhor. O canal \u00e9 largo o suficiente para acomodar fitas LED de at\u00e9 26,5mm, tornando-o compat\u00edvel com luzes COB ou at\u00e9 mesmo fitas LED de alto brilho e alta densidade de dupla fileira.<br>This profile is a popular choice if you want to give your lighting a professional touch. It works well in all kinds of places, like homes, offices, and store displays. For a smooth, dotless glow, it\u2019s an ideal choice for under-cabinet lighting, cove lighting, or simply mounting it directly onto walls and ceilings.<\/p>\n<\/div>\n\n\n\n<div class=\"wp-block-group has-background is-vertical is-layout-flex wp-container-core-group-is-layout-d255d7c4 wp-block-group-is-layout-flex\" style=\"background-color:#f1f1f1;padding-top:var(--wp--preset--spacing--80);padding-bottom:var(--wp--preset--spacing--80)\">\n<div class=\"wp-block-group is-vertical is-layout-flex wp-container-core-group-is-layout-8cf370e7 wp-block-group-is-layout-flex\">\n<h2 class=\"wp-block-heading\" style=\"padding-top:var(--wp--preset--spacing--40);padding-bottom:var(--wp--preset--spacing--40);font-size:25px;font-style:normal;font-weight:600;text-transform:capitalize\">Por que escolher o canal LED de montagem em superf\u00edcie estreito de 35x13mm?<\/h2>\n\n\n\n<ul class=\"wp-block-list\">\n<li>O design limpo e elegante oculta a fita LED e os fios.<\/li>\n\n\n\n<li>O forte perfil em alum\u00ednio mant\u00e9m as fitas frias, o que prolonga a vida \u00fatil dos LEDs.<\/li>\n\n\n\n<li>A difus\u00e3o de luz torna a ilumina\u00e7\u00e3o linear suave e uniforme, sem pontos quentes.<\/li>\n\n\n\n<li>Mant\u00e9m as fitas LED seguras contra sujeira, p\u00f3 e contato.<\/li>\n\n\n\n<li>It&#8217;s easy to attach to the surface with clips or adhesive.<\/li>\n\n\n\n<li>\u00d3timo para ilumina\u00e7\u00e3o de destaque, ilumina\u00e7\u00e3o ambiente ou ilumina\u00e7\u00e3o de tarefa.<\/li>\n<\/ul>\n<\/div>\n<\/div>\n\n\n\n<div class=\"wp-block-group\" style=\"padding-top:var(--wp--preset--spacing--60);padding-bottom:var(--wp--preset--spacing--60)\"><div class=\"wp-block-group__inner-container is-layout-constrained wp-block-group-is-layout-constrained\">\n<div class=\"wp-block-media-text has-media-on-the-right is-stacked-on-mobile\" style=\"grid-template-columns:auto 40%\"><div class=\"wp-block-media-text__content\">\n<h2 class=\"wp-block-heading\" style=\"padding-top:var(--wp--preset--spacing--40);padding-bottom:var(--wp--preset--spacing--40);font-size:25px;font-style:normal;font-weight:600;text-transform:capitalize\">Como configurar este canal<\/h2>\n\n\n\n<ul class=\"wp-block-list\">\n<li>Use fita adesiva ou clipes de montagem para fixar a extrus\u00e3o no lugar em uma superf\u00edcie limpa e seca.<\/li>\n\n\n\n<li>Coloque a fita LED dentro do canal de alum\u00ednio.<\/li>\n\n\n\n<li>Coloque a capa difusa opala sobre o difusor.<\/li>\n\n\n\n<li>Para manter a fita e os fios seguros, coloque tampas nas extremidades.<\/li>\n<\/ul>\n<\/div><figure class=\"wp-block-media-text__media\"><img loading=\"lazy\" decoding=\"async\" width=\"500\" height=\"500\" src=\"https:\/\/tangooled.com\/wp-content\/uploads\/2025\/12\/s3513-ins.webp\" alt=\"35x13mm surface mounting led extrusion channel\" class=\"wp-image-44670 size-full\" srcset=\"https:\/\/tangooled.com\/wp-content\/uploads\/2025\/12\/s3513-ins.webp 500w, https:\/\/tangooled.com\/wp-content\/uploads\/2025\/12\/s3513-ins-300x300.webp 300w, https:\/\/tangooled.com\/wp-content\/uploads\/2025\/12\/s3513-ins-150x150.webp 150w\" sizes=\"auto, (max-width: 500px) 100vw, 500px\" \/><\/figure><\/div>\n<\/div><\/div>\n\n\n\n<div class=\"wp-block-group has-background\" style=\"background-color:#f1f1f1f2;padding-top:var(--wp--preset--spacing--80);padding-bottom:var(--wp--preset--spacing--80)\"><div class=\"wp-block-group__inner-container is-layout-constrained wp-block-group-is-layout-constrained\">\n<h2 class=\"wp-block-heading\" style=\"padding-top:var(--wp--preset--spacing--40);padding-bottom:var(--wp--preset--spacing--40);font-size:25px;font-style:normal;font-weight:600\">Onde usar este canal LED estreito de 35x13mm<\/h2>\n\n\n\n<p>Esta caixa LED funciona bem em muitos lugares. Aqui est\u00e3o as maneiras mais comuns de us\u00e1-la:<\/p>\n\n\n\n<ul class=\"wp-block-list\">\n<li>Colocando luzes sob arm\u00e1rios ou guarda-roupas: Isso elimina o ofuscamento e torna os locais de trabalho e prateleiras mais iluminados.<\/li>\n\n\n\n<li>Ilumina\u00e7\u00e3o de covo para arquitetura: Adiciona linhas n\u00edtidas de luz para dar um aspecto moderno.<\/li>\n\n\n\n<li>Exibi\u00e7\u00f5es e prateleiras de lojas: Uma luz uniforme e atraente destaca os produtos.<\/li>\n\n\n\n<li>Ilumina\u00e7\u00e3o de escrit\u00f3rio ou do local de trabalho: Este tipo de ilumina\u00e7\u00e3o proporciona uma luz clara e brilhante, perfeita para esta\u00e7\u00f5es de trabalho ou \u00e1reas de trabalho.<\/li>\n\n\n\n<li>Colocando luzes na parede ou no teto: Isso faz com que projetos de ilumina\u00e7\u00e3o linear pare\u00e7am mais profissionais.<\/li>\n<\/ul>\n<\/div><\/div>\n\n\n\n<div class=\"wp-block-group is-vertical is-layout-flex wp-container-core-group-is-layout-d255d7c4 wp-block-group-is-layout-flex\" style=\"padding-top:var(--wp--preset--spacing--80);padding-bottom:var(--wp--preset--spacing--80)\">\n<p>Para complementar o canal de extrus\u00e3o de 35x13mm, voc\u00ea pode querer explorar o <a href=\"https:\/\/tangooled.com\/pt\/product\/black-led-diffuser-aluminum-channel-for-12mm-tape-lights\/\"><mark style=\"background-color:rgba(0, 0, 0, 0)\" class=\"has-inline-color has-vivid-red-color\">canal de alum\u00ednio com difusor LED preto para luzes de fita de 12mm<\/mark><\/a> ou o <a href=\"https:\/\/tangooled.com\/pt\/product\/surface-mount-led-profile-with-frosted-diffuser-for-10mm-rope-lights\/\"><mark style=\"background-color:rgba(0, 0, 0, 0)\" class=\"has-inline-color has-vivid-red-color\">perfil de LED de montagem em superf\u00edcie com difusor fosco para luzes de corda de 10mm<\/mark><\/a>. Esses podem ser \u00f3timos para fitas LED menores ou especiais.<\/p>\n<\/div>\n\n\n\n<div class=\"wp-block-group has-background\" style=\"background-color:#f1f1f1;padding-top:var(--wp--preset--spacing--80);padding-bottom:var(--wp--preset--spacing--80)\"><div class=\"wp-block-group__inner-container is-layout-constrained wp-block-group-is-layout-constrained\">\n<h2 class=\"wp-block-heading\" style=\"padding-top:var(--wp--preset--spacing--40);padding-bottom:var(--wp--preset--spacing--40);font-size:25px;font-style:normal;font-weight:600;text-transform:capitalize\">Resumo<\/h2>\n\n\n\n<p style=\"padding-right:var(--wp--preset--spacing--50);padding-left:var(--wp--preset--spacing--50)\">O canal LED de montagem em superf\u00edcie de 35x13mm \u00e9 uma \u00f3tima maneira de fazer suas fitas LED parecerem limpas e profissionais. Este canal n\u00e3o s\u00f3 \u00e9 dur\u00e1vel e estiloso, mas tamb\u00e9m pode ser usado para uma ampla gama de prop\u00f3sitos, incluindo ilumina\u00e7\u00e3o ambiental, de tarefa e linear arquitet\u00f4nica. Est\u00e1 pronto para atualizar seu espa\u00e7o? Confira nossa gama completa de canais de extrus\u00e3o de LED para encontrar o que melhor funciona para seu projeto!<\/p>\n<\/div><\/div>\n\n\n\n<p><\/p>","protected":false},"featured_media":33381,"template":"","meta":{"_acf_changed":false,"_seopress_robots_primary_cat":"none","_seopress_titles_title":"Wide Slim Surface Mount LED Channel 35x13mm | TANGOOLED","_seopress_titles_desc":"Source this wide slim surface mount LED channel with a 35x13mm low-profile design. Ideal for sleek linear lighting where space is limited but a wide light-emitting surface is required.","_seopress_robots_index":""},"pcb-width":[230],"product-cat":[192],"class_list":{"0":"post-43526","1":"product","2":"type-product","3":"status-publish","4":"has-post-thumbnail","6":"pcb-width-20-25mm","7":"product-cat-surface-led-profile"},"acf":[],"_links":{"self":[{"href":"https:\/\/tangooled.com\/pt\/wp-json\/wp\/v2\/product\/43526","targetHints":{"allow":["GET"]}}],"collection":[{"href":"https:\/\/tangooled.com\/pt\/wp-json\/wp\/v2\/product"}],"about":[{"href":"https:\/\/tangooled.com\/pt\/wp-json\/wp\/v2\/types\/product"}],"wp:featuredmedia":[{"embeddable":true,"href":"https:\/\/tangooled.com\/pt\/wp-json\/wp\/v2\/media\/33381"}],"wp:attachment":[{"href":"https:\/\/tangooled.com\/pt\/wp-json\/wp\/v2\/media?parent=43526"}],"wp:term":[{"taxonomy":"pcb-width","embeddable":true,"href":"https:\/\/tangooled.com\/pt\/wp-json\/wp\/v2\/pcb-width?post=43526"},{"taxonomy":"product-cat","embeddable":true,"href":"https:\/\/tangooled.com\/pt\/wp-json\/wp\/v2\/product-cat?post=43526"}],"curies":[{"name":"wp","href":"https:\/\/api.w.org\/{rel}","templated":true}]}}