{"id":43524,"date":"2025-12-30T02:01:10","date_gmt":"2025-12-30T10:01:10","guid":{"rendered":"https:\/\/tangooled.com\/?post_type=product&#038;p=43524"},"modified":"2026-01-29T22:22:01","modified_gmt":"2026-01-30T06:22:01","slug":"flangeless-recessed-led-channel-35x18mm-trimless","status":"publish","type":"product","link":"https:\/\/tangooled.com\/pt\/product\/flangeless-recessed-led-channel-35x18mm-trimless\/","title":{"rendered":"Canal LED embutido sem flange 35x18mm para ilumina\u00e7\u00e3o sem moldura | S3518"},"content":{"rendered":"<div class=\"wp-block-group is-vertical is-layout-flex wp-container-core-group-is-layout-d255d7c4 wp-block-group-is-layout-flex\" style=\"padding-top:var(--wp--preset--spacing--80);padding-bottom:var(--wp--preset--spacing--80)\">\n<p>O canal LED embutido sem flange S3518 \u00e9 uma boa escolha para muitas fitas LED, oferecendo uma largura interna generosa de 21mm para um aspecto profissional. Projetado para se encaixar perfeitamente em tetos ou paredes, proporciona um acabamento limpo e sem moldura que pode elevar qualquer espa\u00e7o.<\/p>\n\n\n\n<p>Gra\u00e7as ao seu sistema de montagem com fivelas embutidas, o perfil permanece perfeitamente alinhado com o drywall. Este design inteligente oculta completamente o canal de alum\u00ednio dentro da ranhura, deixando apenas luz brilhante e pura que se sente como parte natural da arquitetura.<\/p>\n\n\n\n<p>Crafted from high-quality 6063-T5 anodized aluminum, the S3518 ensures excellent heat dissipation to help your LEDs last longer. It&#8217;s the best way to have perfect architectural lighting in modern houses, businesses, stores, and hotels where a clean look is important.<\/p>\n<\/div>\n\n\n\n<div class=\"wp-block-group has-background is-vertical is-layout-flex wp-container-core-group-is-layout-d255d7c4 wp-block-group-is-layout-flex\" style=\"background-color:#f1f1f1;padding-top:var(--wp--preset--spacing--80);padding-bottom:var(--wp--preset--spacing--80)\">\n<div class=\"wp-block-group is-vertical is-layout-flex wp-container-core-group-is-layout-8cf370e7 wp-block-group-is-layout-flex\">\n<h2 class=\"wp-block-heading\" style=\"padding-top:var(--wp--preset--spacing--40);padding-bottom:var(--wp--preset--spacing--40);font-size:25px;font-style:normal;font-weight:600;text-transform:capitalize\">Por que escolher nosso canal LED embutido sem flange 35x18mm?<\/h2>\n\n\n\n<ul class=\"wp-block-list\">\n<li>Design sem flange: O canal de alum\u00ednio n\u00e3o tem flanges para uso em embutidos de superf\u00edcie plana. <\/li>\n\n\n\n<li>Sem pontos ou manchas quentes: A tampa difusora opala distribui uniformemente a luz, resultando em um brilho suave.<\/li>\n\n\n\n<li>Funciona com muitas fitas: Isso funciona com fitas LED que t\u00eam at\u00e9 20mm de largura, como fitas de dupla fileira e luzes LED de corda \u00e0 prova d'\u00e1gua.<\/li>\n\n\n\n<li>F\u00e1cil de montar: Use as fivelas embutidas que v\u00eam com ele para anex\u00e1-lo a tetos ou \u00e0s costas de arm\u00e1rios.<\/li>\n\n\n\n<li>Diferentes acabamentos: Voc\u00ea pode escolher entre prata, preto ou branco para combinar com seu estilo.<\/li>\n<\/ul>\n<\/div>\n<\/div>\n\n\n\n<div class=\"wp-block-group\" style=\"padding-top:var(--wp--preset--spacing--60);padding-bottom:var(--wp--preset--spacing--60)\"><div class=\"wp-block-group__inner-container is-layout-constrained wp-block-group-is-layout-constrained\">\n<div class=\"wp-block-media-text has-media-on-the-right is-stacked-on-mobile\" style=\"grid-template-columns:auto 40%\"><div class=\"wp-block-media-text__content\">\n<h2 class=\"wp-block-heading\" style=\"padding-top:var(--wp--preset--spacing--40);padding-bottom:var(--wp--preset--spacing--40);font-size:25px;font-style:normal;font-weight:600;text-transform:capitalize\">Como Instalar<\/h2>\n\n\n\n<ul class=\"wp-block-list\">\n<li>Coloque o canal de alum\u00ednio nas fivelas embutidas.<\/li>\n\n\n\n<li>Coloque o canal e as fivelas embutidas na ranhura que j\u00e1 foi cortada.<\/li>\n\n\n\n<li>Coloque sua fita LED ou luz de corda no canal.<\/li>\n\n\n\n<li>Coloque a tampa difusora para obter luz suave e uniforme.<\/li>\n\n\n\n<li>Use as tampas finais para selar as extremidades.<\/li>\n<\/ul>\n<\/div><figure class=\"wp-block-media-text__media\"><img loading=\"lazy\" decoding=\"async\" width=\"500\" height=\"500\" src=\"https:\/\/tangooled.com\/wp-content\/uploads\/2025\/12\/s3518-ins.webp\" alt=\"35x18mm flangeless recessed led channel for rope light\" class=\"wp-image-44663 size-full\" srcset=\"https:\/\/tangooled.com\/wp-content\/uploads\/2025\/12\/s3518-ins.webp 500w, https:\/\/tangooled.com\/wp-content\/uploads\/2025\/12\/s3518-ins-300x300.webp 300w, https:\/\/tangooled.com\/wp-content\/uploads\/2025\/12\/s3518-ins-150x150.webp 150w\" sizes=\"auto, (max-width: 500px) 100vw, 500px\" \/><\/figure><\/div>\n<\/div><\/div>\n\n\n\n<div class=\"wp-block-group has-background is-vertical is-layout-flex wp-container-core-group-is-layout-b429018a wp-block-group-is-layout-flex\" style=\"background-color:#f1f1f1f2;padding-top:var(--wp--preset--spacing--70);padding-bottom:var(--wp--preset--spacing--70)\">\n<h2 class=\"wp-block-heading\" style=\"padding-top:var(--wp--preset--spacing--40);padding-bottom:var(--wp--preset--spacing--40);font-size:25px;font-style:normal;font-weight:600\">Onde usar este canal LED?<\/h2>\n\n\n\n<ul class=\"wp-block-list\">\n<li>Colocando luzes atr\u00e1s de arm\u00e1rios em cozinhas e espa\u00e7os de trabalho.<\/li>\n\n\n\n<li>Ilumina\u00e7\u00e3o de cove ou ilumina\u00e7\u00e3o de destaque nas paredes de quartos ou lojas.<\/li>\n\n\n\n<li>Luzes para esta\u00e7\u00f5es de trabalho, arm\u00e1rios e guarda-roupas na garagem.<\/li>\n\n\n\n<li>Fitas LED que podem ser colocadas no teto de escrit\u00f3rios ou salas de estar.<\/li>\n<\/ul>\n<\/div>\n\n\n\n<div class=\"wp-block-group\" style=\"padding-top:var(--wp--preset--spacing--80);padding-bottom:var(--wp--preset--spacing--80)\"><div class=\"wp-block-group__inner-container is-layout-constrained wp-block-group-is-layout-constrained\">\n<h2 class=\"wp-block-heading\" style=\"padding-top:var(--wp--preset--spacing--40);padding-bottom:var(--wp--preset--spacing--40);font-size:25px;font-style:normal;font-weight:600;text-transform:capitalize\">Acess\u00f3rios e produtos relacionados<\/h2>\n\n\n\n<p>Se voc\u00ea quiser explorar mais op\u00e7\u00f5es para seu projeto de ilumina\u00e7\u00e3o, confira estes canais semelhantes:<\/p>\n\n\n\n<ul class=\"wp-block-list\">\n<li><a href=\"https:\/\/tangooled.com\/pt\/product\/black-led-profile-with-black-diffuser-for-10mm-led-strip-light\/\"><mark style=\"background-color:rgba(0, 0, 0, 0)\" class=\"has-inline-color has-vivid-red-color\">Perfil LED preto com difusor preto para fita LED de 10mm<\/mark><\/a><\/li>\n\n\n\n<li><a href=\"https:\/\/tangooled.com\/pt\/product\/surface-mount-led-profile-with-frosted-diffuser-for-10mm-rope-lights\/\"><mark style=\"background-color:rgba(0, 0, 0, 0)\" class=\"has-inline-color has-vivid-red-color\">Perfil LED de montagem de superf\u00edcie com difusor fosco para luzes de cord\u00e3o de 10mm<\/mark><\/a><\/li>\n\n\n\n<li><a href=\"https:\/\/tangooled.com\/pt\/product\/25x14m-surface-mounted-led-light-aluminum-profile\/\"><mark style=\"background-color:rgba(0, 0, 0, 0)\" class=\"has-inline-color has-vivid-red-color\">Perfil de alum\u00ednio para luz LED montado na superf\u00edcie de 25x14mm<\/mark><\/a><\/li>\n\n\n\n<li><a href=\"https:\/\/tangooled.com\/pt\/product\/18x9mm-led-tape-light-profile-for-surface-installation\/\"><mark style=\"background-color:rgba(0, 0, 0, 0)\" class=\"has-inline-color has-vivid-red-color\">perfil de luz LED de fita de 18x9mm para instala\u00e7\u00e3o em superf\u00edcie<\/mark><\/a><\/li>\n\n\n\n<li><a href=\"https:\/\/tangooled.com\/pt\/product\/22x15mm-led-light-channel-aluminum-extrusion-for-flexible-strips\/\"><mark style=\"background-color:rgba(0, 0, 0, 0)\" class=\"has-inline-color has-vivid-red-color\">Extrus\u00e3o de canal de luz LED em alum\u00ednio de 22x15mm para tiras flex\u00edveis<\/mark><\/a><\/li>\n<\/ul>\n<\/div><\/div>\n\n\n\n<div class=\"wp-block-group has-background\" style=\"background-color:#f1f1f1;padding-top:var(--wp--preset--spacing--80);padding-bottom:var(--wp--preset--spacing--80)\"><div class=\"wp-block-group__inner-container is-layout-constrained wp-block-group-is-layout-constrained\">\n<h2 class=\"wp-block-heading\" style=\"padding-top:var(--wp--preset--spacing--40);padding-bottom:var(--wp--preset--spacing--40);font-size:25px;font-style:normal;font-weight:600;text-transform:capitalize\">Resumo<\/h2>\n\n\n\n<p style=\"padding-right:var(--wp--preset--spacing--50);padding-left:var(--wp--preset--spacing--50)\">Our 35x18mm flangeless recessed LED channel is a tough and simple way to get that perfectly brilliant, even glow. Thanks to its wide profile and opal diffuser, the light looks soft and professional, with no harsh hotspots. It\u2019s incredibly versatile, too\u2014working with everything from basic DIY projects to smart systems like Philips Hue and RGBW strips. It\u2019s a perfect fit for your kitchen, closet, office, or anywhere else you want a sleek, clean LED look.<\/p>\n<\/div><\/div>\n\n\n\n<p><\/p>","protected":false},"featured_media":33378,"template":"","meta":{"_acf_changed":true,"_seopress_robots_primary_cat":"none","_seopress_titles_title":"Flangeless Recessed LED Channel 35x18mm Trimless | TANGOOLED","_seopress_titles_desc":"Source this 35x18mm flangeless recessed LED channel for a seamless, trimless lighting finish. Designed to be plastered into drywall, it offers a clean look for professional linear lighting.","_seopress_robots_index":""},"pcb-width":[230],"product-cat":[193],"class_list":{"0":"post-43524","1":"product","2":"type-product","3":"status-publish","4":"has-post-thumbnail","6":"pcb-width-20-25mm","7":"product-cat-recessed-profile"},"acf":[],"_links":{"self":[{"href":"https:\/\/tangooled.com\/pt\/wp-json\/wp\/v2\/product\/43524","targetHints":{"allow":["GET"]}}],"collection":[{"href":"https:\/\/tangooled.com\/pt\/wp-json\/wp\/v2\/product"}],"about":[{"href":"https:\/\/tangooled.com\/pt\/wp-json\/wp\/v2\/types\/product"}],"wp:featuredmedia":[{"embeddable":true,"href":"https:\/\/tangooled.com\/pt\/wp-json\/wp\/v2\/media\/33378"}],"wp:attachment":[{"href":"https:\/\/tangooled.com\/pt\/wp-json\/wp\/v2\/media?parent=43524"}],"wp:term":[{"taxonomy":"pcb-width","embeddable":true,"href":"https:\/\/tangooled.com\/pt\/wp-json\/wp\/v2\/pcb-width?post=43524"},{"taxonomy":"product-cat","embeddable":true,"href":"https:\/\/tangooled.com\/pt\/wp-json\/wp\/v2\/product-cat?post=43524"}],"curies":[{"name":"wp","href":"https:\/\/api.w.org\/{rel}","templated":true}]}}