{"id":43521,"date":"2025-12-30T01:57:50","date_gmt":"2025-12-30T09:57:50","guid":{"rendered":"https:\/\/tangooled.com\/?post_type=product&#038;p=43521"},"modified":"2026-01-29T22:24:32","modified_gmt":"2026-01-30T06:24:32","slug":"recessed-led-profile-with-mounting-brackets-35x19mm","status":"publish","type":"product","link":"https:\/\/tangooled.com\/pt\/product\/recessed-led-profile-with-mounting-brackets-35x19mm\/","title":{"rendered":"Perfil de alum\u00ednio LED embutido 35x19mm com suportes de montagem"},"content":{"rendered":"<div class=\"wp-block-group is-vertical is-layout-flex wp-container-core-group-is-layout-d255d7c4 wp-block-group-is-layout-flex\" style=\"padding-top:var(--wp--preset--spacing--80);padding-bottom:var(--wp--preset--spacing--80)\">\n<p>Our S3519 recessed LED aluminum profile with bracket is an ideal choice if you\u2019re looking for a lighting setup that\u2019s neat, strong, and smooth. Made from high-quality aluminum, this linear solution helps you create a seamless glow that makes the lights look like a natural part of your ceiling or wall. It has an outside size of 35x19mm and an inside width of 26.5mm, which makes it easy to install standard LED strips and even wider or double-row strips. The flangeless design gives it a clean, built-in look, and the smart recessed mounting brackets keep the profile securely in place.<\/p>\n<\/div>\n\n\n\n<div class=\"wp-block-group has-background is-vertical is-layout-flex wp-container-core-group-is-layout-d255d7c4 wp-block-group-is-layout-flex\" style=\"background-color:#f1f1f1;padding-top:var(--wp--preset--spacing--80);padding-bottom:var(--wp--preset--spacing--80)\">\n<div class=\"wp-block-group is-vertical is-layout-flex wp-container-core-group-is-layout-8cf370e7 wp-block-group-is-layout-flex\">\n<h2 class=\"wp-block-heading\" style=\"padding-top:var(--wp--preset--spacing--40);padding-bottom:var(--wp--preset--spacing--40);font-size:25px;font-style:normal;font-weight:600;text-transform:capitalize\">Por que escolher o nosso perfil LED embutido 35x19mm com suportes?<\/h2>\n\n\n\n<ul class=\"wp-block-list\">\n<li>Amplo e profundo: pode acomodar fitas LED de at\u00e9 26mm de largura. \u00d3timo para luminosidade.<\/li>\n\n\n\n<li>\u00c9 feito de alum\u00ednio e funciona como um dissipador de calor para manter seus LEDs frescos, fazendo com que durem mais.<\/li>\n\n\n\n<li>No trim: The channel doesn&#8217;t have any trims, so it looks like the light is built into your wall.<\/li>\n\n\n\n<li>Vem com um difusor: A cobertura de pl\u00e1stico fosco tornar\u00e1 a luz suave e sem pontos.<\/li>\n\n\n\n<li>Inclui suportes que facilitam a instala\u00e7\u00e3o e mant\u00eam tudo firme na sua madeira ou drywall.<\/li>\n<\/ul>\n<\/div>\n<\/div>\n\n\n\n<div class=\"wp-block-group\" style=\"padding-top:var(--wp--preset--spacing--60);padding-bottom:var(--wp--preset--spacing--60)\"><div class=\"wp-block-group__inner-container is-layout-constrained wp-block-group-is-layout-constrained\">\n<div class=\"wp-block-media-text has-media-on-the-right is-stacked-on-mobile\" style=\"grid-template-columns:auto 40%\"><div class=\"wp-block-media-text__content\">\n<h2 class=\"wp-block-heading\" style=\"padding-top:var(--wp--preset--spacing--40);padding-bottom:var(--wp--preset--spacing--40);font-size:25px;font-style:normal;font-weight:600;text-transform:capitalize\">Como Instalar<\/h2>\n\n\n\n<ul class=\"wp-block-list\">\n<li>Corte um canal na madeira ou drywall que tenha o tamanho adequado para o perfil 35x19mm.<\/li>\n\n\n\n<li>Use os suportes de montagem que vieram com o perfil para mant\u00ea-lo no lugar.<\/li>\n\n\n\n<li>Coloque sua fita LED dentro do canal.<\/li>\n\n\n\n<li>Coloque o difusor para tornar a luz menos intensa.<\/li>\n\n\n\n<li>To make the installation look smooth, you can either paint around the buckles&#8217;&nbsp;flanges or plaster over them.<\/li>\n<\/ul>\n<\/div><figure class=\"wp-block-media-text__media\"><img loading=\"lazy\" decoding=\"async\" width=\"500\" height=\"500\" src=\"https:\/\/tangooled.com\/wp-content\/uploads\/2025\/12\/s3519-ins.webp\" alt=\"35x19mm led aluminum profile with bracket for recessing\" class=\"wp-image-43560 size-full\" srcset=\"https:\/\/tangooled.com\/wp-content\/uploads\/2025\/12\/s3519-ins.webp 500w, https:\/\/tangooled.com\/wp-content\/uploads\/2025\/12\/s3519-ins-300x300.webp 300w, https:\/\/tangooled.com\/wp-content\/uploads\/2025\/12\/s3519-ins-150x150.webp 150w\" sizes=\"auto, (max-width: 500px) 100vw, 500px\" \/><\/figure><\/div>\n<\/div><\/div>\n\n\n\n<div class=\"wp-block-group has-background\" style=\"background-color:#f1f1f1f2;padding-top:var(--wp--preset--spacing--80);padding-bottom:var(--wp--preset--spacing--80)\"><div class=\"wp-block-group__inner-container is-layout-constrained wp-block-group-is-layout-constrained\">\n<h2 class=\"wp-block-heading\" style=\"padding-top:var(--wp--preset--spacing--40);padding-bottom:var(--wp--preset--spacing--40);font-size:25px;font-style:normal;font-weight:600\">Perfeito para muitos usos de ilumina\u00e7\u00e3o<\/h2>\n\n\n\n<p>Este perfil de alum\u00ednio LED 35x19mm com suporte \u00e9 \u00f3timo para:<\/p>\n\n\n\n<ul class=\"wp-block-list\">\n<li>Lighting under cabinets\u2014strong, direct job lights for kitchens and workspaces.<\/li>\n\n\n\n<li>Cove lighting\u2014hiding your lights to generate gentle ambient glows.<\/li>\n\n\n\n<li>Retail displays\u2014use bright, clear LED lights to draw attention to things.<\/li>\n\n\n\n<li>Ilumina\u00e7\u00e3o de escrit\u00f3rio: use perfis LED embutidos para fazer tetos parecerem elegantes e modernos.&nbsp;<\/li>\n<\/ul>\n<\/div><\/div>\n\n\n\n<div class=\"wp-block-group is-vertical is-layout-flex wp-container-core-group-is-layout-d255d7c4 wp-block-group-is-layout-flex\" style=\"padding-top:var(--wp--preset--spacing--80);padding-bottom:var(--wp--preset--spacing--80)\">\n<h2 class=\"wp-block-heading\" style=\"padding-top:var(--wp--preset--spacing--40);padding-bottom:var(--wp--preset--spacing--40);font-size:25px;font-style:normal;font-weight:600;text-transform:capitalize\">Produtos Relacionados<\/h2>\n\n\n\n<ul class=\"wp-block-list\">\n<li>Veja o <a href=\"https:\/\/tangooled.com\/pt\/product\/black-led-profile-with-black-diffuser-for-10mm-led-strip-light\/\"><mark style=\"background-color:rgba(0, 0, 0, 0)\" class=\"has-inline-color has-vivid-red-color\">perfil LED preto com difusor preto para fita de LED de 10mm<\/mark><\/a> para instala\u00e7\u00f5es estreitas e elegantes.<\/li>\n\n\n\n<li>Para montagem na superf\u00edcie, veja nosso <a href=\"https:\/\/tangooled.com\/pt\/product\/25x14m-surface-mounted-led-light-aluminum-profile\/\"><mark style=\"background-color:rgba(0, 0, 0, 0)\" class=\"has-inline-color has-vivid-red-color\">perfil de alum\u00ednio LED 25x14mm montado na superf\u00edcie<\/mark><\/a>.<\/li>\n\n\n\n<li>Quer uma op\u00e7\u00e3o compacta? Experimente <a href=\"https:\/\/tangooled.com\/pt\/product\/led-strip-light-channel-aluminum-profile-with-diffused-cover-6mm-height\/\"><mark style=\"background-color:rgba(0, 0, 0, 0)\" class=\"has-inline-color has-vivid-red-color\">Canal de luz LED de alum\u00ednio com cobertura difusa, altura de 6 mm<\/mark><\/a>.<\/li>\n\n\n\n<li>Verifique <a href=\"https:\/\/tangooled.com\/pt\/product\/18x9mm-led-tape-light-profile-for-surface-installation\/\"><mark style=\"background-color:rgba(0, 0, 0, 0)\" class=\"has-inline-color has-vivid-red-color\">perfil de luz LED de fita de 18x9mm para instala\u00e7\u00e3o em superf\u00edcie<\/mark><\/a> para ilumina\u00e7\u00e3o de ajuste slim.<\/li>\n\n\n\n<li>Se precisar de um perfil com lente, visite <a href=\"https:\/\/tangooled.com\/pt\/product\/aluminum-profile-with-60-degree-lens-led-diffuser\/\"><mark style=\"background-color:rgba(0, 0, 0, 0)\" class=\"has-inline-color has-vivid-red-color\">perfil de alum\u00ednio com difusor de lente LED de 60 graus<\/mark><\/a>.<\/li>\n<\/ul>\n<\/div>\n\n\n\n<p><\/p>","protected":false},"featured_media":33375,"template":"","meta":{"_acf_changed":true,"_seopress_robots_primary_cat":"none","_seopress_titles_title":"Recessed LED Profile with Brackets 35x19mm | TANGOOLED","_seopress_titles_desc":"Source this 35x19mm recessed LED profile featuring heavy-duty mounting brackets. Designed for secure architectural installation in ceilings and walls with a wider light output.","_seopress_robots_index":""},"pcb-width":[230],"product-cat":[193],"class_list":{"0":"post-43521","1":"product","2":"type-product","3":"status-publish","4":"has-post-thumbnail","6":"pcb-width-20-25mm","7":"product-cat-recessed-profile"},"acf":[],"_links":{"self":[{"href":"https:\/\/tangooled.com\/pt\/wp-json\/wp\/v2\/product\/43521","targetHints":{"allow":["GET"]}}],"collection":[{"href":"https:\/\/tangooled.com\/pt\/wp-json\/wp\/v2\/product"}],"about":[{"href":"https:\/\/tangooled.com\/pt\/wp-json\/wp\/v2\/types\/product"}],"wp:featuredmedia":[{"embeddable":true,"href":"https:\/\/tangooled.com\/pt\/wp-json\/wp\/v2\/media\/33375"}],"wp:attachment":[{"href":"https:\/\/tangooled.com\/pt\/wp-json\/wp\/v2\/media?parent=43521"}],"wp:term":[{"taxonomy":"pcb-width","embeddable":true,"href":"https:\/\/tangooled.com\/pt\/wp-json\/wp\/v2\/pcb-width?post=43521"},{"taxonomy":"product-cat","embeddable":true,"href":"https:\/\/tangooled.com\/pt\/wp-json\/wp\/v2\/product-cat?post=43521"}],"curies":[{"name":"wp","href":"https:\/\/api.w.org\/{rel}","templated":true}]}}