{"id":43518,"date":"2025-12-30T01:54:41","date_gmt":"2025-12-30T09:54:41","guid":{"rendered":"https:\/\/tangooled.com\/?post_type=product&#038;p=43518"},"modified":"2026-01-23T01:00:59","modified_gmt":"2026-01-23T09:00:59","slug":"low-profile-recessed-led-channel-with-brackets-54x13mm","status":"publish","type":"product","link":"https:\/\/tangooled.com\/pt\/product\/low-profile-recessed-led-channel-with-brackets-54x13mm\/","title":{"rendered":"Canal de LED embutido de perfil baixo 54x13mm com suportes"},"content":{"rendered":"<div class=\"wp-block-group is-vertical is-layout-flex wp-container-core-group-is-layout-d255d7c4 wp-block-group-is-layout-flex\" style=\"padding-top:var(--wp--preset--spacing--80);padding-bottom:var(--wp--preset--spacing--80)\">\n<p>Melhore o seu projeto com nosso canal de LED embutido de perfil baixo 54x13mm com suportes para uso em teto. Este perfil de alum\u00ednio \u00e9 feito para proporcionar um visual liso, sem molduras, que se encaixa perfeitamente em tetos de gesso ou drywall. Possui uma largura interior ampla de 43mm, tornando-o ideal para suportar fitas de LED extra largas ou de alta sa\u00edda.<\/p>\n\n\n\n<p>Este perfil embutido no teto tem como objetivo proporcionar um acabamento arquitet\u00f4nico perfeito, para que sua luz apare\u00e7a como uma linha suave, sem bordas. O mecanismo de montagem por suporte embutido torna a instala\u00e7\u00e3o ainda mais f\u00e1cil, fixando com seguran\u00e7a o canal na estrutura do teto.<\/p>\n\n\n\n<p>O canal para fita LED 54x13mm para configura\u00e7\u00f5es embutidas no teto \u00e9 dur\u00e1vel e f\u00e1cil de usar. Permite que voc\u00ea fa\u00e7a linhas de ilumina\u00e7\u00e3o bonitas e com apar\u00eancia profissional em qualquer ambiente, sendo uma solu\u00e7\u00e3o simples, mas elegante para o design de interiores moderno.<\/p>\n<\/div>\n\n\n\n<div class=\"wp-block-group has-background\" style=\"background-color:#f1f1f1;padding-top:var(--wp--preset--spacing--80);padding-bottom:var(--wp--preset--spacing--80)\"><div class=\"wp-block-group__inner-container is-layout-constrained wp-block-group-is-layout-constrained\">\n<div class=\"wp-block-group is-vertical is-layout-flex wp-container-core-group-is-layout-8cf370e7 wp-block-group-is-layout-flex\">\n<h2 class=\"wp-block-heading\" style=\"padding-top:var(--wp--preset--spacing--40);padding-bottom:var(--wp--preset--spacing--40);font-size:25px;font-style:normal;font-weight:600;text-transform:capitalize\">Por que escolher nosso canal de LED embutido de perfil baixo 54x13mm?<\/h2>\n\n\n\n<ul class=\"wp-block-list\">\n<li>Um design de montagem embutido e sem molduras dar\u00e1 ao seu teto uma apar\u00eancia limpa e moderna.<\/li>\n\n\n\n<li>Ready to be plastered in, fits normal drywall (5\/8&#8243; or 1\/2&#8243;).<\/li>\n\n\n\n<li>Feito de alum\u00ednio anodizado 6063-T5 dur\u00e1vel e atua como dissipador de calor para fitas de LED.<\/li>\n\n\n\n<li>Inclui suportes de montagem fortes para fixa\u00e7\u00e3o segura.<\/li>\n\n\n\n<li>Vem com uma tampa difusora de policarbonato para luz suave e sem pontos.<\/li>\n\n\n\n<li>Funciona com uma gama de larguras de fitas de LED, como fitas de dupla linha, RGBW, branco ajust\u00e1vel e outras fitas de LED COB.<\/li>\n<\/ul>\n<\/div>\n<\/div><\/div>\n\n\n\n<div class=\"wp-block-group\" style=\"padding-top:var(--wp--preset--spacing--60);padding-bottom:var(--wp--preset--spacing--60)\"><div class=\"wp-block-group__inner-container is-layout-constrained wp-block-group-is-layout-constrained\">\n<div class=\"wp-block-media-text has-media-on-the-right is-stacked-on-mobile\" style=\"grid-template-columns:auto 40%\"><div class=\"wp-block-media-text__content\">\n<h2 class=\"wp-block-heading\" style=\"padding-top:var(--wp--preset--spacing--40);padding-bottom:var(--wp--preset--spacing--40);font-size:25px;font-style:normal;font-weight:600;text-transform:capitalize\">Como instalar o canal de fita LED 54x13mm<\/h2>\n\n\n\n<ul class=\"wp-block-list\">\n<li>Use os suportes que v\u00eam com o canal para cort\u00e1-lo e mont\u00e1-lo na estrutura da sua parede ou teto.<\/li>\n\n\n\n<li>Use gesso ou massa para drywall para cobrir as abas e deixar a superf\u00edcie lisa, de forma a combinar com o teto.<\/li>\n\n\n\n<li>Coloque sua fita de LED dentro do canal depois que ele tiver secado e sido lixado.<\/li>\n\n\n\n<li>Clip the frosted diffuser cover in place to have a radiance that is even and doesn&#8217;t have any glare.<\/li>\n<\/ul>\n<\/div><figure class=\"wp-block-media-text__media\"><img loading=\"lazy\" decoding=\"async\" width=\"500\" height=\"500\" src=\"https:\/\/tangooled.com\/wp-content\/uploads\/2025\/12\/s5413-ins.webp\" alt=\"54x13mm led strip channel with bracket for ceiling recessed\" class=\"wp-image-43557 size-full\" srcset=\"https:\/\/tangooled.com\/wp-content\/uploads\/2025\/12\/s5413-ins.webp 500w, https:\/\/tangooled.com\/wp-content\/uploads\/2025\/12\/s5413-ins-300x300.webp 300w, https:\/\/tangooled.com\/wp-content\/uploads\/2025\/12\/s5413-ins-150x150.webp 150w\" sizes=\"auto, (max-width: 500px) 100vw, 500px\" \/><\/figure><\/div>\n<\/div><\/div>\n\n\n\n<div class=\"wp-block-group has-background\" style=\"background-color:#f1f1f1f2;padding-top:var(--wp--preset--spacing--80);padding-bottom:var(--wp--preset--spacing--80)\"><div class=\"wp-block-group__inner-container is-layout-constrained wp-block-group-is-layout-constrained\">\n<h2 class=\"wp-block-heading\" style=\"padding-top:var(--wp--preset--spacing--40);padding-bottom:var(--wp--preset--spacing--40);font-size:25px;font-style:normal;font-weight:600\">What\u2019s Included in the Package?<\/h2>\n\n\n\n<ul class=\"wp-block-list\">\n<li>Um canal de fita LED de metal que mede 54x13mm (o comprimento varia)<\/li>\n\n\n\n<li>Difusor feito de policarbonato opalino<\/li>\n\n\n\n<li>Duas tampas de metal<\/li>\n\n\n\n<li>Suportes de montagem para garantir um ajuste perfeito no teto ou nas paredes<\/li>\n<\/ul>\n<\/div><\/div>\n\n\n\n<div class=\"wp-block-group is-vertical is-layout-flex wp-container-core-group-is-layout-d255d7c4 wp-block-group-is-layout-flex\" style=\"padding-top:var(--wp--preset--spacing--80);padding-bottom:var(--wp--preset--spacing--80)\">\n<h2 class=\"wp-block-heading\" style=\"padding-top:var(--wp--preset--spacing--40);padding-bottom:var(--wp--preset--spacing--40);font-size:25px;font-style:normal;font-weight:600;text-transform:capitalize\">Aplica\u00e7\u00f5es e Cen\u00e1rios de Uso<\/h2>\n\n\n\n<ul class=\"wp-block-list\">\n<li>Escrit\u00f3rios e saguas: Use perfis LED arquitet\u00f4nicos para real\u00e7ar os tetos.<\/li>\n\n\n\n<li>Cozinhas: Coloque-os acima de ilhas ou bancadas para iluminar tarefas e adicionar estilo.<\/li>\n\n\n\n<li>Lojas: Utilize para ilumina\u00e7\u00e3o que fica ligada o tempo todo e economiza energia enquanto exibe mercadorias.<\/li>\n\n\n\n<li>Espa\u00e7os de Hospitalidade: Use canais de LED sem molduras para criar espa\u00e7os simples e privados.<\/li>\n<\/ul>\n<\/div>\n\n\n\n<div class=\"wp-block-group has-background\" style=\"background-color:#f1f1f1;padding-top:var(--wp--preset--spacing--80);padding-bottom:var(--wp--preset--spacing--80)\"><div class=\"wp-block-group__inner-container is-layout-constrained wp-block-group-is-layout-constrained\">\n<h2 class=\"wp-block-heading\" style=\"padding-top:var(--wp--preset--spacing--40);padding-bottom:var(--wp--preset--spacing--40);font-size:25px;font-style:normal;font-weight:600;text-transform:capitalize\">Acess\u00f3rios e Produtos Compat\u00edveis<\/h2>\n\n\n\n<ul class=\"wp-block-list\">\n<li><a href=\"https:\/\/tangooled.com\/pt\/product\/black-led-profile-with-black-diffuser-for-10mm-led-strip-light\/\"><mark style=\"background-color:rgba(0, 0, 0, 0)\" class=\"has-inline-color has-vivid-red-color\">Perfil LED Preto com Difusor Preto para Luz de Fita LED de 10mm<\/mark><\/a><\/li>\n\n\n\n<li><a href=\"https:\/\/tangooled.com\/pt\/product\/black-led-diffuser-aluminum-channel-for-12mm-tape-lights\/\"><mark style=\"background-color:rgba(0, 0, 0, 0)\" class=\"has-inline-color has-vivid-red-color\">Canal de Alum\u00ednio Difusor LED Preto para Fitas de 12mm<\/mark><\/a><\/li>\n\n\n\n<li><a href=\"https:\/\/tangooled.com\/pt\/product\/surface-mount-led-profile-with-frosted-diffuser-for-10mm-rope-lights\/\"><mark style=\"background-color:rgba(0, 0, 0, 0)\" class=\"has-inline-color has-vivid-red-color\">Perfil LED de Montagem Superficial com Difusor Fosco para Luzes de Cord\u00e3o de 10mm<\/mark><\/a><\/li>\n\n\n\n<li><a href=\"https:\/\/tangooled.com\/pt\/product\/led-strip-light-channel-aluminum-profile-with-diffused-cover-6mm-height\/\"><mark style=\"background-color:rgba(0, 0, 0, 0)\" class=\"has-inline-color has-vivid-red-color\">Perfil de Alum\u00ednio para Faixas de Luz LED com Tampa Difusora 6mm de Altura<\/mark><\/a><\/li>\n\n\n\n<li><a href=\"https:\/\/tangooled.com\/pt\/product\/aluminum-led-strip-extrusion-diffuser-channel-for-5050-double-row-led-strip\/\"><mark style=\"background-color:rgba(0, 0, 0, 0)\" class=\"has-inline-color has-vivid-red-color\">Canal Difusor de Extrus\u00e3o de Fita LED em Alum\u00ednio para Fita LED de Dupla Linha 5050<\/mark><\/a><\/li>\n<\/ul>\n<\/div><\/div>\n\n\n\n<p><\/p>","protected":false},"featured_media":33372,"template":"","meta":{"_acf_changed":true,"_seopress_robots_primary_cat":"none","_seopress_titles_title":"Low Profile Recessed LED Channel 54x13mm Wide | TANGOOLED","_seopress_titles_desc":"This 54x13mm wide LED strip channel offers a low-profile recessed solution for shallow ceilings. Includes brackets for stable mounting and supports multi-row LED strips.","_seopress_robots_index":""},"pcb-width":[232],"product-cat":[193],"class_list":{"0":"post-43518","1":"product","2":"type-product","3":"status-publish","4":"has-post-thumbnail","6":"pcb-width-35-45mm","7":"product-cat-recessed-profile"},"acf":[],"_links":{"self":[{"href":"https:\/\/tangooled.com\/pt\/wp-json\/wp\/v2\/product\/43518","targetHints":{"allow":["GET"]}}],"collection":[{"href":"https:\/\/tangooled.com\/pt\/wp-json\/wp\/v2\/product"}],"about":[{"href":"https:\/\/tangooled.com\/pt\/wp-json\/wp\/v2\/types\/product"}],"wp:featuredmedia":[{"embeddable":true,"href":"https:\/\/tangooled.com\/pt\/wp-json\/wp\/v2\/media\/33372"}],"wp:attachment":[{"href":"https:\/\/tangooled.com\/pt\/wp-json\/wp\/v2\/media?parent=43518"}],"wp:term":[{"taxonomy":"pcb-width","embeddable":true,"href":"https:\/\/tangooled.com\/pt\/wp-json\/wp\/v2\/pcb-width?post=43518"},{"taxonomy":"product-cat","embeddable":true,"href":"https:\/\/tangooled.com\/pt\/wp-json\/wp\/v2\/product-cat?post=43518"}],"curies":[{"name":"wp","href":"https:\/\/api.w.org\/{rel}","templated":true}]}}