{"id":43517,"date":"2025-12-30T01:51:19","date_gmt":"2025-12-30T09:51:19","guid":{"rendered":"https:\/\/tangooled.com\/?post_type=product&#038;p=43517"},"modified":"2026-01-29T22:28:41","modified_gmt":"2026-01-30T06:28:41","slug":"45mm-inner-width-recessed-led-channel-54x18mm","status":"publish","type":"product","link":"https:\/\/tangooled.com\/pt\/product\/45mm-inner-width-recessed-led-channel-54x18mm\/","title":{"rendered":"Canal de LED embutido em alum\u00ednio de 54x18mm com 45mm de largura interna"},"content":{"rendered":"<div class=\"wp-block-group is-vertical is-layout-flex wp-container-core-group-is-layout-d255d7c4 wp-block-group-is-layout-flex\" style=\"padding-top:var(--wp--preset--spacing--80);padding-bottom:var(--wp--preset--spacing--80)\">\n<p>Este canal de LED S5418mm com 45mm de largura interna \u00e9 uma \u00f3tima escolha para projetos de drywall e gesso embutidos, proporcionando uma apar\u00eancia polida e sem enquadramento. Enquanto o exterior mede 54mm de largura e 18mm de altura, o S5418 surpreendentemente oferece uma largura interna generosa de 45.2mm. Isso o torna uma excelente op\u00e7\u00e3o para fitas de LED substanciais, como a Philips Hue Lightstrip, e funciona igualmente bem com fitas de LED de alta densidade. Al\u00e9m disso, seu design raso facilita a instala\u00e7\u00e3o, mesmo em cavidades de teto apertadas.<\/p>\n\n\n\n<p>Installation is both secure and simple thanks to our unique recessed buckle system, which locks the profile firmly into the wall or ceiling. It&#8217;s the best choice for architectural projects that need a clean, steady light source and a seamless, built-in look.<\/p>\n<\/div>\n\n\n\n<div class=\"wp-block-group has-background\" style=\"background-color:#f1f1f1;padding-top:var(--wp--preset--spacing--80);padding-bottom:var(--wp--preset--spacing--80)\"><div class=\"wp-block-group__inner-container is-layout-constrained wp-block-group-is-layout-constrained\">\n<div class=\"wp-block-group is-vertical is-layout-flex wp-container-core-group-is-layout-8cf370e7 wp-block-group-is-layout-flex\">\n<h2 class=\"wp-block-heading\" style=\"padding-top:var(--wp--preset--spacing--40);padding-bottom:var(--wp--preset--spacing--40);font-size:25px;font-style:normal;font-weight:600;text-transform:capitalize\">Por que escolher este canal de LED embutido de 45mm de largura interna?<\/h2>\n\n\n\n<ul class=\"wp-block-list\">\n<li>A ampla largura interna de 45mm \u00e9 projetada para acomodar duas ou tr\u00eas fileiras de fitas de LED largas, tornando-o compat\u00edvel com fitas COB e SMD.<\/li>\n\n\n\n<li>Este produto \u00e9 feito de alum\u00ednio anodizado de alta qualidade, o que o torna um excelente dissipador de calor para fitas de LED e ajuda a prolongar sua vida \u00fatil.<\/li>\n\n\n\n<li>Este produto \u00e9 perfeito para aplica\u00e7\u00f5es de canal de LED em drywall e ilumina\u00e7\u00e3o de teto embutida, pois foi feito especificamente para uso em gesso.<\/li>\n\n\n\n<li>The milky diffuser cover that comes with it makes sure that the light is uniformly spread out and doesn&#8217;t have any dots.<\/li>\n\n\n\n<li>As capas de extremidade e as fivelas embutidas que acompanham o produto facilitam a instala\u00e7\u00e3o e conferem um acabamento limpo.<\/li>\n\n\n\n<li>\u00d3timo para diversas aplica\u00e7\u00f5es internas, como ilumina\u00e7\u00e3o de cove, instala\u00e7\u00f5es sob arm\u00e1rios, exibi\u00e7\u00f5es de lojas e ambientes modernos de escrit\u00f3rio.<\/li>\n<\/ul>\n<\/div>\n<\/div><\/div>\n\n\n\n<div class=\"wp-block-group\" style=\"padding-top:var(--wp--preset--spacing--60);padding-bottom:var(--wp--preset--spacing--60)\"><div class=\"wp-block-group__inner-container is-layout-constrained wp-block-group-is-layout-constrained\">\n<div class=\"wp-block-media-text has-media-on-the-right is-stacked-on-mobile\" style=\"grid-template-columns:auto 40%\"><div class=\"wp-block-media-text__content\">\n<h2 class=\"wp-block-heading\" style=\"padding-top:var(--wp--preset--spacing--40);padding-bottom:var(--wp--preset--spacing--40);font-size:25px;font-style:normal;font-weight:600;text-transform:capitalize\">Como Instalar<\/h2>\n\n\n\n<ul class=\"wp-block-list\">\n<li>Corte um canal no drywall ou gesso, seguindo as medidas especificadas.<\/li>\n\n\n\n<li>Use fivelas embutidas para segurar o canal de alum\u00ednio no lugar e fix\u00e1-lo aos montantes ou vigas.<\/li>\n\n\n\n<li>Espalhe gesso ou massa de drywall sobre a flange para deixar com um acabamento liso.<\/li>\n\n\n\n<li>Lixe e pinte a \u00e1rea para que ela pare\u00e7a com a parede ou teto ao redor.<\/li>\n\n\n\n<li>Coloque a fita de LED no canal. Em seguida, coloque a capa difusora fosca no lugar e clique-a para ajustar.<\/li>\n\n\n\n<li>Use capas de extremidade para deixar com um acabamento mais polido.<\/li>\n<\/ul>\n<\/div><figure class=\"wp-block-media-text__media\"><img loading=\"lazy\" decoding=\"async\" width=\"500\" height=\"500\" src=\"https:\/\/tangooled.com\/wp-content\/uploads\/2025\/12\/s5418-ins.webp\" alt=\"54x18mm led aluminum channel inner width 45mm for recessing\" class=\"wp-image-43556 size-full\" srcset=\"https:\/\/tangooled.com\/wp-content\/uploads\/2025\/12\/s5418-ins.webp 500w, https:\/\/tangooled.com\/wp-content\/uploads\/2025\/12\/s5418-ins-300x300.webp 300w, https:\/\/tangooled.com\/wp-content\/uploads\/2025\/12\/s5418-ins-150x150.webp 150w\" sizes=\"auto, (max-width: 500px) 100vw, 500px\" \/><\/figure><\/div>\n<\/div><\/div>\n\n\n\n<div class=\"wp-block-group has-background\" style=\"background-color:#f1f1f1f2;padding-top:var(--wp--preset--spacing--80);padding-bottom:var(--wp--preset--spacing--80)\"><div class=\"wp-block-group__inner-container is-layout-constrained wp-block-group-is-layout-constrained\">\n<h2 class=\"wp-block-heading\" style=\"padding-top:var(--wp--preset--spacing--40);padding-bottom:var(--wp--preset--spacing--40);font-size:25px;font-style:normal;font-weight:600\">Onde voc\u00ea pode usar este produto?<\/h2>\n\n\n\n<ul class=\"wp-block-list\">\n<li>A fonte principal de luz em resid\u00eancias e empresas.<\/li>\n\n\n\n<li>Instalar drywall e gesso e garantir que tudo esteja absolutamente correto.<\/li>\n\n\n\n<li>As luzes de teto embutidas s\u00e3o uma escolha popular para escrit\u00f3rios modernos, cozinhas e salas de estar, pois t\u00eam uma apar\u00eancia elegante.<\/li>\n\n\n\n<li>Luzes sob os arm\u00e1rios e m\u00f3veis que funcionam em conjunto.<\/li>\n\n\n\n<li>Ilumina\u00e7\u00e3o para lojas e mostru\u00e1rios projetada para parecer elegante.<\/li>\n<\/ul>\n<\/div><\/div>\n\n\n\n<div class=\"wp-block-group is-vertical is-layout-flex wp-container-core-group-is-layout-d255d7c4 wp-block-group-is-layout-flex\" style=\"padding-top:var(--wp--preset--spacing--80);padding-bottom:var(--wp--preset--spacing--80)\">\n<h2 class=\"wp-block-heading\" style=\"padding-top:var(--wp--preset--spacing--40);padding-bottom:var(--wp--preset--spacing--40);font-size:25px;font-style:normal;font-weight:600;text-transform:capitalize\">Produtos relacionados que voc\u00ea pode gostar:<\/h2>\n\n\n\n<ul class=\"wp-block-list\">\n<li><a href=\"https:\/\/tangooled.com\/pt\/product\/black-led-profile-with-black-diffuser-for-10mm-led-strip-light\/\"><mark style=\"background-color:rgba(0, 0, 0, 0)\" class=\"has-inline-color has-vivid-red-color\">Perfil LED preto com difusor preto para fita LED de 10mm<\/mark><\/a> \u2014 for narrower led tapes and sleek black finish.<\/li>\n\n\n\n<li><a href=\"https:\/\/tangooled.com\/pt\/product\/led-strip-light-channel-aluminum-profile-with-diffused-cover-6mm-height\/\"><mark style=\"background-color:rgba(0, 0, 0, 0)\" class=\"has-inline-color has-vivid-red-color\">Canal de luz LED de alum\u00ednio com cobertura difusa, altura de 6 mm<\/mark><\/a> \u2014 low profile solution for surface mounting.<\/li>\n\n\n\n<li><a href=\"https:\/\/tangooled.com\/pt\/product\/25mm-u-shape-led-mounting-channel-for-15mm-double-row-led-strip-lights\/\"><mark style=\"background-color:rgba(0, 0, 0, 0)\" class=\"has-inline-color has-vivid-red-color\">Canal de montagem em U de 25mm para fitas de LED de 15mm em fila dupla<\/mark><\/a> \u2014 wider option for double row led strips.<\/li>\n\n\n\n<li><a href=\"https:\/\/tangooled.com\/pt\/product\/surface-mount-led-profile-with-frosted-diffuser-for-10mm-rope-lights\/\"><mark style=\"background-color:rgba(0, 0, 0, 0)\" class=\"has-inline-color has-vivid-red-color\">Perfil LED de montagem de superf\u00edcie com difusor fosco para luzes de cord\u00e3o de 10mm<\/mark><\/a> \u2014 good companion profile for surface applications.<\/li>\n\n\n\n<li><mark style=\"background-color:rgba(0, 0, 0, 0)\" class=\"has-inline-color has-vivid-red-color\"><a href=\"https:\/\/tangooled.com\/pt\/product\/recessed-large-size-led-aluminum-channel-with-removable-inner-layer\/\">Canal de alum\u00ednio embutido de tamanho grande com camada interna remov\u00edvel<\/a> <\/mark>\u2014 large profile option for heavy-duty projects.<\/li>\n<\/ul>\n<\/div>\n\n\n\n<p><\/p>","protected":false},"featured_media":33369,"template":"","meta":{"_acf_changed":true,"_seopress_robots_primary_cat":"none","_seopress_titles_title":"45mm Inner Width Recessed LED Channel 54x18mm | TANGOOLED","_seopress_titles_desc":"Achieve high-lumen output with our 54x18mm recessed LED channel. The 45mm inner width fits multiple LED strips for powerful, uniform linear lighting projects.","_seopress_robots_index":""},"pcb-width":[232],"product-cat":[193],"class_list":{"0":"post-43517","1":"product","2":"type-product","3":"status-publish","4":"has-post-thumbnail","6":"pcb-width-35-45mm","7":"product-cat-recessed-profile"},"acf":[],"_links":{"self":[{"href":"https:\/\/tangooled.com\/pt\/wp-json\/wp\/v2\/product\/43517","targetHints":{"allow":["GET"]}}],"collection":[{"href":"https:\/\/tangooled.com\/pt\/wp-json\/wp\/v2\/product"}],"about":[{"href":"https:\/\/tangooled.com\/pt\/wp-json\/wp\/v2\/types\/product"}],"wp:featuredmedia":[{"embeddable":true,"href":"https:\/\/tangooled.com\/pt\/wp-json\/wp\/v2\/media\/33369"}],"wp:attachment":[{"href":"https:\/\/tangooled.com\/pt\/wp-json\/wp\/v2\/media?parent=43517"}],"wp:term":[{"taxonomy":"pcb-width","embeddable":true,"href":"https:\/\/tangooled.com\/pt\/wp-json\/wp\/v2\/pcb-width?post=43517"},{"taxonomy":"product-cat","embeddable":true,"href":"https:\/\/tangooled.com\/pt\/wp-json\/wp\/v2\/product-cat?post=43517"}],"curies":[{"name":"wp","href":"https:\/\/api.w.org\/{rel}","templated":true}]}}