{"id":43515,"date":"2025-12-30T01:46:58","date_gmt":"2025-12-30T09:46:58","guid":{"rendered":"https:\/\/tangooled.com\/?post_type=product&#038;p=43515"},"modified":"2026-01-29T22:30:12","modified_gmt":"2026-01-30T06:30:12","slug":"wide-plaster-in-led-channel-trimless-50x20mm","status":"publish","type":"product","link":"https:\/\/tangooled.com\/pt\/product\/wide-plaster-in-led-channel-trimless-50x20mm\/","title":{"rendered":"Canal LED embutido 50x20mm sem flange para gesso"},"content":{"rendered":"<div class=\"wp-block-group is-vertical is-layout-flex wp-container-core-group-is-layout-d255d7c4 wp-block-group-is-layout-flex\" style=\"padding-top:var(--wp--preset--spacing--80);padding-bottom:var(--wp--preset--spacing--80)\">\n<p>Este canal LED 50x20mm sem flange foi projetado para se integrar perfeitamente em drywall e gesso. Com uma largura interna de 43mm, acomoda facilmente fitas LED largas para criar um brilho brilhante e uniforme.<\/p>\n\n\n\n<p>Its trimless design means there are no apparent frames; instead, there is a smooth, elegant light that makes any architectural space look better. The installation is easy and safe because of the special recessed buckle mounting system. The S5421 LED channel delivers a smooth, dot-free finish, making it the perfect choice for kitchens, offices, or high-end hotel interiors. It&#8217;s a simple way to add high-quality lighting straight to your walls and ceilings for a clean, modern effect.<\/p>\n<\/div>\n\n\n\n<div class=\"wp-block-group has-background\" style=\"background-color:#f1f1f1;padding-top:var(--wp--preset--spacing--80);padding-bottom:var(--wp--preset--spacing--80)\"><div class=\"wp-block-group__inner-container is-layout-constrained wp-block-group-is-layout-constrained\">\n<div class=\"wp-block-group is-vertical is-layout-flex wp-container-core-group-is-layout-8cf370e7 wp-block-group-is-layout-flex\">\n<h2 class=\"wp-block-heading\" style=\"padding-top:var(--wp--preset--spacing--40);padding-bottom:var(--wp--preset--spacing--40);font-size:25px;font-style:normal;font-weight:600;text-transform:capitalize\">Por que escolher este canal LED 50x20mm sem flange?<\/h2>\n\n\n\n<ul class=\"wp-block-list\">\n<li>O design sem moldura permite um gesso impec\u00e1vel, resultando em um acabamento seamless.<\/li>\n\n\n\n<li>Feito de alum\u00ednio anodizado dur\u00e1vel 6063-T5, este design garante tanto gerenciamento eficaz de calor quanto desempenho duradouro.<\/li>\n\n\n\n<li>Este canal de 50mm de largura pode suportar tanto fitas LED largas quanto de dupla fileira.<\/li>\n\n\n\n<li>The 20mm profile&#8217;s depth makes sure that the light is always even and free of flaws.<\/li>\n\n\n\n<li>It works perfectly with drywall, which is why it&#8217;s&nbsp;ideal for modern lighting designs.<\/li>\n\n\n\n<li>Compat\u00edvel com v\u00e1rios tipos de fitas LED, como COB, RGBW e branco ajust\u00e1vel.<\/li>\n<\/ul>\n<\/div>\n<\/div><\/div>\n\n\n\n<div class=\"wp-block-group\" style=\"padding-top:var(--wp--preset--spacing--60);padding-bottom:var(--wp--preset--spacing--60)\"><div class=\"wp-block-group__inner-container is-layout-constrained wp-block-group-is-layout-constrained\">\n<div class=\"wp-block-media-text has-media-on-the-right is-stacked-on-mobile\" style=\"grid-template-columns:auto 40%\"><div class=\"wp-block-media-text__content\">\n<h2 class=\"wp-block-heading\" style=\"padding-top:var(--wp--preset--spacing--40);padding-bottom:var(--wp--preset--spacing--40);font-size:25px;font-style:normal;font-weight:600;text-transform:capitalize\">Como usar este canal LED gesso 50x20mm sem moldura<\/h2>\n\n\n\n<ul class=\"wp-block-list\">\n<li>Corte o drywall no tamanho certo para se ajustar ao canal.<\/li>\n\n\n\n<li>Use fivelas embutidas para segurar o canal de alum\u00ednio no lugar e fix\u00e1-lo aos montantes ou vigas.&nbsp;<\/li>\n\n\n\n<li>Aplique massa (gesso) nas flanges&nbsp;das fivelas embutidas.<\/li>\n\n\n\n<li>Para obter um acabamento suave e indetect\u00e1vel, lixe e pinte.<\/li>\n\n\n\n<li>Coloque sua fita LED no canal.<\/li>\n\n\n\n<li>Coloque o difusor para obter luz que seja uniforme e livre de manchas.<\/li>\n\n\n\n<li>Ligue sua fita LED.<\/li>\n<\/ul>\n<\/div><figure class=\"wp-block-media-text__media\"><img loading=\"lazy\" decoding=\"async\" width=\"500\" height=\"500\" src=\"https:\/\/tangooled.com\/wp-content\/uploads\/2025\/12\/s5421-ins.webp\" alt=\"flangeless 50x20mm led strip channel for recessing\" class=\"wp-image-43554 size-full\" srcset=\"https:\/\/tangooled.com\/wp-content\/uploads\/2025\/12\/s5421-ins.webp 500w, https:\/\/tangooled.com\/wp-content\/uploads\/2025\/12\/s5421-ins-300x300.webp 300w, https:\/\/tangooled.com\/wp-content\/uploads\/2025\/12\/s5421-ins-150x150.webp 150w\" sizes=\"auto, (max-width: 500px) 100vw, 500px\" \/><\/figure><\/div>\n<\/div><\/div>\n\n\n\n<div class=\"wp-block-group has-background\" style=\"background-color:#f1f1f1f2;padding-top:var(--wp--preset--spacing--80);padding-bottom:var(--wp--preset--spacing--80)\"><div class=\"wp-block-group__inner-container is-layout-constrained wp-block-group-is-layout-constrained\">\n<h2 class=\"wp-block-heading\" style=\"padding-top:var(--wp--preset--spacing--40);padding-bottom:var(--wp--preset--spacing--40);font-size:25px;font-style:normal;font-weight:600\">Onde usar o seu canal LED embutido 50x20mm sem flange<\/h2>\n\n\n\n<ul class=\"wp-block-list\">\n<li>Tetos: Corredores, cozinhas, salas de estar, salas de confer\u00eancias.<\/li>\n\n\n\n<li>Paredes: Ilumina\u00e7\u00e3o de destaque vertical e horizontal, luzes guia, paredes caracter\u00edsticas.<\/li>\n\n\n\n<li>Lojas de varejo: Ilumina\u00e7\u00e3o de exibi\u00e7\u00e3o de produtos, \u00e1reas de recep\u00e7\u00e3o.<\/li>\n\n\n\n<li>Hot\u00e9is e escrit\u00f3rios: Ilumina\u00e7\u00e3o ambiental e arquitet\u00f4nica.<\/li>\n\n\n\n<li>Em qualquer lugar onde voc\u00ea queira ilumina\u00e7\u00e3o linear integrada e sem moldura.<\/li>\n<\/ul>\n<\/div><\/div>\n\n\n\n<div class=\"wp-block-group\" style=\"padding-top:var(--wp--preset--spacing--80);padding-bottom:var(--wp--preset--spacing--80)\"><div class=\"wp-block-group__inner-container is-layout-constrained wp-block-group-is-layout-constrained\">\n<h2 class=\"wp-block-heading\" style=\"padding-top:var(--wp--preset--spacing--40);padding-bottom:var(--wp--preset--spacing--40);font-size:25px;font-style:normal;font-weight:600;text-transform:capitalize\">Explore perfis relacionados<\/h2>\n\n\n\n<ul class=\"wp-block-list\">\n<li>Para uma montagem de superf\u00edcie elegante, visite <a href=\"https:\/\/tangooled.com\/pt\/product\/led-strip-light-channel-aluminum-profile-with-diffused-cover-6mm-height\/\"><mark style=\"background-color:rgba(0, 0, 0, 0)\" class=\"has-inline-color has-vivid-red-color\">Perfil de canal de alum\u00ednio para fita LED com cobertura difusa altura 6mm.<\/mark><\/a><\/li>\n\n\n\n<li>Precisa de um acabamento preto? Experimente <a href=\"https:\/\/tangooled.com\/pt\/product\/black-led-diffuser-aluminum-channel-for-12mm-tape-lights\/\"><mark style=\"background-color:rgba(0, 0, 0, 0)\" class=\"has-inline-color has-vivid-red-color\">canal de alum\u00ednio com difusor LED preto para luzes de fita de 12mm<\/mark><\/a>.<\/li>\n\n\n\n<li>Para tamanhos menor de fita, veja nosso <a href=\"https:\/\/tangooled.com\/pt\/product\/25x6mm-low-profile-led-strip-channel-for-10mm-led-strip-light\/\"><mark style=\"background-color:rgba(0, 0, 0, 0)\" class=\"has-inline-color has-vivid-red-color\">Canal de fita LED de perfil baixo 25x6mm para fita LED de 10mm<\/mark>.<\/a><\/li>\n<\/ul>\n<\/div><\/div>\n\n\n\n<div class=\"wp-block-group\" style=\"padding-top:0;padding-bottom:0\"><div class=\"wp-block-group__inner-container is-layout-constrained wp-block-group-is-layout-constrained\">\n<p>Elevate your lighting design with the flangeless 50x20mm recessed LED channel. It&#8217;s the ideal solution for achieving sleek, contemporary, and impactful linear lighting. This channel virtually vanishes into walls and ceilings, creating a genuinely architectural aesthetic.<\/p>\n<\/div><\/div>\n\n\n\n<p><\/p>","protected":false},"featured_media":33366,"template":"","meta":{"_acf_changed":true,"_seopress_robots_primary_cat":"none","_seopress_titles_title":"Wide Plaster-in LED Channel 50x20mm Trimless | TANGOOLED","_seopress_titles_desc":"Source this wide plaster-in LED channel with a 50x20mm profile. Designed for seamless integration into drywall, this extra-wide flangeless solution supports higher lumen output for modern spaces.","_seopress_robots_index":""},"pcb-width":[232],"product-cat":[193],"class_list":{"0":"post-43515","1":"product","2":"type-product","3":"status-publish","4":"has-post-thumbnail","6":"pcb-width-35-45mm","7":"product-cat-recessed-profile"},"acf":[],"_links":{"self":[{"href":"https:\/\/tangooled.com\/pt\/wp-json\/wp\/v2\/product\/43515","targetHints":{"allow":["GET"]}}],"collection":[{"href":"https:\/\/tangooled.com\/pt\/wp-json\/wp\/v2\/product"}],"about":[{"href":"https:\/\/tangooled.com\/pt\/wp-json\/wp\/v2\/types\/product"}],"wp:featuredmedia":[{"embeddable":true,"href":"https:\/\/tangooled.com\/pt\/wp-json\/wp\/v2\/media\/33366"}],"wp:attachment":[{"href":"https:\/\/tangooled.com\/pt\/wp-json\/wp\/v2\/media?parent=43515"}],"wp:term":[{"taxonomy":"pcb-width","embeddable":true,"href":"https:\/\/tangooled.com\/pt\/wp-json\/wp\/v2\/pcb-width?post=43515"},{"taxonomy":"product-cat","embeddable":true,"href":"https:\/\/tangooled.com\/pt\/wp-json\/wp\/v2\/product-cat?post=43515"}],"curies":[{"name":"wp","href":"https:\/\/api.w.org\/{rel}","templated":true}]}}