{"id":43513,"date":"2025-12-30T01:43:58","date_gmt":"2025-12-30T09:43:58","guid":{"rendered":"https:\/\/tangooled.com\/?post_type=product&#038;p=43513"},"modified":"2026-01-29T22:31:11","modified_gmt":"2026-01-30T06:31:11","slug":"extra-wide-low-profile-led-aluminum-channel-s7513","status":"publish","type":"product","link":"https:\/\/tangooled.com\/pt\/product\/extra-wide-low-profile-led-aluminum-channel-s7513\/","title":{"rendered":"Canal de Alum\u00ednio Extra Largo de Perfil Baixo 75x13mm"},"content":{"rendered":"<div class=\"wp-block-group is-vertical is-layout-flex wp-container-core-group-is-layout-d255d7c4 wp-block-group-is-layout-flex\" style=\"padding-top:var(--wp--preset--spacing--80);padding-bottom:var(--wp--preset--spacing--80)\">\n<p>Nosso canal de alum\u00ednio extra largo de perfil baixo 75x13mm \u00e9 uma extrus\u00e3o de alum\u00ednio fina e sem moldura que fica \u00f3tima em paredes ou gesso. Este perfil largo proporciona linhas de luz suaves e cont\u00ednuas sem quaisquer molduras vis\u00edveis. Possui um estilo moderno que complementa qualquer edif\u00edcio.<\/p>\n\n\n\n<p>This 13mm low-profile\u00a0is made of high-quality aluminum, which provides excellent heat dissipation, helping your LEDs last longer. The 63.7mm inner width allows you use several strips side by side, ensuring it works well for both functional and ambient lighting. The recessed buckle mounting system provides a tight, flush finish every time, making installation effortless.\u00a0It&#8217;s a great\u00a0solution for high-end residential or commercial applications that require elegant, simple lighting.<\/p>\n<\/div>\n\n\n\n<div class=\"wp-block-group has-background\" style=\"background-color:#f1f1f1;padding-top:var(--wp--preset--spacing--80);padding-bottom:var(--wp--preset--spacing--80)\"><div class=\"wp-block-group__inner-container is-layout-constrained wp-block-group-is-layout-constrained\">\n<div class=\"wp-block-group is-vertical is-layout-flex wp-container-core-group-is-layout-8cf370e7 wp-block-group-is-layout-flex\">\n<h2 class=\"wp-block-heading\" style=\"padding-top:var(--wp--preset--spacing--40);padding-bottom:var(--wp--preset--spacing--40);font-size:25px;font-style:normal;font-weight:600;text-transform:capitalize\">Por que escolher o canal LED de perfil baixo extra largo 75x13mm?<\/h2>\n\n\n\n<ul class=\"wp-block-list\">\n<li>As fivelas embutidas e o design sem flanges garantem que o canal desapare\u00e7a completamente na superf\u00edcie ap\u00f3s o gesso.<\/li>\n\n\n\n<li>O alojamento extra largo de 75mm pode abrigar mais de uma fita LED ou uma fita LED larga de alta pot\u00eancia, que emite luz de maneira uniforme e ampla.<\/li>\n\n\n\n<li>\u00c9 feito de alum\u00ednio anodizado, que permite que o calor escape facilmente e faz com que os LEDs durem mais.<\/li>\n\n\n\n<li>O difusor opalino encaixado mant\u00e9m a poeira fora e garante que a luz seja espalhada uniformemente sem pontos quentes.<\/li>\n\n\n\n<li>Ideal para instala\u00e7\u00f5es em drywall, ilumina\u00e7\u00e3o arquitet\u00f4nica e casas ou empresas modernas.<\/li>\n<\/ul>\n<\/div>\n<\/div><\/div>\n\n\n\n<div class=\"wp-block-group\" style=\"padding-top:var(--wp--preset--spacing--60);padding-bottom:var(--wp--preset--spacing--60)\"><div class=\"wp-block-group__inner-container is-layout-constrained wp-block-group-is-layout-constrained\">\n<div class=\"wp-block-media-text has-media-on-the-right is-stacked-on-mobile\" style=\"grid-template-columns:auto 40%\"><div class=\"wp-block-media-text__content\">\n<h2 class=\"wp-block-heading\" style=\"padding-top:var(--wp--preset--spacing--40);padding-bottom:var(--wp--preset--spacing--40);font-size:25px;font-style:normal;font-weight:600;text-transform:capitalize\">Como instalar o perfil LED de alum\u00ednio extra largo 75x13mm<\/h2>\n\n\n\n<ul class=\"wp-block-list\">\n<li>Corte o buraco no drywall para o tamanho adequado do canal 75x13mm.<\/li>\n\n\n\n<li>Use fivelas embutidas para prender a extrus\u00e3o de alum\u00ednio \u00e0 estrutura ou vigas.<\/li>\n\n\n\n<li>Aplique massa para drywall nas flanges com furos e alise.<\/li>\n\n\n\n<li>Lixe e pinte a parede para deix\u00e1-la lisa.<\/li>\n\n\n\n<li>Coloque fitas LED que tenham 63mm de largura ou menos no canal.<\/li>\n\n\n\n<li>Por fim, coloque o difusor opalino no lugar.<\/li>\n<\/ul>\n<\/div><figure class=\"wp-block-media-text__media\"><img loading=\"lazy\" decoding=\"async\" width=\"500\" height=\"500\" src=\"https:\/\/tangooled.com\/wp-content\/uploads\/2025\/12\/s7513-ins.webp\" alt=\"75x13mm flangeless aluminum led strip light channel\" class=\"wp-image-43551 size-full\" srcset=\"https:\/\/tangooled.com\/wp-content\/uploads\/2025\/12\/s7513-ins.webp 500w, https:\/\/tangooled.com\/wp-content\/uploads\/2025\/12\/s7513-ins-300x300.webp 300w, https:\/\/tangooled.com\/wp-content\/uploads\/2025\/12\/s7513-ins-150x150.webp 150w\" sizes=\"auto, (max-width: 500px) 100vw, 500px\" \/><\/figure><\/div>\n<\/div><\/div>\n\n\n\n<div class=\"wp-block-group has-background\" style=\"background-color:#f1f1f1f2;padding-top:var(--wp--preset--spacing--80);padding-bottom:var(--wp--preset--spacing--80)\"><div class=\"wp-block-group__inner-container is-layout-constrained wp-block-group-is-layout-constrained\">\n<h2 class=\"wp-block-heading\" style=\"padding-top:var(--wp--preset--spacing--40);padding-bottom:var(--wp--preset--spacing--40);font-size:25px;font-style:normal;font-weight:600\">Aplica\u00e7\u00f5es Ideais<\/h2>\n\n\n\n<ul class=\"wp-block-list\">\n<li>Instalar drywall implica instal\u00e1-lo nas paredes ou tetos, para que fique nivelado e em massa.<\/li>\n\n\n\n<li>Ilumina\u00e7\u00e3o ambiental ou para tarefas pode ser usada sob arm\u00e1rios ou em ilumina\u00e7\u00e3o em nichos em cozinhas e \u00e1reas de estar modernas.<\/li>\n\n\n\n<li>Lojas e empresas: Luz ampla e brilhante para mostrar produtos ou aspectos arquitet\u00f4nicos.<\/li>\n\n\n\n<li>Para escrit\u00f3rios e hot\u00e9is, uma caixa de fitas LED larga e robusta que emite luz constante e sem ofuscamento.<\/li>\n<\/ul>\n\n\n\n<p>Para alternativas de montagem em superf\u00edcie, considere o <a href=\"https:\/\/tangooled.com\/pt\/product\/wide-slim-surface-mount-led-channel-35x13mm-s3513\/\"><mark style=\"background-color:rgba(0, 0, 0, 0)\" class=\"has-inline-color has-vivid-red-color\">Canal de Extrus\u00e3o LED para Montagem em Superf\u00edcie 35x13mm<\/mark><\/a> ou <a href=\"https:\/\/tangooled.com\/pt\/product\/18x9mm-led-tape-light-profile-for-surface-installation\/\"><mark style=\"background-color:rgba(0, 0, 0, 0)\" class=\"has-inline-color has-vivid-red-color\">Perfil de Fita LED 18x9mm para Instala\u00e7\u00e3o em Superf\u00edcie<\/mark><\/a>.<\/p>\n<\/div><\/div>\n\n\n\n<div class=\"wp-block-group\" style=\"padding-top:var(--wp--preset--spacing--80);padding-bottom:var(--wp--preset--spacing--80)\"><div class=\"wp-block-group__inner-container is-layout-constrained wp-block-group-is-layout-constrained\">\n<h2 class=\"wp-block-heading\" style=\"padding-top:var(--wp--preset--spacing--40);padding-bottom:var(--wp--preset--spacing--40);font-size:25px;font-style:normal;font-weight:600;text-transform:capitalize\">Explore Mais Perfis Relevantes<\/h2>\n\n\n\n<ul class=\"wp-block-list\">\n<li>Perfil de superf\u00edcie RSlim: <a href=\"https:\/\/tangooled.com\/pt\/product\/17mm-led-strip-light-aluminum-channel-for-surface-mounting\/\"><mark style=\"background-color:rgba(0, 0, 0, 0)\" class=\"has-inline-color has-vivid-red-color\">Canal de Alum\u00ednio para Faixa de Luz LED de 17mm para Montagem Superficial<\/mark><\/a><\/li>\n\n\n\n<li>Op\u00e7\u00e3o extra estreita: <a href=\"https:\/\/tangooled.com\/pt\/product\/25x6mm-low-profile-led-strip-channel-for-10mm-led-strip-light\/\"><mark style=\"background-color:rgba(0, 0, 0, 0)\" class=\"has-inline-color has-vivid-red-color\">Canal para Fita LED de Perfil Baixo 25x6mm para Luz LED de 10mm<\/mark><\/a><\/li>\n\n\n\n<li>Alternativa de acabamento preto: <a href=\"https:\/\/tangooled.com\/pt\/product\/black-aluminum-u-channel-profile-for-10mm-led-strips\/\"><mark style=\"background-color:rgba(0, 0, 0, 0)\" class=\"has-inline-color has-vivid-red-color\">Perfil em U de Alum\u00ednio Preto para Fitas LED de 10mm<\/mark><\/a><\/li>\n<\/ul>\n<\/div><\/div>\n\n\n\n<div class=\"wp-block-group has-background\" style=\"background-color:#f1f1f1;padding-top:var(--wp--preset--spacing--80);padding-bottom:var(--wp--preset--spacing--80)\"><div class=\"wp-block-group__inner-container is-layout-constrained wp-block-group-is-layout-constrained\">\n<h2 class=\"wp-block-heading\" style=\"padding-top:var(--wp--preset--spacing--40);padding-bottom:var(--wp--preset--spacing--40);font-size:25px;font-style:normal;font-weight:600;text-transform:capitalize\">Resumo<\/h2>\n\n\n\n<p style=\"padding-right:var(--wp--preset--spacing--50);padding-left:var(--wp--preset--spacing--50)\">O canal de luz LED sem flanges de 75x13mm \u00e9 uma escolha perfeita para todas as suas necessidades de ilumina\u00e7\u00e3o arquitet\u00f4nica, pois proporciona luz LED ampla, sem molduras e poderosa. O corpo de alum\u00ednio anodizado e o difusor opalino s\u00e3o dur\u00e1veis e t\u00eam uma apar\u00eancia excelente. Eles tamb\u00e9m funcionam bem e mant\u00e9m o calor. Este canal \u00e9 perfeito para colocar fitas LED em drywall ou gesso. Voc\u00ea pode us\u00e1-lo com muitos tipos diferentes de fitas LED, permitindo que voc\u00ea fa\u00e7a designs que funcionem para casas, empresas, lojas e hot\u00e9is.<\/p>\n<\/div><\/div>\n\n\n\n<p><\/p>","protected":false},"featured_media":33360,"template":"","meta":{"_acf_changed":false,"_seopress_robots_primary_cat":"none","_seopress_titles_title":"Extra Wide Low Profile LED Aluminum Channel 75x13mm | TANGOOLED","_seopress_titles_desc":"Explore our 75x13mm extra wide low profile LED aluminum channel. Designed for high-lumen output and seamless large-scale lighting, this ultra-wide profile fits multiple LED rows while maintaining a slim depth.","_seopress_robots_index":""},"pcb-width":[233],"product-cat":[193],"class_list":{"0":"post-43513","1":"product","2":"type-product","3":"status-publish","4":"has-post-thumbnail","6":"pcb-width-50-90mm","7":"product-cat-recessed-profile"},"acf":[],"_links":{"self":[{"href":"https:\/\/tangooled.com\/pt\/wp-json\/wp\/v2\/product\/43513","targetHints":{"allow":["GET"]}}],"collection":[{"href":"https:\/\/tangooled.com\/pt\/wp-json\/wp\/v2\/product"}],"about":[{"href":"https:\/\/tangooled.com\/pt\/wp-json\/wp\/v2\/types\/product"}],"wp:featuredmedia":[{"embeddable":true,"href":"https:\/\/tangooled.com\/pt\/wp-json\/wp\/v2\/media\/33360"}],"wp:attachment":[{"href":"https:\/\/tangooled.com\/pt\/wp-json\/wp\/v2\/media?parent=43513"}],"wp:term":[{"taxonomy":"pcb-width","embeddable":true,"href":"https:\/\/tangooled.com\/pt\/wp-json\/wp\/v2\/pcb-width?post=43513"},{"taxonomy":"product-cat","embeddable":true,"href":"https:\/\/tangooled.com\/pt\/wp-json\/wp\/v2\/product-cat?post=43513"}],"curies":[{"name":"wp","href":"https:\/\/api.w.org\/{rel}","templated":true}]}}