{"id":43089,"date":"2025-12-26T01:14:37","date_gmt":"2025-12-26T09:14:37","guid":{"rendered":"https:\/\/tangooled.com\/?post_type=product&#038;p=43089"},"modified":"2026-01-29T23:19:04","modified_gmt":"2026-01-30T07:19:04","slug":"35x35mm-surface-black-led-profile-square-channel","status":"publish","type":"product","link":"https:\/\/tangooled.com\/pt\/product\/35x35mm-surface-black-led-profile-square-channel\/","title":{"rendered":"Perfil LED Preto Montado na Superf\u00edcie 35x35mm"},"content":{"rendered":"<div class=\"wp-block-group is-vertical is-layout-flex wp-container-core-group-is-layout-d255d7c4 wp-block-group-is-layout-flex\" style=\"padding-top:var(--wp--preset--spacing--80);padding-bottom:var(--wp--preset--spacing--80)\">\n<p>Nosso perfil LED preto de montagem na superf\u00edcie de 35x35mm (S3535A) \u00e9 uma escolha elegante e excelente&nbsp;para ilumina\u00e7\u00e3o profissional. Com dimens\u00f5es quadradas de 35x35mm e uma largura interna de 25.6mm, se adapta perfeitamente a fitas LED regulares e de alta densidade. Esta extrus\u00e3o flex\u00edvel pode ser usada para montagens na superf\u00edcie, suspensas, rebaixadas sem flange, e montadas na parede, garantindo que a ilumina\u00e7\u00e3o linear flua suavemente em qualquer plano arquitet\u00f4nico. O perfil LED preto de 35x35mm \u00e9 feito para durar e se encaixa perfeitamente em ambientes de alta qualidade, incluindo escrit\u00f3rios corporativos, lojas de luxo e casas modernas. Oferece a qualquer espa\u00e7o moderno uma apar\u00eancia limpa, profissional e uma luz brilhante e uniforme.<\/p>\n<\/div>\n\n\n\n<div class=\"wp-block-group has-background\" style=\"background-color:#f1f1f1;padding-top:var(--wp--preset--spacing--80);padding-bottom:var(--wp--preset--spacing--80)\"><div class=\"wp-block-group__inner-container is-layout-constrained wp-block-group-is-layout-constrained\">\n<div class=\"wp-block-group is-vertical is-layout-flex wp-container-core-group-is-layout-8cf370e7 wp-block-group-is-layout-flex\">\n<h2 class=\"wp-block-heading\" style=\"padding-top:var(--wp--preset--spacing--40);padding-bottom:var(--wp--preset--spacing--40);font-size:25px;font-style:normal;font-weight:600;text-transform:capitalize\">Por que escolher nosso perfil LED preto de 35x35mm?<\/h2>\n\n\n\n<ul class=\"wp-block-list\">\n<li>Pode ser instalado de v\u00e1rias maneiras: em tetos ou paredes. Voc\u00ea tamb\u00e9m pode pendur\u00e1-lo como uma lumin\u00e1ria estilo pendente.<\/li>\n\n\n\n<li>Sem Pontos: Funciona perfeitamente com difusores foscos ou opal&nbsp;para esconder os pontos LED.<\/li>\n\n\n\n<li>Estrutura Robusta: O alum\u00ednio anodizado com acabamento preto fosco \u00e9 dur\u00e1vel.<\/li>\n\n\n\n<li>Efeito Dissipador de Calor: Isso mant\u00e9m suas fitas LED frescas, aumentando sua vida \u00fatil.<\/li>\n\n\n\n<li>Compat\u00edvel com muitas fitas LED: pode suportar fitas LED de at\u00e9 25mm de largura.<\/li>\n<\/ul>\n<\/div>\n<\/div><\/div>\n\n\n\n<div class=\"wp-block-group is-vertical is-layout-flex wp-container-core-group-is-layout-d255d7c4 wp-block-group-is-layout-flex\" style=\"padding-top:var(--wp--preset--spacing--80);padding-bottom:var(--wp--preset--spacing--80)\">\n<hr class=\"wp-block-separator has-alpha-channel-opacity\"\/>\n\n\n\n<div class=\"wp-block-media-text has-media-on-the-right is-stacked-on-mobile\"><div class=\"wp-block-media-text__content\">\n<h2 class=\"wp-block-heading\" style=\"padding-top:var(--wp--preset--spacing--40);padding-bottom:var(--wp--preset--spacing--40);font-size:25px;font-style:normal;font-weight:600;text-transform:capitalize\">Para que voc\u00ea pode us\u00e1-lo?<\/h2>\n\n\n\n<ul class=\"wp-block-list\">\n<li>Ilumina\u00e7\u00e3o de escrit\u00f3rios: Estas lumin\u00e1rias s\u00e3o \u00f3timas para pendurar luzes lineares em salas de confer\u00eancia ou vitrines.<\/li>\n\n\n\n<li>Ilumina\u00e7\u00e3o para o lar: Use-o como um perfil LED pendente na cozinha ou na sala de jantar.<\/li>\n\n\n\n<li>Ilumina\u00e7\u00e3o arquitet\u00f4nica: \u00d3timo para ilumina\u00e7\u00e3o de cove, lavagem de parede e ilumina\u00e7\u00e3o sob arm\u00e1rios.<\/li>\n\n\n\n<li>Oficina e garagem: Montagem na superf\u00edcie para ilumina\u00e7\u00e3o de tarefas brilhante e constante.<\/li>\n<\/ul>\n<\/div><figure class=\"wp-block-media-text__media\"><img loading=\"lazy\" decoding=\"async\" width=\"500\" height=\"500\" src=\"https:\/\/tangooled.com\/wp-content\/uploads\/2025\/12\/s3535a-ins.webp\" alt=\"black led aluminum profile 35x35mm for surface mounting or suspension\" class=\"wp-image-43401 size-full\" srcset=\"https:\/\/tangooled.com\/wp-content\/uploads\/2025\/12\/s3535a-ins.webp 500w, https:\/\/tangooled.com\/wp-content\/uploads\/2025\/12\/s3535a-ins-300x300.webp 300w, https:\/\/tangooled.com\/wp-content\/uploads\/2025\/12\/s3535a-ins-150x150.webp 150w\" sizes=\"auto, (max-width: 500px) 100vw, 500px\" \/><\/figure><\/div>\n<\/div>\n\n\n\n<div class=\"wp-block-group has-background\" style=\"background-color:#f1f1f1f2;padding-top:var(--wp--preset--spacing--80);padding-bottom:var(--wp--preset--spacing--80)\"><div class=\"wp-block-group__inner-container is-layout-constrained wp-block-group-is-layout-constrained\">\n<h2 class=\"wp-block-heading\" style=\"padding-top:var(--wp--preset--spacing--40);padding-bottom:var(--wp--preset--spacing--40);font-size:25px;font-style:normal;font-weight:600;text-transform:capitalize\">Complete seu sistema de ilumina\u00e7\u00e3o com os acess\u00f3rios<\/h2>\n\n\n\n<ul class=\"wp-block-list\">\n<li>Clipes de montagem na superf\u00edcie: Suportes f\u00e1ceis de instalar para um encaixe seguro.<\/li>\n\n\n\n<li>Kits de suspens\u00e3o: Fios ajust\u00e1veis e c\u00fapulas de teto para instala\u00e7\u00e3o pendente.<\/li>\n\n\n\n<li>Tampas de extremidade: Selam as extremidades de forma limpa e protegem contra poeira e umidade.<\/li>\n\n\n\n<li>Conectores e unidores: Para cantos e linhas cont\u00ednuas longas.<\/li>\n<\/ul>\n<\/div><\/div>\n\n\n\n<div class=\"wp-block-group\" style=\"padding-top:var(--wp--preset--spacing--80);padding-bottom:var(--wp--preset--spacing--80)\"><div class=\"wp-block-group__inner-container is-layout-constrained wp-block-group-is-layout-constrained\">\n<h2 class=\"wp-block-heading\" style=\"padding-top:var(--wp--preset--spacing--40);padding-bottom:var(--wp--preset--spacing--40);font-size:25px;font-style:normal;font-weight:600;text-transform:capitalize\">Produtos Relacionados para o Seu Projeto<\/h2>\n\n\n\n<ul class=\"wp-block-list\">\n<li><a href=\"https:\/\/tangooled.com\/pt\/product\/black-led-diffuser-aluminum-channel-for-12mm-tape-lights\/\"><mark style=\"background-color:rgba(0, 0, 0, 0)\" class=\"has-inline-color has-vivid-red-color\">Canal de alum\u00ednio com difusor LED preto para luzes de fita de 12mm<\/mark><\/a><\/li>\n\n\n\n<li><a href=\"https:\/\/tangooled.com\/pt\/product\/led-strip-light-channel-aluminum-profile-with-diffused-cover-6mm-height\/\"><mark style=\"background-color:rgba(0, 0, 0, 0)\" class=\"has-inline-color has-vivid-red-color\">Canal de luz LED de alum\u00ednio com cobertura difusa, altura de 6 mm<\/mark><\/a><\/li>\n\n\n\n<li><a href=\"https:\/\/tangooled.com\/pt\/product\/aluminum-profile-with-60-degree-lens-led-diffuser\/\"><mark style=\"background-color:rgba(0, 0, 0, 0)\" class=\"has-inline-color has-vivid-red-color\">Perfil de alum\u00ednio com difusor de lente LED de 60 graus<\/mark><\/a><\/li>\n\n\n\n<li><a href=\"https:\/\/tangooled.com\/pt\/product\/25x14m-surface-mounted-led-light-aluminum-profile\/\"><mark style=\"background-color:rgba(0, 0, 0, 0)\" class=\"has-inline-color has-vivid-red-color\">Perfil de alum\u00ednio para luz LED montado na superf\u00edcie de 25x14m<\/mark><\/a><\/li>\n<\/ul>\n<\/div><\/div>\n\n\n\n<div class=\"wp-block-group has-background\" style=\"background-color:#f1f1f1f2;padding-top:var(--wp--preset--spacing--80);padding-bottom:var(--wp--preset--spacing--80)\"><div class=\"wp-block-group__inner-container is-layout-constrained wp-block-group-is-layout-constrained\">\n<h2 class=\"wp-block-heading\" style=\"padding-top:var(--wp--preset--spacing--40);padding-bottom:var(--wp--preset--spacing--40);font-size:25px;font-style:normal;font-weight:600\">Resumo<\/h2>\n\n\n\n<p style=\"padding-right:var(--wp--preset--spacing--50);padding-left:var(--wp--preset--spacing--50)\">Nosso perfil LED preto de 35x35mm tem um estilo moderno, \u00e9 dur\u00e1vel e f\u00e1cil de instalar para montagens na superf\u00edcie e luzes pendentes. Funciona perfeitamente com muitas fitas LED diferentes e permite que voc\u00ea crie um sistema de ilumina\u00e7\u00e3o que pare\u00e7a profissional, seja energeticamente eficiente e elegante. Para mais perfis de alum\u00ednio LED, veja: <mark style=\"background-color:rgba(0, 0, 0, 0)\" class=\"has-inline-color has-vivid-red-color\"><a href=\"https:\/\/tangooled.com\/pt\/product\/black-led-profile-with-black-diffuser-for-10mm-led-strip-light\/\">Perfil LED preto com difusor preto para fita LED de 10mm<\/a>, <a href=\"https:\/\/tangooled.com\/pt\/product\/surface-mount-led-profile-with-frosted-diffuser-for-10mm-rope-lights\/\">Perfil LED de montagem de superf\u00edcie com difusor fosco para luzes de cord\u00e3o de 10mm<\/a>, <a href=\"https:\/\/tangooled.com\/pt\/product\/black-aluminum-u-channel-profile-for-10mm-led-strips\/\">Perfil de canal em U de alum\u00ednio preto para fitas LED de 10mm<\/a><\/mark><\/p>\n<\/div><\/div>","protected":false},"featured_media":14722,"template":"","meta":{"_acf_changed":true,"_seopress_robots_primary_cat":"none","_seopress_titles_title":"35x35mm Surface Black LED Profile | Square Matte Black Aluminum Channel | TANGOOLED","_seopress_titles_desc":"Elevate your design with the S3535A, a 35x35mm surface black led profile. This square aluminum channel features a sleek matte finish, ideal for modern surface-mounted or pendant lighting in offices and retail spaces.","_seopress_robots_index":""},"pcb-width":[230],"product-cat":[192,194],"class_list":{"0":"post-43089","1":"product","2":"type-product","3":"status-publish","4":"has-post-thumbnail","6":"pcb-width-20-25mm","7":"product-cat-surface-led-profile","8":"product-cat-suspended-profile"},"acf":[],"_links":{"self":[{"href":"https:\/\/tangooled.com\/pt\/wp-json\/wp\/v2\/product\/43089","targetHints":{"allow":["GET"]}}],"collection":[{"href":"https:\/\/tangooled.com\/pt\/wp-json\/wp\/v2\/product"}],"about":[{"href":"https:\/\/tangooled.com\/pt\/wp-json\/wp\/v2\/types\/product"}],"wp:featuredmedia":[{"embeddable":true,"href":"https:\/\/tangooled.com\/pt\/wp-json\/wp\/v2\/media\/14722"}],"wp:attachment":[{"href":"https:\/\/tangooled.com\/pt\/wp-json\/wp\/v2\/media?parent=43089"}],"wp:term":[{"taxonomy":"pcb-width","embeddable":true,"href":"https:\/\/tangooled.com\/pt\/wp-json\/wp\/v2\/pcb-width?post=43089"},{"taxonomy":"product-cat","embeddable":true,"href":"https:\/\/tangooled.com\/pt\/wp-json\/wp\/v2\/product-cat?post=43089"}],"curies":[{"name":"wp","href":"https:\/\/api.w.org\/{rel}","templated":true}]}}