{"id":43087,"date":"2025-12-26T00:39:48","date_gmt":"2025-12-26T08:39:48","guid":{"rendered":"https:\/\/tangooled.com\/?post_type=product&#038;p=43087"},"modified":"2026-01-25T23:24:52","modified_gmt":"2026-01-26T07:24:52","slug":"pendant-led-strip-channel-35x35mm-inner-layer","status":"publish","type":"product","link":"https:\/\/tangooled.com\/pt\/product\/pendant-led-strip-channel-35x35mm-inner-layer\/","title":{"rendered":"Perfil LED Suspenso 35x35mm (Design de Interior de Duas Camadas)"},"content":{"rendered":"<div class=\"wp-block-group is-vertical is-layout-flex wp-container-core-group-is-layout-d255d7c4 wp-block-group-is-layout-flex\" style=\"padding-top:var(--wp--preset--spacing--80);padding-bottom:var(--wp--preset--spacing--80)\">\n<p>Nosso canal de fita LED pendente de 35x35mm tem um design quadrado ideal para ilumina\u00e7\u00e3o interna moderna. Ele possui um tamanho total de 35mm de largura e 35mm de altura. Voc\u00ea pode pendur\u00e1-lo, mont\u00e1-lo em uma superf\u00edcie ou at\u00e9 mesmo encaix\u00e1-lo no teto ou na parede. A camada interna especial facilita a manuten\u00e7\u00e3o e a dissipa\u00e7\u00e3o de calor. Al\u00e9m disso, o difusor opalino superior suaviza os pontos LED e permite que a luz se espalhe de maneira suave e atraente. Pense nisso como uma habita\u00e7\u00e3o para suas fitas LED. Este canal de alum\u00ednio de alta qualidade mant\u00e9m elas seguras e frescas, fazendo com que suas luzes durem mais e brilhem mais intensamente. \u00c9 uma solu\u00e7\u00e3o inteligente e clean para qualquer projeto de ilumina\u00e7\u00e3o linear profissional.<\/p>\n<\/div>\n\n\n\n<div class=\"wp-block-group has-background\" style=\"background-color:#f1f1f1;padding-top:var(--wp--preset--spacing--80);padding-bottom:var(--wp--preset--spacing--80)\"><div class=\"wp-block-group__inner-container is-layout-constrained wp-block-group-is-layout-constrained\">\n<div class=\"wp-block-group is-vertical is-layout-flex wp-container-core-group-is-layout-8cf370e7 wp-block-group-is-layout-flex\">\n<h2 class=\"wp-block-heading\" style=\"padding-top:var(--wp--preset--spacing--40);padding-bottom:var(--wp--preset--spacing--40);font-size:25px;font-style:normal;font-weight:600;text-transform:capitalize\">Por que escolher nosso canal de fita LED pendente de 35x35mm?<\/h2>\n\n\n\n<ul class=\"wp-block-list\">\n<li>Light Without Dots: The opal diffuser softens the LED light source, eliminating &#8220;hot spots&#8221; to create a seamless, even glow.<\/li>\n\n\n\n<li>Constru\u00e7\u00e3o Forte: O alum\u00ednio 6063-T5 resfria rapidamente os LEDs.<\/li>\n\n\n\n<li>Funciona com v\u00e1rias fitas LED: Ele pode suportar fitas de at\u00e9 20mm de largura, como as variedades 2835, 5050 ou COB.<\/li>\n\n\n\n<li>F\u00e1cil de Pendurar: Inclui um kit completo de acess\u00f3rios (clipes de montagem, cabos e tampas de extremidade) para f\u00e1cil montagem suspensa ou em superf\u00edcie.<\/li>\n\n\n\n<li>Design Simples: O design quadrado de 35mm combina bem com muitos estilos modernos.<\/li>\n<\/ul>\n<\/div>\n<\/div><\/div>\n\n\n\n<div class=\"wp-block-group is-vertical is-layout-flex wp-container-core-group-is-layout-d255d7c4 wp-block-group-is-layout-flex\" style=\"padding-top:var(--wp--preset--spacing--80);padding-bottom:var(--wp--preset--spacing--80)\">\n<hr class=\"wp-block-separator has-alpha-channel-opacity\"\/>\n\n\n\n<div class=\"wp-block-media-text has-media-on-the-right is-stacked-on-mobile\" style=\"grid-template-columns:auto 40%\"><div class=\"wp-block-media-text__content\">\n<h2 class=\"wp-block-heading\" style=\"padding-top:var(--wp--preset--spacing--40);padding-bottom:var(--wp--preset--spacing--40);font-size:25px;font-style:normal;font-weight:600;text-transform:capitalize\">How To Install 35&#215;35 pendant LED channel?<\/h2>\n\n\n\n<ul class=\"wp-block-list\">\n<li>Corte o canal e o difusor no comprimento desejado.<\/li>\n\n\n\n<li>Coloque sua fita LED na camada interna do canal<\/li>\n\n\n\n<li>Coloque o difusor por cima e encaixe-o.<\/li>\n\n\n\n<li>Coloque cuidadosamente as tampas de extremidade para manter a poeira afastada.<\/li>\n\n\n\n<li>Use o kit de cabos suspensos, clipes ou fivelas embutidas que est\u00e3o inclu\u00eddos no produto para completar a instala\u00e7\u00e3o.<\/li>\n<\/ul>\n<\/div><figure class=\"wp-block-media-text__media\"><img loading=\"lazy\" decoding=\"async\" width=\"500\" height=\"500\" src=\"https:\/\/tangooled.com\/wp-content\/uploads\/2025\/12\/s3535b-ins.webp\" alt=\"pendant led strip channel 35mm with inner layer\" class=\"wp-image-43390 size-full\" srcset=\"https:\/\/tangooled.com\/wp-content\/uploads\/2025\/12\/s3535b-ins.webp 500w, https:\/\/tangooled.com\/wp-content\/uploads\/2025\/12\/s3535b-ins-300x300.webp 300w, https:\/\/tangooled.com\/wp-content\/uploads\/2025\/12\/s3535b-ins-150x150.webp 150w\" sizes=\"auto, (max-width: 500px) 100vw, 500px\" \/><\/figure><\/div>\n<\/div>\n\n\n\n<div class=\"wp-block-group has-background\" style=\"background-color:#f1f1f1f2;padding-top:var(--wp--preset--spacing--80);padding-bottom:var(--wp--preset--spacing--80)\"><div class=\"wp-block-group__inner-container is-layout-constrained wp-block-group-is-layout-constrained\">\n<h2 class=\"wp-block-heading\" style=\"padding-top:var(--wp--preset--spacing--40);padding-bottom:var(--wp--preset--spacing--40);font-size:25px;font-style:normal;font-weight:600;text-transform:capitalize\">Onde voc\u00ea pode us\u00e1-lo?<\/h2>\n\n\n\n<ul class=\"wp-block-list\">\n<li>Offices\u2014over desks or tables for clear light.<\/li>\n\n\n\n<li>Luzes pendentes brilhantes que parecem suaves na cozinha e na sala de jantar em casa.<\/li>\n\n\n\n<li>Lojas e shoppings t\u00eam luzes que fazem seus produtos parecerem excelentes.<\/li>\n\n\n\n<li>Escolas e gin\u00e1sios precisam de luz clara e uniforme para serem seguros.<\/li>\n\n\n\n<li>Hot\u00e9is e lounges: um estilo moderno e sofisticado para lugares p\u00fablicos.<\/li>\n\n\n\n<li>Aeroportos e esta\u00e7\u00f5es de trem devem ter luzes de teto brilhantes e limpas.<\/li>\n<\/ul>\n<\/div><\/div>\n\n\n\n<div class=\"wp-block-group\" style=\"padding-top:var(--wp--preset--spacing--80);padding-bottom:var(--wp--preset--spacing--80)\"><div class=\"wp-block-group__inner-container is-layout-constrained wp-block-group-is-layout-constrained\">\n<h2 class=\"wp-block-heading\" style=\"padding-top:var(--wp--preset--spacing--40);padding-bottom:var(--wp--preset--spacing--40);font-size:25px;font-style:normal;font-weight:600;text-transform:capitalize\">Produtos Relacionados Que Voc\u00ea Pode Gostar<\/h2>\n\n\n\n<ul class=\"wp-block-list\">\n<li><a href=\"https:\/\/tangooled.com\/pt\/product\/black-led-diffuser-aluminum-channel-for-12mm-tape-lights\/\"><mark style=\"background-color:rgba(0, 0, 0, 0)\" class=\"has-inline-color has-vivid-red-color\">Canal de alum\u00ednio com difusor LED preto para luzes de fita de 12mm<\/mark><\/a> \u2014 a smaller diffuser channel for narrow LED strips.<\/li>\n\n\n\n<li><a href=\"https:\/\/tangooled.com\/pt\/product\/surface-mount-led-profile-with-frosted-diffuser-for-10mm-rope-lights\/\"><mark style=\"background-color:rgba(0, 0, 0, 0)\" class=\"has-inline-color has-vivid-red-color\">Perfil LED de montagem de superf\u00edcie com difusor fosco para luzes de cord\u00e3o de 10mm<\/mark><\/a> \u2014 perfect for surface mounting.<\/li>\n\n\n\n<li><a href=\"https:\/\/tangooled.com\/pt\/product\/black-aluminum-u-channel-profile-for-10mm-led-strips\/\"><mark style=\"background-color:rgba(0, 0, 0, 0)\" class=\"has-inline-color has-vivid-red-color\">Perfil de canal U de alum\u00ednio preto para tiras LED de 10mm<\/mark><\/a> \u2014 a stylish black option for 10mm strips.<\/li>\n\n\n\n<li><a href=\"https:\/\/tangooled.com\/pt\/product\/aluminum-profile-with-60-degree-lens-led-diffuser\/\"><mark style=\"background-color:rgba(0, 0, 0, 0)\" class=\"has-inline-color has-vivid-red-color\">Perfil de alum\u00ednio com lente difusora LED de 60 graus<\/mark><\/a> \u2014 for sharp, focused light beams.<\/li>\n\n\n\n<li><mark style=\"background-color:rgba(0, 0, 0, 0)\" class=\"has-inline-color has-vivid-red-color\"><a href=\"https:\/\/tangooled.com\/pt\/product\/25x14m-surface-mounted-led-light-aluminum-profile\/\">Perfil de alum\u00ednio para luz LED montado na superf\u00edcie de 25x14mm<\/a> <\/mark>\u2014 slim profile for surface lights.<\/li>\n<\/ul>\n<\/div><\/div>","protected":false},"featured_media":14716,"template":"","meta":{"_acf_changed":true,"_seopress_robots_primary_cat":"none","_seopress_titles_title":"35x35mm Pendant LED Strip Channel | Professional Inner-Layer Profile | TANGOOLED","_seopress_titles_desc":"The S3535B is a premium 35x35mm pendant led strip channel featuring a removable inner layer for easy wiring. This heavy-duty square aluminum profile is perfect for high-end office and commercial suspended lighting.","_seopress_robots_index":""},"pcb-width":[229],"product-cat":[192,194],"class_list":{"0":"post-43087","1":"product","2":"type-product","3":"status-publish","4":"has-post-thumbnail","6":"pcb-width-15-20mm","7":"product-cat-surface-led-profile","8":"product-cat-suspended-profile"},"acf":[],"_links":{"self":[{"href":"https:\/\/tangooled.com\/pt\/wp-json\/wp\/v2\/product\/43087","targetHints":{"allow":["GET"]}}],"collection":[{"href":"https:\/\/tangooled.com\/pt\/wp-json\/wp\/v2\/product"}],"about":[{"href":"https:\/\/tangooled.com\/pt\/wp-json\/wp\/v2\/types\/product"}],"wp:featuredmedia":[{"embeddable":true,"href":"https:\/\/tangooled.com\/pt\/wp-json\/wp\/v2\/media\/14716"}],"wp:attachment":[{"href":"https:\/\/tangooled.com\/pt\/wp-json\/wp\/v2\/media?parent=43087"}],"wp:term":[{"taxonomy":"pcb-width","embeddable":true,"href":"https:\/\/tangooled.com\/pt\/wp-json\/wp\/v2\/pcb-width?post=43087"},{"taxonomy":"product-cat","embeddable":true,"href":"https:\/\/tangooled.com\/pt\/wp-json\/wp\/v2\/product-cat?post=43087"}],"curies":[{"name":"wp","href":"https:\/\/api.w.org\/{rel}","templated":true}]}}