{"id":43085,"date":"2025-12-26T00:34:49","date_gmt":"2025-12-26T08:34:49","guid":{"rendered":"https:\/\/tangooled.com\/?post_type=product&#038;p=43085"},"modified":"2026-01-25T23:32:35","modified_gmt":"2026-01-26T07:32:35","slug":"s3540a-3-sided-diffuser-led-pendant-profile","status":"publish","type":"product","link":"https:\/\/tangooled.com\/pt\/product\/s3540a-3-sided-diffuser-led-pendant-profile\/","title":{"rendered":"S3540A: Perfil Linear LED Alto de 40mm com Difusor de 3 Lados"},"content":{"rendered":"<div class=\"wp-block-group is-vertical is-layout-flex wp-container-core-group-is-layout-d255d7c4 wp-block-group-is-layout-flex\" style=\"padding-top:var(--wp--preset--spacing--80);padding-bottom:var(--wp--preset--spacing--80)\">\n<p>Nosso canal de alum\u00ednio de 35x40mm, com um difusor quadrado de tr\u00eas lados, foi projetado para maximizar o brilho interior. Com 35mm de largura e 40mm de altura, a cobertura em forma de caixa permite que a luz emita tanto pela frente quanto pelas laterais, criando um brilho mais amplo e envolvente. Este perfil linear altamente adapt\u00e1vel suporta instala\u00e7\u00e3o montada em superf\u00edcie, embutida ou suspensa, tornando-o ideal para ilumina\u00e7\u00e3o arquitet\u00f4nica de alto padr\u00e3o. Ele fornece um alojamento robusto que protege suas fitas LED enquanto garante uma est\u00e9tica limpa e profissional. Ao eliminar eficazmente pontos quentes e distribuir a luz de maneira uniforme, \u00e9 uma escolha superior para espa\u00e7os residenciais ou comerciais modernos.<\/p>\n<\/div>\n\n\n\n<div class=\"wp-block-group has-background\" style=\"background-color:#f1f1f1;padding-top:var(--wp--preset--spacing--80);padding-bottom:var(--wp--preset--spacing--80)\"><div class=\"wp-block-group__inner-container is-layout-constrained wp-block-group-is-layout-constrained\">\n<div class=\"wp-block-group is-vertical is-layout-flex wp-container-core-group-is-layout-8cf370e7 wp-block-group-is-layout-flex\">\n<h2 class=\"wp-block-heading\" style=\"padding-top:var(--wp--preset--spacing--40);padding-bottom:var(--wp--preset--spacing--40);font-size:25px;font-style:normal;font-weight:600;text-transform:capitalize\">Por que voc\u00ea deve escolher nosso Perfil Linear de LED?<\/h2>\n\n\n\n<ul class=\"wp-block-list\">\n<li>A ilumina\u00e7\u00e3o de tr\u00eas lados espalha a luz ao redor, em vez de apenas para baixo.<\/li>\n\n\n\n<li>A altura do perfil fino de 40mm torna seu design elegante e moderno.<\/li>\n\n\n\n<li>Feito de um robusto perfil de alum\u00ednio extrudido que lida bem com o calor.<\/li>\n\n\n\n<li>O difusor de policarbonato opal evita ofuscamento e oculta os pontos LED.<\/li>\n\n\n\n<li>Funciona com drivers dimm\u00e1veis como DALI e dimming 0-10V.\u00a0<\/li>\n\n\n\n<li>Suporta LEDs com CRI alto 90+ para representa\u00e7\u00e3o precisa das cores.<\/li>\n<\/ul>\n<\/div>\n<\/div><\/div>\n\n\n\n<div class=\"wp-block-group is-vertical is-layout-flex wp-container-core-group-is-layout-d255d7c4 wp-block-group-is-layout-flex\" style=\"padding-top:var(--wp--preset--spacing--80);padding-bottom:var(--wp--preset--spacing--80)\">\n<hr class=\"wp-block-separator has-alpha-channel-opacity\"\/>\n\n\n\n<div class=\"wp-block-media-text has-media-on-the-right is-stacked-on-mobile\" style=\"grid-template-columns:auto 40%\"><div class=\"wp-block-media-text__content\">\n<h2 class=\"wp-block-heading\" style=\"padding-top:var(--wp--preset--spacing--40);padding-bottom:var(--wp--preset--spacing--40);font-size:25px;font-style:normal;font-weight:600;text-transform:capitalize\">Componentes &amp; Instala\u00e7\u00e3o<\/h2>\n\n\n\n<p>O canal de LED de alum\u00ednio vem com um difusor de tr\u00eas lados, tampas de metal para as extremidades, clipes de montagem e fios para pendur\u00e1-lo. Voc\u00ea pode criar a ilumina\u00e7\u00e3o linear desejada seguindo estes passos:<\/p>\n\n\n\n<ul class=\"wp-block-list\">\n<li>Corte os canais e difusores para se ajustar ao seu espa\u00e7o.<\/li>\n\n\n\n<li>Escolha as fitas LED certas com alta densidade, como COB ou 120 LEDs\/M.<\/li>\n\n\n\n<li>Use an internal driver or an external driver that can dim the lights, like 0\u201310V or DALI.<\/li>\n\n\n\n<li>Pequenas conex\u00f5es podem ser usadas para fazer comprimentos longos ou formas \u00fanicas.<\/li>\n\n\n\n<li>Use clips\u00a0to attach the channel to the surface, or use a suspension wire to hang it.<\/li>\n<\/ul>\n<\/div><figure class=\"wp-block-media-text__media\"><img loading=\"lazy\" decoding=\"async\" width=\"500\" height=\"500\" src=\"https:\/\/tangooled.com\/wp-content\/uploads\/2025\/12\/s3540a-ins.webp\" alt=\"led linear profile with three sided diffuser for pendant 40mm height\" class=\"wp-image-43385 size-full\" srcset=\"https:\/\/tangooled.com\/wp-content\/uploads\/2025\/12\/s3540a-ins.webp 500w, https:\/\/tangooled.com\/wp-content\/uploads\/2025\/12\/s3540a-ins-300x300.webp 300w, https:\/\/tangooled.com\/wp-content\/uploads\/2025\/12\/s3540a-ins-150x150.webp 150w\" sizes=\"auto, (max-width: 500px) 100vw, 500px\" \/><\/figure><\/div>\n<\/div>\n\n\n\n<div class=\"wp-block-group has-background\" style=\"background-color:#f1f1f1f2;padding-top:var(--wp--preset--spacing--80);padding-bottom:var(--wp--preset--spacing--80)\"><div class=\"wp-block-group__inner-container is-layout-constrained wp-block-group-is-layout-constrained\">\n<h2 class=\"wp-block-heading\" style=\"padding-top:var(--wp--preset--spacing--40);padding-bottom:var(--wp--preset--spacing--40);font-size:25px;font-style:normal;font-weight:600\">Como Voc\u00ea Pode Usar<\/h2>\n\n\n\n<p>Nossa lumin\u00e1ria linear suspensa pode ser usada de v\u00e1rias maneiras:<\/p>\n\n\n\n<ul class=\"wp-block-list\">\n<li>Ilumina\u00e7\u00e3o de escrit\u00f3rio: luz forte e suave para esta\u00e7\u00f5es de trabalho e salas de confer\u00eancia.<\/li>\n\n\n\n<li>Ilumina\u00e7\u00e3o para exibi\u00e7\u00e3o em lojas: \u00f3tima para mostru\u00e1rios e lojas.<\/li>\n\n\n\n<li>Pendente para ilha de cozinha: uma luz elegante para sua cozinha.<\/li>\n\n\n\n<li>\u00c1reas de hospitalidade s\u00e3o \u00f3timas para lobbies de hot\u00e9is e restaurantes.<\/li>\n\n\n\n<li>Para uso em casa: ideal para iluminar a sala de jantar e o escrit\u00f3rio em casa.<\/li>\n<\/ul>\n<\/div><\/div>\n\n\n\n<div class=\"wp-block-group\" style=\"padding-top:var(--wp--preset--spacing--80);padding-bottom:var(--wp--preset--spacing--80)\"><div class=\"wp-block-group__inner-container is-layout-constrained wp-block-group-is-layout-constrained\">\n<h2 class=\"wp-block-heading\" style=\"padding-top:var(--wp--preset--spacing--40);padding-bottom:var(--wp--preset--spacing--40);font-size:25px;font-style:normal;font-weight:600;text-transform:capitalize\">Produtos e Recursos Relacionados<\/h2>\n\n\n\n<p>Explore mais perfis de LED e difusores para se adequar aos seus projetos<\/p>\n\n\n\n<ul class=\"wp-block-list\">\n<li><a href=\"https:\/\/tangooled.com\/pt\/product\/black-led-diffuser-aluminum-channel-for-12mm-tape-lights\/\"><mark style=\"background-color:rgba(0, 0, 0, 0)\" class=\"has-inline-color has-vivid-red-color\">Canal de alum\u00ednio com difusor LED preto para luzes de fita de 12mm<\/mark><\/a><\/li>\n\n\n\n<li><a href=\"https:\/\/tangooled.com\/pt\/product\/18x9mm-led-tape-light-profile-for-surface-installation\/\"><mark style=\"background-color:rgba(0, 0, 0, 0)\" class=\"has-inline-color has-vivid-red-color\">perfil de luz LED de fita de 18x9mm para instala\u00e7\u00e3o em superf\u00edcie<\/mark><\/a><\/li>\n\n\n\n<li><a href=\"https:\/\/tangooled.com\/pt\/product\/aluminum-profile-with-60-degree-lens-led-diffuser\/\"><mark style=\"background-color:rgba(0, 0, 0, 0)\" class=\"has-inline-color has-vivid-red-color\">Perfil de alum\u00ednio com lente difusora LED de 60 graus<\/mark><\/a><\/li>\n<\/ul>\n<\/div><\/div>\n\n\n\n<div class=\"wp-block-group has-background\" style=\"background-color:#f1f1f1f2;padding-top:var(--wp--preset--spacing--80);padding-bottom:var(--wp--preset--spacing--80)\"><div class=\"wp-block-group__inner-container is-layout-constrained wp-block-group-is-layout-constrained\">\n<h2 class=\"wp-block-heading\" style=\"padding-top:var(--wp--preset--spacing--40);padding-bottom:var(--wp--preset--spacing--40);font-size:25px;font-style:normal;font-weight:600;text-transform:capitalize\">resumo<\/h2>\n\n\n\n<p style=\"padding-right:var(--wp--preset--spacing--50);padding-left:var(--wp--preset--spacing--50)\">Nosso perfil linear de LED pendente com 40mm de altura e um difusor de tr\u00eas lados tem um design moderno, funciona muito bem e \u00e9 f\u00e1cil de instalar. \u00d3timo para iluminar escrit\u00f3rios, vitrines de lojas, espa\u00e7os de trabalho estilosos e muito mais. A forma de alum\u00ednio extrudido com um difusor tri-direcional torna suas luzes brilhantes e suaves, sem ofuscamento ou pontos intensos. Para suas necessidades de ilumina\u00e7\u00e3o linear pendente, use este perfil. Voc\u00ea obt\u00e9m estilo, controle e durabilidade em um design compacto de 40mm. Entre em contato conosco hoje para pre\u00e7os ou para fazer um pedido especial!<\/p>\n<\/div><\/div>","protected":false},"featured_media":16234,"template":"","meta":{"_acf_changed":true,"_seopress_robots_primary_cat":"none","_seopress_titles_title":"S3540A 3-Sided Diffuser LED Profile | 40mm High Pendant Channel | TANGOOLED","_seopress_titles_desc":"The S3540A is a 40mm high LED linear profile featuring a three-sided diffuser for a 180\u00b0 lighting effect. Perfect for decorative pendant installations where wide light distribution is required.","_seopress_robots_index":""},"pcb-width":[230],"product-cat":[192,194],"class_list":{"0":"post-43085","1":"product","2":"type-product","3":"status-publish","4":"has-post-thumbnail","6":"pcb-width-20-25mm","7":"product-cat-surface-led-profile","8":"product-cat-suspended-profile"},"acf":[],"_links":{"self":[{"href":"https:\/\/tangooled.com\/pt\/wp-json\/wp\/v2\/product\/43085","targetHints":{"allow":["GET"]}}],"collection":[{"href":"https:\/\/tangooled.com\/pt\/wp-json\/wp\/v2\/product"}],"about":[{"href":"https:\/\/tangooled.com\/pt\/wp-json\/wp\/v2\/types\/product"}],"wp:featuredmedia":[{"embeddable":true,"href":"https:\/\/tangooled.com\/pt\/wp-json\/wp\/v2\/media\/16234"}],"wp:attachment":[{"href":"https:\/\/tangooled.com\/pt\/wp-json\/wp\/v2\/media?parent=43085"}],"wp:term":[{"taxonomy":"pcb-width","embeddable":true,"href":"https:\/\/tangooled.com\/pt\/wp-json\/wp\/v2\/pcb-width?post=43085"},{"taxonomy":"product-cat","embeddable":true,"href":"https:\/\/tangooled.com\/pt\/wp-json\/wp\/v2\/product-cat?post=43085"}],"curies":[{"name":"wp","href":"https:\/\/api.w.org\/{rel}","templated":true}]}}