{"id":43083,"date":"2025-12-26T00:28:04","date_gmt":"2025-12-26T08:28:04","guid":{"rendered":"https:\/\/tangooled.com\/?post_type=product&#038;p=43083"},"modified":"2026-01-25T23:46:47","modified_gmt":"2026-01-26T07:46:47","slug":"s3540b-curved-diffuser-35x40mm-led-channel","status":"publish","type":"product","link":"https:\/\/tangooled.com\/pt\/product\/s3540b-curved-diffuser-35x40mm-led-channel\/","title":{"rendered":"S3540B: Canal de Alum\u00ednio LED de 35x40mm com Difusor Curvado"},"content":{"rendered":"<div class=\"wp-block-group is-vertical is-layout-flex wp-container-core-group-is-layout-d255d7c4 wp-block-group-is-layout-flex\" style=\"padding-top:var(--wp--preset--spacing--80);padding-bottom:var(--wp--preset--spacing--80)\">\n<p>O canal de alum\u00ednio de 35x40 mm com difusor curvado \u00e9 projetado para fitas LED de 20 mm, real\u00e7ando qualquer espa\u00e7o com um brilho amplo e suave. A cobertura em forma de arco proporciona uma distribui\u00e7\u00e3o de luz uniforme, enquanto a largura de 35 mm e a altura de 40 mm oferecem uma s\u00f3lida prote\u00e7\u00e3o para sua ilumina\u00e7\u00e3o. Ideal para ilumina\u00e7\u00e3o linear interior, pode ser montado em superf\u00edcie, embutido ou suspenso. Esta extrus\u00e3o de alum\u00ednio garante um acabamento elegante e limpo, eliminando pontos de LED vis\u00edveis e protegendo suas fitas dentro de um canal de alum\u00ednio dur\u00e1vel.<\/p>\n<\/div>\n\n\n\n<div class=\"wp-block-group has-background\" style=\"background-color:#f1f1f1;padding-top:var(--wp--preset--spacing--80);padding-bottom:var(--wp--preset--spacing--80)\"><div class=\"wp-block-group__inner-container is-layout-constrained wp-block-group-is-layout-constrained\">\n<div class=\"wp-block-group is-vertical is-layout-flex wp-container-core-group-is-layout-8cf370e7 wp-block-group-is-layout-flex\">\n<h2 class=\"wp-block-heading\" style=\"padding-top:var(--wp--preset--spacing--40);padding-bottom:var(--wp--preset--spacing--40);font-size:25px;font-style:normal;font-weight:600;text-transform:capitalize\">Por que escolher nosso canal de alum\u00ednio de 35x40 mm?<\/h2>\n\n\n\n<ul class=\"wp-block-list\">\n<li>Feito de liga de alum\u00ednio 6063-T5 para grande resist\u00eancia e dissipa\u00e7\u00e3o de calor.<\/li>\n\n\n\n<li>Vem com um difusor opalino curvado para suavizar a luz e reduzir o brilho.<\/li>\n\n\n\n<li>Projetado para se ajustar a fitas LED flex\u00edveis de 20 mm, incluindo fitas LED de alta pot\u00eancia e COB.<\/li>\n\n\n\n<li>Preparado para montagem em superf\u00edcie ou suspens\u00e3o com clips de montagem e fios de suspens\u00e3o.<\/li>\n\n\n\n<li>Op\u00e7\u00f5es de acabamento em cores anodizadas prata, preto e branco para estilo e durabilidade.<\/li>\n\n\n\n<li>Feito para durar com materiais resistentes ao amarelecimento e \u00e0 corros\u00e3o.<\/li>\n<\/ul>\n<\/div>\n<\/div><\/div>\n\n\n\n<div class=\"wp-block-group is-vertical is-layout-flex wp-container-core-group-is-layout-d255d7c4 wp-block-group-is-layout-flex\" style=\"padding-top:var(--wp--preset--spacing--80);padding-bottom:var(--wp--preset--spacing--80)\">\n<hr class=\"wp-block-separator has-alpha-channel-opacity\"\/>\n\n\n\n<div class=\"wp-block-media-text has-media-on-the-right is-stacked-on-mobile\" style=\"grid-template-columns:auto 40%\"><div class=\"wp-block-media-text__content\">\n<h2 class=\"wp-block-heading\" style=\"padding-top:var(--wp--preset--spacing--40);padding-bottom:var(--wp--preset--spacing--40);font-size:25px;font-style:normal;font-weight:600;text-transform:capitalize\">Op\u00e7\u00f5es de Instala\u00e7\u00e3o<\/h2>\n\n\n\n<ul class=\"wp-block-list\">\n<li>Mounting on the surface:\u00a0Use the mounting clips that come with the aluminum channel to keep it in place. Great for walls, ceilings, and flat surfaces.<\/li>\n\n\n\n<li>Instala\u00e7\u00e3o de um pendant suspenso: Para pendurar o perfil de alum\u00ednio para ilumina\u00e7\u00e3o moderna pendente, use os fios de suspens\u00e3o inclu\u00eddos. Funciona bem em escrit\u00f3rios, cozinhas e lojas.<\/li>\n<\/ul>\n<\/div><figure class=\"wp-block-media-text__media\"><img loading=\"lazy\" decoding=\"async\" width=\"500\" height=\"500\" src=\"https:\/\/tangooled.com\/wp-content\/uploads\/2025\/12\/s3540b-ins.webp\" alt=\"35x40mm aluminum channel with curved diffuser for 20mm led strip\" class=\"wp-image-43376 size-full\" srcset=\"https:\/\/tangooled.com\/wp-content\/uploads\/2025\/12\/s3540b-ins.webp 500w, https:\/\/tangooled.com\/wp-content\/uploads\/2025\/12\/s3540b-ins-300x300.webp 300w, https:\/\/tangooled.com\/wp-content\/uploads\/2025\/12\/s3540b-ins-150x150.webp 150w\" sizes=\"auto, (max-width: 500px) 100vw, 500px\" \/><\/figure><\/div>\n<\/div>\n\n\n\n<div class=\"wp-block-group has-background\" style=\"background-color:#f1f1f1f2;padding-top:var(--wp--preset--spacing--80);padding-bottom:var(--wp--preset--spacing--80)\"><div class=\"wp-block-group__inner-container is-layout-constrained wp-block-group-is-layout-constrained\">\n<h2 class=\"wp-block-heading\" style=\"padding-top:var(--wp--preset--spacing--40);padding-bottom:var(--wp--preset--spacing--40);font-size:25px;font-style:normal;font-weight:600\">Aplica\u00e7\u00f5es Populares<\/h2>\n\n\n\n<ul class=\"wp-block-list\">\n<li>Ilumina\u00e7\u00e3o para empresas e escrit\u00f3rios: Luz brilhante, limpa e moderna para mesas e salas de reuni\u00e3o.<\/li>\n\n\n\n<li>Ilumina\u00e7\u00e3o de Acento Arquitet\u00f4nico: Ilumine paredes, recortes ou prateleiras de exibi\u00e7\u00e3o suavemente sem criar pontos quentes.<\/li>\n\n\n\n<li>Vitrines de Varejo: Use feixes de luz suaves e largos para chamar a aten\u00e7\u00e3o para os produtos.<\/li>\n\n\n\n<li>\u00c1reas Residenciais: Ilhas de cozinha, corredores e closets que precisam de ilumina\u00e7\u00e3o de tarefa estilosa.<\/li>\n\n\n\n<li>Ilumina\u00e7\u00e3o para hot\u00e9is e sagu\u00f5es: Fa\u00e7a o espa\u00e7o parecer acolhedor e convidativo sem brilho.<\/li>\n<\/ul>\n<\/div><\/div>\n\n\n\n<div class=\"wp-block-group\" style=\"padding-top:var(--wp--preset--spacing--80);padding-bottom:var(--wp--preset--spacing--80)\"><div class=\"wp-block-group__inner-container is-layout-constrained wp-block-group-is-layout-constrained\">\n<p>Descubra como isso se encaixa no seu projeto verificando estes produtos relacionados<\/p>\n\n\n\n<ul class=\"wp-block-list\">\n<li><a href=\"https:\/\/tangooled.com\/pt\/product\/black-led-diffuser-aluminum-channel-for-12mm-tape-lights\/\"><mark style=\"background-color:rgba(0, 0, 0, 0)\" class=\"has-inline-color has-vivid-red-color\">Canal de alum\u00ednio com difusor LED preto para luzes de fita de 12mm<\/mark><\/a><\/li>\n\n\n\n<li><a href=\"https:\/\/tangooled.com\/pt\/product\/surface-mount-30mm-led-diffuser-channel-for-two-led-strips\/\"><mark style=\"background-color:rgba(0, 0, 0, 0)\" class=\"has-inline-color has-vivid-red-color\">Canal difusor LED de 30 mm para montagem em superf\u00edcie, para duas fitas LED<\/mark><\/a><\/li>\n\n\n\n<li><a href=\"https:\/\/tangooled.com\/pt\/product\/17mm-led-strip-light-aluminum-channel-for-surface-mounting\/\"><mark style=\"background-color:rgba(0, 0, 0, 0)\" class=\"has-inline-color has-vivid-red-color\">Canal de alum\u00ednio para fita LED de 17mm para montagem em superf\u00edcie<\/mark><\/a><\/li>\n<\/ul>\n<\/div><\/div>\n\n\n\n<div class=\"wp-block-group has-background\" style=\"background-color:#f1f1f1f2;padding-top:var(--wp--preset--spacing--80);padding-bottom:var(--wp--preset--spacing--80)\"><div class=\"wp-block-group__inner-container is-layout-constrained wp-block-group-is-layout-constrained\">\n<h2 class=\"wp-block-heading\" style=\"padding-top:var(--wp--preset--spacing--40);padding-bottom:var(--wp--preset--spacing--40);font-size:25px;font-style:normal;font-weight:600\">Resumo<\/h2>\n\n\n\n<p>O canal de alum\u00ednio de 35x40 mm com difusor curvado \u00e9 um \u00f3timo perfil LED de alum\u00ednio para fitas LED de 20 mm de largura. Proporciona excelente dissipa\u00e7\u00e3o de calor, ilumina\u00e7\u00e3o sem pontos, e vem com todos os acess\u00f3rios para instala\u00e7\u00e3o em superf\u00edcie ou suspens\u00e3o. Para encontrar mais perfis LED de alum\u00ednio para outros tamanhos de fitas, visite estes links: <\/p>\n\n\n\n<ul class=\"wp-block-list\">\n<li><a href=\"https:\/\/tangooled.com\/pt\/product\/black-led-profile-with-black-diffuser-for-10mm-led-strip-light\/\"><mark style=\"background-color:rgba(0, 0, 0, 0)\" class=\"has-inline-color has-vivid-red-color\">Perfil LED preto com difusor preto para fita LED de 10mm<\/mark><\/a><\/li>\n\n\n\n<li><a href=\"https:\/\/tangooled.com\/pt\/product\/25x14m-surface-mounted-led-light-aluminum-profile\/\"><mark style=\"background-color:rgba(0, 0, 0, 0)\" class=\"has-inline-color has-vivid-red-color\">Perfil de alum\u00ednio para luz LED montado na superf\u00edcie de 25x14mm<\/mark><\/a><\/li>\n\n\n\n<li><a href=\"https:\/\/tangooled.com\/pt\/product\/led-strip-light-channel-aluminum-profile-with-diffused-cover-6mm-height\/\"><mark style=\"background-color:rgba(0, 0, 0, 0)\" class=\"has-inline-color has-vivid-red-color\">Canal de luz LED de alum\u00ednio com cobertura difusa, altura de 6 mm<\/mark><\/a><\/li>\n<\/ul>\n<\/div><\/div>","protected":false},"featured_media":16240,"template":"","meta":{"_acf_changed":true,"_seopress_robots_primary_cat":"none","_seopress_titles_title":"S3540B Curved Diffuser LED Channel | 35x40mm Aluminum Profile | TANGOOLED","_seopress_titles_desc":"The S3540B is a 35x40mm aluminum channel featuring a curved diffuser for soft, wide-angle lighting. Designed to fit up to 20mm wide LED strips, it's ideal for surface or pendant mounting.","_seopress_robots_index":""},"pcb-width":[230],"product-cat":[192,194],"class_list":{"0":"post-43083","1":"product","2":"type-product","3":"status-publish","4":"has-post-thumbnail","6":"pcb-width-20-25mm","7":"product-cat-surface-led-profile","8":"product-cat-suspended-profile"},"acf":[],"_links":{"self":[{"href":"https:\/\/tangooled.com\/pt\/wp-json\/wp\/v2\/product\/43083","targetHints":{"allow":["GET"]}}],"collection":[{"href":"https:\/\/tangooled.com\/pt\/wp-json\/wp\/v2\/product"}],"about":[{"href":"https:\/\/tangooled.com\/pt\/wp-json\/wp\/v2\/types\/product"}],"wp:featuredmedia":[{"embeddable":true,"href":"https:\/\/tangooled.com\/pt\/wp-json\/wp\/v2\/media\/16240"}],"wp:attachment":[{"href":"https:\/\/tangooled.com\/pt\/wp-json\/wp\/v2\/media?parent=43083"}],"wp:term":[{"taxonomy":"pcb-width","embeddable":true,"href":"https:\/\/tangooled.com\/pt\/wp-json\/wp\/v2\/pcb-width?post=43083"},{"taxonomy":"product-cat","embeddable":true,"href":"https:\/\/tangooled.com\/pt\/wp-json\/wp\/v2\/product-cat?post=43083"}],"curies":[{"name":"wp","href":"https:\/\/api.w.org\/{rel}","templated":true}]}}