{"id":43080,"date":"2025-12-26T00:23:15","date_gmt":"2025-12-26T08:23:15","guid":{"rendered":"https:\/\/tangooled.com\/?post_type=product&#038;p=43080"},"modified":"2026-01-25T23:53:03","modified_gmt":"2026-01-26T07:53:03","slug":"tall-diffuser-led-extrusion-profile-35x67mm","status":"publish","type":"product","link":"https:\/\/tangooled.com\/pt\/product\/tall-diffuser-led-extrusion-profile-35x67mm\/","title":{"rendered":"S3567: Extrus\u00e3o LED Quadrada de 35x67mm com Difusor Alto"},"content":{"rendered":"<div class=\"wp-block-group is-vertical is-layout-flex wp-container-core-group-is-layout-d255d7c4 wp-block-group-is-layout-flex\" style=\"padding-top:var(--wp--preset--spacing--80);padding-bottom:var(--wp--preset--spacing--80)\">\n<p>O perfil de extrus\u00e3o LED S3567 com difusor alto apresenta dimens\u00f5es gerais de 35 mm de largura por 67 mm de altura e um difusor quadrado. Ele possui um espa\u00e7o embutido para instalar fitas LED que mede 23,8 mm de largura. O tamanho grande e o difusor alto reduzem o brilho e tornam a luz muito uniforme, o que o torna \u00f3timo para \u00e1reas que precisam de ilumina\u00e7\u00e3o de \u00e2ngulo amplo, sem pontos de luz. Esta forma \u00e9 projetada principalmente para instala\u00e7\u00e3o suspensa com um exclusivo kit de cabo de suspens\u00e3o. Essa tecnologia d\u00e1 ao S3567 um visual moderno e flutuante, tornando-o uma excelente escolha para espa\u00e7os comerciais, escrit\u00f3rios e lojas com tetos altos que necessitam de ilumina\u00e7\u00e3o linear forte e arquitetonicamente limpa.<\/p>\n<\/div>\n\n\n\n<div class=\"wp-block-group has-background\" style=\"background-color:#f1f1f1;padding-top:var(--wp--preset--spacing--80);padding-bottom:var(--wp--preset--spacing--80)\"><div class=\"wp-block-group__inner-container is-layout-constrained wp-block-group-is-layout-constrained\">\n<div class=\"wp-block-group is-vertical is-layout-flex wp-container-core-group-is-layout-8cf370e7 wp-block-group-is-layout-flex\">\n<h2 class=\"wp-block-heading\" style=\"padding-top:var(--wp--preset--spacing--40);padding-bottom:var(--wp--preset--spacing--40);font-size:25px;font-style:normal;font-weight:600;text-transform:capitalize\">Por que escolher este perfil de extrus\u00e3o LED com difusor alto?<\/h2>\n\n\n\n<p>Este perfil de extrus\u00e3o LED com difusor alto \u00e9 feito de alum\u00ednio 6063-T5, que \u00e9 o melhor material para manter suas fitas LED frias e brilhantes por anos. O difusor opalino quadrado alto espalha a luz uniformemente, proporcionando ao seu equipamento uma apar\u00eancia limpa e profissional.<\/p>\n\n\n\n<ul class=\"wp-block-list\">\n<li>Funciona com fitas LED largas de at\u00e9 23&nbsp;mm para alto rendimento de l\u00famens.<\/li>\n\n\n\n<li>Pode ser montado na superf\u00edcie ou suspenso.<\/li>\n\n\n\n<li>Dispon\u00edvel em acabamentos de alum\u00ednio bruto, preto revestido ou anodizado prateado.<\/li>\n\n\n\n<li>Funciona com fitas LED COB, fitas LED de dupla fila e fabricantes renomados, incluindo Cree, Nichia e Samsung LED.<\/li>\n\n\n\n<li>Dispon\u00edvel com op\u00e7\u00f5es de tampas de extremidade, clipes de montagem e conectores lineares (que s\u00e3o oferecidos separadamente).<\/li>\n<\/ul>\n<\/div>\n<\/div><\/div>\n\n\n\n<div class=\"wp-block-group is-vertical is-layout-flex wp-container-core-group-is-layout-d255d7c4 wp-block-group-is-layout-flex\" style=\"padding-top:var(--wp--preset--spacing--80);padding-bottom:var(--wp--preset--spacing--80)\">\n<hr class=\"wp-block-separator has-alpha-channel-opacity\"\/>\n\n\n\n<div class=\"wp-block-media-text has-media-on-the-right is-stacked-on-mobile\" style=\"grid-template-columns:auto 40%\"><div class=\"wp-block-media-text__content\">\n<h2 class=\"wp-block-heading\" style=\"padding-top:var(--wp--preset--spacing--40);padding-bottom:var(--wp--preset--spacing--40);font-size:25px;font-style:normal;font-weight:600;text-transform:capitalize\">Como montar seu equipamento de LED<\/h2>\n\n\n\n<ul class=\"wp-block-list\">\n<li>Escolha o comprimento e o acabamento do perfil de extrus\u00e3o.<\/li>\n\n\n\n<li>Escolha sua fita LED, que pode ter at\u00e9 23 mm de largura, como COB, SMD 2835\/5050, dependendo de qu\u00e3o brilhante voc\u00ea quer que a luz seja.<\/li>\n\n\n\n<li>Instale o difusor opalino quadrado alto para suavizar a luz.<\/li>\n\n\n\n<li>Adicione acess\u00f3rios relacionados para montagem na superf\u00edcie ou suspens\u00e3o.<\/li>\n<\/ul>\n<\/div><figure class=\"wp-block-media-text__media\"><img loading=\"lazy\" decoding=\"async\" width=\"500\" height=\"500\" src=\"https:\/\/tangooled.com\/wp-content\/uploads\/2025\/12\/s3567-ins.webp\" alt=\"35x67mm led light extrusion profile with square tall diffuser\" class=\"wp-image-43340 size-full\" srcset=\"https:\/\/tangooled.com\/wp-content\/uploads\/2025\/12\/s3567-ins.webp 500w, https:\/\/tangooled.com\/wp-content\/uploads\/2025\/12\/s3567-ins-300x300.webp 300w, https:\/\/tangooled.com\/wp-content\/uploads\/2025\/12\/s3567-ins-150x150.webp 150w\" sizes=\"auto, (max-width: 500px) 100vw, 500px\" \/><\/figure><\/div>\n<\/div>\n\n\n\n<div class=\"wp-block-group has-background\" style=\"background-color:#f1f1f1f2;padding-top:var(--wp--preset--spacing--80);padding-bottom:var(--wp--preset--spacing--80)\"><div class=\"wp-block-group__inner-container is-layout-constrained wp-block-group-is-layout-constrained\">\n<h2 class=\"wp-block-heading\" style=\"padding-top:var(--wp--preset--spacing--40);padding-bottom:var(--wp--preset--spacing--40);font-size:25px;font-style:normal;font-weight:600;text-transform:capitalize\">Aplica\u00e7\u00f5es comuns<\/h2>\n\n\n\n<p>Este perfil de extrus\u00e3o LED de 35x67mm com difusor alto pode ser usado em muitos lugares, como:<\/p>\n\n\n\n<ul class=\"wp-block-list\">\n<li>Ilumina\u00e7\u00e3o Comercial: Luz brilhante e uniforme \u00e9 necess\u00e1ria em escrit\u00f3rios, salas de confer\u00eancia, lojas de varejo e sagu\u00f5es.<\/li>\n\n\n\n<li>Ilumina\u00e7\u00e3o para casas: ilhas de cozinha, salas de estar e escrit\u00f3rios em casa com uma extrus\u00e3o de qualidade arquitet\u00f4nica excelente.<\/li>\n\n\n\n<li>Architectural Uses: Custom feature walls, hallways, galleries, and museums that want lighting that isn&#8217;t too bright and spreads out.<\/li>\n<\/ul>\n<\/div><\/div>\n\n\n\n<div class=\"wp-block-group\" style=\"padding-top:var(--wp--preset--spacing--80);padding-bottom:var(--wp--preset--spacing--80)\"><div class=\"wp-block-group__inner-container is-layout-constrained wp-block-group-is-layout-constrained\">\n<h2 class=\"wp-block-heading\" style=\"padding-top:var(--wp--preset--spacing--40);padding-bottom:var(--wp--preset--spacing--40);font-size:25px;font-style:normal;font-weight:600;text-transform:capitalize\">Mais Produtos que Voc\u00ea Pode Gostar<\/h2>\n\n\n\n<ul class=\"wp-block-list\">\n<li>Explore nosso<mark style=\"background-color:rgba(0, 0, 0, 0)\" class=\"has-inline-color has-vivid-red-color\"> <a href=\"https:\/\/tangooled.com\/pt\/product\/black-led-profile-with-black-diffuser-for-10mm-led-strip-light\/\">Perfil LED preto com difusor preto para fita LED de 10mm<\/a><\/mark> para ilumina\u00e7\u00e3o slim e elegante.<\/li>\n\n\n\n<li>Veja o <a href=\"https:\/\/tangooled.com\/pt\/product\/surface-mount-led-profile-with-frosted-diffuser-for-10mm-rope-lights\/\"><mark style=\"background-color:rgba(0, 0, 0, 0)\" class=\"has-inline-color has-vivid-red-color\">Perfil LED de montagem de superf\u00edcie com difusor fosco para luzes de cord\u00e3o de 10mm<\/mark><\/a> para instala\u00e7\u00f5es discretas.<\/li>\n\n\n\n<li>Para fitas menores, confira o <a href=\"https:\/\/tangooled.com\/pt\/product\/18x9mm-led-tape-light-profile-for-surface-installation\/\"><mark style=\"background-color:rgba(0, 0, 0, 0)\" class=\"has-inline-color has-vivid-red-color\">perfil de luz LED de fita de 18x9mm para instala\u00e7\u00e3o em superf\u00edcie<\/mark><\/a>.<\/li>\n<\/ul>\n<\/div><\/div>\n\n\n\n<div class=\"wp-block-group\" style=\"padding-top:0;padding-bottom:0\"><div class=\"wp-block-group__inner-container is-layout-constrained wp-block-group-is-layout-constrained\">\n<p>O perfil de extrus\u00e3o LED quadrado de 35x67mm com difusor alto \u00e9 uma abordagem ideal para obter uma extrus\u00e3o de qualidade arquitet\u00f4nica sem pontos na luz. Ele pode suportar grandes fitas LED e \u00e9 adequado para usos comerciais, residenciais e arquitet\u00f4nicos.<\/p>\n<\/div><\/div>","protected":false},"featured_media":35063,"template":"","meta":{"_acf_changed":true,"_seopress_robots_primary_cat":"none","_seopress_titles_title":"Tall Diffuser LED Extrusion Profile | 35x67mm 3D Glow Aluminum Channel","_seopress_titles_desc":"The S3567 is a premium tall diffuser led extrusion profile measuring 35x67mm. Designed for a 3-sided 3D lighting effect, this square aluminum channel eliminates hotspots and creates bold, soft-glow linear accents.","_seopress_robots_index":""},"pcb-width":[230],"product-cat":[192,194],"class_list":{"0":"post-43080","1":"product","2":"type-product","3":"status-publish","4":"has-post-thumbnail","6":"pcb-width-20-25mm","7":"product-cat-surface-led-profile","8":"product-cat-suspended-profile"},"acf":[],"_links":{"self":[{"href":"https:\/\/tangooled.com\/pt\/wp-json\/wp\/v2\/product\/43080","targetHints":{"allow":["GET"]}}],"collection":[{"href":"https:\/\/tangooled.com\/pt\/wp-json\/wp\/v2\/product"}],"about":[{"href":"https:\/\/tangooled.com\/pt\/wp-json\/wp\/v2\/types\/product"}],"wp:featuredmedia":[{"embeddable":true,"href":"https:\/\/tangooled.com\/pt\/wp-json\/wp\/v2\/media\/35063"}],"wp:attachment":[{"href":"https:\/\/tangooled.com\/pt\/wp-json\/wp\/v2\/media?parent=43080"}],"wp:term":[{"taxonomy":"pcb-width","embeddable":true,"href":"https:\/\/tangooled.com\/pt\/wp-json\/wp\/v2\/pcb-width?post=43080"},{"taxonomy":"product-cat","embeddable":true,"href":"https:\/\/tangooled.com\/pt\/wp-json\/wp\/v2\/product-cat?post=43080"}],"curies":[{"name":"wp","href":"https:\/\/api.w.org\/{rel}","templated":true}]}}