{"id":43077,"date":"2025-12-26T00:19:25","date_gmt":"2025-12-26T08:19:25","guid":{"rendered":"https:\/\/tangooled.com\/?post_type=product&#038;p=43077"},"modified":"2026-01-29T23:31:36","modified_gmt":"2026-01-30T07:31:36","slug":"54x35mm-black-suspended-led-channel-quad-row-s5435","status":"publish","type":"product","link":"https:\/\/tangooled.com\/pt\/product\/54x35mm-black-suspended-led-channel-quad-row-s5435\/","title":{"rendered":"S5435: Canal LED Suspenso Preto de 54x35mm (Compat\u00edvel com Quatro Linhas)"},"content":{"rendered":"<div class=\"wp-block-group is-vertical is-layout-flex wp-container-core-group-is-layout-d255d7c4 wp-block-group-is-layout-flex\" style=\"padding-top:var(--wp--preset--spacing--80);padding-bottom:var(--wp--preset--spacing--80)\">\n<p>Procurando uma forma segura e estilosa de instalar suas tiras de LED? Nosso canal de LED preto de 54x35mm foi projetado para fornecer uma luz linear robusta e duradoura. Fabricado em liga de alum\u00ednio dur\u00e1vel e com uma largura interna de 44mm, este perfil pode acomodar at\u00e9 quatro filas de tiras de LED de 10mm dispostas em paralelo.<\/p>\n\n\n\n<p>O diagrama de aplica\u00e7\u00e3o mostra que o perfil S5435 foi projetado para instala\u00e7\u00e3o flex\u00edvel. Com clipes de montagem ocultos e fios de suspens\u00e3o, este canal de LED pode ser montado diretamente em uma superf\u00edcie ou suspenso como um pendente linear moderno. Sua adaptabilidade torna-o adequado para uma variedade de projetos arquitet\u00f4nicos.<\/p>\n<\/div>\n\n\n\n<div class=\"wp-block-group has-background\" style=\"background-color:#f1f1f1;padding-top:var(--wp--preset--spacing--80);padding-bottom:var(--wp--preset--spacing--80)\"><div class=\"wp-block-group__inner-container is-layout-constrained wp-block-group-is-layout-constrained\">\n<div class=\"wp-block-group is-vertical is-layout-flex wp-container-core-group-is-layout-8cf370e7 wp-block-group-is-layout-flex\">\n<h2 class=\"wp-block-heading\" style=\"padding-top:var(--wp--preset--spacing--40);padding-bottom:var(--wp--preset--spacing--40);font-size:25px;font-style:normal;font-weight:600;text-transform:capitalize\">Por que escolher nosso canal de LED preto suspenso de 54X35mm?<\/h2>\n\n\n\n<ul class=\"wp-block-list\">\n<li>O largo canal de alum\u00ednio foi projetado para acomodar tiras de LED em quadra, permitindo a instala\u00e7\u00e3o de at\u00e9 quatro tiras padr\u00e3o de 10mm em paralelo.<\/li>\n\n\n\n<li>Canal de alum\u00ednio resistente. Constru\u00eddo em liga de alum\u00ednio 6063-T5 de alta qualidade, este design funciona como um dissipador de calor, dissipando efetivamente o calor para aumentar a vida \u00fatil dos seus LEDs.<\/li>\n\n\n\n<li>The matte black anodized finish presents a modern, sleek look, aligning with today&#8217;s design trends.<\/li>\n\n\n\n<li>Pronto para suspens\u00e3o ou montagem: Este design \u00e9 destinado a ser suspenso no teto ou montado, usando fios de avia\u00e7\u00e3o padr\u00e3o ou clipes de montagem.<\/li>\n\n\n\n<li>Op\u00e7\u00f5es de difusor: Difusores padr\u00e3o s\u00e3o foscos, e difusores opalinos, pretos fumados podem tamb\u00e9m ser personalizados para um projeto espec\u00edfico.<\/li>\n<\/ul>\n<\/div>\n<\/div><\/div>\n\n\n\n<div class=\"wp-block-group is-vertical is-layout-flex wp-container-core-group-is-layout-d255d7c4 wp-block-group-is-layout-flex\" style=\"padding-top:var(--wp--preset--spacing--80);padding-bottom:var(--wp--preset--spacing--80)\">\n<hr class=\"wp-block-separator has-alpha-channel-opacity\"\/>\n\n\n\n<div class=\"wp-block-media-text has-media-on-the-right is-stacked-on-mobile\" style=\"grid-template-columns:auto 40%\"><div class=\"wp-block-media-text__content\">\n<h2 class=\"wp-block-heading\" style=\"padding-top:var(--wp--preset--spacing--40);padding-bottom:var(--wp--preset--spacing--40);font-size:25px;font-style:normal;font-weight:600;text-transform:capitalize\">Instala\u00e7\u00e3o F\u00e1cil e Compatibilidade<\/h2>\n\n\n\n<ul class=\"wp-block-list\">\n<li>Corte o canal de LED preto suspenso de 54X35mm para o comprimento desejado.<\/li>\n\n\n\n<li>Coloque suas tiras de LED em quadra dentro do canal.<\/li>\n\n\n\n<li>Secure the diffuser cover, regardless of its finish \u2013 frosted or smoked.<\/li>\n\n\n\n<li>Prenda as tampas de extremidade para manter a fia\u00e7\u00e3o organizada e arrumada.<\/li>\n\n\n\n<li>To suspend it from your ceiling, you&#8217;ll need to use the suspension system to achieve it.<\/li>\n\n\n\n<li>Certifique-se de que sua fonte de alimenta\u00e7\u00e3o e dimmers estejam devidamente conectados para um funcionamento suave.<\/li>\n<\/ul>\n<\/div><figure class=\"wp-block-media-text__media\"><img loading=\"lazy\" decoding=\"async\" width=\"500\" height=\"500\" src=\"https:\/\/tangooled.com\/wp-content\/uploads\/2025\/12\/s5435-installation.webp\" alt=\"suspended 54x35mm black led channel aluminum for quad row led strips\" class=\"wp-image-43337 size-full\" srcset=\"https:\/\/tangooled.com\/wp-content\/uploads\/2025\/12\/s5435-installation.webp 500w, https:\/\/tangooled.com\/wp-content\/uploads\/2025\/12\/s5435-installation-300x300.webp 300w, https:\/\/tangooled.com\/wp-content\/uploads\/2025\/12\/s5435-installation-150x150.webp 150w\" sizes=\"auto, (max-width: 500px) 100vw, 500px\" \/><\/figure><\/div>\n<\/div>\n\n\n\n<div class=\"wp-block-group has-background\" style=\"background-color:#f1f1f1f2;padding-top:var(--wp--preset--spacing--80);padding-bottom:var(--wp--preset--spacing--80)\"><div class=\"wp-block-group__inner-container is-layout-constrained wp-block-group-is-layout-constrained\">\n<h2 class=\"wp-block-heading\" style=\"padding-top:var(--wp--preset--spacing--40);padding-bottom:var(--wp--preset--spacing--40);font-size:25px;font-style:normal;font-weight:600\">Onde Us\u00e1-lo?<\/h2>\n\n\n\n<ul class=\"wp-block-list\">\n<li>Escrit\u00f3rios comerciais: Ilumine grandes salas de confer\u00eancia e \u00e1reas de escrit\u00f3rio abertas com uma ilumina\u00e7\u00e3o ampla e uniforme.<\/li>\n\n\n\n<li>Espa\u00e7os de varejo e showrooms se beneficiam em exibir mercadorias com ilumina\u00e7\u00e3o vibrante e atrativa.<\/li>\n\n\n\n<li>Residential spaces benefit greatly from these fixtures. These fixtures are ideal for kitchens, dining areas, garages, and studios \u2013 anywhere that needs robust pendant lighting.<\/li>\n\n\n\n<li>Em edif\u00edcios modernos com tetos altos, a ilumina\u00e7\u00e3o arquitet\u00f4nica e ambiental pode atuar como a principal fonte de luz ou como ilumina\u00e7\u00e3o de destaque.&nbsp;<\/li>\n\n\n\n<li>Ilumina\u00e7\u00e3o geral: Solu\u00e7\u00f5es de ilumina\u00e7\u00e3o com canal LED podem substituir tubos fluorescentes ou ser usadas em \u00e1reas que precisam de ilumina\u00e7\u00e3o ampla e uniforme.<\/li>\n<\/ul>\n<\/div><\/div>\n\n\n\n<div class=\"wp-block-group\" style=\"padding-top:var(--wp--preset--spacing--80);padding-bottom:var(--wp--preset--spacing--80)\"><div class=\"wp-block-group__inner-container is-layout-constrained wp-block-group-is-layout-constrained\">\n<h2 class=\"wp-block-heading\" style=\"padding-top:var(--wp--preset--spacing--40);padding-bottom:var(--wp--preset--spacing--40);font-size:25px;font-style:normal;font-weight:600;text-transform:capitalize\">Links Internos para Mais Solu\u00e7\u00f5es de LED<\/h2>\n\n\n\n<ul class=\"wp-block-list\">\n<li>Para configura\u00e7\u00f5es menores, verifique o <a href=\"https:\/\/tangooled.com\/pt\/product\/black-led-profile-with-black-diffuser-for-10mm-led-strip-light\/\"><mark style=\"background-color:rgba(0, 0, 0, 0)\" class=\"has-inline-color has-vivid-red-color\">perfil LED preto com difusor preto para fita de LED de 10mm<\/mark><\/a>.<\/li>\n\n\n\n<li>Precisa de uma montagem de superf\u00edcie elegante? Experimente o <mark style=\"background-color:rgba(0, 0, 0, 0)\" class=\"has-inline-color has-vivid-red-color\"><a href=\"https:\/\/tangooled.com\/pt\/product\/led-strip-light-channel-aluminum-profile-with-diffused-cover-6mm-height\/\">Canal de luz LED de alum\u00ednio com cobertura difusa, altura de 6 mm<\/a><\/mark>.<\/li>\n\n\n\n<li>Para uma ampla gama de op\u00e7\u00f5es de montagem, veja <a href=\"https:\/\/tangooled.com\/pt\/product\/black-aluminum-u-channel-profile-for-10mm-led-strips\/\"><mark style=\"background-color:rgba(0, 0, 0, 0)\" class=\"has-inline-color has-vivid-red-color\">perfil em U de alum\u00ednio preto para tiras LED de 10mm<\/mark><\/a>.<\/li>\n<\/ul>\n<\/div><\/div>\n\n\n\n<div class=\"wp-block-group has-background\" style=\"background-color:#f1f1f1f2;padding-top:var(--wp--preset--spacing--80);padding-bottom:var(--wp--preset--spacing--80)\"><div class=\"wp-block-group__inner-container is-layout-constrained wp-block-group-is-layout-constrained\">\n<h2 class=\"wp-block-heading\" style=\"padding-top:var(--wp--preset--spacing--40);padding-bottom:var(--wp--preset--spacing--40);font-size:25px;font-style:normal;font-weight:600\">Considera\u00e7\u00f5es Finais<\/h2>\n\n\n\n<p style=\"padding-right:var(--wp--preset--spacing--50);padding-left:var(--wp--preset--spacing--50)\">Nosso canal de LED preto suspenso de 54x35mm \u00e9 uma solu\u00e7\u00e3o ideal para exibir tiras de LED em quadra. Proporciona uma experi\u00eancia de ilumina\u00e7\u00e3o linear limpa e esteticamente agrad\u00e1vel. Al\u00e9m disso, o acabamento preto fosco confere um toque moderno. Utilize-o suspenso para adicionar uma ilumina\u00e7\u00e3o brilhante e expansiva a qualquer local que necessite de excelente ilumina\u00e7\u00e3o.<\/p>\n<\/div><\/div>","protected":false},"featured_media":33400,"template":"","meta":{"_acf_changed":true,"_seopress_robots_primary_cat":"none","_seopress_titles_title":"54x35mm Black LED Channel | Wide Suspended Quad-Row Profile","_seopress_titles_desc":"This 54x35mm black led channel is designed for quad-row LED strips. Perfect for high-output suspended lighting in large offices and retail spaces, this wide aluminum profile ensures superior heat dissipation.","_seopress_robots_index":""},"pcb-width":[232],"product-cat":[192,194],"class_list":{"0":"post-43077","1":"product","2":"type-product","3":"status-publish","4":"has-post-thumbnail","6":"pcb-width-35-45mm","7":"product-cat-surface-led-profile","8":"product-cat-suspended-profile"},"acf":[],"_links":{"self":[{"href":"https:\/\/tangooled.com\/pt\/wp-json\/wp\/v2\/product\/43077","targetHints":{"allow":["GET"]}}],"collection":[{"href":"https:\/\/tangooled.com\/pt\/wp-json\/wp\/v2\/product"}],"about":[{"href":"https:\/\/tangooled.com\/pt\/wp-json\/wp\/v2\/types\/product"}],"wp:featuredmedia":[{"embeddable":true,"href":"https:\/\/tangooled.com\/pt\/wp-json\/wp\/v2\/media\/33400"}],"wp:attachment":[{"href":"https:\/\/tangooled.com\/pt\/wp-json\/wp\/v2\/media?parent=43077"}],"wp:term":[{"taxonomy":"pcb-width","embeddable":true,"href":"https:\/\/tangooled.com\/pt\/wp-json\/wp\/v2\/pcb-width?post=43077"},{"taxonomy":"product-cat","embeddable":true,"href":"https:\/\/tangooled.com\/pt\/wp-json\/wp\/v2\/product-cat?post=43077"}],"curies":[{"name":"wp","href":"https:\/\/api.w.org\/{rel}","templated":true}]}}