{"id":43075,"date":"2025-12-26T00:14:20","date_gmt":"2025-12-26T08:14:20","guid":{"rendered":"https:\/\/tangooled.com\/?post_type=product&#038;p=43075"},"modified":"2026-01-26T00:27:33","modified_gmt":"2026-01-26T08:27:33","slug":"50x70mm-white-led-linear-suspension-profile-s5470","status":"publish","type":"product","link":"https:\/\/tangooled.com\/pt\/product\/50x70mm-white-led-linear-suspension-profile-s5470\/","title":{"rendered":"Perfil LED Branco de 50x70mm para Ilumina\u00e7\u00e3o Suspensa Linear"},"content":{"rendered":"<div class=\"wp-block-group is-vertical is-layout-flex wp-container-core-group-is-layout-d255d7c4 wp-block-group-is-layout-flex\" style=\"padding-top:var(--wp--preset--spacing--80);padding-bottom:var(--wp--preset--spacing--80)\">\n<p>O nosso perfil LED branco de 54x70mm \u00e9 projetado para aplica\u00e7\u00f5es profissionais de ilumina\u00e7\u00e3o linear, oferecendo op\u00e7\u00f5es de instala\u00e7\u00e3o suspensa e de superf\u00edcie (como mostrado). As suas dimens\u00f5es totais s\u00e3o 54 mm de largura por 76 mm de altura.<\/p>\n\n\n\n<p>O design estrutural apresenta um canal principal que acomoda as tiras LED e uma cavidade inferior integrada. Esta c\u00e2mara especial \u00e9 projetada para esconder de forma segura e discreta os drivers LED ou fontes de alimenta\u00e7\u00e3o, garantindo que n\u00e3o haja fios vis\u00edveis. Um difusor opalino de alta transmiss\u00e3o se adapta \u00e0 fonte LED para suavizar a luz, eliminando pontos e garantindo uniformidade.<\/p>\n\n\n\n<p>O perfil \u00e9 feito de alum\u00ednio de alta qualidade, o que o torna mais eficaz na gest\u00e3o do calor. O S5476 \u00e9 uma excelente escolha para grandes escrit\u00f3rios e espa\u00e7os comerciais que necessitam de ilumina\u00e7\u00e3o forte, elegante e bem integrada.<\/p>\n<\/div>\n\n\n\n<div class=\"wp-block-group has-background\" style=\"background-color:#f1f1f1;padding-top:var(--wp--preset--spacing--80);padding-bottom:var(--wp--preset--spacing--80)\"><div class=\"wp-block-group__inner-container is-layout-constrained wp-block-group-is-layout-constrained\">\n<div class=\"wp-block-group is-vertical is-layout-flex wp-container-core-group-is-layout-8cf370e7 wp-block-group-is-layout-flex\">\n<h2 class=\"wp-block-heading\" style=\"padding-top:var(--wp--preset--spacing--40);padding-bottom:var(--wp--preset--spacing--40);font-size:25px;font-style:normal;font-weight:600;text-transform:capitalize\">Por que escolher este perfil LED?<\/h2>\n\n\n\n<ul class=\"wp-block-list\">\n<li>Forte dissipador de calor: O design e o corpo de alum\u00ednio mant\u00eam as tiras LED frescas por mais tempo.<\/li>\n\n\n\n<li>Ilumina\u00e7\u00e3o sem pontos: O difusor opalino elimina pontos quentes, tornando a luz suave e confort\u00e1vel.<\/li>\n\n\n\n<li>\u2022Simple to put together: It comes with mounting clips and suspension kits for easy setup.<\/li>\n\n\n\n<li>Design flex\u00edvel: Use em escrit\u00f3rios, resid\u00eancias, lojas de varejo ou locais de hospitalidade.<\/li>\n\n\n\n<li>Comprimentos personalizados: Voc\u00ea pode cortar ou pedir o comprimento certo para qualquer projeto.<\/li>\n<\/ul>\n<\/div>\n<\/div><\/div>\n\n\n\n<div class=\"wp-block-group is-vertical is-layout-flex wp-container-core-group-is-layout-d255d7c4 wp-block-group-is-layout-flex\" style=\"padding-top:var(--wp--preset--spacing--80);padding-bottom:var(--wp--preset--spacing--80)\">\n<hr class=\"wp-block-separator has-alpha-channel-opacity\"\/>\n\n\n\n<div class=\"wp-block-media-text has-media-on-the-right is-stacked-on-mobile\" style=\"grid-template-columns:auto 40%\"><div class=\"wp-block-media-text__content\">\n<h2 class=\"wp-block-heading\" style=\"padding-top:var(--wp--preset--spacing--40);padding-bottom:var(--wp--preset--spacing--40);font-size:25px;font-style:normal;font-weight:600;text-transform:capitalize\">Onde usar o perfil LED branco de 50x70mm?<\/h2>\n\n\n\n<ul class=\"wp-block-list\">\n<li>Escrit\u00f3rios: Ilumina\u00e7\u00e3o linear que fica acima de mesas e salas de confer\u00eancias.<\/li>\n\n\n\n<li>Varejo: Ilumina\u00e7\u00e3o brilhante e uniforme para exibi\u00e7\u00f5es e mercadorias.<\/li>\n\n\n\n<li>Cozinhas: Uma luz pendente acima das ilhas e bancadas.<\/li>\n\n\n\n<li>Locais p\u00fablicos: Hot\u00e9is, galerias e lobbies com ilumina\u00e7\u00e3o moderna e sofisticada.<\/li>\n\n\n\n<li>Resid\u00eancias: salas de estar, salas de jantar e escrit\u00f3rios em casa.<\/li>\n<\/ul>\n<\/div><figure class=\"wp-block-media-text__media\"><img loading=\"lazy\" decoding=\"async\" width=\"500\" height=\"500\" src=\"https:\/\/tangooled.com\/wp-content\/uploads\/2025\/12\/s5476-ins.webp\" alt=\"50x70mm white led profile for led linear suspension\" class=\"wp-image-43327 size-full\" srcset=\"https:\/\/tangooled.com\/wp-content\/uploads\/2025\/12\/s5476-ins.webp 500w, https:\/\/tangooled.com\/wp-content\/uploads\/2025\/12\/s5476-ins-300x300.webp 300w, https:\/\/tangooled.com\/wp-content\/uploads\/2025\/12\/s5476-ins-150x150.webp 150w\" sizes=\"auto, (max-width: 500px) 100vw, 500px\" \/><\/figure><\/div>\n<\/div>\n\n\n\n<div class=\"wp-block-group has-background\" style=\"background-color:#f1f1f1f2;padding-top:var(--wp--preset--spacing--80);padding-bottom:var(--wp--preset--spacing--80)\"><div class=\"wp-block-group__inner-container is-layout-constrained wp-block-group-is-layout-constrained\">\n<h2 class=\"wp-block-heading\" style=\"padding-top:var(--wp--preset--spacing--40);padding-bottom:var(--wp--preset--spacing--40);font-size:25px;font-style:normal;font-weight:600\">O que vem com o perfil?<\/h2>\n\n\n\n<ul class=\"wp-block-list\">\n<li>1x Perfil LED em Alum\u00ednio (2,5m ou comprimento personalizado)<\/li>\n\n\n\n<li>1 Tampa Difusora Opalina<\/li>\n\n\n\n<li>Duas tampas de metal<\/li>\n\n\n\n<li>Kits de fio de suspens\u00e3o<\/li>\n<\/ul>\n<\/div><\/div>\n\n\n\n<div class=\"wp-block-group\" style=\"padding-top:var(--wp--preset--spacing--80);padding-bottom:var(--wp--preset--spacing--80)\"><div class=\"wp-block-group__inner-container is-layout-constrained wp-block-group-is-layout-constrained\">\n<h2 class=\"wp-block-heading\" style=\"padding-top:var(--wp--preset--spacing--40);padding-bottom:var(--wp--preset--spacing--40);font-size:25px;font-style:normal;font-weight:600;text-transform:capitalize\">Produtos Relacionados Que Voc\u00ea Pode Gostar<\/h2>\n\n\n\n<ul class=\"wp-block-list\">\n<li><a href=\"https:\/\/tangooled.com\/pt\/product\/black-led-profile-with-black-diffuser-for-10mm-led-strip-light\/\"><mark style=\"background-color:rgba(0, 0, 0, 0)\" class=\"has-inline-color has-vivid-red-color\">Perfil LED preto com difusor preto para fita LED de 10mm<\/mark><\/a>-Um canal preto slim para tiras LED menores.<\/li>\n\n\n\n<li><a href=\"https:\/\/tangooled.com\/pt\/product\/surface-mount-led-profile-with-frosted-diffuser-for-10mm-rope-lights\/\"><mark style=\"background-color:rgba(0, 0, 0, 0)\" class=\"has-inline-color has-vivid-red-color\">Perfil LED de montagem de superf\u00edcie com difusor fosco para luzes de cord\u00e3o de 10mm<\/mark><\/a> \u2013 Great for surface-mounted LED lights.<\/li>\n\n\n\n<li><a href=\"https:\/\/tangooled.com\/pt\/product\/led-strip-light-channel-aluminum-profile-with-diffused-cover-6mm-height\/\"><mark style=\"background-color:rgba(0, 0, 0, 0)\" class=\"has-inline-color has-vivid-red-color\">Canal de luz LED de alum\u00ednio com cobertura difusa, altura de 6 mm<\/mark><\/a> \u2013 Low height extrusion for narrow LED strips.<\/li>\n\n\n\n<li><a href=\"https:\/\/tangooled.com\/pt\/product\/22mm-surface-led-aluminum-strip-channel-with-opal-diffuser\/\"><mark style=\"background-color:rgba(0, 0, 0, 0)\" class=\"has-inline-color has-vivid-red-color\">Canal de alum\u00ednio LED de superf\u00edcie de 22 mm com difusor opalino<\/mark><\/a> \u2013 For slim line lighting with smooth light output.<\/li>\n<\/ul>\n<\/div><\/div>\n\n\n\n<div class=\"wp-block-group has-background\" style=\"background-color:#f1f1f1f2;padding-top:var(--wp--preset--spacing--80);padding-bottom:var(--wp--preset--spacing--80)\"><div class=\"wp-block-group__inner-container is-layout-constrained wp-block-group-is-layout-constrained\">\n<h2 class=\"wp-block-heading\" style=\"padding-top:var(--wp--preset--spacing--40);padding-bottom:var(--wp--preset--spacing--40);font-size:25px;font-style:normal;font-weight:600\">Resumo<\/h2>\n\n\n\n<p style=\"padding-right:var(--wp--preset--spacing--50);padding-left:var(--wp--preset--spacing--50)\">The 50x70mm white LED profile for LED linear suspension is a great choice for today&#8217;s lighting needs. It works well with wide LED strips, producing professional, dotless light, and features a clean, white look that complements a variety of different styles. This profile helps you create smooth, bright, and attractive LED lights, whether you want to illuminate an office, kitchen, or store.<\/p>\n<\/div><\/div>","protected":false},"featured_media":16254,"template":"","meta":{"_acf_changed":true,"_seopress_robots_primary_cat":"none","_seopress_titles_title":"50x70mm White LED Profile | Linear Suspension Channel | TANGOOLED","_seopress_titles_desc":"The S5467 is a robust 50x70mm white led profile designed for professional suspension lighting. With its 70mm deep housing, it provides flawless diffusion and ample space for internal drivers. Perfect for office and retail interiors.","_seopress_robots_index":""},"pcb-width":[232],"product-cat":[192,194],"class_list":{"0":"post-43075","1":"product","2":"type-product","3":"status-publish","4":"has-post-thumbnail","6":"pcb-width-35-45mm","7":"product-cat-surface-led-profile","8":"product-cat-suspended-profile"},"acf":[],"_links":{"self":[{"href":"https:\/\/tangooled.com\/pt\/wp-json\/wp\/v2\/product\/43075","targetHints":{"allow":["GET"]}}],"collection":[{"href":"https:\/\/tangooled.com\/pt\/wp-json\/wp\/v2\/product"}],"about":[{"href":"https:\/\/tangooled.com\/pt\/wp-json\/wp\/v2\/types\/product"}],"wp:featuredmedia":[{"embeddable":true,"href":"https:\/\/tangooled.com\/pt\/wp-json\/wp\/v2\/media\/16254"}],"wp:attachment":[{"href":"https:\/\/tangooled.com\/pt\/wp-json\/wp\/v2\/media?parent=43075"}],"wp:term":[{"taxonomy":"pcb-width","embeddable":true,"href":"https:\/\/tangooled.com\/pt\/wp-json\/wp\/v2\/pcb-width?post=43075"},{"taxonomy":"product-cat","embeddable":true,"href":"https:\/\/tangooled.com\/pt\/wp-json\/wp\/v2\/product-cat?post=43075"}],"curies":[{"name":"wp","href":"https:\/\/api.w.org\/{rel}","templated":true}]}}