{"id":42674,"date":"2025-12-23T06:44:02","date_gmt":"2025-12-23T14:44:02","guid":{"rendered":"https:\/\/tangooled.com\/?post_type=product&#038;p=42674"},"modified":"2026-01-27T23:00:39","modified_gmt":"2026-01-28T07:00:39","slug":"recessed-linear-drywall-led-profile-10mm-dwp26","status":"publish","type":"product","link":"https:\/\/tangooled.com\/pt\/product\/recessed-linear-drywall-led-profile-10mm-dwp26\/","title":{"rendered":"Perfil de fita LED DWP26 embutido em linear"},"content":{"rendered":"<div class=\"wp-block-group is-vertical is-layout-flex wp-container-core-group-is-layout-d255d7c4 wp-block-group-is-layout-flex\" style=\"padding-top:var(--wp--preset--spacing--80);padding-bottom:var(--wp--preset--spacing--80)\">\n<p>Our recessed DWP26 linear down drywall LED profile is made to hold 10mm LED strips safely. This recessed down lighting linear profile\u00a0is perfect for making sleek, modern lines of light in homes and businesses. Featuring a 38.5mm width and 52mm height with a 12.8mm internal channel, it is engineered for installation into vertical drywall. With its 20.8mm flange, it fits well against ceilings or shelves, letting the light shine down for a clean, trimless vertical wall-wash appearance.<\/p>\n<\/div>\n\n\n\n<div class=\"wp-block-group has-background is-vertical is-layout-flex wp-container-core-group-is-layout-d255d7c4 wp-block-group-is-layout-flex\" style=\"background-color:#f1f1f1;padding-top:var(--wp--preset--spacing--80);padding-bottom:var(--wp--preset--spacing--80)\">\n<div class=\"wp-block-group is-vertical is-layout-flex wp-container-core-group-is-layout-8cf370e7 wp-block-group-is-layout-flex\">\n<h2 class=\"wp-block-heading\" style=\"padding-top:var(--wp--preset--spacing--40);padding-bottom:var(--wp--preset--spacing--40);font-size:25px;font-style:normal;font-weight:600;text-transform:capitalize\">Por que escolher nosso perfil de drywall linear embutido LED?<\/h2>\n\n\n\n<ul class=\"wp-block-list\">\n<li>Funciona bem com fitas LED de 10mm, como SMD 5050, 3528, COB e fitas RGB.<\/li>\n\n\n\n<li>Feito de robusto alum\u00ednio anodizado 6063-T5, que \u00e9 um excelente dissipador de calor, mantendo os LEDs frios para que durem mais.&nbsp;<\/li>\n\n\n\n<li>Apresenta uma cobertura difusora fosca que torna a luz brilhante e suave, sem pontos ou zonas quentes.&nbsp;<\/li>\n\n\n\n<li>F\u00e1cil de instalar e pode ser cortado para se ajustar \u00e0 sua \u00e1rea.<\/li>\n\n\n\n<li>O design embutido ou sem moldura faz com que suas luzes pare\u00e7am bonitas e como se fossem embutidas.&nbsp;<\/li>\n\n\n\n<li>Vem com tampas de extremidade para um acabamento limpo.<\/li>\n<\/ul>\n<\/div>\n<\/div>\n\n\n\n<div class=\"wp-block-group is-vertical is-layout-flex wp-container-core-group-is-layout-d255d7c4 wp-block-group-is-layout-flex\" style=\"padding-top:var(--wp--preset--spacing--80);padding-bottom:var(--wp--preset--spacing--80)\">\n<hr class=\"wp-block-separator has-alpha-channel-opacity\"\/>\n\n\n\n<div class=\"wp-block-media-text has-media-on-the-right is-stacked-on-mobile\" style=\"grid-template-columns:auto 40%\"><div class=\"wp-block-media-text__content\">\n<h2 class=\"wp-block-heading\" style=\"padding-top:var(--wp--preset--spacing--40);padding-bottom:var(--wp--preset--spacing--40);font-size:25px;font-style:normal;font-weight:600;text-transform:capitalize\">Dicas de Instala\u00e7\u00e3o<\/h2>\n\n\n\n<ul class=\"wp-block-list\">\n<li>Fa\u00e7a um slot ou canal na drywall ou madeira para o perfil.<\/li>\n\n\n\n<li>Use parafusos para fixar a extrus\u00e3o de alum\u00ednio no lugar no canal.<\/li>\n\n\n\n<li>Coloque sua fita LED de 10mm dentro do perfil.<\/li>\n\n\n\n<li>Para preservar a fita e suavizar a luz, encaixe a cobertura difusora opala no lugar.<\/li>\n\n\n\n<li>Feche o canal com as tampas de extremidade para um visual organizado.<\/li>\n\n\n\n<li>Para acabamentos sem moldura que s\u00e3o embutidos, coloque composto para juntas sobre a flange, depois lixe e pinte para deixar as bordas suaves.<\/li>\n<\/ul>\n<\/div><figure class=\"wp-block-media-text__media\"><img loading=\"lazy\" decoding=\"async\" width=\"500\" height=\"500\" src=\"https:\/\/tangooled.com\/wp-content\/uploads\/2025\/12\/dwp26-ins.webp\" alt=\"recessed linear down lighting led strip profile for 10mm led strip\" class=\"wp-image-43071 size-full\" srcset=\"https:\/\/tangooled.com\/wp-content\/uploads\/2025\/12\/dwp26-ins.webp 500w, https:\/\/tangooled.com\/wp-content\/uploads\/2025\/12\/dwp26-ins-300x300.webp 300w, https:\/\/tangooled.com\/wp-content\/uploads\/2025\/12\/dwp26-ins-150x150.webp 150w\" sizes=\"auto, (max-width: 500px) 100vw, 500px\" \/><\/figure><\/div>\n<\/div>\n\n\n\n<div class=\"wp-block-group has-background\" style=\"background-color:#f1f1f1f2;padding-top:var(--wp--preset--spacing--80);padding-bottom:var(--wp--preset--spacing--80)\"><div class=\"wp-block-group__inner-container is-layout-constrained wp-block-group-is-layout-constrained\">\n<h2 class=\"wp-block-heading\" style=\"padding-top:var(--wp--preset--spacing--40);padding-bottom:var(--wp--preset--spacing--40);font-size:25px;font-style:normal;font-weight:600\">Aplica\u00e7\u00f5es Perfeitas para o Perfil de Ilumina\u00e7\u00e3o Linear Embutido<\/h2>\n\n\n\n<ul class=\"wp-block-list\">\n<li>A ilumina\u00e7\u00e3o embutida em paredes d\u00e1 \u00e0s salas de estar ou escrit\u00f3rios um visual moderno.<\/li>\n\n\n\n<li>Ilumina\u00e7\u00e3o de cove cria luz ao redor de tetos ou paredes que \u00e9 suave e agrad\u00e1vel.<\/li>\n\n\n\n<li>Retail and display lighting\u2014give things a smooth, linear glow to make them stand out.<\/li>\n\n\n\n<li>Ilumina\u00e7\u00e3o em lobbies de hot\u00e9is e escrit\u00f3rios proporciona um visual mais polido e profissional.<\/li>\n<\/ul>\n<\/div><\/div>\n\n\n\n<div class=\"wp-block-group is-vertical is-layout-flex wp-container-core-group-is-layout-d255d7c4 wp-block-group-is-layout-flex\" style=\"padding-top:var(--wp--preset--spacing--80);padding-bottom:var(--wp--preset--spacing--80)\">\n<h2 class=\"wp-block-heading\" style=\"padding-top:var(--wp--preset--spacing--40);padding-bottom:var(--wp--preset--spacing--40);font-size:25px;font-style:normal;font-weight:600;text-transform:capitalize\">Produtos Relacionados Que Voc\u00ea Pode Gostar<\/h2>\n\n\n\n<ul class=\"wp-block-list\">\n<li><a href=\"https:\/\/tangooled.com\/pt\/product\/black-led-profile-with-black-diffuser-for-10mm-led-strip-light\/\"><mark style=\"background-color:rgba(0, 0, 0, 0)\" class=\"has-inline-color has-vivid-red-color\">Perfil LED preto com difusor preto para fita LED de 10mm<\/mark><\/a> \u2014 great for dark, modern interiors.<\/li>\n\n\n\n<li><a href=\"https:\/\/tangooled.com\/pt\/product\/led-strip-light-channel-aluminum-profile-with-diffused-cover-6mm-height\/\"><mark style=\"background-color:rgba(0, 0, 0, 0)\" class=\"has-inline-color has-vivid-red-color\">Perfil de canal de luz de fita LED de alum\u00ednio com cobertura difusora de 6mm de altura<\/mark><\/a> \u2014 slim and low-profile option.<\/li>\n\n\n\n<li><a href=\"https:\/\/tangooled.com\/pt\/product\/25x6mm-low-profile-led-strip-channel-for-10mm-led-strip-light\/\"><mark style=\"background-color:rgba(0, 0, 0, 0)\" class=\"has-inline-color has-vivid-red-color\">canal de LED de perfil baixo 25x6mm para fita LED de 10mm <\/mark><\/a>\u2014 very slim for tight spaces.<\/li>\n\n\n\n<li><a href=\"https:\/\/tangooled.com\/pt\/product\/recessed-led-aluminum-profile-up-and-down-lighting-channel-for-cabinet\/\"><mark style=\"background-color:rgba(0, 0, 0, 0)\" class=\"has-inline-color has-vivid-red-color\">Perfil de alum\u00ednio LED embutido para ilumina\u00e7\u00e3o superior e inferior para arm\u00e1rios<\/mark> <\/a>\u2014 dual-direction lighting option.<\/li>\n<\/ul>\n<\/div>\n\n\n\n<div class=\"wp-block-group\" style=\"padding-top:0;padding-bottom:0\"><div class=\"wp-block-group__inner-container is-layout-constrained wp-block-group-is-layout-constrained\">\n<p>Este perfil de ilumina\u00e7\u00e3o linear embutida para fita LED de 10mm fornecer\u00e1 uma ilumina\u00e7\u00e3o limpa, eficiente e duradoura. Combina os melhores componentes de extrus\u00e3o de alum\u00ednio, dissipa\u00e7\u00e3o de calor e difus\u00e3o de luz para criar uma ilumina\u00e7\u00e3o de qualidade profissional que parece limpa e simples.<\/p>\n<\/div><\/div>\n\n\n\n<p style=\"font-size:20px\"><\/p>\n\n\n\n<p><\/p>","protected":false},"featured_media":13980,"template":"","meta":{"_acf_changed":true,"_seopress_robots_primary_cat":"none","_seopress_titles_title":"Recessed Linear Drywall LED Profile | 10mm Strip Channel DWP26","_seopress_titles_desc":"The DWP26 is a standard recessed linear drywall led profile optimized for 10mm led strips. Achieve a clean, trimless linear light finish in ceilings and walls with this aluminum channel.","_seopress_robots_index":""},"pcb-width":[228],"product-cat":[197],"class_list":{"0":"post-42674","1":"product","2":"type-product","3":"status-publish","4":"has-post-thumbnail","6":"pcb-width-6-12mm","7":"product-cat-plaster-in-profile"},"acf":[],"_links":{"self":[{"href":"https:\/\/tangooled.com\/pt\/wp-json\/wp\/v2\/product\/42674","targetHints":{"allow":["GET"]}}],"collection":[{"href":"https:\/\/tangooled.com\/pt\/wp-json\/wp\/v2\/product"}],"about":[{"href":"https:\/\/tangooled.com\/pt\/wp-json\/wp\/v2\/types\/product"}],"wp:featuredmedia":[{"embeddable":true,"href":"https:\/\/tangooled.com\/pt\/wp-json\/wp\/v2\/media\/13980"}],"wp:attachment":[{"href":"https:\/\/tangooled.com\/pt\/wp-json\/wp\/v2\/media?parent=42674"}],"wp:term":[{"taxonomy":"pcb-width","embeddable":true,"href":"https:\/\/tangooled.com\/pt\/wp-json\/wp\/v2\/pcb-width?post=42674"},{"taxonomy":"product-cat","embeddable":true,"href":"https:\/\/tangooled.com\/pt\/wp-json\/wp\/v2\/product-cat?post=42674"}],"curies":[{"name":"wp","href":"https:\/\/api.w.org\/{rel}","templated":true}]}}