{"id":42672,"date":"2025-12-23T06:36:42","date_gmt":"2025-12-23T14:36:42","guid":{"rendered":"https:\/\/tangooled.com\/?post_type=product&#038;p=42672"},"modified":"2026-02-01T23:03:01","modified_gmt":"2026-02-02T07:03:01","slug":"side-and-down-cornice-valance-lighting-led-channel","status":"publish","type":"product","link":"https:\/\/tangooled.com\/pt\/product\/side-and-down-cornice-valance-lighting-led-channel\/","title":{"rendered":"Ilumina\u00e7\u00e3o de cornisas laterais e inferiores LED"},"content":{"rendered":"<div class=\"wp-block-group is-vertical is-layout-flex wp-container-core-group-is-layout-d255d7c4 wp-block-group-is-layout-flex\" style=\"padding-top:var(--wp--preset--spacing--80);padding-bottom:var(--wp--preset--spacing--80)\">\n<p>Ilumine seu espa\u00e7o com nosso canal de LED TG-DWP25 para cortinas de luz laterais e inferiores. Este elegante canal de LED em alum\u00ednio \u00e9 projetado especificamente para iluminar cantos onde o teto encontra a parede. Medindo 50mm de largura por 50mm de altura, ele se adapta perfeitamente a duas fitas de LED de at\u00e9 10mm de largura (cada uma em seu canal interno de 10.3mm). Uma fita emite luz para cima em dire\u00e7\u00e3o ao teto, enquanto a outra emite luz para baixo na parede, criando uma luz suave e aconchegante que faz os ambientes parecerem maiores e mais felizes. A luz \u00e9 uniforme, pois possui uma cobertura difusora fosca. \u00c9 feito de alum\u00ednio anodizado 6063-T5 dur\u00e1vel. Este canal \u00e9 f\u00e1cil de cortar no tamanho desejado e esconde bem os fios, conferindo um visual profissional ao seu projeto.<\/p>\n<\/div>\n\n\n\n<div class=\"wp-block-group has-background\" style=\"background-color:#f1f1f1;padding-top:var(--wp--preset--spacing--80);padding-bottom:var(--wp--preset--spacing--80)\"><div class=\"wp-block-group__inner-container is-layout-constrained wp-block-group-is-layout-constrained\">\n<div class=\"wp-block-group is-vertical is-layout-flex wp-container-core-group-is-layout-8cf370e7 wp-block-group-is-layout-flex\">\n<h2 class=\"wp-block-heading\" style=\"padding-top:var(--wp--preset--spacing--40);padding-bottom:var(--wp--preset--spacing--40);font-size:25px;font-style:normal;font-weight:600;text-transform:capitalize\">Por que escolher este perfil de LED para cortinas laterais e inferiores?<\/h2>\n\n\n\n<ul class=\"wp-block-list\">\n<li>Ilumina\u00e7\u00e3o em duas dire\u00e7\u00f5es: emite luz suave tanto para cima quanto para baixo.<\/li>\n\n\n\n<li>Design arquitet\u00f4nico: Quando usado em cantos, aparenta ser limpo e moderno.<\/li>\n\n\n\n<li>F\u00e1cil de instalar: Basta parafus\u00e1-lo no canto, adicionar suas fitas de LED e encaixar o difusor.<\/li>\n\n\n\n<li>Dur\u00e1vel e forte: O alum\u00ednio \u00e9 um excelente dissipador de calor que mant\u00e9m seus LEDs seguros.<\/li>\n\n\n\n<li>Este item funciona muito bem em casas modernas, hot\u00e9is, escrit\u00f3rios e outros ambientes de design interior.<\/li>\n<\/ul>\n<\/div>\n<\/div><\/div>\n\n\n\n<div class=\"wp-block-group is-vertical is-layout-flex wp-container-core-group-is-layout-d255d7c4 wp-block-group-is-layout-flex\" style=\"padding-top:var(--wp--preset--spacing--80);padding-bottom:var(--wp--preset--spacing--80)\">\n<hr class=\"wp-block-separator has-alpha-channel-opacity\"\/>\n\n\n\n<div class=\"wp-block-media-text has-media-on-the-right is-stacked-on-mobile\" style=\"grid-template-columns:auto 40%\"><div class=\"wp-block-media-text__content\">\n<h2 class=\"wp-block-heading\" style=\"padding-top:var(--wp--preset--spacing--40);padding-bottom:var(--wp--preset--spacing--40);font-size:25px;font-style:normal;font-weight:600;text-transform:capitalize\">Como configurar<\/h2>\n\n\n\n<ul class=\"wp-block-list\">\n<li>Descubra o comprimento do canto que deseja iluminar.<\/li>\n\n\n\n<li>Corte o canal de alum\u00ednio e o difusor para se ajustarem.<\/li>\n\n\n\n<li>Use parafusos para prender o canal no canto entre o teto e a parede.<\/li>\n\n\n\n<li>Coloque suas fitas de LED nos dois trilhos.<\/li>\n\n\n\n<li>Coloque os difusores foscos para suavizar a luz.<\/li>\n\n\n\n<li>Conecte o fio a uma fonte de alimenta\u00e7\u00e3o de 24V DC e a um dimmer, se necess\u00e1rio.<\/li>\n<\/ul>\n<\/div><figure class=\"wp-block-media-text__media\"><img loading=\"lazy\" decoding=\"async\" width=\"500\" height=\"500\" src=\"https:\/\/tangooled.com\/wp-content\/uploads\/2025\/12\/dwp25-ins.webp\" alt=\"side and down cornice valance lighting led channel\" class=\"wp-image-43068 size-full\" srcset=\"https:\/\/tangooled.com\/wp-content\/uploads\/2025\/12\/dwp25-ins.webp 500w, https:\/\/tangooled.com\/wp-content\/uploads\/2025\/12\/dwp25-ins-300x300.webp 300w, https:\/\/tangooled.com\/wp-content\/uploads\/2025\/12\/dwp25-ins-150x150.webp 150w\" sizes=\"auto, (max-width: 500px) 100vw, 500px\" \/><\/figure><\/div>\n<\/div>\n\n\n\n<div class=\"wp-block-group has-background\" style=\"background-color:#f1f1f1f2;padding-top:var(--wp--preset--spacing--80);padding-bottom:var(--wp--preset--spacing--80)\"><div class=\"wp-block-group__inner-container is-layout-constrained wp-block-group-is-layout-constrained\">\n<h2 class=\"wp-block-heading\" style=\"padding-top:var(--wp--preset--spacing--40);padding-bottom:var(--wp--preset--spacing--40);font-size:25px;font-style:normal;font-weight:600\">Cen\u00e1rios de Uso<\/h2>\n\n\n\n<ul class=\"wp-block-list\">\n<li>Sala de estar: Torna o ambiente aconchegante para noites de filme e relaxamento.<\/li>\n\n\n\n<li>Quarto: A ilumina\u00e7\u00e3o de acento suave faz o ambiente parecer tranquilo e aconchegante.<\/li>\n\n\n\n<li>Cozinha: Ilumina paredes e tetos, tornando os espa\u00e7os de trabalho mais brilhantes e sem sombras.<\/li>\n\n\n\n<li>Corredor: Linda luz cont\u00ednua que orienta voc\u00ea.<\/li>\n\n\n\n<li>Alojamento e jantar: Adiciona um toque de eleg\u00e2ncia e uma linda ilumina\u00e7\u00e3o nas paredes e teto.<\/li>\n<\/ul>\n<\/div><\/div>\n\n\n\n<div class=\"wp-block-group is-vertical is-layout-flex wp-container-core-group-is-layout-d255d7c4 wp-block-group-is-layout-flex\" style=\"padding-top:var(--wp--preset--spacing--80);padding-bottom:var(--wp--preset--spacing--80)\">\n<h2 class=\"wp-block-heading\" style=\"padding-top:var(--wp--preset--spacing--40);padding-bottom:var(--wp--preset--spacing--40);font-size:25px;font-style:normal;font-weight:600;text-transform:capitalize\">Produtos Relacionados<\/h2>\n\n\n\n<ul class=\"wp-block-list\">\n<li><a href=\"https:\/\/tangooled.com\/pt\/product\/black-led-diffuser-aluminum-channel-for-12mm-tape-lights\/\"><mark style=\"background-color:rgba(0, 0, 0, 0)\" class=\"has-inline-color has-vivid-red-color\">Canal de alum\u00ednio com difusor LED preto para luzes de fita de 12mm<\/mark><\/a> \u2013 for wider LED strips.<\/li>\n\n\n\n<li><a href=\"https:\/\/tangooled.com\/pt\/product\/25x6mm-low-profile-led-strip-channel-for-10mm-led-strip-light\/\"><mark style=\"background-color:rgba(0, 0, 0, 0)\" class=\"has-inline-color has-vivid-red-color\">Canal de strip LED de perfil baixo de 25x6mm para luz de strip LED de 10mm<\/mark><\/a> \u2013 great for tight spaces.<\/li>\n\n\n\n<li><a href=\"https:\/\/tangooled.com\/pt\/product\/recessed-led-aluminum-profile-up-and-down-lighting-channel-for-cabinet\/\"><mark style=\"background-color:rgba(0, 0, 0, 0)\" class=\"has-inline-color has-vivid-red-color\">Perfil de alum\u00ednio LED embutido para ilumina\u00e7\u00e3o superior e inferior para arm\u00e1rios<\/mark><\/a> \u2013 perfect for cabinets and shelves.<\/li>\n<\/ul>\n<\/div>\n\n\n\n<div class=\"wp-block-group has-background\" style=\"background-color:#f1f1f1f2;padding-top:var(--wp--preset--spacing--80);padding-bottom:var(--wp--preset--spacing--80)\"><div class=\"wp-block-group__inner-container is-layout-constrained wp-block-group-is-layout-constrained\">\n<h2 class=\"wp-block-heading\" style=\"padding-top:var(--wp--preset--spacing--40);padding-bottom:var(--wp--preset--spacing--40);font-size:25px;font-style:normal;font-weight:600\">Resumo<\/h2>\n\n\n\n<p>Our side and down cornice valance lighting LED channel has two lighting channels and a robust, sleek shape&nbsp;that will make your room more stylish and comfortable. It&#8217;s smart, easy to use, and beautiful\u2014perfect for your next project. Use an architectural lighting profile that really shines to light up your home, business, or hotel.<\/p>\n<\/div><\/div>\n\n\n\n<p><\/p>","protected":false},"featured_media":13976,"template":"","meta":{"_acf_changed":true,"_seopress_robots_primary_cat":"none","_seopress_titles_title":"Side and Down Cornice LED Profile Dual Direction Valance Channel DWP25 | TANGOOLED","_seopress_titles_desc":"The DWP25 is a versatile side and down cornice led profile designed for valance lighting. This dual-direction aluminum channel provides simultaneous lateral and downward illumination for seamless drywall integration.","_seopress_robots_index":""},"pcb-width":[228],"product-cat":[197],"class_list":{"0":"post-42672","1":"product","2":"type-product","3":"status-publish","4":"has-post-thumbnail","6":"pcb-width-6-12mm","7":"product-cat-plaster-in-profile"},"acf":[],"_links":{"self":[{"href":"https:\/\/tangooled.com\/pt\/wp-json\/wp\/v2\/product\/42672","targetHints":{"allow":["GET"]}}],"collection":[{"href":"https:\/\/tangooled.com\/pt\/wp-json\/wp\/v2\/product"}],"about":[{"href":"https:\/\/tangooled.com\/pt\/wp-json\/wp\/v2\/types\/product"}],"wp:featuredmedia":[{"embeddable":true,"href":"https:\/\/tangooled.com\/pt\/wp-json\/wp\/v2\/media\/13976"}],"wp:attachment":[{"href":"https:\/\/tangooled.com\/pt\/wp-json\/wp\/v2\/media?parent=42672"}],"wp:term":[{"taxonomy":"pcb-width","embeddable":true,"href":"https:\/\/tangooled.com\/pt\/wp-json\/wp\/v2\/pcb-width?post=42672"},{"taxonomy":"product-cat","embeddable":true,"href":"https:\/\/tangooled.com\/pt\/wp-json\/wp\/v2\/product-cat?post=42672"}],"curies":[{"name":"wp","href":"https:\/\/api.w.org\/{rel}","templated":true}]}}