{"id":42671,"date":"2025-12-23T06:34:12","date_gmt":"2025-12-23T14:34:12","guid":{"rendered":"https:\/\/tangooled.com\/?post_type=product&#038;p=42671"},"modified":"2026-02-01T22:51:27","modified_gmt":"2026-02-02T06:51:27","slug":"up-wall-wash-sconce-led-light-profile-45-degree","status":"publish","type":"product","link":"https:\/\/tangooled.com\/pt\/product\/up-wall-wash-sconce-led-light-profile-45-degree\/","title":{"rendered":"Perfil de luz LED de arandela para parede com lavagem de luz em 45 graus"},"content":{"rendered":"<div class=\"wp-block-group is-vertical is-layout-flex wp-container-core-group-is-layout-d255d7c4 wp-block-group-is-layout-flex\" style=\"padding-top:var(--wp--preset--spacing--80);padding-bottom:var(--wp--preset--spacing--80)\">\n<p>Our DWP24 up wall wash sconce LED profile is specifically designed to give you perfect, ambient light on your walls. This curved aluminum fixture mounts securely to the wall, measuring 53mm high and extending 36.5mm from the surface. It has a large 15mm internal channel that lets it use wider LED strips for better output. The profile&#8217;s shape makes a 45-degree asymmetric beam angle, which sends gentle, even light up your walls. This lovely wall wash effect makes your spaces look bigger and better. Use this one-of-a-kind profile inside or outside to draw attention to walls, paintings, or textures in your home or business area. This will give you a professional and classy lighting design.<\/p>\n<\/div>\n\n\n\n<div class=\"wp-block-group has-background is-vertical is-layout-flex wp-container-core-group-is-layout-d255d7c4 wp-block-group-is-layout-flex\" style=\"background-color:#f1f1f1;padding-top:var(--wp--preset--spacing--80);padding-bottom:var(--wp--preset--spacing--80)\">\n<div class=\"wp-block-group is-vertical is-layout-flex wp-container-core-group-is-layout-8cf370e7 wp-block-group-is-layout-flex\">\n<h2 class=\"wp-block-heading\" style=\"padding-top:var(--wp--preset--spacing--40);padding-bottom:var(--wp--preset--spacing--40);font-size:25px;font-style:normal;font-weight:600;text-transform:capitalize\">Principais Caracter\u00edsticas e Benef\u00edcios<\/h2>\n\n\n\n<ul class=\"wp-block-list\">\n<li>\u00c2ngulo de Feixe de 45 Graus: Este \u00e2ngulo envia luz de forma uniforme para cima ou para baixo, evitando pontos brilhantes ou ofuscantes ao limpar paredes.<\/li>\n\n\n\n<li>Sem Ofuscamento: O design em alum\u00ednio cobre as fitas LED, tornando a luz agrad\u00e1vel aos olhos.<\/li>\n\n\n\n<li>Estrutura s\u00f3lida em alum\u00ednio: Isso mant\u00e9m os LEDs frios e aumenta sua durabilidade.<\/li>\n\n\n\n<li>Low-Profile Design: It&#8217;s slim and clean, and it can be mounted on surfaces or recessed into drywall for a streamlined effect.<\/li>\n\n\n\n<li>Difusor Fosco: Protege os LEDs e espalha a luz de forma uniforme.<\/li>\n\n\n\n<li>Funciona com a Maioria das Fitas LED: Aceita LEDs de at\u00e9 15 mm de largura, incluindo op\u00e7\u00f5es de branco ajust\u00e1vel e RGB.<\/li>\n\n\n\n<li>Dimeriz\u00e1vel: Voc\u00ea pode us\u00e1-lo com dimmers de 0-10V, TRIAC e ELV para regular a luz suavemente.<\/li>\n<\/ul>\n<\/div>\n<\/div>\n\n\n\n<div class=\"wp-block-group is-vertical is-layout-flex wp-container-core-group-is-layout-d255d7c4 wp-block-group-is-layout-flex\" style=\"padding-top:var(--wp--preset--spacing--80);padding-bottom:var(--wp--preset--spacing--80)\">\n<hr class=\"wp-block-separator has-alpha-channel-opacity\"\/>\n\n\n\n<div class=\"wp-block-media-text has-media-on-the-right is-stacked-on-mobile\" style=\"grid-template-columns:auto 40%\"><div class=\"wp-block-media-text__content\">\n<h2 class=\"wp-block-heading\" style=\"padding-top:var(--wp--preset--spacing--40);padding-bottom:var(--wp--preset--spacing--40);font-size:25px;font-style:normal;font-weight:600;text-transform:capitalize\">Instala\u00e7\u00e3o &amp; Compatibilidade<\/h2>\n\n\n\n<ul class=\"wp-block-list\">\n<li>Pode ser montado em paredes ou teto.&nbsp;<\/li>\n\n\n\n<li>Funciona com fitas de LED que t\u00eam entre 10 mm e 15 mm de largura.<\/li>\n\n\n\n<li>Compat\u00edvel com sistemas de casa inteligente e drivers de LED que podem ser dimerizados.&nbsp;<\/li>\n\n\n\n<li>Pode ser cortado para corresponder a qualquer comprimento.&nbsp;<\/li>\n\n\n\n<li>\u00d3timo para ilumina\u00e7\u00e3o em parede, lavagem de parede e distribui\u00e7\u00e3o desigual de luz.<\/li>\n<\/ul>\n<\/div><figure class=\"wp-block-media-text__media\"><img loading=\"lazy\" decoding=\"async\" width=\"500\" height=\"500\" src=\"https:\/\/tangooled.com\/wp-content\/uploads\/2025\/12\/dwp24-ins.webp\" alt=\"plaster in crown shaped led lighting profile for 10mm strip\" class=\"wp-image-43065 size-full\" srcset=\"https:\/\/tangooled.com\/wp-content\/uploads\/2025\/12\/dwp24-ins.webp 500w, https:\/\/tangooled.com\/wp-content\/uploads\/2025\/12\/dwp24-ins-300x300.webp 300w, https:\/\/tangooled.com\/wp-content\/uploads\/2025\/12\/dwp24-ins-150x150.webp 150w\" sizes=\"auto, (max-width: 500px) 100vw, 500px\" \/><\/figure><\/div>\n<\/div>\n\n\n\n<div class=\"wp-block-group has-background is-vertical is-layout-flex wp-container-core-group-is-layout-b429018a wp-block-group-is-layout-flex\" style=\"background-color:#f1f1f1f2;padding-top:var(--wp--preset--spacing--70);padding-bottom:var(--wp--preset--spacing--70)\">\n<h2 class=\"wp-block-heading\" style=\"padding-top:var(--wp--preset--spacing--40);padding-bottom:var(--wp--preset--spacing--40);font-size:25px;font-style:normal;font-weight:600\">Onde Usar Seu Perfil de LED para Lavagem em Parede<\/h2>\n\n\n\n<ul class=\"wp-block-list\">\n<li>Architectural Facades &amp; Entryways \u2013 Brighten building fronts for a grand feel.<\/li>\n\n\n\n<li>Corridors and Hallways \u2013 Even and clean vertical illumination.<\/li>\n\n\n\n<li>Living Rooms &amp; Feature Walls \u2013 Highlight stone, brick, or textured walls.<\/li>\n\n\n\n<li>Museums &amp; Art Galleries \u2013 Show off artwork with soft, glare-free accent lighting.<\/li>\n\n\n\n<li>Retail &amp; Hospitality Spaces \u2013 Create inviting and elegant store or restaurant lighting.&nbsp;<\/li>\n<\/ul>\n\n\n\n<p>Este artigo de ilumina\u00e7\u00e3o arquitet\u00f3nica \u00e9 excelente para ilumina\u00e7\u00e3o ascendente, descendente ou indireta. Fornece uma luz uniforme sem sombras duras. Atua como ilumina\u00e7\u00e3o de acento para destacar texturas e criar uma ilumina\u00e7\u00e3o em camadas.<\/p>\n<\/div>\n\n\n\n<div class=\"wp-block-group is-vertical is-layout-flex wp-container-core-group-is-layout-d255d7c4 wp-block-group-is-layout-flex\" style=\"padding-top:var(--wp--preset--spacing--80);padding-bottom:var(--wp--preset--spacing--80)\">\n<h2 class=\"wp-block-heading\" style=\"padding-top:var(--wp--preset--spacing--40);padding-bottom:var(--wp--preset--spacing--40);font-size:25px;font-style:normal;font-weight:600;text-transform:capitalize\">Produtos Relacionados para Explorar<\/h2>\n\n\n\n<ul class=\"wp-block-list\">\n<li><a href=\"https:\/\/tangooled.com\/pt\/product\/25x6mm-low-profile-led-strip-channel-for-10mm-led-strip-light\/\"><mark style=\"background-color:rgba(0, 0, 0, 0)\" class=\"has-inline-color has-vivid-red-color\">canal de LED de perfil baixo 25x6mm para fita LED de 10mm<\/mark><\/a><\/li>\n\n\n\n<li><a href=\"https:\/\/tangooled.com\/pt\/product\/aluminum-profile-with-60-degree-lens-led-diffuser\/\"><mark style=\"background-color:rgba(0, 0, 0, 0)\" class=\"has-inline-color has-vivid-red-color\">Perfil de alum\u00ednio com lente difusora LED de 60 graus<\/mark><\/a><\/li>\n\n\n\n<li><a href=\"https:\/\/tangooled.com\/pt\/product\/surface-mount-led-profile-with-frosted-diffuser-for-10mm-rope-lights\/\"><mark style=\"background-color:rgba(0, 0, 0, 0)\" class=\"has-inline-color has-vivid-red-color\">Perfil LED de montagem de superf\u00edcie com difusor fosco para luzes de cord\u00e3o de 10mm<\/mark><\/a><\/li>\n\n\n\n<li><a href=\"https:\/\/tangooled.com\/pt\/product\/recessed-15x12mm-black-light-diffuser-aluminum-channel-for-10mm-led-strips\/\"><mark style=\"background-color:rgba(0, 0, 0, 0)\" class=\"has-inline-color has-vivid-red-color\">Canal de alum\u00ednio difusor de luz preto embutido 15x12mm para fitas de LED de 10mm<\/mark><\/a><\/li>\n<\/ul>\n<\/div>\n\n\n\n<div class=\"wp-block-group\" style=\"padding-top:0;padding-bottom:0\"><div class=\"wp-block-group__inner-container is-layout-constrained wp-block-group-is-layout-constrained\">\n\n\n<p>The up wall wash sconce LED profile 45 degree is the best choice for architectural lighting, accent lighting, and even lighting. Start your project now! It&#8217;s tough, looks good, and is easy to put together.<\/p>\n<\/div><\/div>\n\n\n\n<p><\/p>","protected":false},"featured_media":13971,"template":"","meta":{"_acf_changed":true,"_seopress_robots_primary_cat":"none","_seopress_titles_title":"Up Wall Wash Sconce LED Profile | 45 Degree Hidden Channel DWP24","_seopress_titles_desc":"The DWP24 is a professional up wall wash sconce led profile featuring a 45 degree angle for seamless indirect lighting. Create a modern trimless wall sconce effect in drywalls with this architectural aluminum channel.","_seopress_robots_index":""},"pcb-width":[228],"product-cat":[197],"class_list":{"0":"post-42671","1":"product","2":"type-product","3":"status-publish","4":"has-post-thumbnail","6":"pcb-width-6-12mm","7":"product-cat-plaster-in-profile"},"acf":[],"_links":{"self":[{"href":"https:\/\/tangooled.com\/pt\/wp-json\/wp\/v2\/product\/42671","targetHints":{"allow":["GET"]}}],"collection":[{"href":"https:\/\/tangooled.com\/pt\/wp-json\/wp\/v2\/product"}],"about":[{"href":"https:\/\/tangooled.com\/pt\/wp-json\/wp\/v2\/types\/product"}],"wp:featuredmedia":[{"embeddable":true,"href":"https:\/\/tangooled.com\/pt\/wp-json\/wp\/v2\/media\/13971"}],"wp:attachment":[{"href":"https:\/\/tangooled.com\/pt\/wp-json\/wp\/v2\/media?parent=42671"}],"wp:term":[{"taxonomy":"pcb-width","embeddable":true,"href":"https:\/\/tangooled.com\/pt\/wp-json\/wp\/v2\/pcb-width?post=42671"},{"taxonomy":"product-cat","embeddable":true,"href":"https:\/\/tangooled.com\/pt\/wp-json\/wp\/v2\/product-cat?post=42671"}],"curies":[{"name":"wp","href":"https:\/\/api.w.org\/{rel}","templated":true}]}}