{"id":42669,"date":"2025-12-23T06:31:17","date_gmt":"2025-12-23T14:31:17","guid":{"rendered":"https:\/\/tangooled.com\/?post_type=product&#038;p=42669"},"modified":"2026-01-27T22:48:48","modified_gmt":"2026-01-28T06:48:48","slug":"plaster-in-crown-shaped-led-lighting-profile-for-10mm-strip","status":"publish","type":"product","link":"https:\/\/tangooled.com\/pt\/product\/plaster-in-crown-shaped-led-lighting-profile-for-10mm-strip\/","title":{"rendered":"Perfil de ilumina\u00e7\u00e3o LED em forma de coroa embutido para fita de 10mm"},"content":{"rendered":"<div class=\"wp-block-group is-vertical is-layout-flex wp-container-core-group-is-layout-d255d7c4 wp-block-group-is-layout-flex\" style=\"padding-top:var(--wp--preset--spacing--80);padding-bottom:var(--wp--preset--spacing--80)\">\n<p>Our DWP23 crown-shaped plaster-in LED profile will brighten any room. Designed for 10mm LED strips, this aluminum channel features a substantial 96.5mm height and a 13mm internal width. It is expertly designed to fit perfectly into walls or ceilings. The plaster &#8220;wings&#8221; make sure the fit is flush, which makes trimless cove lighting that looks like classic crown molding. This design sends light up, making a smooth, dotless glow that looks like it&#8217;s coming straight from the surface.<\/p>\n<\/div>\n\n\n\n<div class=\"wp-block-group has-background\" style=\"background-color:#f1f1f1;padding-top:var(--wp--preset--spacing--80);padding-bottom:var(--wp--preset--spacing--80)\"><div class=\"wp-block-group__inner-container is-layout-constrained wp-block-group-is-layout-constrained\">\n<div class=\"wp-block-group is-vertical is-layout-flex wp-container-core-group-is-layout-8cf370e7 wp-block-group-is-layout-flex\">\n<h2 class=\"wp-block-heading\" style=\"padding-top:var(--wp--preset--spacing--40);padding-bottom:var(--wp--preset--spacing--40);font-size:25px;font-style:normal;font-weight:600;text-transform:capitalize\">Por que escolher este perfil?<\/h2>\n\n\n\n<ul class=\"wp-block-list\">\n<li>Luz suave e invis\u00edvel: O difusor opalino espalha a luz LED uniformemente, para que n\u00e3o haja manchas ou ofuscamento.<\/li>\n\n\n\n<li>Dur\u00e1vel: A constru\u00e7\u00e3o em alum\u00ednio anodizado \u00e9 robusta e mant\u00e9m as LEDs frias, o que prolonga sua vida \u00fatil.<\/li>\n\n\n\n<li>Simple &#8220;mud-in&#8221; installation: Just cover the profile&#8217;s wings with plaster for a smooth, trimless finish.<\/li>\n\n\n\n<li>Formato cl\u00e1ssico de coroa: Direciona suavemente a luz para cima e para os lados, proporcionando um brilho acolhedor.<\/li>\n\n\n\n<li>Compat\u00edvel com fitas LED de 10mm: Amplo o suficiente para a maioria das fitas LED comuns, como SMD 5050, COB ou branco ajust\u00e1vel.<\/li>\n<\/ul>\n<\/div>\n<\/div><\/div>\n\n\n\n<div class=\"wp-block-group is-vertical is-layout-flex wp-container-core-group-is-layout-d255d7c4 wp-block-group-is-layout-flex\" style=\"padding-top:var(--wp--preset--spacing--80);padding-bottom:var(--wp--preset--spacing--80)\">\n<hr class=\"wp-block-separator has-alpha-channel-opacity\"\/>\n\n\n\n<div class=\"wp-block-media-text has-media-on-the-right is-stacked-on-mobile\" style=\"grid-template-columns:auto 40%\"><div class=\"wp-block-media-text__content\">\n<h2 class=\"wp-block-heading\" style=\"padding-top:var(--wp--preset--spacing--40);padding-bottom:var(--wp--preset--spacing--40);font-size:25px;font-style:normal;font-weight:600;text-transform:capitalize\">Instala\u00e7\u00e3o em passos simples<\/h2>\n\n\n\n<ul class=\"wp-block-list\">\n<li>Corte o drywall e encaixe o perfil entre os montantes ou caibros.<\/li>\n\n\n\n<li>Use os parafusos para fixar o perfil na posi\u00e7\u00e3o.<\/li>\n\n\n\n<li>Coloque gesso ou massa de rejunte nas asas que possuem furos.<\/li>\n\n\n\n<li>Lixe a superf\u00edcie at\u00e9 ficar lisa, depois pinte-a para combinar com suas paredes.<\/li>\n\n\n\n<li>Coloque sua fita LED de 10mm dentro do canal.<\/li>\n\n\n\n<li>Coloque o difusor opalino e obtenha uma ilumina\u00e7\u00e3o clara e sem pontos.<\/li>\n<\/ul>\n<\/div><figure class=\"wp-block-media-text__media\"><img loading=\"lazy\" decoding=\"async\" width=\"500\" height=\"500\" src=\"https:\/\/tangooled.com\/wp-content\/uploads\/2025\/12\/dwp23-ins.webp\" alt=\"plaster in crown shaped led lighting profile for 10mm strip\" class=\"wp-image-43067 size-full\" srcset=\"https:\/\/tangooled.com\/wp-content\/uploads\/2025\/12\/dwp23-ins.webp 500w, https:\/\/tangooled.com\/wp-content\/uploads\/2025\/12\/dwp23-ins-300x300.webp 300w, https:\/\/tangooled.com\/wp-content\/uploads\/2025\/12\/dwp23-ins-150x150.webp 150w\" sizes=\"auto, (max-width: 500px) 100vw, 500px\" \/><\/figure><\/div>\n<\/div>\n\n\n\n<div class=\"wp-block-group has-background\" style=\"background-color:#f1f1f1f2;padding-top:var(--wp--preset--spacing--80);padding-bottom:var(--wp--preset--spacing--80)\"><div class=\"wp-block-group__inner-container is-layout-constrained wp-block-group-is-layout-constrained\">\n<h2 class=\"wp-block-heading\" style=\"padding-top:var(--wp--preset--spacing--40);padding-bottom:var(--wp--preset--spacing--40);font-size:25px;font-style:normal;font-weight:600;text-transform:capitalize\">Como usar o perfil LED em gesso com formato de coroa<\/h2>\n\n\n\n<ul class=\"wp-block-list\">\n<li>Ilumina\u00e7\u00e3o perimetral no teto: Crie linhas limpas de luz ao redor do ambiente.<\/li>\n\n\n\n<li>Ilumina\u00e7\u00e3o indireta: Esse tipo de ilumina\u00e7\u00e3o \u00e9 bom para salas de estar, quartos e cozinhas.<\/li>\n\n\n\n<li>Em empresas: \u00d3timo para sagu\u00f5es de hot\u00e9is, lojas ou escrit\u00f3rios que precisam de luz ambiente elegante.<\/li>\n\n\n\n<li>Ranhuras arquitet\u00f4nicas: Crie uma lacuna de sombra entre as paredes e os tetos.<\/li>\n\n\n\n<li>Ilumina\u00e7\u00e3o ambiental: Funciona bem com sistemas de ilumina\u00e7\u00e3o que podem ser atenuados ou modificados.<\/li>\n<\/ul>\n<\/div><\/div>\n\n\n\n<div class=\"wp-block-group is-vertical is-layout-flex wp-container-core-group-is-layout-d255d7c4 wp-block-group-is-layout-flex\" style=\"padding-top:var(--wp--preset--spacing--80);padding-bottom:var(--wp--preset--spacing--80)\">\n<h2 class=\"wp-block-heading\" style=\"padding-top:var(--wp--preset--spacing--40);padding-bottom:var(--wp--preset--spacing--40);font-size:25px;font-style:normal;font-weight:600;text-transform:capitalize\">Produtos Relacionados Que Voc\u00ea Pode Gostar<\/h2>\n\n\n\n<ul class=\"wp-block-list\">\n<li><a href=\"https:\/\/tangooled.com\/pt\/product\/black-led-profile-with-black-diffuser-for-10mm-led-strip-light\/\"><mark style=\"background-color:rgba(0, 0, 0, 0)\" class=\"has-inline-color has-vivid-red-color\">Perfil LED preto com difusor preto para fita LED de 10mm<\/mark><\/a><\/li>\n\n\n\n<li><a href=\"https:\/\/tangooled.com\/pt\/product\/led-light-diffuser-channel-aluminum-15x12mm-for-10mm-led-strips\/\"><mark style=\"background-color:rgba(0, 0, 0, 0)\" class=\"has-inline-color has-vivid-red-color\">Difusor de luz em alum\u00ednio 15x12mm para tiras LED de 10mm<\/mark><\/a><\/li>\n\n\n\n<li><a href=\"https:\/\/tangooled.com\/pt\/product\/surface-mount-led-profile-with-frosted-diffuser-for-10mm-rope-lights\/\"><mark style=\"background-color:rgba(0, 0, 0, 0)\" class=\"has-inline-color has-vivid-red-color\">Perfil LED de montagem de superf\u00edcie com difusor fosco para luzes de cord\u00e3o de 10mm<\/mark><\/a><\/li>\n\n\n\n<li><a href=\"https:\/\/tangooled.com\/pt\/product\/recessed-linear-down-lighting-led-strip-profile-for-10mm-led-strip\/\"><mark style=\"background-color:rgba(0, 0, 0, 0)\" class=\"has-inline-color has-vivid-red-color\">Perfil de fita LED linear embutido para fita LED de 10mm<\/mark><\/a><\/li>\n\n\n\n<li><a href=\"https:\/\/tangooled.com\/pt\/product\/trimless-drywall-led-channel-for-15mm-led-strip-lights\/\"><mark style=\"background-color:rgba(0, 0, 0, 0)\" class=\"has-inline-color has-vivid-red-color\">Canal LED sem moldura para luzes de fita LED de 15mm<\/mark><\/a><\/li>\n<\/ul>\n<\/div>\n\n\n\n<div class=\"wp-block-group has-background\" style=\"background-color:#f1f1f1;padding-top:var(--wp--preset--spacing--80);padding-bottom:var(--wp--preset--spacing--80)\"><div class=\"wp-block-group__inner-container is-layout-constrained wp-block-group-is-layout-constrained\">\n<h2 class=\"wp-block-heading\" style=\"padding-top:var(--wp--preset--spacing--40);padding-bottom:var(--wp--preset--spacing--40);font-size:25px;font-style:normal;font-weight:600;text-transform:capitalize\">resumo<\/h2>\n\n\n\n<p>Nosso perfil LED em gesso com formato de coroa para fitas de 10mm \u00e9 uma \u00f3tima maneira de adicionar uma luz indireta limpa e moderna \u00e0 sua casa ou escrit\u00f3rio. \u00c9 simples de configurar, totalmente ajust\u00e1vel e funciona com a maioria das fitas LED, mantendo o calor sob controle. Use-o para fazer seu ambiente parecer incr\u00edvel com efeitos de ilumina\u00e7\u00e3o arquitet\u00f4nica.<\/p>\n<\/div><\/div>\n\n\n\n<p><\/p>","protected":false},"featured_media":13965,"template":"","meta":{"_acf_changed":true,"_seopress_robots_primary_cat":"none","_seopress_titles_title":"Crown-Shaped Plaster-in LED Profile | Architectural Trim DWP23","_seopress_titles_desc":"The DWP23 is a unique crown-shaped plaster-in led profile for 10mm strips. Enhance ceilings with this architectural recessed channel that creates a sophisticated layered light effect.","_seopress_robots_index":""},"pcb-width":[228],"product-cat":[197],"class_list":{"0":"post-42669","1":"product","2":"type-product","3":"status-publish","4":"has-post-thumbnail","6":"pcb-width-6-12mm","7":"product-cat-plaster-in-profile"},"acf":[],"_links":{"self":[{"href":"https:\/\/tangooled.com\/pt\/wp-json\/wp\/v2\/product\/42669","targetHints":{"allow":["GET"]}}],"collection":[{"href":"https:\/\/tangooled.com\/pt\/wp-json\/wp\/v2\/product"}],"about":[{"href":"https:\/\/tangooled.com\/pt\/wp-json\/wp\/v2\/types\/product"}],"wp:featuredmedia":[{"embeddable":true,"href":"https:\/\/tangooled.com\/pt\/wp-json\/wp\/v2\/media\/13965"}],"wp:attachment":[{"href":"https:\/\/tangooled.com\/pt\/wp-json\/wp\/v2\/media?parent=42669"}],"wp:term":[{"taxonomy":"pcb-width","embeddable":true,"href":"https:\/\/tangooled.com\/pt\/wp-json\/wp\/v2\/pcb-width?post=42669"},{"taxonomy":"product-cat","embeddable":true,"href":"https:\/\/tangooled.com\/pt\/wp-json\/wp\/v2\/product-cat?post=42669"}],"curies":[{"name":"wp","href":"https:\/\/api.w.org\/{rel}","templated":true}]}}