{"id":42667,"date":"2025-12-23T06:28:11","date_gmt":"2025-12-23T14:28:11","guid":{"rendered":"https:\/\/tangooled.com\/?post_type=product&#038;p=42667"},"modified":"2026-02-01T22:45:51","modified_gmt":"2026-02-02T06:45:51","slug":"plaster-in-led-ceiling-moulding-profile-for-15mm-led-strips","status":"publish","type":"product","link":"https:\/\/tangooled.com\/pt\/product\/plaster-in-led-ceiling-moulding-profile-for-15mm-led-strips\/","title":{"rendered":"Perfil de moldura de teto LED embutido para fitas LED de 15mm"},"content":{"rendered":"<div class=\"wp-block-group is-vertical is-layout-flex wp-container-core-group-is-layout-d255d7c4 wp-block-group-is-layout-flex\" style=\"padding-top:var(--wp--preset--spacing--80);padding-bottom:var(--wp--preset--spacing--80)\">\n<p>O nosso perfil de moldura de teto LED embutido DWP22 permite adicionar ilumina\u00e7\u00e3o elegante e sem moldura \u00e0s suas paredes ou tetos. Este perfil em alum\u00ednio \u00e9 feito para se ajustar perfeitamente, com uma altura total de 97mm e asas de gesso de 20mm de comprimento. Ele \u00e9 fixado ao drywall e depois coberto com massa, o que faz com que se integre perfeitamente e esconda todas as bordas. O perfil pode suportar fitas LED de at\u00e9 20mm de largura, o que \u00e9 perfeito para suas fitas de 15mm. Esta forma permite que o calor escape muito bem, e quando pintado, cria uma bela apar\u00eancia de luz flutuante na parede ou teto. O perfil oferece uma apar\u00eancia suave, sem pontos e arquitetonicamente limpa, que \u00e9 perfeita para ambientes modernos e bonitos. Ele faz isso utilizando sua luz voltada para cima e difusor opal.<\/p>\n<\/div>\n\n\n\n<div class=\"wp-block-group has-background is-vertical is-layout-flex wp-container-core-group-is-layout-d255d7c4 wp-block-group-is-layout-flex\" style=\"background-color:#f1f1f1;padding-top:var(--wp--preset--spacing--80);padding-bottom:var(--wp--preset--spacing--80)\">\n<div class=\"wp-block-group is-vertical is-layout-flex wp-container-core-group-is-layout-8cf370e7 wp-block-group-is-layout-flex\">\n<h2 class=\"wp-block-heading\" style=\"padding-top:var(--wp--preset--spacing--40);padding-bottom:var(--wp--preset--spacing--40);font-size:25px;font-style:normal;font-weight:600;text-transform:capitalize\">Caracter\u00edsticas e Vantagens do Perfil de Moldura de Teto LED Embutido<\/h2>\n\n\n\n<ul class=\"wp-block-list\">\n<li>Um perfil LED sem moldura com montagem embutida oferece um canal LED sem moldura integrado diretamente no seu cart\u00e3o de gesso.<\/li>\n\n\n\n<li>Compat\u00edvel com instala\u00e7\u00f5es de canal de ilumina\u00e7\u00e3o em placa de gesso de alto desempenho.<\/li>\n\n\n\n<li>A instala\u00e7\u00e3o em placa de gesso faz com que a sua ilumina\u00e7\u00e3o pare\u00e7a uma parte natural do seu teto ou parede.<\/li>\n\n\n\n<li>Acabamento em alum\u00ednio de alta qualidade garante excelente dissipa\u00e7\u00e3o de calor.<\/li>\n\n\n\n<li>Vem com uma tampa de luz difusa para ilumina\u00e7\u00e3o sem pontos.<\/li>\n\n\n\n<li>Voc\u00ea pode pint\u00e1-lo para combinar com a cor de qualquer parede ou teto, criando um visual simples.<\/li>\n<\/ul>\n<\/div>\n<\/div>\n\n\n\n<div class=\"wp-block-group is-vertical is-layout-flex wp-container-core-group-is-layout-d255d7c4 wp-block-group-is-layout-flex\" style=\"padding-top:var(--wp--preset--spacing--80);padding-bottom:var(--wp--preset--spacing--80)\">\n<hr class=\"wp-block-separator has-alpha-channel-opacity\"\/>\n\n\n\n<div class=\"wp-block-media-text has-media-on-the-right is-stacked-on-mobile\" style=\"grid-template-columns:auto 40%\"><div class=\"wp-block-media-text__content\">\n<h2 class=\"wp-block-heading\" style=\"padding-top:var(--wp--preset--spacing--40);padding-bottom:var(--wp--preset--spacing--40);font-size:25px;font-style:normal;font-weight:600;text-transform:capitalize\">Como Usar o Perfil de Moldura de Teto LED Embutido<\/h2>\n\n\n\n<ul class=\"wp-block-list\">\n<li>Corte o perfil para o comprimento certo.<\/li>\n\n\n\n<li>Prenda as asas perfuradas ao cart\u00e3o de gesso com parafusos.<\/li>\n\n\n\n<li>Coloque massa conjunta e gesso nas asas e desgaste as bordas para deixar a superf\u00edcie lisa.<\/li>\n\n\n\n<li>Pinte para combinar com a parede ou o teto.<\/li>\n\n\n\n<li>Coloque sua fita LED de 15mm dentro do canal.<\/li>\n\n\n\n<li>Prenda o difusor fosco, certificando-se de que a luz esteja uniforme e sem pontos.<\/li>\n\n\n\n<li>Conecte a fonte de alimenta\u00e7\u00e3o e os dispositivos de controle (dimmers e drivers).<\/li>\n<\/ul>\n<\/div><figure class=\"wp-block-media-text__media\"><img loading=\"lazy\" decoding=\"async\" width=\"500\" height=\"500\" src=\"https:\/\/tangooled.com\/wp-content\/uploads\/2025\/12\/dwp22-ins.webp\" alt=\"plaster in led ceiling moulding profile for 15mm led strips\" class=\"wp-image-43056 size-full\" srcset=\"https:\/\/tangooled.com\/wp-content\/uploads\/2025\/12\/dwp22-ins.webp 500w, https:\/\/tangooled.com\/wp-content\/uploads\/2025\/12\/dwp22-ins-300x300.webp 300w, https:\/\/tangooled.com\/wp-content\/uploads\/2025\/12\/dwp22-ins-150x150.webp 150w\" sizes=\"auto, (max-width: 500px) 100vw, 500px\" \/><\/figure><\/div>\n<\/div>\n\n\n\n<div class=\"wp-block-group has-background\" style=\"background-color:#f1f1f1f2;padding-top:var(--wp--preset--spacing--80);padding-bottom:var(--wp--preset--spacing--80)\"><div class=\"wp-block-group__inner-container is-layout-constrained wp-block-group-is-layout-constrained\">\n<h2 class=\"wp-block-heading\" style=\"padding-top:var(--wp--preset--spacing--40);padding-bottom:var(--wp--preset--spacing--40);font-size:25px;font-style:normal;font-weight:600\">Onde Us\u00e1-lo?<\/h2>\n\n\n\n<ul class=\"wp-block-list\">\n<li>Ilumina\u00e7\u00e3o de Cove no Teto: Isso cria uma luz dram\u00e1tica que varre as paredes e tetos.<\/li>\n\n\n\n<li>Ilumina\u00e7\u00e3o de Contorno: Esta t\u00e9cnica destaca a rugosidade das paredes e as faz parecer mais profundas.<\/li>\n\n\n\n<li>Ilumina\u00e7\u00e3o de Destaque: Uma \u00f3tima maneira de adicionar um toque arquitet\u00f4nico limpo a hot\u00e9is, espa\u00e7os de estar ou neg\u00f3cios.<\/li>\n\n\n\n<li>Ilumina\u00e7\u00e3o de Varejo: Ilumina bem as coisas sem faz\u00ea-las parecer ruins.<\/li>\n<\/ul>\n<\/div><\/div>\n\n\n\n<div class=\"wp-block-group is-vertical is-layout-flex wp-container-core-group-is-layout-d255d7c4 wp-block-group-is-layout-flex\" style=\"padding-top:var(--wp--preset--spacing--80);padding-bottom:var(--wp--preset--spacing--80)\">\n<h2 class=\"wp-block-heading\" style=\"padding-top:var(--wp--preset--spacing--40);padding-bottom:var(--wp--preset--spacing--40);font-size:25px;font-style:normal;font-weight:600;text-transform:capitalize\">Produtos Relacionados da TANGOLED<\/h2>\n\n\n\n<ul class=\"wp-block-list\">\n<li><a href=\"https:\/\/tangooled.com\/pt\/product\/black-led-diffuser-aluminum-channel-for-12mm-tape-lights\/\"><mark style=\"background-color:rgba(0, 0, 0, 0)\" class=\"has-inline-color has-vivid-red-color\">Canal de alum\u00ednio com difusor LED preto para luzes de fita de 12mm<\/mark><\/a> \u2013 Great for slimmer LED tapes.<\/li>\n\n\n\n<li><a href=\"https:\/\/tangooled.com\/pt\/product\/22x15mm-led-light-channel-aluminum-extrusion-for-flexible-strips\/\"><mark style=\"background-color:rgba(0, 0, 0, 0)\" class=\"has-inline-color has-vivid-red-color\">Extrus\u00e3o de canal de luz LED em alum\u00ednio de 22x15mm para tiras flex\u00edveis<\/mark><\/a> \u2013 Larger channel for wider LED strips.<\/li>\n\n\n\n<li><a href=\"https:\/\/tangooled.com\/pt\/product\/plaster-in-led-profile-2m-3m-for-gypsum-ceiling-recessed\/\"><mark style=\"background-color:rgba(0, 0, 0, 0)\" class=\"has-inline-color has-vivid-red-color\">Perfil LED embutido 2m &amp; 3m para teto de gesso embutido<\/mark><\/a> \u2013 Alternative length options.<\/li>\n\n\n\n<li><a href=\"https:\/\/tangooled.com\/pt\/product\/trimless-drywall-led-channel-for-15mm-led-strip-lights\/\"><mark style=\"background-color:rgba(0, 0, 0, 0)\" class=\"has-inline-color has-vivid-red-color\">Canal LED sem moldura para luzes de fita LED de 15mm<\/mark><\/a> \u2013 Another option for flush LED ceiling channels.<\/li>\n\n\n\n<li><a href=\"https:\/\/tangooled.com\/pt\/product\/aluminum-base-with-opal-square-light-cover-for-suspension\/\"><mark style=\"background-color:rgba(0, 0, 0, 0)\" class=\"has-inline-color has-vivid-red-color\">Base em alum\u00ednio com tampa de luz quadrada opal para suspens\u00e3o<\/mark><\/a> \u2013 Suspended lighting solutions.<\/li>\n<\/ul>\n<\/div>\n\n\n\n<p><\/p>","protected":false},"featured_media":13960,"template":"","meta":{"_acf_changed":false,"_seopress_robots_primary_cat":"none","_seopress_titles_title":"Plaster-in LED Ceiling Moulding Profile DWP22 | TANGOOLED","_seopress_titles_desc":"The DWP22 is a professional plaster-in led ceiling moulding profile for 15mm strips. This trimless architectural moulding combines decorative cornices with hidden linear lighting.","_seopress_robots_index":""},"pcb-width":[229],"product-cat":[197],"class_list":{"0":"post-42667","1":"product","2":"type-product","3":"status-publish","4":"has-post-thumbnail","6":"pcb-width-15-20mm","7":"product-cat-plaster-in-profile"},"acf":[],"_links":{"self":[{"href":"https:\/\/tangooled.com\/pt\/wp-json\/wp\/v2\/product\/42667","targetHints":{"allow":["GET"]}}],"collection":[{"href":"https:\/\/tangooled.com\/pt\/wp-json\/wp\/v2\/product"}],"about":[{"href":"https:\/\/tangooled.com\/pt\/wp-json\/wp\/v2\/types\/product"}],"wp:featuredmedia":[{"embeddable":true,"href":"https:\/\/tangooled.com\/pt\/wp-json\/wp\/v2\/media\/13960"}],"wp:attachment":[{"href":"https:\/\/tangooled.com\/pt\/wp-json\/wp\/v2\/media?parent=42667"}],"wp:term":[{"taxonomy":"pcb-width","embeddable":true,"href":"https:\/\/tangooled.com\/pt\/wp-json\/wp\/v2\/pcb-width?post=42667"},{"taxonomy":"product-cat","embeddable":true,"href":"https:\/\/tangooled.com\/pt\/wp-json\/wp\/v2\/product-cat?post=42667"}],"curies":[{"name":"wp","href":"https:\/\/api.w.org\/{rel}","templated":true}]}}