{"id":42665,"date":"2025-12-23T06:25:08","date_gmt":"2025-12-23T14:25:08","guid":{"rendered":"https:\/\/tangooled.com\/?post_type=product&#038;p=42665"},"modified":"2026-01-27T22:12:10","modified_gmt":"2026-01-28T06:12:10","slug":"ceiling-mounted-led-cove-light-drywall-profile-recessed-for-15mm-strip","status":"publish","type":"product","link":"https:\/\/tangooled.com\/pt\/product\/ceiling-mounted-led-cove-light-drywall-profile-recessed-for-15mm-strip\/","title":{"rendered":"Perfil de luz LED de cove de teto embutido para fita de 15mm"},"content":{"rendered":"<div class=\"wp-block-group is-vertical is-layout-flex wp-container-core-group-is-layout-d255d7c4 wp-block-group-is-layout-flex\" style=\"padding-top:var(--wp--preset--spacing--80);padding-bottom:var(--wp--preset--spacing--80)\">\n<p>O nosso perfil de luz LED embutido de cove DWP21, montado no teto, proporciona uma ilumina\u00e7\u00e3o ideal e suave. Este perfil de luz LED recessada e sem moldura mede 94mm de largura e 34mm de profundidade, e possui um canal interno de 21,36mm de largura. Ele se encaixa perfeitamente em tetos de gesso ou drywall e pode acomodar fitas LED de at\u00e9 15mm de largura. O perfil \u00e9 feito de alum\u00ednio anodizado dur\u00e1vel e funciona como um dissipador de calor para ajudar suas fitas LED a durarem mais ao mant\u00ea-las frescas. Sua forma inclinada direciona uma luz brilhante e constante no melhor \u00e2ngulo, garantindo pouco brilho e uma sa\u00edda suave, sem pontos. O acess\u00f3rio desaparece ap\u00f3s ser coberto com gesso, deixando um acabamento arquitet\u00f4nico limpo e suave.<\/p>\n<\/div>\n\n\n\n<div class=\"wp-block-group has-background is-vertical is-layout-flex wp-container-core-group-is-layout-d255d7c4 wp-block-group-is-layout-flex\" style=\"background-color:#f1f1f1;padding-top:var(--wp--preset--spacing--80);padding-bottom:var(--wp--preset--spacing--80)\">\n<div class=\"wp-block-group is-vertical is-layout-flex wp-container-core-group-is-layout-8cf370e7 wp-block-group-is-layout-flex\">\n<h2 class=\"wp-block-heading\" style=\"padding-top:var(--wp--preset--spacing--40);padding-bottom:var(--wp--preset--spacing--40);font-size:25px;font-style:normal;font-weight:600;text-transform:capitalize\">Por que escolher o nosso perfil de luz LED embutido no teto?<\/h2>\n\n\n\n<ul class=\"wp-block-list\">\n<li>Trimless drywall integration: The recessed LED cover light drywall profile fits flush into plasterboard\uff0c giving it a clean, modern look.<\/li>\n\n\n\n<li>Compat\u00edvel com fitas LED de 15mm: Suporta fitas LED largas, incluindo tipos de alta sa\u00edda e RGBW.<\/li>\n\n\n\n<li>Vem com um difusor opaco: Mistura a luz de forma uniforme para evitar pontos.<\/li>\n\n\n\n<li>Constru\u00e7\u00e3o robusta em alum\u00ednio: Isso aumenta a durabilidade e ajuda a resfriar.<\/li>\n\n\n\n<li>Complete kit: Comes with end caps and connectors\u00a0for easy fitting.<\/li>\n<\/ul>\n<\/div>\n<\/div>\n\n\n\n<div class=\"wp-block-group is-vertical is-layout-flex wp-container-core-group-is-layout-d255d7c4 wp-block-group-is-layout-flex\" style=\"padding-top:var(--wp--preset--spacing--80);padding-bottom:var(--wp--preset--spacing--80)\">\n<hr class=\"wp-block-separator has-alpha-channel-opacity\"\/>\n\n\n\n<div class=\"wp-block-media-text has-media-on-the-right is-stacked-on-mobile\" style=\"grid-template-columns:auto 40%\"><div class=\"wp-block-media-text__content\">\n<h2 class=\"wp-block-heading\" style=\"padding-top:var(--wp--preset--spacing--40);padding-bottom:var(--wp--preset--spacing--40);font-size:25px;font-style:normal;font-weight:600;text-transform:capitalize\">Passos de Instala\u00e7\u00e3o<\/h2>\n\n\n\n<ul class=\"wp-block-list\">\n<li>Fixe o perfil: Use parafusos para segurar o canal de alum\u00ednio entre os vigas do teto ou montantes de drywall.<\/li>\n\n\n\n<li>Mud-in plaster: Use drywall mud or plaster to cover the profile&#8217;s flanges that have holes in them for a smooth finish.<\/li>\n\n\n\n<li>Lixar e pintar: Para um efeito sem moldura perfeito, alise o gesso sobre o perfil e pinte-o.<\/li>\n\n\n\n<li>Instale a fita LED: Coloque a sua fita LED de 15mm dentro do canal.<\/li>\n\n\n\n<li>Adicione um difusor: Coloque a cobertura opaca sobre a fita para proteg\u00ea-la e suavizar a luz.<\/li>\n<\/ul>\n<\/div><figure class=\"wp-block-media-text__media\"><img loading=\"lazy\" decoding=\"async\" width=\"500\" height=\"500\" src=\"https:\/\/tangooled.com\/wp-content\/uploads\/2025\/12\/dwp21-ins.webp\" alt=\"ceiling mounted led cove light drywall profile recessed for 15mm strip\" class=\"wp-image-43050 size-full\" srcset=\"https:\/\/tangooled.com\/wp-content\/uploads\/2025\/12\/dwp21-ins.webp 500w, https:\/\/tangooled.com\/wp-content\/uploads\/2025\/12\/dwp21-ins-300x300.webp 300w, https:\/\/tangooled.com\/wp-content\/uploads\/2025\/12\/dwp21-ins-150x150.webp 150w\" sizes=\"auto, (max-width: 500px) 100vw, 500px\" \/><\/figure><\/div>\n<\/div>\n\n\n\n<div class=\"wp-block-group has-background\" style=\"background-color:#f1f1f1f2;padding-top:var(--wp--preset--spacing--80);padding-bottom:var(--wp--preset--spacing--80)\"><div class=\"wp-block-group__inner-container is-layout-constrained wp-block-group-is-layout-constrained\">\n<h2 class=\"wp-block-heading\" style=\"padding-top:var(--wp--preset--spacing--40);padding-bottom:var(--wp--preset--spacing--40);font-size:25px;font-style:normal;font-weight:600\">Como usar este perfil de luz LED de cove<\/h2>\n\n\n\n<ul class=\"wp-block-list\">\n<li>Ilumina\u00e7\u00e3o de cove no teto: Ilumine as bordas dos espa\u00e7os para um brilho suave e ambiente.<\/li>\n\n\n\n<li>Ilumina\u00e7\u00e3o de parede e ilumina\u00e7\u00e3o de destaque: Utilize estas para chamar a aten\u00e7\u00e3o para superf\u00edcies texturizadas e detalhes arquitet\u00f4nicos.<\/li>\n\n\n\n<li>Efeitos de teto flutuante: Use linhas de luz suaves para fazer com que os tetos pare\u00e7am flutuar.<\/li>\n\n\n\n<li>Resid\u00eancias e neg\u00f3cios: salas de estar, escrit\u00f3rios, hot\u00e9is e lojas.<\/li>\n<\/ul>\n<\/div><\/div>\n\n\n\n<div class=\"wp-block-group is-vertical is-layout-flex wp-container-core-group-is-layout-d255d7c4 wp-block-group-is-layout-flex\" style=\"padding-top:var(--wp--preset--spacing--80);padding-bottom:var(--wp--preset--spacing--80)\">\n<h2 class=\"wp-block-heading\" style=\"padding-top:var(--wp--preset--spacing--40);padding-bottom:var(--wp--preset--spacing--40);font-size:25px;font-style:normal;font-weight:600;text-transform:capitalize\">Produtos e Recursos Relacionados<\/h2>\n\n\n\n<ul class=\"wp-block-list\">\n<li><a href=\"https:\/\/tangooled.com\/pt\/product\/trimless-drywall-led-channel-for-15mm-led-strip-lights\/\"><mark style=\"background-color:rgba(0, 0, 0, 0)\" class=\"has-inline-color has-vivid-red-color\">Canal LED sem moldura para luzes de fita LED de 15mm<\/mark><\/a>&#8211; Another trimless drywall LED profile option.<\/li>\n\n\n\n<li><a href=\"https:\/\/tangooled.com\/pt\/product\/22x15mm-led-light-channel-aluminum-extrusion-for-flexible-strips\/\"><mark style=\"background-color:rgba(0, 0, 0, 0)\" class=\"has-inline-color has-vivid-red-color\">Extrus\u00e3o de canal de luz LED em alum\u00ednio de 22x15mm para tiras flex\u00edveis<\/mark><\/a> \u2013 For similar wide LED strip use.<\/li>\n\n\n\n<li><a href=\"https:\/\/tangooled.com\/pt\/product\/recessed-aluminum-profile-17x8mm-for-led-strip-lighting\/\"><mark style=\"background-color:rgba(0, 0, 0, 0)\" class=\"has-inline-color has-vivid-red-color\">Perfil de alum\u00ednio LED embutido 17x8mm para ilumina\u00e7\u00e3o de fita LED<\/mark><\/a> \u2013 Recessed LED profile alternative with a smaller size.<\/li>\n\n\n\n<li><a href=\"https:\/\/tangooled.com\/pt\/product\/black-led-diffuser-aluminum-channel-for-12mm-tape-lights\/\"><mark style=\"background-color:rgba(0, 0, 0, 0)\" class=\"has-inline-color has-vivid-red-color\">Canal de alum\u00ednio com difusor LED preto para luzes de fita de 12mm<\/mark><\/a> \u2013 A diffuser option with a black finish.<\/li>\n\n\n\n<li><a href=\"https:\/\/tangooled.com\/pt\/product\/surface-mount-led-profile-with-frosted-diffuser-for-10mm-rope-lights\/\"><mark style=\"background-color:rgba(0, 0, 0, 0)\" class=\"has-inline-color has-vivid-red-color\">Perfil LED de montagem de superf\u00edcie com difusor fosco para luzes de cord\u00e3o de 10mm<\/mark><\/a> \u2013 Surface mount style alternative.<\/li>\n<\/ul>\n<\/div>\n\n\n\n<div class=\"wp-block-group has-background\" style=\"background-color:#f1f1f1;padding-top:var(--wp--preset--spacing--80);padding-bottom:var(--wp--preset--spacing--80)\"><div class=\"wp-block-group__inner-container is-layout-constrained wp-block-group-is-layout-constrained\">\n<h2 class=\"wp-block-heading\" style=\"padding-top:var(--wp--preset--spacing--40);padding-bottom:var(--wp--preset--spacing--40);font-size:25px;font-style:normal;font-weight:600;text-transform:capitalize\">Resumo<\/h2>\n\n\n\n<p>O nosso perfil de luz LED embutido de cove montado no teto \u00e9 a melhor solu\u00e7\u00e3o para um design limpo e moderno. Por ser embutido na massa, proporciona uma ilumina\u00e7\u00e3o suave e uniforme sem molduras vis\u00edveis. O canal de 15mm de largura acomoda muitas fitas LED, permitindo efeitos brilhantes ou RGB. O difusor opaco que vem com ele suaviza a luz, tornando-a adequada para \u00e1reas de estar, escrit\u00f3rios e neg\u00f3cios.<\/p>\n<\/div><\/div>\n\n\n\n<p><\/p>","protected":false},"featured_media":13955,"template":"","meta":{"_acf_changed":true,"_seopress_robots_primary_cat":"none","_seopress_titles_title":"LED Cove Light Drywall Profile | 15mm Wide Recessed Channel DWP21","_seopress_titles_desc":"The DWP21 is a professional led cove light drywall profile designed for 15mm strips. Create stunning indirect ceiling lighting with a seamless, trimless finish in any drywall or gypsum ceiling.","_seopress_robots_index":""},"pcb-width":[229],"product-cat":[197],"class_list":{"0":"post-42665","1":"product","2":"type-product","3":"status-publish","4":"has-post-thumbnail","6":"pcb-width-15-20mm","7":"product-cat-plaster-in-profile"},"acf":[],"_links":{"self":[{"href":"https:\/\/tangooled.com\/pt\/wp-json\/wp\/v2\/product\/42665","targetHints":{"allow":["GET"]}}],"collection":[{"href":"https:\/\/tangooled.com\/pt\/wp-json\/wp\/v2\/product"}],"about":[{"href":"https:\/\/tangooled.com\/pt\/wp-json\/wp\/v2\/types\/product"}],"wp:featuredmedia":[{"embeddable":true,"href":"https:\/\/tangooled.com\/pt\/wp-json\/wp\/v2\/media\/13955"}],"wp:attachment":[{"href":"https:\/\/tangooled.com\/pt\/wp-json\/wp\/v2\/media?parent=42665"}],"wp:term":[{"taxonomy":"pcb-width","embeddable":true,"href":"https:\/\/tangooled.com\/pt\/wp-json\/wp\/v2\/pcb-width?post=42665"},{"taxonomy":"product-cat","embeddable":true,"href":"https:\/\/tangooled.com\/pt\/wp-json\/wp\/v2\/product-cat?post=42665"}],"curies":[{"name":"wp","href":"https:\/\/api.w.org\/{rel}","templated":true}]}}