{"id":42662,"date":"2025-12-23T06:22:11","date_gmt":"2025-12-23T14:22:11","guid":{"rendered":"https:\/\/tangooled.com\/?post_type=product&#038;p=42662"},"modified":"2026-01-27T22:11:19","modified_gmt":"2026-01-28T06:11:19","slug":"45-degree-led-plaster-wall-wash-profile-for-15mm-led-strips","status":"publish","type":"product","link":"https:\/\/tangooled.com\/pt\/product\/45-degree-led-plaster-wall-wash-profile-for-15mm-led-strips\/","title":{"rendered":"Perfil de lavagem de parede de gesso LED em 45 graus para fitas LED de 15mm"},"content":{"rendered":"<div class=\"wp-block-group is-vertical is-layout-flex wp-container-core-group-is-layout-d255d7c4 wp-block-group-is-layout-flex\" style=\"padding-top:var(--wp--preset--spacing--80);padding-bottom:var(--wp--preset--spacing--80)\">\n<p>O nosso perfil de lavagem de parede de gesso em 45 graus proporcionar\u00e1 uma linha de luz impec\u00e1vel e suave nas suas paredes. Este produto \u00e9 projetado para fitas LED de 15mm e encaixa-se perfeitamente em gesso ou drywall. O DWP20 possui 91mm de largura e 56.8mm de altura no seu ponto mais alto. Tem um design em forma de L que facilita a instala\u00e7\u00e3o em cantos. A forma tem uma curva interna profunda que lava a parede. Tamb\u00e9m conta com um difusor de 20.9mm e uma flange de gesso de 31.7mm que mant\u00e9m o perfil no lugar no teto ou prateleira. Permite iluminar paredes sem ofuscamento ou manchas, uma vez que possui um feixe de 45 graus que ilumina suavemente e de maneira uniforme as paredes. Esta solu\u00e7\u00e3o de ilumina\u00e7\u00e3o funciona como ilumina\u00e7\u00e3o ambiente e direcional, combinando-se bem com a arquitetura.<\/p>\n<\/div>\n\n\n\n<div class=\"wp-block-group has-background is-vertical is-layout-flex wp-container-core-group-is-layout-d255d7c4 wp-block-group-is-layout-flex\" style=\"background-color:#f1f1f1;padding-top:var(--wp--preset--spacing--80);padding-bottom:var(--wp--preset--spacing--80)\">\n<div class=\"wp-block-group is-vertical is-layout-flex wp-container-core-group-is-layout-8cf370e7 wp-block-group-is-layout-flex\">\n<h2 class=\"wp-block-heading\" style=\"padding-top:var(--wp--preset--spacing--40);padding-bottom:var(--wp--preset--spacing--40);font-size:25px;font-style:normal;font-weight:600;text-transform:capitalize\">Por que escolher este perfil de lavagem de parede de gesso em 45 graus?<\/h2>\n\n\n\n<ul class=\"wp-block-list\">\n<li>O design embutido mant\u00e9m o perfil enterrado sob o gesso, conferindo um visual limpo e sem bordas.<\/li>\n\n\n\n<li>Feito de alum\u00ednio anodizado 6063-T5 de alta qualidade, que mant\u00e9m suas LEDs frias e tem longa durabilidade.<\/li>\n\n\n\n<li>Funciona com todas as fitas LED de 15mm de largura, incluindo RGBW e de alta densidade.<\/li>\n\n\n\n<li>Has a frosted PC\u00a0diffuser that makes the light gentle and even without hot spots.<\/li>\n\n\n\n<li>\u00d3timo para iluminar paredes, corredores, tetos e mais em edif\u00edcios.<\/li>\n\n\n\n<li>Pode ser pintado ou vem com um acabamento anodizado branco, para se misturar com as paredes.<\/li>\n<\/ul>\n<\/div>\n<\/div>\n\n\n\n<div class=\"wp-block-group is-vertical is-layout-flex wp-container-core-group-is-layout-d255d7c4 wp-block-group-is-layout-flex\" style=\"padding-top:var(--wp--preset--spacing--80);padding-bottom:var(--wp--preset--spacing--80)\">\n<hr class=\"wp-block-separator has-alpha-channel-opacity\"\/>\n\n\n\n<div class=\"wp-block-media-text has-media-on-the-right is-stacked-on-mobile\" style=\"grid-template-columns:auto 40%\"><div class=\"wp-block-media-text__content\">\n<h2 class=\"wp-block-heading\" style=\"padding-top:var(--wp--preset--spacing--40);padding-bottom:var(--wp--preset--spacing--40);font-size:25px;font-style:normal;font-weight:600;text-transform:capitalize\">Como usar este perfil<\/h2>\n\n\n\n<ul class=\"wp-block-list\">\n<li>Corte um canal no drywall ou na placa de gesso para se ajustar \u00e0s dimens\u00f5es do perfil.<\/li>\n\n\n\n<li>Use screws\u00a0to attach the profile to the studs.<\/li>\n\n\n\n<li>Coloque um insert protetor para manter o gesso limpo dentro da embalagem.<\/li>\n\n\n\n<li>Cubra as flanges com gesso e lixe-as para torn\u00e1-las suaves.<\/li>\n\n\n\n<li>Se desejar, pinte-o para combinar perfeitamente com a parede.<\/li>\n\n\n\n<li>Coloque sua fita LED de 15mm e encaixe o difusor opalino no lugar.<\/li>\n<\/ul>\n<\/div><figure class=\"wp-block-media-text__media\"><img loading=\"lazy\" decoding=\"async\" width=\"500\" height=\"500\" src=\"https:\/\/tangooled.com\/wp-content\/uploads\/2025\/12\/dwp20-ins.webp\" alt=\"45 degree led plaster wall wash profile for 15mm led strips\" class=\"wp-image-42938 size-full\" srcset=\"https:\/\/tangooled.com\/wp-content\/uploads\/2025\/12\/dwp20-ins.webp 500w, https:\/\/tangooled.com\/wp-content\/uploads\/2025\/12\/dwp20-ins-300x300.webp 300w, https:\/\/tangooled.com\/wp-content\/uploads\/2025\/12\/dwp20-ins-150x150.webp 150w\" sizes=\"auto, (max-width: 500px) 100vw, 500px\" \/><\/figure><\/div>\n<\/div>\n\n\n\n<div class=\"wp-block-group has-background is-vertical is-layout-flex wp-container-core-group-is-layout-b429018a wp-block-group-is-layout-flex\" style=\"background-color:#f1f1f1f2;padding-top:var(--wp--preset--spacing--70);padding-bottom:var(--wp--preset--spacing--70)\">\n<h2 class=\"wp-block-heading\" style=\"padding-top:var(--wp--preset--spacing--40);padding-bottom:var(--wp--preset--spacing--40);font-size:25px;font-style:normal;font-weight:600\">Aplica\u00e7\u00f5es e Cen\u00e1rios de Uso<\/h2>\n\n\n\n<ul class=\"wp-block-list\">\n<li>Architectural Wall Grazing:\u00a0Brings out the textures in stone, wood, or brick walls.<\/li>\n\n\n\n<li>Corredores e Passagens: Cria uma luz suave que orienta atrav\u00e9s de situa\u00e7\u00f5es escuras e apertadas.<\/li>\n\n\n\n<li>Ceiling Cove Lighting:\u00a0This type of lighting makes the edges of the ceiling look nice and bright without being too bright.<\/li>\n\n\n\n<li>Retail &amp; Hospitality:\u00a0Adds high-end ambient lighting to stores, hotels, and restaurants.<\/li>\n<\/ul>\n<\/div>\n\n\n\n<div class=\"wp-block-group is-vertical is-layout-flex wp-container-core-group-is-layout-d255d7c4 wp-block-group-is-layout-flex\" style=\"padding-top:var(--wp--preset--spacing--80);padding-bottom:var(--wp--preset--spacing--80)\">\n<h2 class=\"wp-block-heading\" style=\"padding-top:var(--wp--preset--spacing--40);padding-bottom:var(--wp--preset--spacing--40);font-size:25px;font-style:normal;font-weight:600;text-transform:capitalize\">Produtos Relacionados Que Voc\u00ea Pode Gostar<\/h2>\n\n\n\n<ul class=\"wp-block-list\">\n<li><a href=\"https:\/\/tangooled.com\/pt\/product\/black-led-profile-with-black-diffuser-for-10mm-led-strip-light\/\"><mark style=\"background-color:rgba(0, 0, 0, 0)\" class=\"has-inline-color has-vivid-red-color\">Perfil LED Preto com Difusor Preto para Fita LED de 10mm<\/mark><\/a><\/li>\n\n\n\n<li><a href=\"https:\/\/tangooled.com\/pt\/product\/22x15mm-led-light-channel-aluminum-extrusion-for-flexible-strips\/\"><mark style=\"background-color:rgba(0, 0, 0, 0)\" class=\"has-inline-color has-vivid-red-color\">Extrus\u00e3o de Canal de Luz LED de Alum\u00ednio 22x15mm para Fitas Flex\u00edveis<\/mark><\/a><\/li>\n\n\n\n<li><a href=\"https:\/\/tangooled.com\/pt\/product\/18x9mm-led-tape-light-profile-for-surface-installation\/\"><mark style=\"background-color:rgba(0, 0, 0, 0)\" class=\"has-inline-color has-vivid-red-color\">Perfil de Luz LED Tape 18x9mm para Instala\u00e7\u00e3o em Superf\u00edcie<\/mark><\/a><\/li>\n\n\n\n<li><a href=\"https:\/\/tangooled.com\/pt\/product\/25x14m-surface-mounted-led-light-aluminum-profile\/\"><mark style=\"background-color:rgba(0, 0, 0, 0)\" class=\"has-inline-color has-vivid-red-color\">Perfil de Luz LED de Alum\u00ednio Montado em Superf\u00edcie 25x14mm<\/mark><\/a><\/li>\n<\/ul>\n<\/div>\n\n\n\n<div class=\"wp-block-group has-background\" style=\"background-color:#f1f1f1;padding-top:var(--wp--preset--spacing--80);padding-bottom:var(--wp--preset--spacing--80)\"><div class=\"wp-block-group__inner-container is-layout-constrained wp-block-group-is-layout-constrained\">\n<h2 class=\"wp-block-heading\" style=\"padding-top:var(--wp--preset--spacing--40);padding-bottom:var(--wp--preset--spacing--40);font-size:25px;font-style:normal;font-weight:600;text-transform:capitalize\">resumo<\/h2>\n\n\n\n<p>Nosso perfil de lavagem de parede de gesso em 45 graus para fitas LED de 15mm \u00e9 uma maneira elegante e sem emendas de iluminar um ambiente. \u00c9 feito de alum\u00ednio resistente e possui um difusor de alta qualidade que proporciona uma lavagem suave e sem ofusca\u00e7\u00f5es, ideal para projetos de ilumina\u00e7\u00e3o residencial, comercial e arquitet\u00f4nica. Funciona com fita LED de alta densidade e mant\u00e9m a temperatura sob controle por longo tempo, ao mesmo tempo que se mistura com seu drywall ou gesso.<\/p>\n<\/div><\/div>\n\n\n\n<p><\/p>","protected":false},"featured_media":13810,"template":"","meta":{"_acf_changed":true,"_seopress_robots_primary_cat":"none","_seopress_titles_title":"45 Degree Plaster Wall Wash Profile | 15mm LED Channel DWP20","_seopress_titles_desc":"The DWP20 is a professional 45 degree plaster wall wash profile designed for 15mm strips. Achieve a seamless, trimless wall washing effect that highlights textures and architectural details.","_seopress_robots_index":""},"pcb-width":[229],"product-cat":[197],"class_list":{"0":"post-42662","1":"product","2":"type-product","3":"status-publish","4":"has-post-thumbnail","6":"pcb-width-15-20mm","7":"product-cat-plaster-in-profile"},"acf":[],"_links":{"self":[{"href":"https:\/\/tangooled.com\/pt\/wp-json\/wp\/v2\/product\/42662","targetHints":{"allow":["GET"]}}],"collection":[{"href":"https:\/\/tangooled.com\/pt\/wp-json\/wp\/v2\/product"}],"about":[{"href":"https:\/\/tangooled.com\/pt\/wp-json\/wp\/v2\/types\/product"}],"wp:featuredmedia":[{"embeddable":true,"href":"https:\/\/tangooled.com\/pt\/wp-json\/wp\/v2\/media\/13810"}],"wp:attachment":[{"href":"https:\/\/tangooled.com\/pt\/wp-json\/wp\/v2\/media?parent=42662"}],"wp:term":[{"taxonomy":"pcb-width","embeddable":true,"href":"https:\/\/tangooled.com\/pt\/wp-json\/wp\/v2\/pcb-width?post=42662"},{"taxonomy":"product-cat","embeddable":true,"href":"https:\/\/tangooled.com\/pt\/wp-json\/wp\/v2\/product-cat?post=42662"}],"curies":[{"name":"wp","href":"https:\/\/api.w.org\/{rel}","templated":true}]}}