{"id":42658,"date":"2025-12-23T06:10:45","date_gmt":"2025-12-23T14:10:45","guid":{"rendered":"https:\/\/tangooled.com\/?post_type=product&#038;p=42658"},"modified":"2026-01-27T22:02:16","modified_gmt":"2026-01-28T06:02:16","slug":"anti-glare-indirect-lighting-curved-drywall-profile-dwp19","status":"publish","type":"product","link":"https:\/\/tangooled.com\/pt\/product\/anti-glare-indirect-lighting-curved-drywall-profile-dwp19\/","title":{"rendered":"Perfil LED curvo anti-reflexo para ilumina\u00e7\u00e3o indireta em drywall DWP19"},"content":{"rendered":"<div class=\"wp-block-group is-vertical is-layout-flex wp-container-core-group-is-layout-d255d7c4 wp-block-group-is-layout-flex\" style=\"padding-top:var(--wp--preset--spacing--80);padding-bottom:var(--wp--preset--spacing--80)\">\n<p>Our anti-glare indirect lighting LED drywall profile is a curved, trimless, single flange aluminum extrusion made for plaster-in drywall installation. It gives you smooth, soft light that does not hurt your eyes. The DWP19 profile features a total width of 101mm and a significant overall height of 69mm. It is designed for mounting on an exposed shelf or surface, with the profile&#8217;s 48mm flange secured to the horizontal element. The channel includes a recess for a single LED strip, covered by a 21.5mm wide diffuser, ensuring the light source is completely hidden. This profile is fantastic for architects, interior designers, and lighting installers who desire modern design, clean lines, and a lot of visual comfort. It gives off a wide, semi-circular light beam that flows smoothly into the room.<\/p>\n<\/div>\n\n\n\n<div class=\"wp-block-group has-background is-vertical is-layout-flex wp-container-core-group-is-layout-d255d7c4 wp-block-group-is-layout-flex\" style=\"background-color:#f1f1f1;padding-top:var(--wp--preset--spacing--80);padding-bottom:var(--wp--preset--spacing--80)\">\n<div class=\"wp-block-group is-vertical is-layout-flex wp-container-core-group-is-layout-8cf370e7 wp-block-group-is-layout-flex\">\n<h2 class=\"wp-block-heading\" style=\"padding-top:var(--wp--preset--spacing--40);padding-bottom:var(--wp--preset--spacing--40);font-size:25px;font-style:normal;font-weight:600;text-transform:capitalize\">O que torna este perfil de drywall LED de ilumina\u00e7\u00e3o indireta anti-reflexo especial?<\/h2>\n\n\n\n<ul class=\"wp-block-list\">\n<li>Design Anti-Reflexo: A fonte de luz LED est\u00e1 oculta em um canal profundo, o que impede pontos brilhantes e ofuscamento. Isso torna seus ambientes tranquilos e aconchegantes.<\/li>\n\n\n\n<li>Formato Curvo: Curvado na f\u00e1brica para se ajustar \u00e0s formas do seu projeto. Ideal para paredes circulares, domos nos tetos, arcos e linhas de luz que fluem.<\/li>\n\n\n\n<li>Instala\u00e7\u00e3o de Flange \u00danica: A flange \u00fanica \u00e9 fixada \u00e0 estrutura e coberta com gesso, o que a torna suave e sem moldura.<\/li>\n\n\n\n<li>Ilumina\u00e7\u00e3o Indireta: Emite luz suavemente sobre paredes ou tetos para criar um efeito halo sem expor pontos de LED.<\/li>\n\n\n\n<li>Material de Alum\u00ednio: O alum\u00ednio anodizado \u00e9 resistente, mant\u00e9m os LEDs frescos e dura por anos.<\/li>\n\n\n\n<li>Luz Difusa: O difusor fosco espalha a luz de forma uniforme, o que a torna limpa.<\/li>\n<\/ul>\n<\/div>\n<\/div>\n\n\n\n<div class=\"wp-block-group\" style=\"padding-top:var(--wp--preset--spacing--80);padding-bottom:var(--wp--preset--spacing--80)\"><div class=\"wp-block-group__inner-container is-layout-constrained wp-block-group-is-layout-constrained\">\n<div class=\"wp-block-media-text has-media-on-the-right is-stacked-on-mobile\" style=\"grid-template-columns:auto 40%\"><div class=\"wp-block-media-text__content\">\n<h2 class=\"wp-block-heading\" style=\"padding-top:var(--wp--preset--spacing--40);padding-bottom:var(--wp--preset--spacing--40);font-size:25px;font-style:normal;font-weight:600;text-transform:capitalize\">Como usar este perfil de drywall<\/h2>\n\n\n\n<ul class=\"wp-block-list\">\n<li>Pe\u00e7a seu perfil curvado \u00fanico para atender \u00e0s suas necessidades.<\/li>\n\n\n\n<li>Coloque a flange \u00fanica na estrutura do drywall.<\/li>\n\n\n\n<li>Para conseguir um acabamento liso e uniforme, use massa e gesso.<\/li>\n\n\n\n<li>Instale sua fita LED, que pode ter at\u00e9 15 mm de largura.<\/li>\n\n\n\n<li>Para obter luz suave e sem pontos, encaixe o difusor fosco.<\/li>\n\n\n\n<li>Conecte o driver LED para que voc\u00ea possa controlar o brilho e a atenua\u00e7\u00e3o conforme desejado.<\/li>\n<\/ul>\n<\/div><figure class=\"wp-block-media-text__media\"><img loading=\"lazy\" decoding=\"async\" width=\"500\" height=\"500\" src=\"https:\/\/tangooled.com\/wp-content\/uploads\/2025\/12\/dwp19-ins.webp\" alt=\"anti glare led drywall profile curved indirect lighting single flange\" class=\"wp-image-42935 size-full\" srcset=\"https:\/\/tangooled.com\/wp-content\/uploads\/2025\/12\/dwp19-ins.webp 500w, https:\/\/tangooled.com\/wp-content\/uploads\/2025\/12\/dwp19-ins-300x300.webp 300w, https:\/\/tangooled.com\/wp-content\/uploads\/2025\/12\/dwp19-ins-150x150.webp 150w\" sizes=\"auto, (max-width: 500px) 100vw, 500px\" \/><\/figure><\/div>\n<\/div><\/div>\n\n\n\n<div class=\"wp-block-group has-background\" style=\"background-color:#f1f1f1f2;padding-top:var(--wp--preset--spacing--80);padding-bottom:var(--wp--preset--spacing--80)\"><div class=\"wp-block-group__inner-container is-layout-constrained wp-block-group-is-layout-constrained\">\n<h2 class=\"wp-block-heading\" style=\"padding-top:var(--wp--preset--spacing--40);padding-bottom:var(--wp--preset--spacing--40);font-size:25px;font-style:normal;font-weight:600;text-transform:capitalize\">Usos ideais para nosso perfil curvado de flange \u00fanica DWP19<\/h2>\n\n\n\n<ul class=\"wp-block-list\">\n<li>Ilumina\u00e7\u00e3o de cove em torno de paredes ou tetos<\/li>\n\n\n\n<li>Arcos curvados e tetos em domo iluminados&nbsp;<\/li>\n\n\n\n<li>Linhas de destaque em casas, lojas, escrit\u00f3rios e hot\u00e9is&nbsp;<\/li>\n\n\n\n<li>Efeitos de teto flutuante que s\u00e3o encantadores<\/li>\n\n\n\n<li>Grazing em paredes para texturas como pedra ou madeira&nbsp;<\/li>\n\n\n\n<li>Ilumina\u00e7\u00e3o de per\u00edmetro em sagu\u00f5es e corredores<\/li>\n<\/ul>\n<\/div><\/div>\n\n\n\n<div class=\"wp-block-group is-vertical is-layout-flex wp-container-core-group-is-layout-d255d7c4 wp-block-group-is-layout-flex\" style=\"padding-top:var(--wp--preset--spacing--80);padding-bottom:var(--wp--preset--spacing--80)\">\n<h2 class=\"wp-block-heading\" style=\"padding-top:var(--wp--preset--spacing--40);padding-bottom:var(--wp--preset--spacing--40);font-size:25px;font-style:normal;font-weight:600;text-transform:capitalize\">Produtos e Recursos Relacionados<\/h2>\n\n\n\n<ul class=\"wp-block-list\">\n<li><a href=\"https:\/\/tangooled.com\/pt\/product\/anti-glare-led-drywall-profile-curved-indirect-lighting-single-flange\/\"><mark style=\"background-color:rgba(0, 0, 0, 0)\" class=\"has-inline-color has-vivid-red-color\">Perfil de Drywall LED Curvo de Ilumina\u00e7\u00e3o Indireta Anti-Glare com Flange \u00danica<\/mark><\/a><\/li>\n\n\n\n<li><a href=\"https:\/\/tangooled.com\/pt\/product\/led-strip-light-channel-aluminum-profile-with-diffused-cover-6mm-height\/\"><mark style=\"background-color:rgba(0, 0, 0, 0)\" class=\"has-inline-color has-vivid-red-color\">Perfil de Alum\u00ednio para Faixas de Luz LED com Tampa Difusora 6mm de Altura<\/mark><\/a><\/li>\n\n\n\n<li><a href=\"https:\/\/tangooled.com\/pt\/product\/trimless-drywall-led-channel-for-15mm-led-strip-lights\/\"><mark style=\"background-color:rgba(0, 0, 0, 0)\" class=\"has-inline-color has-vivid-red-color\">Canal LED de drywall sem moldura para fitas LED de 15mm<\/mark><\/a><\/li>\n\n\n\n<li><a href=\"https:\/\/tangooled.com\/pt\/product\/25x6mm-low-profile-led-strip-channel-for-10mm-led-strip-light\/\"><mark style=\"background-color:rgba(0, 0, 0, 0)\" class=\"has-inline-color has-vivid-red-color\">Canal de LED de Baixo Perf\u00edl 25x6mm para Fita LED de 10mm<\/mark><\/a><\/li>\n<\/ul>\n<\/div>\n\n\n\n<div class=\"wp-block-group has-background\" style=\"background-color:#f1f1f1;padding-top:var(--wp--preset--spacing--80);padding-bottom:var(--wp--preset--spacing--80)\"><div class=\"wp-block-group__inner-container is-layout-constrained wp-block-group-is-layout-constrained\">\n<h2 class=\"wp-block-heading\" style=\"padding-top:var(--wp--preset--spacing--40);padding-bottom:var(--wp--preset--spacing--40);font-size:25px;font-style:normal;font-weight:600;text-transform:capitalize\">resumo<\/h2>\n\n\n\n<p>O nosso perfil de drywall LED de ilumina\u00e7\u00e3o indireta anti-reflexo \u00e9 \u00f3timo para quem deseja uma luz suave, sem moldura, com apenas uma flange para paredes de gesso. Este perfil facilita e torna os seus projetos de ilumina\u00e7\u00e3o mais atraentes ao reduzir o brilho.<\/p>\n<\/div><\/div>\n\n\n\n<p><\/p>","protected":false},"featured_media":13803,"template":"","meta":{"_acf_changed":true,"_seopress_robots_primary_cat":"none","_seopress_titles_title":"Anti-Glare Indirect LED Drywall Profile | Curved Single Flange DWP19","_seopress_titles_desc":"The DWP19 is anti glare indirect lighting led drywall profile with a curved single flange design. Create soft, hidden illumination in curved ceilings for a seamless trimless finish.","_seopress_robots_index":""},"pcb-width":[229],"product-cat":[197],"class_list":{"0":"post-42658","1":"product","2":"type-product","3":"status-publish","4":"has-post-thumbnail","6":"pcb-width-15-20mm","7":"product-cat-plaster-in-profile"},"acf":[],"_links":{"self":[{"href":"https:\/\/tangooled.com\/pt\/wp-json\/wp\/v2\/product\/42658","targetHints":{"allow":["GET"]}}],"collection":[{"href":"https:\/\/tangooled.com\/pt\/wp-json\/wp\/v2\/product"}],"about":[{"href":"https:\/\/tangooled.com\/pt\/wp-json\/wp\/v2\/types\/product"}],"wp:featuredmedia":[{"embeddable":true,"href":"https:\/\/tangooled.com\/pt\/wp-json\/wp\/v2\/media\/13803"}],"wp:attachment":[{"href":"https:\/\/tangooled.com\/pt\/wp-json\/wp\/v2\/media?parent=42658"}],"wp:term":[{"taxonomy":"pcb-width","embeddable":true,"href":"https:\/\/tangooled.com\/pt\/wp-json\/wp\/v2\/pcb-width?post=42658"},{"taxonomy":"product-cat","embeddable":true,"href":"https:\/\/tangooled.com\/pt\/wp-json\/wp\/v2\/product-cat?post=42658"}],"curies":[{"name":"wp","href":"https:\/\/api.w.org\/{rel}","templated":true}]}}