{"id":42657,"date":"2025-12-23T06:07:56","date_gmt":"2025-12-23T14:07:56","guid":{"rendered":"https:\/\/tangooled.com\/?post_type=product&#038;p=42657"},"modified":"2026-01-27T21:22:49","modified_gmt":"2026-01-28T05:22:49","slug":"curved-double-flange-led-drywall-profile-dual-strip-dwp18","status":"publish","type":"product","link":"https:\/\/tangooled.com\/pt\/product\/curved-double-flange-led-drywall-profile-dual-strip-dwp18\/","title":{"rendered":"Perfil de drywall em flange dupla curva LED para fita dupla"},"content":{"rendered":"<div class=\"wp-block-group is-vertical is-layout-flex wp-container-core-group-is-layout-d255d7c4 wp-block-group-is-layout-flex\" style=\"padding-top:var(--wp--preset--spacing--80);padding-bottom:var(--wp--preset--spacing--80)\">\n<p>Nosso perfil de drywall em flange dupla curva LED \u00e9 feito especialmente para fitas LED duplas e dar\u00e1 vida \u00e0 sua ilumina\u00e7\u00e3o arquitet\u00f3nica. Este canal LED curvo embutido encaixa-se precisamente em drywall ou placa de gesso. Permite criar belas linhas suaves de luz em paredes e tetos curvos que parecem extrus\u00f5es LED montadas a flush. Uma vez instalados, ficam totalmente escondidos. O DWP18 tem uma forma ampla e sim\u00e9trica com largura total de 133,5 mm e altura de 51 mm a partir do n\u00edvel da flange. \u00c9 projetado para suportar duas fitas LED distintas, cada uma das quais fica sob um segmento difusor de 12,6 mm de largura na parte inferior da curva. Este incr\u00edvel design arqueado de 180 graus espalha a luz sobre uma ampla \u00e1rea, criando uma ilumina\u00e7\u00e3o ambiente dram\u00e1tica que se funde bem com a estrutura do teto para um visual genuinamente moderno.<\/p>\n<\/div>\n\n\n\n<div class=\"wp-block-group has-background is-vertical is-layout-flex wp-container-core-group-is-layout-d255d7c4 wp-block-group-is-layout-flex\" style=\"background-color:#f1f1f1;padding-top:var(--wp--preset--spacing--80);padding-bottom:var(--wp--preset--spacing--80)\">\n<div class=\"wp-block-group is-vertical is-layout-flex wp-container-core-group-is-layout-8cf370e7 wp-block-group-is-layout-flex\">\n<h2 class=\"wp-block-heading\" style=\"padding-top:var(--wp--preset--spacing--40);padding-bottom:var(--wp--preset--spacing--40);font-size:25px;font-style:normal;font-weight:600;text-transform:capitalize\">Por que escolher nosso perfil de drywall em flange dupla curva LED?<\/h2>\n\n\n\n<ul class=\"wp-block-list\">\n<li>Double-flange for a smooth finish: The two flanges hold the drywall mud in place, making a surface that is smooth and trimless, hiding the profile and giving the impression of &#8220;light from nowhere.<\/li>\n\n\n\n<li>Design de slot duplo para ilumina\u00e7\u00e3o angular: Equipado com dois slots de montagem separados (um em cada base), este perfil permite a instala\u00e7\u00e3o de duas fitas LED de alta densidade, proporcionando ilumina\u00e7\u00e3o de \u00e2ngulo amplo ou de zonas duplas.<\/li>\n\n\n\n<li>Alta dissipa\u00e7\u00e3o de calor: Feito de alum\u00ednio de qualidade arquitet\u00f4nica 6063-T5, o que faz com que os LEDs durem mais.<\/li>\n\n\n\n<li>Frosted PC\u00a0diffuser: Light that is smooth and dot-free, with no glare.<\/li>\n<\/ul>\n<\/div>\n<\/div>\n\n\n\n<div class=\"wp-block-group\" style=\"padding-top:var(--wp--preset--spacing--80);padding-bottom:var(--wp--preset--spacing--80)\"><div class=\"wp-block-group__inner-container is-layout-constrained wp-block-group-is-layout-constrained\">\n<div class=\"wp-block-media-text has-media-on-the-right is-stacked-on-mobile\" style=\"grid-template-columns:auto 40%\"><div class=\"wp-block-media-text__content\">\n<h2 class=\"wp-block-heading\" style=\"padding-top:var(--wp--preset--spacing--40);padding-bottom:var(--wp--preset--spacing--40);font-size:25px;font-style:normal;font-weight:600;text-transform:capitalize\">Passos de Instala\u00e7\u00e3o<\/h2>\n\n\n\n<ul class=\"wp-block-list\">\n<li>Use parafusos para fixar o perfil \u00e0 estrutura de drywall.<\/li>\n\n\n\n<li>Coloque as placas de drywall nas flanges e certifique-se de que n\u00e3o h\u00e1 lacunas.<\/li>\n\n\n\n<li>Aplique a massa para juntas nas flanges e alise.<\/li>\n\n\n\n<li>Lije e pinte para que o acabamento fique nivelado com a parede ou teto.<\/li>\n\n\n\n<li>Coloque duas fitas LED nos dois canais.<\/li>\n\n\n\n<li>Coloque os difusores no lugar para obter uma luz suave e uniforme.<\/li>\n\n\n\n<li>Conecte as fitas LED a uma fonte de alimenta\u00e7\u00e3o de baixa voltagem que funcione com elas.<\/li>\n<\/ul>\n<\/div><figure class=\"wp-block-media-text__media\"><img loading=\"lazy\" decoding=\"async\" width=\"500\" height=\"500\" src=\"https:\/\/tangooled.com\/wp-content\/uploads\/2025\/12\/dwp18-ins.webp\" alt=\"led drywall curved double flange profile for dual strip\" class=\"wp-image-42933 size-full\" srcset=\"https:\/\/tangooled.com\/wp-content\/uploads\/2025\/12\/dwp18-ins.webp 500w, https:\/\/tangooled.com\/wp-content\/uploads\/2025\/12\/dwp18-ins-300x300.webp 300w, https:\/\/tangooled.com\/wp-content\/uploads\/2025\/12\/dwp18-ins-150x150.webp 150w\" sizes=\"auto, (max-width: 500px) 100vw, 500px\" \/><\/figure><\/div>\n<\/div><\/div>\n\n\n\n<div class=\"wp-block-group has-background\" style=\"background-color:#f1f1f1f2;padding-top:var(--wp--preset--spacing--80);padding-bottom:var(--wp--preset--spacing--80)\"><div class=\"wp-block-group__inner-container is-layout-constrained wp-block-group-is-layout-constrained\">\n<h2 class=\"wp-block-heading\" style=\"padding-top:var(--wp--preset--spacing--40);padding-bottom:var(--wp--preset--spacing--40);font-size:25px;font-style:normal;font-weight:600\">Como usar nosso perfil de drywall em flange dupla curva LED<\/h2>\n\n\n\n<ul class=\"wp-block-list\">\n<li>Salas de estar, cinemas em casa e entradas ficam melhores com ilumina\u00e7\u00e3o dram\u00e1tica nas paredes, covos no teto ou slots de luz sem moldura.<\/li>\n\n\n\n<li>Design comercial: \u00d3timo para lobbies de hot\u00e9is, locais de trabalho modernos,showrooms de varejo e galerias onde a ilumina\u00e7\u00e3o arquitet\u00f4nica acrescenta \u00e0 atmosfera.<\/li>\n\n\n\n<li>Caracter\u00edsticas arquitet\u00f4nicas: \u00d3timo para transi\u00e7\u00f5es de parede a parede, tetos em domo, beirais curvados e sancas embutidas.<\/li>\n<\/ul>\n<\/div><\/div>\n\n\n\n<div class=\"wp-block-group is-vertical is-layout-flex wp-container-core-group-is-layout-d255d7c4 wp-block-group-is-layout-flex\" style=\"padding-top:var(--wp--preset--spacing--80);padding-bottom:var(--wp--preset--spacing--80)\">\n<h2 class=\"wp-block-heading\" style=\"padding-top:var(--wp--preset--spacing--40);padding-bottom:var(--wp--preset--spacing--40);font-size:25px;font-style:normal;font-weight:600;text-transform:capitalize\">Produtos relacionados para complementar sua configura\u00e7\u00e3o de ilumina\u00e7\u00e3o<\/h2>\n\n\n\n<ul class=\"wp-block-list\">\n<li><a href=\"https:\/\/tangooled.com\/pt\/product\/aluminum-profile-with-60-degree-lens-led-diffuser\/\"><mark style=\"background-color:rgba(0, 0, 0, 0)\" class=\"has-inline-color has-vivid-red-color\">Perfil LED de alum\u00ednio com difusor de lente de 60 graus<\/mark><\/a> \u2014 for sharp light angles.<\/li>\n\n\n\n<li><mark style=\"background-color:rgba(0, 0, 0, 0)\" class=\"has-inline-color has-vivid-red-color\"><a href=\"https:\/\/tangooled.com\/pt\/product\/25x14m-surface-mounted-led-light-aluminum-profile\/\">Perfil de alum\u00ednio para luz LED montado na superf\u00edcie de 25x14mm<\/a> <\/mark>\u2014 for surface installation.<\/li>\n\n\n\n<li><a href=\"https:\/\/tangooled.com\/pt\/product\/aluminum-led-strip-extrusion-diffuser-channel-for-5050-double-row-led-strip\/\"><mark style=\"background-color:rgba(0, 0, 0, 0)\" class=\"has-inline-color has-vivid-red-color\">Difusor de canal em extrus\u00e3o de alum\u00ednio para fita LED de dupla fileira 5050<\/mark><\/a> \u2014 perfect double LED strip channel.<\/li>\n<\/ul>\n<\/div>\n\n\n\n<div class=\"wp-block-group has-background\" style=\"background-color:#f1f1f1;padding-top:var(--wp--preset--spacing--80);padding-bottom:var(--wp--preset--spacing--80)\"><div class=\"wp-block-group__inner-container is-layout-constrained wp-block-group-is-layout-constrained\">\n<h2 class=\"wp-block-heading\" style=\"padding-top:var(--wp--preset--spacing--40);padding-bottom:var(--wp--preset--spacing--40);font-size:25px;font-style:normal;font-weight:600;text-transform:capitalize\">resumo<\/h2>\n\n\n\n<p>Nosso perfil de drywall em flange dupla curva LED para luzes de fita LED dupla \u00e9 a melhor op\u00e7\u00e3o para ilumina\u00e7\u00e3o arquitet\u00f4nica de alta qualidade, sem moldura e flex\u00edvel. Proporciona ilumina\u00e7\u00e3o ambiente excelente, ilumina\u00e7\u00e3o de destaque e efeitos de lavagem de parede para projetos residenciais e comerciais. Possui alum\u00ednio de alta qualidade, um amplo espa\u00e7o de canal, e um difusor suave.<\/p>\n<\/div><\/div>\n\n\n\n<p><\/p>","protected":false},"featured_media":13794,"template":"","meta":{"_acf_changed":true,"_seopress_robots_primary_cat":"none","_seopress_titles_title":"Curved Double Flange LED Drywall Profile | Dual Strip DWP18 | TANGOOLED","_seopress_titles_desc":"The DWP18 is a heavy-duty curved double flange LED drywall profile built for dual strips. This hidden drywall LED channel offers superior stability for curved ceilings with a high-output trimless finish.","_seopress_robots_index":""},"pcb-width":[228],"product-cat":[197],"class_list":{"0":"post-42657","1":"product","2":"type-product","3":"status-publish","4":"has-post-thumbnail","6":"pcb-width-6-12mm","7":"product-cat-plaster-in-profile"},"acf":[],"_links":{"self":[{"href":"https:\/\/tangooled.com\/pt\/wp-json\/wp\/v2\/product\/42657","targetHints":{"allow":["GET"]}}],"collection":[{"href":"https:\/\/tangooled.com\/pt\/wp-json\/wp\/v2\/product"}],"about":[{"href":"https:\/\/tangooled.com\/pt\/wp-json\/wp\/v2\/types\/product"}],"wp:featuredmedia":[{"embeddable":true,"href":"https:\/\/tangooled.com\/pt\/wp-json\/wp\/v2\/media\/13794"}],"wp:attachment":[{"href":"https:\/\/tangooled.com\/pt\/wp-json\/wp\/v2\/media?parent=42657"}],"wp:term":[{"taxonomy":"pcb-width","embeddable":true,"href":"https:\/\/tangooled.com\/pt\/wp-json\/wp\/v2\/pcb-width?post=42657"},{"taxonomy":"product-cat","embeddable":true,"href":"https:\/\/tangooled.com\/pt\/wp-json\/wp\/v2\/product-cat?post=42657"}],"curies":[{"name":"wp","href":"https:\/\/api.w.org\/{rel}","templated":true}]}}