{"id":42655,"date":"2025-12-23T06:05:21","date_gmt":"2025-12-23T14:05:21","guid":{"rendered":"https:\/\/tangooled.com\/?post_type=product&#038;p=42655"},"modified":"2026-01-27T21:14:47","modified_gmt":"2026-01-28T05:14:47","slug":"pre-embedded-ceiling-curved-led-profile-hidden-drywall-dwp17","status":"publish","type":"product","link":"https:\/\/tangooled.com\/pt\/product\/pre-embedded-ceiling-curved-led-profile-hidden-drywall-dwp17\/","title":{"rendered":"Perfil Curvo de Teto Embutido com Canal LED para Gesso"},"content":{"rendered":"<div class=\"wp-block-group is-vertical is-layout-flex wp-container-core-group-is-layout-d255d7c4 wp-block-group-is-layout-flex\" style=\"padding-top:var(--wp--preset--spacing--80);padding-bottom:var(--wp--preset--spacing--80)\">\n<p>Nosso perfil curvo de LED embutido no teto \u00e9 a melhor forma de criar linhas retas e bonitas de luz. Este canal LED para gesso fica escondido e se funde com tetos e paredes. Ele confere ao seu espa\u00e7o um visual moderno e profissional, sem qualquer estrutura ou acabamento vis\u00edvel. O perfil DWP17 tem uma base larga de 91.5mm e uma altura m\u00e1xima de 57.1mm a partir da borda da parede. Sua forma arredondada \u00e9 perfeita para instala\u00e7\u00e3o em cantos, onde se integra suavemente da parede para o teto. A c\u00e2mara interna tem 34mm de profundidade, o que \u00e9 suficiente para fitas LED, e o segmento difusor tem 12.8mm de largura. \u00c9 feito de alum\u00ednio robusto e \u00e9 destinado a ser embutido em gesso ou massa. Ele ajuda a criar curvas suaves e arcos que geram um bonito efeito de ilumina\u00e7\u00e3o em cove, que melhorar\u00e1 qualquer ambiente.<\/p>\n<\/div>\n\n\n\n<div class=\"wp-block-group has-background\" style=\"background-color:#f1f1f1;padding-top:var(--wp--preset--spacing--80);padding-bottom:var(--wp--preset--spacing--80)\"><div class=\"wp-block-group__inner-container is-layout-constrained wp-block-group-is-layout-constrained\">\n<div class=\"wp-block-group is-vertical is-layout-flex wp-container-core-group-is-layout-8cf370e7 wp-block-group-is-layout-flex\">\n<h2 class=\"wp-block-heading\" style=\"padding-top:var(--wp--preset--spacing--40);padding-bottom:var(--wp--preset--spacing--40);font-size:25px;font-style:normal;font-weight:600;text-transform:capitalize\">Por que escolher nosso perfil curvo de LED embutido no teto?<\/h2>\n\n\n\n<ul class=\"wp-block-list\">\n<li>Sem Acabamento e Escondido: Escondido, flush dentro do gesso, sem bordas aparentes.<\/li>\n\n\n\n<li>Ilumina\u00e7\u00e3o suave e sem pontos: Utilize fitas LED de alta densidade para obter luz uniforme.<\/li>\n\n\n\n<li>Alum\u00ednio dur\u00e1vel: A liga 6063-T5 age como suporte e dissipador de calor.<\/li>\n\n\n\n<li>Ajuste Seguro: As flanges perfuradas para embutir se fixam nas paredes para um acabamento duradouro.<\/li>\n\n\n\n<li>Com um perfil curvo de LED embutido que desaparece no gesso, voc\u00ea pode adicionar facilmente ilumina\u00e7\u00e3o \u00e0 sua arquitetura. Ele mostra apenas luz pura e cont\u00ednua em curvas e bordas.<\/li>\n<\/ul>\n<\/div>\n<\/div><\/div>\n\n\n\n<div class=\"wp-block-group is-vertical is-layout-flex wp-container-core-group-is-layout-d255d7c4 wp-block-group-is-layout-flex\" style=\"padding-top:var(--wp--preset--spacing--80);padding-bottom:var(--wp--preset--spacing--80)\">\n<hr class=\"wp-block-separator has-alpha-channel-opacity\"\/>\n\n\n\n<div class=\"wp-block-media-text has-media-on-the-right is-stacked-on-mobile\" style=\"grid-template-columns:auto 40%\"><div class=\"wp-block-media-text__content\">\n<h2 class=\"wp-block-heading\" style=\"padding-top:var(--wp--preset--spacing--40);padding-bottom:var(--wp--preset--spacing--40);font-size:25px;font-style:normal;font-weight:600;text-transform:capitalize\">Como usar este canal LED escondido para gesso<\/h2>\n\n\n\n<ul class=\"wp-block-list\">\n<li>Fixe firmemente o canal aos montantes do teto ou \u00e0 estrutura do gesso.<\/li>\n\n\n\n<li>Para um acabamento suave, aplique massa de gesso ou gesso sobre as flanges com furos.<\/li>\n\n\n\n<li>Para criar uma superf\u00edcie lisa no teto ou na parede, lixe e pinte o gesso.<\/li>\n\n\n\n<li>Coloque a fita LED no canal e encaixe o difusor.<\/li>\n\n\n\n<li>Conecte o sistema de controle e o driver LED entre si para que recebam eletricidade e possam ser dimmerizados.<\/li>\n<\/ul>\n<\/div><figure class=\"wp-block-media-text__media\"><img loading=\"lazy\" decoding=\"async\" width=\"500\" height=\"500\" src=\"https:\/\/tangooled.com\/wp-content\/uploads\/2025\/12\/dwp17-ins.webp\" alt=\"pre embedded ceiling curved profile hidden drywall led channel\" class=\"wp-image-42924 size-full\" srcset=\"https:\/\/tangooled.com\/wp-content\/uploads\/2025\/12\/dwp17-ins.webp 500w, https:\/\/tangooled.com\/wp-content\/uploads\/2025\/12\/dwp17-ins-300x300.webp 300w, https:\/\/tangooled.com\/wp-content\/uploads\/2025\/12\/dwp17-ins-150x150.webp 150w\" sizes=\"auto, (max-width: 500px) 100vw, 500px\" \/><\/figure><\/div>\n<\/div>\n\n\n\n<div class=\"wp-block-group has-background\" style=\"background-color:#f1f1f1f2;padding-top:var(--wp--preset--spacing--80);padding-bottom:var(--wp--preset--spacing--80)\"><div class=\"wp-block-group__inner-container is-layout-constrained wp-block-group-is-layout-constrained\">\n<h2 class=\"wp-block-heading\" style=\"padding-top:var(--wp--preset--spacing--40);padding-bottom:var(--wp--preset--spacing--40);font-size:25px;font-style:normal;font-weight:600\">Cen\u00e1rios de Uso para o Perfil Curvo de LED Embutido no Teto<\/h2>\n\n\n\n<ul class=\"wp-block-list\">\n<li>Revela\u00e7\u00f5es Arquitet\u00f4nicas: Use luz suave e graciosa para chamar a aten\u00e7\u00e3o para as transi\u00e7\u00f5es entre paredes e tetos.<\/li>\n\n\n\n<li>Paredes Curvas com Luz de Fundo: Crie paredes com ilumina\u00e7\u00e3o ambiente suave para hot\u00e9is, lojas ou casas modernas.<\/li>\n\n\n\n<li>Para neg\u00f3cios e resid\u00eancias: \u00d3timo para locais de trabalho, shoppings, hot\u00e9is e casas de alto padr\u00e3o.<\/li>\n<\/ul>\n<\/div><\/div>\n\n\n\n<div class=\"wp-block-group\" style=\"padding-top:var(--wp--preset--spacing--80);padding-bottom:var(--wp--preset--spacing--80)\"><div class=\"wp-block-group__inner-container is-layout-constrained wp-block-group-is-layout-constrained\">\n<h2 class=\"wp-block-heading\" style=\"padding-top:var(--wp--preset--spacing--40);padding-bottom:var(--wp--preset--spacing--40);font-size:25px;font-style:normal;font-weight:600;text-transform:capitalize\">Produtos Relacionados para Sistemas de Ilumina\u00e7\u00e3o Aprimorados<\/h2>\n\n\n\n<ul class=\"wp-block-list\">\n<li><a href=\"https:\/\/tangooled.com\/pt\/product\/black-led-diffuser-aluminum-channel-for-12mm-tape-lights\/\"><mark style=\"background-color:rgba(0, 0, 0, 0)\" class=\"has-inline-color has-vivid-red-color\">Canal de Alum\u00ednio Difusor LED Preto para Fitas de 12mm<\/mark><\/a><\/li>\n\n\n\n<li><a href=\"https:\/\/tangooled.com\/pt\/product\/led-strip-light-channel-aluminum-profile-with-diffused-cover-6mm-height\/\"><mark style=\"background-color:rgba(0, 0, 0, 0)\" class=\"has-inline-color has-vivid-red-color\">Perfil de Alum\u00ednio para Faixas de Luz LED com Tampa Difusora 6mm de Altura<\/mark><\/a><\/li>\n\n\n\n<li><a href=\"https:\/\/tangooled.com\/pt\/product\/surface-mount-led-profile-with-frosted-diffuser-for-10mm-rope-lights\/\"><mark style=\"background-color:rgba(0, 0, 0, 0)\" class=\"has-inline-color has-vivid-red-color\">Perfil LED de Montagem Superficial com Difusor Fosco para Luzes de Cord\u00e3o de 10mm<\/mark><\/a><\/li>\n<\/ul>\n\n\n\n<p>Esses perfis completam instala\u00e7\u00f5es de canal LED escondido em gesso, oferecendo acabamentos e estilos que combinam com ilumina\u00e7\u00e3o de montagem em superf\u00edcie e transi\u00e7\u00e3o.<\/p>\n<\/div><\/div>\n\n\n\n<div class=\"wp-block-group has-background\" style=\"background-color:#f1f1f1;padding-top:var(--wp--preset--spacing--80);padding-bottom:var(--wp--preset--spacing--80)\"><div class=\"wp-block-group__inner-container is-layout-constrained wp-block-group-is-layout-constrained\">\n<p>Nosso perfil curvo de LED embutido no teto tem uma ilumina\u00e7\u00e3o elegante, forte e discreta que far\u00e1 com que seus tetos e paredes curvas ganhem vida. Este canal LED escondido para gesso permite criar linhas de luz que fluem com seu design, sem lacunas.<\/p>\n<\/div><\/div>\n\n\n\n<p><\/p>","protected":false},"featured_media":13789,"template":"","meta":{"_acf_changed":true,"_seopress_robots_primary_cat":"none","_seopress_titles_title":"Curved Pre-embedded LED Profile | Hidden Drywall Channel DWP17","_seopress_titles_desc":"The DWP17 is a pre-embedded ceiling curved led profile for creating seamless fluid light lines. This hidden drywall led channel blends into organic architectural shapes for a perfect trimless finish.","_seopress_robots_index":""},"pcb-width":[228],"product-cat":[197],"class_list":{"0":"post-42655","1":"product","2":"type-product","3":"status-publish","4":"has-post-thumbnail","6":"pcb-width-6-12mm","7":"product-cat-plaster-in-profile"},"acf":[],"_links":{"self":[{"href":"https:\/\/tangooled.com\/pt\/wp-json\/wp\/v2\/product\/42655","targetHints":{"allow":["GET"]}}],"collection":[{"href":"https:\/\/tangooled.com\/pt\/wp-json\/wp\/v2\/product"}],"about":[{"href":"https:\/\/tangooled.com\/pt\/wp-json\/wp\/v2\/types\/product"}],"wp:featuredmedia":[{"embeddable":true,"href":"https:\/\/tangooled.com\/pt\/wp-json\/wp\/v2\/media\/13789"}],"wp:attachment":[{"href":"https:\/\/tangooled.com\/pt\/wp-json\/wp\/v2\/media?parent=42655"}],"wp:term":[{"taxonomy":"pcb-width","embeddable":true,"href":"https:\/\/tangooled.com\/pt\/wp-json\/wp\/v2\/pcb-width?post=42655"},{"taxonomy":"product-cat","embeddable":true,"href":"https:\/\/tangooled.com\/pt\/wp-json\/wp\/v2\/product-cat?post=42655"}],"curies":[{"name":"wp","href":"https:\/\/api.w.org\/{rel}","templated":true}]}}