{"id":42653,"date":"2025-12-23T06:02:26","date_gmt":"2025-12-23T14:02:26","guid":{"rendered":"https:\/\/tangooled.com\/?post_type=product&#038;p=42653"},"modified":"2026-01-27T21:08:34","modified_gmt":"2026-01-28T05:08:34","slug":"trimless-drywall-led-channel-for-15mm-led-strip-lights","status":"publish","type":"product","link":"https:\/\/tangooled.com\/pt\/product\/trimless-drywall-led-channel-for-15mm-led-strip-lights\/","title":{"rendered":"Canal LED de drywall sem moldura para fitas LED de 15mm"},"content":{"rendered":"<div class=\"wp-block-group is-vertical is-layout-flex wp-container-core-group-is-layout-d255d7c4 wp-block-group-is-layout-flex\" style=\"padding-top:var(--wp--preset--spacing--80);padding-bottom:var(--wp--preset--spacing--80)\">\n<p>O nosso canal LED drywall sem moldura \u00e9 feito para fitas LED de 15mm e ajudar\u00e1 voc\u00ea a encontrar a linha de luz limpa certa. Este perfil LED embutido \u00e9 f\u00e1cil de instalar diretamente em drywall ou gesso, proporcionando \u00e0 sua ilumina\u00e7\u00e3o um visual moderno e minimalista, sem molduras ou bordas vis\u00edveis. O DWP16 tem 61,7 mm de largura entre as flanges e 13,6 mm de altura total. A cavidade interna, que tem 20,9 mm de largura e \u00e9 feita para fitas LED, \u00e9 coberta por um difusor arqueado que tem 28,8 mm de largura. Uma vez instalado e revestido, o perfil fica exatamente plano, emitindo um feixe de luz amplo e uniforme que parece vir diretamente da parede ou do teto. Esta escolha de ilumina\u00e7\u00e3o discreta \u00e9 excelente para casas e empresas modernas que buscam adicionar \u00e0 sua arquitetura.<\/p>\n<\/div>\n\n\n\n<div class=\"wp-block-group has-background\" style=\"background-color:#f1f1f1;padding-top:var(--wp--preset--spacing--80);padding-bottom:var(--wp--preset--spacing--80)\"><div class=\"wp-block-group__inner-container is-layout-constrained wp-block-group-is-layout-constrained\">\n<div class=\"wp-block-group is-vertical is-layout-flex wp-container-core-group-is-layout-8cf370e7 wp-block-group-is-layout-flex\">\n<h2 class=\"wp-block-heading\" style=\"padding-top:var(--wp--preset--spacing--40);padding-bottom:var(--wp--preset--spacing--40);font-size:25px;font-style:normal;font-weight:600;text-transform:capitalize\">Por que escolher o nosso canal LED drywall sem moldura?<\/h2>\n\n\n\n<ul class=\"wp-block-list\">\n<li>Instala\u00e7\u00e3o Sem Moldura: Flanges embutidas permitem que voc\u00ea aplique gesso diretamente sobre o perfil. Sem bordas. Sem moldura vis\u00edvel. Parece uma linha de luz clara e reta que se integra \u00e0 parede ou ao teto.<\/li>\n\n\n\n<li>Compat\u00edvel com Fitas LED de 15mm: O espa\u00e7o \u00e9 grande o suficiente para comportar fitas LED potentes e de alta sa\u00edda, incluindo alternativas inteligentes como Philips Hue ou fitas COB de dupla fila.<\/li>\n\n\n\n<li>Materiais de Alta Qualidade: Feito de alum\u00ednio anodizado 6063-T5, que ajuda na dissipa\u00e7\u00e3o r\u00e1pida do calor. Mant\u00e9m suas LEDs frias para que durem mais.<\/li>\n\n\n\n<li>Ilumina\u00e7\u00e3o Sem Pontos: O difusor de policarbonato fosco (PC) proporciona uma luz suave e uniforme, sem reflexos ou pontos.<\/li>\n\n\n\n<li>F\u00e1cil de Cortar e Instalar: Use uma serra para ajustar o comprimento, fixe-a em montantes ou estrutura de drywall, aplique gesso, lixe e pinte.<\/li>\n\n\n\n<li>Pode ser utilizado para v\u00e1rias coisas: excelente para acentos arquitet\u00f4nicos, ilumina\u00e7\u00e3o de cove, ilumina\u00e7\u00e3o de tarefa e ilumina\u00e7\u00e3o indireta em resid\u00eancias, locais de trabalho, lojas e hot\u00e9is.<\/li>\n<\/ul>\n<\/div>\n<\/div><\/div>\n\n\n\n<div class=\"wp-block-group is-vertical is-layout-flex wp-container-core-group-is-layout-d255d7c4 wp-block-group-is-layout-flex\" style=\"padding-top:var(--wp--preset--spacing--80);padding-bottom:var(--wp--preset--spacing--80)\">\n<hr class=\"wp-block-separator has-alpha-channel-opacity\"\/>\n\n\n\n<div class=\"wp-block-media-text has-media-on-the-right is-stacked-on-mobile\" style=\"grid-template-columns:auto 40%\"><div class=\"wp-block-media-text__content\">\n<h2 class=\"wp-block-heading\" style=\"padding-top:var(--wp--preset--spacing--40);padding-bottom:var(--wp--preset--spacing--40);font-size:25px;font-style:normal;font-weight:600;text-transform:capitalize\">Dicas de Instala\u00e7\u00e3o e Manuten\u00e7\u00e3o<\/h2>\n\n\n\n<ul class=\"wp-block-list\">\n<li>Use uma serra de dentes finos para cortar o canal de alum\u00ednio e o difusor no tamanho certo.<\/li>\n\n\n\n<li>Use parafusos para fixar aos montantes ou estrutura resistente.<\/li>\n\n\n\n<li>Aplique gesso nas flanges que t\u00eam furos.<\/li>\n\n\n\n<li>Depois que secar, lixe para nivelar e pinte para combinar com as paredes ou o teto.<\/li>\n\n\n\n<li>Coloque as fitas LED dentro, ligue-as e aproveite!<\/li>\n<\/ul>\n<\/div><figure class=\"wp-block-media-text__media\"><img loading=\"lazy\" decoding=\"async\" width=\"500\" height=\"500\" src=\"https:\/\/tangooled.com\/wp-content\/uploads\/2025\/12\/dwp16-ins.webp\" alt=\"trimless drywall led channel for 15mm led strip lights\" class=\"wp-image-42919 size-full\" srcset=\"https:\/\/tangooled.com\/wp-content\/uploads\/2025\/12\/dwp16-ins.webp 500w, https:\/\/tangooled.com\/wp-content\/uploads\/2025\/12\/dwp16-ins-300x300.webp 300w, https:\/\/tangooled.com\/wp-content\/uploads\/2025\/12\/dwp16-ins-150x150.webp 150w\" sizes=\"auto, (max-width: 500px) 100vw, 500px\" \/><\/figure><\/div>\n<\/div>\n\n\n\n<div class=\"wp-block-group has-background\" style=\"background-color:#f1f1f1f2;padding-top:var(--wp--preset--spacing--80);padding-bottom:var(--wp--preset--spacing--80)\"><div class=\"wp-block-group__inner-container is-layout-constrained wp-block-group-is-layout-constrained\">\n<h2 class=\"wp-block-heading\" style=\"padding-top:var(--wp--preset--spacing--40);padding-bottom:var(--wp--preset--spacing--40);font-size:25px;font-style:normal;font-weight:600\">Como voc\u00ea pode usar este canal LED drywall sem moldura<\/h2>\n\n\n\n<ul class=\"wp-block-list\">\n<li>Ilumina\u00e7\u00e3o Arquitet\u00f4nica: Crie linhas de luz limpas e n\u00edtidas que desaparecem em paredes e tetos. \u00d3timo para um design limpo e moderno.<\/li>\n\n\n\n<li>Integra\u00e7\u00e3o em Paredes e Tetos: Instale-o em drywall para um encaixe embutido que esconde a fonte de luz e exibe apenas a luz.<\/li>\n\n\n\n<li>Ilumina\u00e7\u00e3o Ambiente e de Tarefa: excelente para \u00e1reas de estar, cozinhas, corredores, escrit\u00f3rios e lojas.<\/li>\n\n\n\n<li>Ilumina\u00e7\u00e3o Decorativa em Paredes: Voc\u00ea pode instal\u00e1-lo vertical ou horizontalmente para iluminar superf\u00edcies \u00e1speras com uma luz suave.<\/li>\n\n\n\n<li>Ilumina\u00e7\u00e3o de Cove e Soreta: Para uma excelente ilumina\u00e7\u00e3o indireta, esconda completamente a fonte de luz.<\/li>\n<\/ul>\n<\/div><\/div>\n\n\n\n<div class=\"wp-block-group is-vertical is-layout-flex wp-container-core-group-is-layout-d255d7c4 wp-block-group-is-layout-flex\" style=\"padding-top:var(--wp--preset--spacing--80);padding-bottom:var(--wp--preset--spacing--80)\">\n<h2 class=\"wp-block-heading\" style=\"padding-top:var(--wp--preset--spacing--40);padding-bottom:var(--wp--preset--spacing--40);font-size:25px;font-style:normal;font-weight:600;text-transform:capitalize\">Produtos &amp; Links Relacionados<\/h2>\n\n\n\n<ul class=\"wp-block-list\">\n<li>Veja o <a href=\"https:\/\/tangooled.com\/pt\/product\/black-led-diffuser-aluminum-channel-for-12mm-tape-lights\/\"><mark style=\"background-color:rgba(0, 0, 0, 0)\" class=\"has-inline-color has-vivid-red-color\">canal de alum\u00ednio com difusor LED preto para luzes de fita de 12mm<\/mark><\/a> para fitas menores.<\/li>\n\n\n\n<li>Explore o <a href=\"https:\/\/tangooled.com\/pt\/product\/surface-mount-led-profile-with-frosted-diffuser-for-10mm-rope-lights\/\"><mark style=\"background-color:rgba(0, 0, 0, 0)\" class=\"has-inline-color has-vivid-red-color\">perfil de LED de montagem em superf\u00edcie com difusor fosco para luzes de corda de 10mm<\/mark><\/a> se a instala\u00e7\u00e3o em superf\u00edcie for necess\u00e1ria.<\/li>\n\n\n\n<li>Veja o <a href=\"https:\/\/tangooled.com\/pt\/product\/22x15mm-led-light-channel-aluminum-extrusion-for-flexible-strips\/\"><mark style=\"background-color:rgba(0, 0, 0, 0)\" class=\"has-inline-color has-vivid-red-color\">Extrus\u00e3o de canal de luz LED em alum\u00ednio de 22x15mm para tiras flex\u00edveis<\/mark><\/a> para op\u00e7\u00f5es de extrus\u00e3o alternativas.<\/li>\n\n\n\n<li>Complemente sua configura\u00e7\u00e3o com<mark style=\"background-color:rgba(0, 0, 0, 0)\" class=\"has-inline-color has-vivid-red-color\"> <a href=\"https:\/\/tangooled.com\/pt\/product\/aluminum-u-channel-with-curved-led-diffuser-inner-16mm\/\">canal U de alum\u00ednio com difusor LED curvado interno de 16mm<\/a> <\/mark>para linhas de luz curvadas.<\/li>\n\n\n\n<li>Se procura um design sem moldura para tetos, verifique <a href=\"https:\/\/tangooled.com\/pt\/product\/flush-mount-22mm-groove-use-aluminum-drywall-led-channel\/\"><mark style=\"background-color:rgba(0, 0, 0, 0)\" class=\"has-inline-color has-vivid-red-color\">montagem embutida com canal LED de alum\u00ednio para drywall de 22mm<\/mark><\/a>.<\/li>\n<\/ul>\n<\/div>\n\n\n\n<div class=\"wp-block-group\" style=\"padding-top:0;padding-bottom:0\"><div class=\"wp-block-group__inner-container is-layout-constrained wp-block-group-is-layout-constrained\">\n<p>Adquira um canal LED drywall sem moldura hoje e mude a apar\u00eancia do seu ambiente com ilumina\u00e7\u00e3o limpa, moderna e arquitet\u00f4nica. Excelente para quem prefere uma ilumina\u00e7\u00e3o pura e sem molduras vis\u00edveis.<\/p>\n<\/div><\/div>\n\n\n\n<p><\/p>","protected":false},"featured_media":13783,"template":"","meta":{"_acf_changed":true,"_seopress_robots_primary_cat":"none","_seopress_titles_title":"Trimless Drywall LED Channel | Wide 15mm Strip Housing DWP16","_seopress_titles_desc":"The DWP16 is a high-performance trimless drywall led channel optimized for 15mm led strip lights. Create a flawless, integrated linear light finish in plasterboards and ceilings.","_seopress_robots_index":""},"pcb-width":[229],"product-cat":[197],"class_list":{"0":"post-42653","1":"product","2":"type-product","3":"status-publish","4":"has-post-thumbnail","6":"pcb-width-15-20mm","7":"product-cat-plaster-in-profile"},"acf":[],"_links":{"self":[{"href":"https:\/\/tangooled.com\/pt\/wp-json\/wp\/v2\/product\/42653","targetHints":{"allow":["GET"]}}],"collection":[{"href":"https:\/\/tangooled.com\/pt\/wp-json\/wp\/v2\/product"}],"about":[{"href":"https:\/\/tangooled.com\/pt\/wp-json\/wp\/v2\/types\/product"}],"wp:featuredmedia":[{"embeddable":true,"href":"https:\/\/tangooled.com\/pt\/wp-json\/wp\/v2\/media\/13783"}],"wp:attachment":[{"href":"https:\/\/tangooled.com\/pt\/wp-json\/wp\/v2\/media?parent=42653"}],"wp:term":[{"taxonomy":"pcb-width","embeddable":true,"href":"https:\/\/tangooled.com\/pt\/wp-json\/wp\/v2\/pcb-width?post=42653"},{"taxonomy":"product-cat","embeddable":true,"href":"https:\/\/tangooled.com\/pt\/wp-json\/wp\/v2\/product-cat?post=42653"}],"curies":[{"name":"wp","href":"https:\/\/api.w.org\/{rel}","templated":true}]}}