{"id":42651,"date":"2025-12-23T05:59:15","date_gmt":"2025-12-23T13:59:15","guid":{"rendered":"https:\/\/tangooled.com\/?post_type=product&#038;p=42651"},"modified":"2026-02-01T22:35:57","modified_gmt":"2026-02-02T06:35:57","slug":"plaster-in-led-profile-2m-3m-for-gypsum-ceiling-recessed","status":"publish","type":"product","link":"https:\/\/tangooled.com\/pt\/product\/plaster-in-led-profile-2m-3m-for-gypsum-ceiling-recessed\/","title":{"rendered":"perfil LED embutido em gesso de 2m &#038; 3m para teto de gesso"},"content":{"rendered":"<div class=\"wp-block-group is-vertical is-layout-flex wp-container-core-group-is-layout-d255d7c4 wp-block-group-is-layout-flex\" style=\"padding-top:var(--wp--preset--spacing--80);padding-bottom:var(--wp--preset--spacing--80)\">\n<p>Oferecemos perfil LED embutido em gesso de 2m e&nbsp;perfil LED embutido em gesso de 3m como op\u00e7\u00f5es.&nbsp;Esses canais de alum\u00ednio profissionais s\u00e3o feitos para serem instalados em \u00e1reas embutidas nas paredes e tetos de gesso. Eles s\u00e3o projetados para proporcionar um acabamento completamente liso, limpo e sem bordas. O perfil possui asas especiais que s\u00e3o cobertas por gesso durante a instala\u00e7\u00e3o. Isso oculta toda a estrutura de alum\u00ednio&nbsp;e a fita LED integrada. Essa abordagem inteligente de embutir garante que apenas a luz suave, uniforme e sem pontos seja vis\u00edvel. Cria um visual elegante e moderno, sem bordas ou sali\u00eancias \u00f3bvias.<\/p>\n<\/div>\n\n\n\n<div class=\"wp-block-group has-background is-vertical is-layout-flex wp-container-core-group-is-layout-d255d7c4 wp-block-group-is-layout-flex\" style=\"background-color:#f1f1f1;padding-top:var(--wp--preset--spacing--80);padding-bottom:var(--wp--preset--spacing--80)\">\n<div class=\"wp-block-group is-vertical is-layout-flex wp-container-core-group-is-layout-8cf370e7 wp-block-group-is-layout-flex\">\n<h2 class=\"wp-block-heading\" style=\"padding-top:var(--wp--preset--spacing--40);padding-bottom:var(--wp--preset--spacing--40);font-size:25px;font-style:normal;font-weight:600;text-transform:capitalize\">Por que usar nosso perfil LED embutido em gesso de 2m ou 3m?<\/h2>\n\n\n\n<ul class=\"wp-block-list\">\n<li>Feito para ser montado em tetos e paredes para que fiquem nivelados e lisos.<\/li>\n\n\n\n<li>Possui asas que seguram o gesso para um acabamento nivelado e liso.<\/li>\n\n\n\n<li>Works with various LED strip lights that are 10\u201315mm wide.<\/li>\n\n\n\n<li>Dispon\u00edvel em dois comprimentos: 2 metros e 3 metros.<\/li>\n\n\n\n<li>Feito de alum\u00ednio robusto 6063 T5 que pode suportar calor.<\/li>\n\n\n\n<li>Feito de alum\u00ednio forte 6063 T5 que pode suportar calor.&nbsp;<\/li>\n\n\n\n<li>Vem com um difusor de policarbonato fosco que torna a luz suave e sem pontos.<\/li>\n<\/ul>\n<\/div>\n<\/div>\n\n\n\n<div class=\"wp-block-group is-vertical is-layout-flex wp-container-core-group-is-layout-d255d7c4 wp-block-group-is-layout-flex\" style=\"padding-top:var(--wp--preset--spacing--80);padding-bottom:var(--wp--preset--spacing--80)\">\n<hr class=\"wp-block-separator has-alpha-channel-opacity\"\/>\n\n\n\n<div class=\"wp-block-media-text has-media-on-the-right is-stacked-on-mobile\" style=\"grid-template-columns:auto 40%\"><div class=\"wp-block-media-text__content\">\n<h2 class=\"wp-block-heading\" style=\"padding-top:var(--wp--preset--spacing--40);padding-bottom:var(--wp--preset--spacing--40);font-size:25px;font-style:normal;font-weight:600;text-transform:capitalize\">Como usar<\/h2>\n\n\n\n<p>Our plaster-in led profile&nbsp;2m or 3m fits into a groove created in your gypsum ceiling. Once you&#8217;ve screwed the profile into place:<\/p>\n\n\n\n<ul class=\"wp-block-list\">\n<li>Coloque gesso nas asas.<\/li>\n\n\n\n<li>Alise o gesso para um acabamento nivelado.<\/li>\n\n\n\n<li>Coloque uma fita LED de alta qualidade.<\/li>\n\n\n\n<li>Coloque o difusor opalino no lugar.<\/li>\n\n\n\n<li>Ative sua linha de luz LED limpa e lisa.<\/li>\n<\/ul>\n<\/div><figure class=\"wp-block-media-text__media\"><img loading=\"lazy\" decoding=\"async\" width=\"500\" height=\"500\" src=\"https:\/\/tangooled.com\/wp-content\/uploads\/2025\/12\/dwp15-ins.webp\" alt=\"plaster in led profile 2m &amp; 3m for gypsum ceiling recessed\" class=\"wp-image-42914 size-full\" srcset=\"https:\/\/tangooled.com\/wp-content\/uploads\/2025\/12\/dwp15-ins.webp 500w, https:\/\/tangooled.com\/wp-content\/uploads\/2025\/12\/dwp15-ins-300x300.webp 300w, https:\/\/tangooled.com\/wp-content\/uploads\/2025\/12\/dwp15-ins-150x150.webp 150w\" sizes=\"auto, (max-width: 500px) 100vw, 500px\" \/><\/figure><\/div>\n<\/div>\n\n\n\n<div class=\"wp-block-group has-background is-vertical is-layout-flex wp-container-core-group-is-layout-b429018a wp-block-group-is-layout-flex\" style=\"background-color:#f1f1f1f2;padding-top:var(--wp--preset--spacing--70);padding-bottom:var(--wp--preset--spacing--70)\">\n<h2 class=\"wp-block-heading\" style=\"padding-top:var(--wp--preset--spacing--40);padding-bottom:var(--wp--preset--spacing--40);font-size:25px;font-style:normal;font-weight:600\">\u00d3timo para Estes Lugares<\/h2>\n\n\n\n<ul class=\"wp-block-list\">\n<li>Casas: Ilumina\u00e7\u00e3o em salas de estar, cozinhas e corredores.<\/li>\n\n\n\n<li>Escrit\u00f3rios: Ilumina\u00e7\u00e3o no teto ou nas paredes que \u00e9 moderna.<\/li>\n\n\n\n<li>Hot\u00e9is e lojas: Utilize linhas de luz n\u00edtidas e sem bordas para destacar sua marca.<\/li>\n\n\n\n<li>Projetos em arquitetura: Chame a aten\u00e7\u00e3o para tetos, cantos e reentr\u00e2ncias.<\/li>\n\n\n\n<li>Ilumina\u00e7\u00e3o Tarefa: Lugares onde boa luz \u00e9 importante, como cozinhas e \u00e1reas de trabalho.<\/li>\n<\/ul>\n<\/div>\n\n\n\n<div class=\"wp-block-group is-vertical is-layout-flex wp-container-core-group-is-layout-d255d7c4 wp-block-group-is-layout-flex\" style=\"padding-top:var(--wp--preset--spacing--80);padding-bottom:var(--wp--preset--spacing--80)\">\n<h2 class=\"wp-block-heading\" style=\"padding-top:var(--wp--preset--spacing--40);padding-bottom:var(--wp--preset--spacing--40);font-size:25px;font-style:normal;font-weight:600;text-transform:capitalize\">Saiba Mais Sobre Produtos Relacionados<\/h2>\n\n\n\n<ul class=\"wp-block-list\">\n<li>Verifique isto <a href=\"https:\/\/tangooled.com\/pt\/product\/black-led-profile-with-black-diffuser-for-10mm-led-strip-light\/\"><mark style=\"background-color:rgba(0, 0, 0, 0)\" class=\"has-inline-color has-vivid-red-color\">perfil LED preto com difusor preto para fita de LED de 10mm <\/mark><\/a>para acess\u00f3rios compat\u00edveis.<\/li>\n\n\n\n<li>Explore o <a href=\"https:\/\/tangooled.com\/pt\/product\/25x14m-surface-mounted-led-light-aluminum-profile\/\"><mark style=\"background-color:rgba(0, 0, 0, 0)\" class=\"has-inline-color has-vivid-red-color\">Perfil de alum\u00ednio LED montado na superf\u00edcie 25x14m para montagem na superf\u00edcie<\/mark><\/a> op\u00e7\u00f5es.<\/li>\n\n\n\n<li>Precisa de um perfil menor com altura baixa? Experimente nosso <a href=\"https:\/\/tangooled.com\/pt\/product\/led-strip-light-channel-aluminum-profile-with-diffused-cover-6mm-height\/\"><mark style=\"background-color:rgba(0, 0, 0, 0)\" class=\"has-inline-color has-vivid-red-color\">Canal de luz LED de alum\u00ednio com cobertura difusa, altura de 6 mm<\/mark><\/a>.<\/li>\n<\/ul>\n<\/div>\n\n\n\n<div class=\"wp-block-group has-background\" style=\"background-color:#f1f1f1;padding-top:var(--wp--preset--spacing--80);padding-bottom:var(--wp--preset--spacing--80)\"><div class=\"wp-block-group__inner-container is-layout-constrained wp-block-group-is-layout-constrained\">\n<h2 class=\"wp-block-heading\" style=\"padding-top:var(--wp--preset--spacing--40);padding-bottom:var(--wp--preset--spacing--40);font-size:25px;font-style:normal;font-weight:600;text-transform:capitalize\">palavras finais<\/h2>\n\n\n\n<p style=\"padding-right:var(--wp--preset--spacing--50);padding-left:var(--wp--preset--spacing--50)\">Para seu pr\u00f3ximo projeto de instala\u00e7\u00e3o de ilumina\u00e7\u00e3o embutida em um teto de gesso, escolha entre o perfil LED embutido de gesso de 2m ou de 3m. Desfrute de um acabamento liso e nivelado que dura e de uma luz suave fant\u00e1stica. Perfis de alum\u00ednio embutidos sem bordas s\u00e3o feitos tanto para profissionais quanto para designers de interiores. Eles tornar\u00e3o seu espa\u00e7o moderno, iluminado e deslumbrante.<\/p>\n<\/div><\/div>\n\n\n\n<p><\/p>","protected":false},"featured_media":13779,"template":"","meta":{"_acf_changed":true,"_seopress_robots_primary_cat":"none","_seopress_titles_title":"Plaster-in LED Profile 2m & 3m | Recessed Gypsum Ceiling Channel DWP15","_seopress_titles_desc":"The DWP15 is a professional plaster-in led profile available in 2m and 3m lengths. Designed for recessed gypsum ceiling installation, this trimless channel ensures a seamless linear light finish for large-scale projects.","_seopress_robots_index":""},"pcb-width":[229],"product-cat":[197],"class_list":{"0":"post-42651","1":"product","2":"type-product","3":"status-publish","4":"has-post-thumbnail","6":"pcb-width-15-20mm","7":"product-cat-plaster-in-profile"},"acf":[],"_links":{"self":[{"href":"https:\/\/tangooled.com\/pt\/wp-json\/wp\/v2\/product\/42651","targetHints":{"allow":["GET"]}}],"collection":[{"href":"https:\/\/tangooled.com\/pt\/wp-json\/wp\/v2\/product"}],"about":[{"href":"https:\/\/tangooled.com\/pt\/wp-json\/wp\/v2\/types\/product"}],"wp:featuredmedia":[{"embeddable":true,"href":"https:\/\/tangooled.com\/pt\/wp-json\/wp\/v2\/media\/13779"}],"wp:attachment":[{"href":"https:\/\/tangooled.com\/pt\/wp-json\/wp\/v2\/media?parent=42651"}],"wp:term":[{"taxonomy":"pcb-width","embeddable":true,"href":"https:\/\/tangooled.com\/pt\/wp-json\/wp\/v2\/pcb-width?post=42651"},{"taxonomy":"product-cat","embeddable":true,"href":"https:\/\/tangooled.com\/pt\/wp-json\/wp\/v2\/product-cat?post=42651"}],"curies":[{"name":"wp","href":"https:\/\/api.w.org\/{rel}","templated":true}]}}