{"id":42649,"date":"2025-12-23T05:56:05","date_gmt":"2025-12-23T13:56:05","guid":{"rendered":"https:\/\/tangooled.com\/?post_type=product&#038;p=42649"},"modified":"2026-01-27T21:04:35","modified_gmt":"2026-01-28T05:04:35","slug":"inner-25mm-width-led-drywall-corner-profile-for-down-direction-lighting","status":"publish","type":"product","link":"https:\/\/tangooled.com\/pt\/product\/inner-25mm-width-led-drywall-corner-profile-for-down-direction-lighting\/","title":{"rendered":"perfil de canto drywall LED de 25 mm de largura interior para ilumina\u00e7\u00e3o em dire\u00e7\u00e3o para baixo"},"content":{"rendered":"<div class=\"wp-block-group is-vertical is-layout-flex wp-container-core-group-is-layout-d255d7c4 wp-block-group-is-layout-flex\" style=\"padding-top:var(--wp--preset--spacing--80);padding-bottom:var(--wp--preset--spacing--80)\">\n<p>Our 25mm inner width LED drywall profile is a smart and stylish solution for recessed corner lighting. It fits well in the corners of drywall or gypsum and makes wonderful light lines. It&#8217;s good for professionals and DIYers. The trimless corner lighting effect from this drywall corner light channel goes well with your walls. Instead of huge frames or trimmings, you&#8217;ll see beautiful light coming from a large, strong aluminum\u00a0housing with no dots. The profile&#8217;s shape\u00a0makes it reflect light down and away from the corner. This makes directional downlighting that works well for wall grazing, accent lighting, or gentle ambient lighting in living rooms, hotels, businesses, or stores.<\/p>\n<\/div>\n\n\n\n<div class=\"wp-block-group has-background is-vertical is-layout-flex wp-container-core-group-is-layout-d255d7c4 wp-block-group-is-layout-flex\" style=\"background-color:#f1f1f1;padding-top:var(--wp--preset--spacing--80);padding-bottom:var(--wp--preset--spacing--80)\">\n<div class=\"wp-block-group is-vertical is-layout-flex wp-container-core-group-is-layout-8cf370e7 wp-block-group-is-layout-flex\">\n<h2 class=\"wp-block-heading\" style=\"padding-top:var(--wp--preset--spacing--40);padding-bottom:var(--wp--preset--spacing--40);font-size:25px;font-style:normal;font-weight:600;text-transform:capitalize\">Por que escolher o nosso perfil de drywall LED de 25 mm de largura interior?<\/h2>\n\n\n\n<ul class=\"wp-block-list\">\n<li>Sem moldura, design para embutir: Conecte-se aos cantos do drywall com uma estrutura oculta para um acabamento liso e limpo.<\/li>\n\n\n\n<li>Inner\u00a025mm wide\u00a0channel: This lets you use high-output LED tape to make the light brighter because it fits wide LED strips.<\/li>\n\n\n\n<li>Dire\u00e7\u00e3o da luz para baixo: Luz inclinada lava as paredes perfeitamente e emite um brilho agrad\u00e1vel sem ser muito intensa.<\/li>\n\n\n\n<li>material resistente: O alum\u00ednio anodizado 6063-T5 \u00e9 forte e dura muito tempo, enquanto ainda permite a dissipa\u00e7\u00e3o de calor.<\/li>\n\n\n\n<li>Sa\u00edda de luz uniforme: O difusor opalino garante que a luz seja espalhada de maneira uniforme, eliminando pontos escuros.<\/li>\n<\/ul>\n<\/div>\n<\/div>\n\n\n\n<div class=\"wp-block-group is-vertical is-layout-flex wp-container-core-group-is-layout-d255d7c4 wp-block-group-is-layout-flex\" style=\"padding-top:var(--wp--preset--spacing--80);padding-bottom:var(--wp--preset--spacing--80)\">\n<hr class=\"wp-block-separator has-alpha-channel-opacity\"\/>\n\n\n\n<div class=\"wp-block-media-text has-media-on-the-right is-stacked-on-mobile\" style=\"grid-template-columns:auto 40%\"><div class=\"wp-block-media-text__content\">\n<h2 class=\"wp-block-heading\" style=\"padding-top:var(--wp--preset--spacing--40);padding-bottom:var(--wp--preset--spacing--40);font-size:25px;font-style:normal;font-weight:600;text-transform:capitalize\">F\u00e1cil de instalar e usar<\/h2>\n\n\n\n<ul class=\"wp-block-list\">\n<li>Fits standard drywall thickness, so it&#8217;s easy to put up on walls and ceilings.\u00a0<\/li>\n\n\n\n<li>Possui flanges de gesso com furos que permitem cobri-los com gesso para um acabamento liso.<\/li>\n\n\n\n<li>O difusor opalino de encaixe suaviza e uniformiza a luz, escondendo os pontos de LED.\u00a0<\/li>\n\n\n\n<li>Pode ser cortado no local usando uma serra de esquadria.<\/li>\n\n\n\n<li>Funciona com muitas luzes de fita LED, como RGB, de alto CRI e tiras dim\u00e1veis.<\/li>\n<\/ul>\n<\/div><figure class=\"wp-block-media-text__media\"><img loading=\"lazy\" decoding=\"async\" width=\"500\" height=\"500\" src=\"https:\/\/tangooled.com\/wp-content\/uploads\/2025\/12\/dwp14-ins.webp\" alt=\"perfil de canto drywall LED de 25 mm de largura interior para ilumina\u00e7\u00e3o em dire\u00e7\u00e3o para baixo\" class=\"wp-image-42904 size-full\" srcset=\"https:\/\/tangooled.com\/wp-content\/uploads\/2025\/12\/dwp14-ins.webp 500w, https:\/\/tangooled.com\/wp-content\/uploads\/2025\/12\/dwp14-ins-300x300.webp 300w, https:\/\/tangooled.com\/wp-content\/uploads\/2025\/12\/dwp14-ins-150x150.webp 150w\" sizes=\"auto, (max-width: 500px) 100vw, 500px\" \/><\/figure><\/div>\n<\/div>\n\n\n\n<div class=\"wp-block-group has-background\" style=\"background-color:#f1f1f1f2;padding-top:var(--wp--preset--spacing--80);padding-bottom:var(--wp--preset--spacing--80)\"><div class=\"wp-block-group__inner-container is-layout-constrained wp-block-group-is-layout-constrained\">\n<h2 class=\"wp-block-heading\" style=\"padding-top:var(--wp--preset--spacing--40);padding-bottom:var(--wp--preset--spacing--40);font-size:25px;font-style:normal;font-weight:600\">Onde voc\u00ea pode usar este perfil?<\/h2>\n\n\n\n<ul class=\"wp-block-list\">\n<li>Coves de parede a teto: Linhas de luz que flutuam ao longo das paredes e tetos fazem os tetos parecerem mais altos.<\/li>\n\n\n\n<li>Cantoss verticais: Ilumina\u00e7\u00e3o que vai do ch\u00e3o ao teto nos cantos verticais torna o ambiente mais bonito e intrigante.<\/li>\n\n\n\n<li>stairwells and hallways: Safe light that doesn&#8217;t produce glare for lengthy hallways and staircases.<\/li>\n\n\n\n<li>Varejo e hospitalidade: Use acentos de luz suave para chamar a aten\u00e7\u00e3o para exibi\u00e7\u00f5es e detalhes arquitet\u00f4nicos.\u00a0<\/li>\n<\/ul>\n<\/div><\/div>\n\n\n\n<div class=\"wp-block-group is-vertical is-layout-flex wp-container-core-group-is-layout-d255d7c4 wp-block-group-is-layout-flex\" style=\"padding-top:var(--wp--preset--spacing--80);padding-bottom:var(--wp--preset--spacing--80)\">\n<h2 class=\"wp-block-heading\" style=\"padding-top:var(--wp--preset--spacing--40);padding-bottom:var(--wp--preset--spacing--40);font-size:25px;font-style:normal;font-weight:600;text-transform:capitalize\">Explore mais perfis<\/h2>\n\n\n\n<ul class=\"wp-block-list\">\n<li>Confira nosso<mark style=\"background-color:rgba(0, 0, 0, 0)\" class=\"has-inline-color has-vivid-red-color\"> <a href=\"https:\/\/tangooled.com\/pt\/product\/25x14m-surface-mounted-led-light-aluminum-profile\/\">Perfil de alum\u00ednio para luz LED montado na superf\u00edcie de 25x14mm<\/a><\/mark> para instala\u00e7\u00f5es em superf\u00edcie.<\/li>\n\n\n\n<li>Precisa de um tamanho menor? Veja o <a href=\"https:\/\/tangooled.com\/pt\/product\/18x9mm-led-tape-light-profile-for-surface-installation\/\"><mark style=\"background-color:rgba(0, 0, 0, 0)\" class=\"has-inline-color has-vivid-red-color\">perfil de luz de fita LED de 18x9mm<\/mark><\/a> para configura\u00e7\u00f5es compactas.<\/li>\n\n\n\n<li>Para necessidades de ilumina\u00e7\u00e3o angulada, experimente o nosso <a href=\"https:\/\/tangooled.com\/pt\/product\/aluminum-profile-with-60-degree-lens-led-diffuser\/\"><mark style=\"background-color:rgba(0, 0, 0, 0)\" class=\"has-inline-color has-vivid-red-color\">perfil de alum\u00ednio com difusor de lente LED de 60 graus<\/mark><\/a>.<\/li>\n<\/ul>\n<\/div>\n\n\n\n<div class=\"wp-block-group has-background\" style=\"background-color:#f1f1f1;padding-top:var(--wp--preset--spacing--80);padding-bottom:var(--wp--preset--spacing--80)\"><div class=\"wp-block-group__inner-container is-layout-constrained wp-block-group-is-layout-constrained\">\n<h2 class=\"wp-block-heading\" style=\"padding-top:var(--wp--preset--spacing--40);padding-bottom:var(--wp--preset--spacing--40);font-size:25px;font-style:normal;font-weight:600;text-transform:capitalize\">resumo<\/h2>\n\n\n\n<p style=\"padding-right:var(--wp--preset--spacing--50);padding-left:var(--wp--preset--spacing--50)\">O nosso perfil de canto drywall LED de 25 mm de largura interior para ilumina\u00e7\u00e3o para baixo muda a sensa\u00e7\u00e3o do seu ambiente. Ele torna qualquer instala\u00e7\u00e3o de ilumina\u00e7\u00e3o arquitet\u00f4nica residencial a varejo e hospitalidade mais limpa e brilhante. Esta \u00e9 uma \u00f3tima escolha para qualquer instala\u00e7\u00e3o de ilumina\u00e7\u00e3o drywall sem emendas, pois \u00e9 f\u00e1cil de instalar e dura muito tempo.<\/p>\n<\/div><\/div>\n\n\n\n<p><\/p>","protected":false},"featured_media":13772,"template":"","meta":{"_acf_changed":true,"_seopress_robots_primary_cat":"none","_seopress_titles_title":"25mm Wide Drywall LED Profile | Downlight Corner Channel DWP14 | TANGOOLED","_seopress_titles_desc":"The DWP14 is a high-output 25mm inner width led drywall profile for down-direction corner lighting. Achieve a trimless, powerful linear glow at wall junctions with this wide aluminum channel.","_seopress_robots_index":""},"pcb-width":[230],"product-cat":[197],"class_list":{"0":"post-42649","1":"product","2":"type-product","3":"status-publish","4":"has-post-thumbnail","6":"pcb-width-20-25mm","7":"product-cat-plaster-in-profile"},"acf":[],"_links":{"self":[{"href":"https:\/\/tangooled.com\/pt\/wp-json\/wp\/v2\/product\/42649","targetHints":{"allow":["GET"]}}],"collection":[{"href":"https:\/\/tangooled.com\/pt\/wp-json\/wp\/v2\/product"}],"about":[{"href":"https:\/\/tangooled.com\/pt\/wp-json\/wp\/v2\/types\/product"}],"wp:featuredmedia":[{"embeddable":true,"href":"https:\/\/tangooled.com\/pt\/wp-json\/wp\/v2\/media\/13772"}],"wp:attachment":[{"href":"https:\/\/tangooled.com\/pt\/wp-json\/wp\/v2\/media?parent=42649"}],"wp:term":[{"taxonomy":"pcb-width","embeddable":true,"href":"https:\/\/tangooled.com\/pt\/wp-json\/wp\/v2\/pcb-width?post=42649"},{"taxonomy":"product-cat","embeddable":true,"href":"https:\/\/tangooled.com\/pt\/wp-json\/wp\/v2\/product-cat?post=42649"}],"curies":[{"name":"wp","href":"https:\/\/api.w.org\/{rel}","templated":true}]}}