{"id":42647,"date":"2025-12-23T05:53:30","date_gmt":"2025-12-23T13:53:30","guid":{"rendered":"https:\/\/tangooled.com\/?post_type=product&#038;p=42647"},"modified":"2026-01-27T20:57:00","modified_gmt":"2026-01-28T04:57:00","slug":"inner-20mm-width-led-plaster-in-channel-profile","status":"publish","type":"product","link":"https:\/\/tangooled.com\/pt\/product\/inner-20mm-width-led-plaster-in-channel-profile\/","title":{"rendered":"perfil de gesso LED embutido de 20mm de largura interna"},"content":{"rendered":"<div class=\"wp-block-group is-vertical is-layout-flex wp-container-core-group-is-layout-d255d7c4 wp-block-group-is-layout-flex\" style=\"padding-top:var(--wp--preset--spacing--80);padding-bottom:var(--wp--preset--spacing--80)\">\n<p>O perfil de gesso LED embutido de 20mm de largura interna proporciona uma luz suave e clara. Este produto \u00e9 perfeito para um visual moderno, pois se encaixa perfeitamente em drywall ou placa de gesso, deixando um acabamento limpo e sem moldura. Este canal&nbsp;DWP13&nbsp;tem 23,1 mm de altura e 64,2 mm de largura em suas abas. O compartimento interno tem 20mm de largura e pode acomodar&nbsp;fitas LED t\u00edpicas que t\u00eam 9,8mm de profundidade. Funciona com muitas fitas LED diferentes e emite muita luz, tornando-o \u00f3timo para casas, escrit\u00f3rios e lojas. A luz que emite \u00e9 suave, mas forte, e combina bem com a arquitetura.<\/p>\n<\/div>\n\n\n\n<div class=\"wp-block-group has-background is-vertical is-layout-flex wp-container-core-group-is-layout-d255d7c4 wp-block-group-is-layout-flex\" style=\"background-color:#f1f1f1;padding-top:var(--wp--preset--spacing--80);padding-bottom:var(--wp--preset--spacing--80)\">\n<div class=\"wp-block-group is-vertical is-layout-flex wp-container-core-group-is-layout-8cf370e7 wp-block-group-is-layout-flex\">\n<h2 class=\"wp-block-heading\" style=\"padding-top:var(--wp--preset--spacing--40);padding-bottom:var(--wp--preset--spacing--40);font-size:25px;font-style:normal;font-weight:600;text-transform:capitalize\">Por que escolher este canal embutido LED?<\/h2>\n\n\n\n<ul class=\"wp-block-list\">\n<li>Sem molduras e instala\u00e7\u00e3o embutida: O canal fica sob o gesso, criando uma linha de luz limpa e suave.<\/li>\n\n\n\n<li>20mm de largura interna: Acomoda fitas LED grandes que emitem uma luz brilhante e uniforme.<\/li>\n\n\n\n<li>Corpo feito de alum\u00ednio que dura: protege os LEDs e permite que o calor escape facilmente.<\/li>\n\n\n\n<li>Dotless light diffusion: The soft opal cover\u00a0gets rid of glare and hot spots.<\/li>\n\n\n\n<li>F\u00e1cil de montar: Prenda aos montantes de drywall, cubra com gesso e pinte para combinar com seu design.<\/li>\n<\/ul>\n<\/div>\n<\/div>\n\n\n\n<div class=\"wp-block-group is-vertical is-layout-flex wp-container-core-group-is-layout-d255d7c4 wp-block-group-is-layout-flex\" style=\"padding-top:var(--wp--preset--spacing--80);padding-bottom:var(--wp--preset--spacing--80)\">\n<hr class=\"wp-block-separator has-alpha-channel-opacity\"\/>\n\n\n\n<div class=\"wp-block-media-text has-media-on-the-right is-stacked-on-mobile\" style=\"grid-template-columns:auto 40%\"><div class=\"wp-block-media-text__content\">\n<h2 class=\"wp-block-heading\" style=\"padding-top:var(--wp--preset--spacing--40);padding-bottom:var(--wp--preset--spacing--40);font-size:25px;font-style:normal;font-weight:600;text-transform:capitalize\">Como configurar<\/h2>\n\n\n\n<ul class=\"wp-block-list\">\n<li>Place the aluminum\u00a0profile in the drywall or plasterboard.<\/li>\n\n\n\n<li>Coloque gesso nas abas que t\u00eam furos.<\/li>\n\n\n\n<li>Use lixa para alisar e pinte da mesma cor que a parede.<\/li>\n\n\n\n<li>Voc\u00ea pode usar fitas de LED que t\u00eam at\u00e9 20mm de largura.<\/li>\n\n\n\n<li>Coloque o difusor para suavizar a luz.<\/li>\n\n\n\n<li>Finalize colocando as capas das extremidades.<\/li>\n<\/ul>\n<\/div><figure class=\"wp-block-media-text__media\"><img loading=\"lazy\" decoding=\"async\" width=\"500\" height=\"500\" src=\"https:\/\/tangooled.com\/wp-content\/uploads\/2025\/12\/dwp13-ins.webp\" alt=\"perfil de gesso LED embutido de 20mm de largura interna\" class=\"wp-image-42876 size-full\" srcset=\"https:\/\/tangooled.com\/wp-content\/uploads\/2025\/12\/dwp13-ins.webp 500w, https:\/\/tangooled.com\/wp-content\/uploads\/2025\/12\/dwp13-ins-300x300.webp 300w, https:\/\/tangooled.com\/wp-content\/uploads\/2025\/12\/dwp13-ins-150x150.webp 150w\" sizes=\"auto, (max-width: 500px) 100vw, 500px\" \/><\/figure><\/div>\n<\/div>\n\n\n\n<div class=\"wp-block-group has-background is-vertical is-layout-flex wp-container-core-group-is-layout-b429018a wp-block-group-is-layout-flex\" style=\"background-color:#f1f1f1f2;padding-top:var(--wp--preset--spacing--70);padding-bottom:var(--wp--preset--spacing--70)\">\n<h2 class=\"wp-block-heading\" style=\"padding-top:var(--wp--preset--spacing--40);padding-bottom:var(--wp--preset--spacing--40);font-size:25px;font-style:normal;font-weight:600\">Como Voc\u00ea Pode Usar<\/h2>\n\n\n\n<p>Nosso perfil de gesso LED embutido de 20mm de largura interna pode atender a diversas necessidades de ilumina\u00e7\u00e3o:<\/p>\n\n\n\n<ul class=\"wp-block-list\">\n<li>Ilumina\u00e7\u00e3o para a casa: cozinhas (sob arm\u00e1rios e backsplashes), quartos, corredores e salas de estar.<\/li>\n\n\n\n<li>Ilumina\u00e7\u00e3o para empresas, como varejo, escrit\u00f3rios, lobbies de hot\u00e9is e restaurantes.<\/li>\n\n\n\n<li>Detalhes da arquitetura, incluindo ilumina\u00e7\u00e3o de cove, lavagem de parede ou linhas que se destacam em pisos e tetos.<\/li>\n\n\n\n<li>Ilumina\u00e7\u00e3o para tarefas: luzes para mesas, balc\u00f5es de cozinha e locais onde voc\u00ea trabalha.<\/li>\n\n\n\n<li>Constru\u00e7\u00f5es personalizadas: Crie linhas de luz retas e n\u00edtidas que se encaixem perfeitamente em paredes de gesso ou drywall.<\/li>\n<\/ul>\n<\/div>\n\n\n\n<div class=\"wp-block-group is-vertical is-layout-flex wp-container-core-group-is-layout-d255d7c4 wp-block-group-is-layout-flex\" style=\"padding-top:var(--wp--preset--spacing--80);padding-bottom:var(--wp--preset--spacing--80)\">\n<h2 class=\"wp-block-heading\" style=\"padding-top:var(--wp--preset--spacing--40);padding-bottom:var(--wp--preset--spacing--40);font-size:25px;font-style:normal;font-weight:600;text-transform:capitalize\">Produtos Relacionados que Voc\u00ea Pode Gostar:<\/h2>\n\n\n\n<ul class=\"wp-block-list\">\n<li><a href=\"https:\/\/tangooled.com\/pt\/product\/black-led-profile-with-black-diffuser-for-10mm-led-strip-light\/\"><mark style=\"background-color:rgba(0, 0, 0, 0)\" class=\"has-inline-color has-vivid-red-color\">Perfil LED Preto com Difusor Preto para Luz de Fita LED de 10mm<\/mark><\/a> \u2014 For slim, black finish lighting.<\/li>\n\n\n\n<li><mark style=\"background-color:rgba(0, 0, 0, 0)\" class=\"has-inline-color has-vivid-red-color\"><a href=\"https:\/\/tangooled.com\/pt\/product\/surface-mount-led-profile-with-frosted-diffuser-for-10mm-rope-lights\/\">Perfil LED de Montagem Superficial com Difusor Fosco para Luzes de Cord\u00e3o de 10mm<\/a> <\/mark>\u2014 Easy surface mount option.<\/li>\n\n\n\n<li><a href=\"https:\/\/tangooled.com\/pt\/product\/led-strip-light-channel-aluminum-profile-with-diffused-cover-6mm-height\/\"><mark style=\"background-color:rgba(0, 0, 0, 0)\" class=\"has-inline-color has-vivid-red-color\">Perfil de Alum\u00ednio para Faixas de Luz LED com Tampa Difusora 6mm de Altura<\/mark><\/a> \u2014 Low profile LED channel.<\/li>\n\n\n\n<li><a href=\"https:\/\/tangooled.com\/pt\/product\/trimless-drywall-led-channel-for-15mm-led-strip-lights\/\"><mark style=\"background-color:rgba(0, 0, 0, 0)\" class=\"has-inline-color has-vivid-red-color\">Canal LED para drywall sem moldura para fitas de LED de 15mm<\/mark><\/a> \u2014 Wider channel for bigger LED tapes.<\/li>\n\n\n\n<li><a href=\"https:\/\/tangooled.com\/pt\/product\/inner-20mm-width-led-plaster-in-channel-profile\/\"><mark style=\"background-color:rgba(0, 0, 0, 0)\" class=\"has-inline-color has-vivid-red-color\">Perfil de gesso LED embutido de 20mm de largura interna<\/mark><\/a> \u2014 Exact match for this product&#8217;s specs.<\/li>\n<\/ul>\n<\/div>\n\n\n\n<div class=\"wp-block-group has-background\" style=\"background-color:#f1f1f1;padding-top:var(--wp--preset--spacing--80);padding-bottom:var(--wp--preset--spacing--80)\"><div class=\"wp-block-group__inner-container is-layout-constrained wp-block-group-is-layout-constrained\">\n<h2 class=\"wp-block-heading\" style=\"padding-top:var(--wp--preset--spacing--40);padding-bottom:var(--wp--preset--spacing--40);font-size:25px;font-style:normal;font-weight:600;text-transform:capitalize\">Resumo<\/h2>\n\n\n\n<p style=\"padding-right:var(--wp--preset--spacing--50);padding-left:var(--wp--preset--spacing--50)\">Our 20mm inner width led plaster in profile is an ideal option for clean, trimless linear LED illumination. It works with wide\u00a0LED strips, puts off smooth, dotless light, and fits right in with drywall or plasterboard. It has a robust anodized body that makes it last longer and keeps heat under control. Today, you can get professional-grade lighting that fits exactly and looks beautiful in homes, businesses, and stores.<\/p>\n<\/div><\/div>\n\n\n\n<p><\/p>","protected":false},"featured_media":13767,"template":"","meta":{"_acf_changed":true,"_seopress_robots_primary_cat":"none","_seopress_titles_title":"20mm Inner Width LED Plaster-in Profile DWP13 | TANGOOLED","_seopress_titles_desc":"The DWP13 is a 20mm inner width led plaster in profile designed for high-output lighting. Accommodates double-row or wide LED strips for a seamless, trimless finish in drywalls.","_seopress_robots_index":""},"pcb-width":[229],"product-cat":[197],"class_list":{"0":"post-42647","1":"product","2":"type-product","3":"status-publish","4":"has-post-thumbnail","6":"pcb-width-15-20mm","7":"product-cat-plaster-in-profile"},"acf":[],"_links":{"self":[{"href":"https:\/\/tangooled.com\/pt\/wp-json\/wp\/v2\/product\/42647","targetHints":{"allow":["GET"]}}],"collection":[{"href":"https:\/\/tangooled.com\/pt\/wp-json\/wp\/v2\/product"}],"about":[{"href":"https:\/\/tangooled.com\/pt\/wp-json\/wp\/v2\/types\/product"}],"wp:featuredmedia":[{"embeddable":true,"href":"https:\/\/tangooled.com\/pt\/wp-json\/wp\/v2\/media\/13767"}],"wp:attachment":[{"href":"https:\/\/tangooled.com\/pt\/wp-json\/wp\/v2\/media?parent=42647"}],"wp:term":[{"taxonomy":"pcb-width","embeddable":true,"href":"https:\/\/tangooled.com\/pt\/wp-json\/wp\/v2\/pcb-width?post=42647"},{"taxonomy":"product-cat","embeddable":true,"href":"https:\/\/tangooled.com\/pt\/wp-json\/wp\/v2\/product-cat?post=42647"}],"curies":[{"name":"wp","href":"https:\/\/api.w.org\/{rel}","templated":true}]}}