{"id":42644,"date":"2025-12-23T05:49:56","date_gmt":"2025-12-23T13:49:56","guid":{"rendered":"https:\/\/tangooled.com\/?post_type=product&#038;p=42644"},"modified":"2026-01-27T20:48:59","modified_gmt":"2026-01-28T04:48:59","slug":"flush-mount-22mm-groove-use-aluminum-drywall-led-channel","status":"publish","type":"product","link":"https:\/\/tangooled.com\/pt\/product\/flush-mount-22mm-groove-use-aluminum-drywall-led-channel\/","title":{"rendered":"canal de alum\u00ednio para drywall de mont\u00e1vel embutido de 22mm"},"content":{"rendered":"<div class=\"wp-block-group is-vertical is-layout-flex wp-container-core-group-is-layout-d255d7c4 wp-block-group-is-layout-flex\" style=\"padding-top:var(--wp--preset--spacing--80);padding-bottom:var(--wp--preset--spacing--80)\">\n<p>Our 22mm groove drywall LED channel flush mount will add style and light to your room. The aluminum LED channel fits well into drywall grooves, making it seem clean and trimless. The flange is 64.4 mm wide, the inner channel is 20 mm deep, and the overall height is 23.3 mm. The interior cavity is 20mm wide and 20mm deep, which is just right for housing standard LED strips. Once it&#8217;s in place, the profile is completely covered in the drywall, and only the diffused light source can be seen. You can use it to make a modern, streamlined architectural light that fits within walls or ceilings. The light will cascade over the surface below, making any modern space look more elegant.<\/p>\n<\/div>\n\n\n\n<div class=\"wp-block-group has-background\" style=\"background-color:#f1f1f1;padding-top:var(--wp--preset--spacing--80);padding-bottom:var(--wp--preset--spacing--80)\"><div class=\"wp-block-group__inner-container is-layout-constrained wp-block-group-is-layout-constrained\">\n<div class=\"wp-block-group is-vertical is-layout-flex wp-container-core-group-is-layout-8cf370e7 wp-block-group-is-layout-flex\">\n<h2 class=\"wp-block-heading\" style=\"padding-top:var(--wp--preset--spacing--40);padding-bottom:var(--wp--preset--spacing--40);font-size:25px;font-style:normal;font-weight:600;text-transform:capitalize\">Por que voc\u00ea deve escolher nosso canal de LED para drywall de 22mm?<\/h2>\n\n\n\n<ul class=\"wp-block-list\">\n<li>F\u00e1cil de instalar: As flanges com furos permitem que voc\u00ea fa\u00e7a a aplica\u00e7\u00e3o de gesso imediatamente sobre o canal. Para uma montagem embutida, torna-se uma s\u00f3 com seu drywall, portanto, n\u00e3o \u00e9 necess\u00e1rio acabamento.<\/li>\n\n\n\n<li>Cool Aluminum Body: Our profile is made of anodized aluminum, which helps keep LEDs\u00a0cool. This keeps your LED strips safe, which makes them last longer and shine brighter.<\/li>\n\n\n\n<li>Efeito de Luz Sem Pontos: Use o difusor fosco para evitar que os pontos de LED apare\u00e7am. Obtenha uma luz suave e uniforme por todo o comprimento.<\/li>\n\n\n\n<li>Compatible with regular LED strips: It can hold strips that are up to 20mm wide\u00a0in its 22mm groove.<\/li>\n\n\n\n<li>F\u00e1cil de Cortar e Instalar: Basta cortar o perfil para se ajustar ao seu projeto e usar parafusos para conect\u00e1-lo de forma embutida aos sulcos no drywall.<\/li>\n\n\n\n<li>Vem com tampas de extremidade: As tampas de extremidade que acompanham mant\u00e9m as extremidades seguras. Uma delas possui um furo para os fios passarem e manter tudo limpo.<\/li>\n<\/ul>\n<\/div>\n<\/div><\/div>\n\n\n\n<div class=\"wp-block-group is-vertical is-layout-flex wp-container-core-group-is-layout-d255d7c4 wp-block-group-is-layout-flex\" style=\"padding-top:var(--wp--preset--spacing--80);padding-bottom:var(--wp--preset--spacing--80)\">\n<hr class=\"wp-block-separator has-alpha-channel-opacity\"\/>\n\n\n\n<div class=\"wp-block-media-text has-media-on-the-right is-stacked-on-mobile\" style=\"grid-template-columns:auto 40%\"><div class=\"wp-block-media-text__content\">\n<h2 class=\"wp-block-heading\" style=\"padding-top:var(--wp--preset--spacing--40);padding-bottom:var(--wp--preset--spacing--40);font-size:25px;font-style:normal;font-weight:600;text-transform:capitalize\">Como instalar o canal de LED para drywall de 22mm mont\u00e1vel embutido<\/h2>\n\n\n\n<ul class=\"wp-block-list\">\n<li>Corte o Sulco: Fa\u00e7a um sulco de 23mm de largura em seu drywall.<\/li>\n\n\n\n<li>Fixe o Canal: Use parafusos para prender o canal de alum\u00ednio de modo que fique nivelado com o sulco.<\/li>\n\n\n\n<li>Aplique Gesso sobre as Flanges: Use composto para juntas ou gesso para cobrir as flanges que t\u00eam furos. Deixe secar e ent\u00e3o lixe para ficar liso.<\/li>\n\n\n\n<li>Prepare a Fita LED: Coloque sua fita LED dentro do canal.<\/li>\n\n\n\n<li>Difusor de Press\u00e3o: Use o difusor fosco para cobrir as luzes e deixar a luz uniforme.<\/li>\n<\/ul>\n<\/div><figure class=\"wp-block-media-text__media\"><img loading=\"lazy\" decoding=\"async\" width=\"500\" height=\"500\" src=\"https:\/\/tangooled.com\/wp-content\/uploads\/2025\/12\/dwp12-ins.webp\" alt=\"canal de alum\u00ednio para drywall de mont\u00e1vel embutido de 22mm\" class=\"wp-image-42873 size-full\" srcset=\"https:\/\/tangooled.com\/wp-content\/uploads\/2025\/12\/dwp12-ins.webp 500w, https:\/\/tangooled.com\/wp-content\/uploads\/2025\/12\/dwp12-ins-300x300.webp 300w, https:\/\/tangooled.com\/wp-content\/uploads\/2025\/12\/dwp12-ins-150x150.webp 150w\" sizes=\"auto, (max-width: 500px) 100vw, 500px\" \/><\/figure><\/div>\n<\/div>\n\n\n\n<div class=\"wp-block-group has-background\" style=\"background-color:#f1f1f1f2;padding-top:var(--wp--preset--spacing--80);padding-bottom:var(--wp--preset--spacing--80)\"><div class=\"wp-block-group__inner-container is-layout-constrained wp-block-group-is-layout-constrained\">\n<h2 class=\"wp-block-heading\" style=\"padding-top:var(--wp--preset--spacing--40);padding-bottom:var(--wp--preset--spacing--40);font-size:25px;font-style:normal;font-weight:600\">Casos de Uso para Nosso Canal de LED para Drywall de 22mm<\/h2>\n\n\n\n<ul class=\"wp-block-list\">\n<li>Ilumina\u00e7\u00e3o Arquitet\u00f4nica: \u00d3timo para paredes e tetos com linhas limpas e modernas.<\/li>\n\n\n\n<li>Ilumina\u00e7\u00e3o Cove e S\u00f4fite: Coloque as luzes em coves de teto ou reentr\u00e2ncias de parede para obter uma luz suave e indireta.<\/li>\n\n\n\n<li>Espa\u00e7os de Varejo e Empresariais: Showrooms e escrit\u00f3rios parecem melhores com ilumina\u00e7\u00e3o elegante e de alta qualidade.<\/li>\n\n\n\n<li>Paredes de Destaque: Use ilumina\u00e7\u00e3o sem pontos para atrair aten\u00e7\u00e3o a obras de arte, nichos ou elementos de design. Este canal proporciona uma sa\u00edda de luz uniforme e um design elegante e minimalista para qualquer projeto.<\/li>\n<\/ul>\n<\/div><\/div>\n\n\n\n<div class=\"wp-block-group is-vertical is-layout-flex wp-container-core-group-is-layout-d255d7c4 wp-block-group-is-layout-flex\" style=\"padding-top:var(--wp--preset--spacing--80);padding-bottom:var(--wp--preset--spacing--80)\">\n<h2 class=\"wp-block-heading\" style=\"padding-top:var(--wp--preset--spacing--40);padding-bottom:var(--wp--preset--spacing--40);font-size:25px;font-style:normal;font-weight:600;text-transform:capitalize\">Produtos Tangooled Relacionados para Seu Projeto<\/h2>\n\n\n\n<ul class=\"wp-block-list\">\n<li>Explore o <a href=\"https:\/\/tangooled.com\/pt\/product\/black-led-diffuser-aluminum-channel-for-12mm-tape-lights\/\"><mark style=\"background-color:rgba(0, 0, 0, 0)\" class=\"has-inline-color has-vivid-red-color\">canal de alum\u00ednio com difusor LED preto para luzes de fita de 12mm<\/mark><\/a> \u2013 perfect for matching black tape strips.<\/li>\n\n\n\n<li>Experimente o <a href=\"https:\/\/tangooled.com\/pt\/product\/surface-mount-led-profile-with-frosted-diffuser-for-10mm-rope-lights\/\"><mark style=\"background-color:rgba(0, 0, 0, 0)\" class=\"has-inline-color has-vivid-red-color\">perfil de LED de montagem em superf\u00edcie com difusor fosco para luzes de corda de 10mm <\/mark><\/a>para instala\u00e7\u00f5es em superf\u00edcies f\u00e1ceis.<\/li>\n\n\n\n<li>Veja o <a href=\"https:\/\/tangooled.com\/pt\/product\/22mm-surface-led-aluminum-strip-channel-with-opal-diffuser\/\"><mark style=\"background-color:rgba(0, 0, 0, 0)\" class=\"has-inline-color has-vivid-red-color\">Canal de alum\u00ednio LED de superf\u00edcie de 22 mm com difusor opalino <\/mark><\/a>para uma linha de luz difusa embutida e uniforme.<\/li>\n\n\n\n<li>Para projetos menores, veja o <a href=\"https:\/\/tangooled.com\/pt\/product\/10mm-led-profile-aluminum-channel-for-8mm-led-tape-lights\/\"><mark style=\"background-color:rgba(0, 0, 0, 0)\" class=\"has-inline-color has-vivid-red-color\">canal de alum\u00ednio de perfil LED de 10mm para fitas LED de 8mm<\/mark><\/a>.<\/li>\n\n\n\n<li>Para ilumina\u00e7\u00e3o de canto, explore o <a href=\"https:\/\/tangooled.com\/pt\/product\/corner-mount-right-angle-diffuser-aluminum-led-extrusion-profile-inner-12mm\/\"><mark style=\"background-color:rgba(0, 0, 0, 0)\" class=\"has-inline-color has-vivid-red-color\">difusor de alum\u00ednio em \u00e2ngulo reto de montagem em canto interno de 12mm<\/mark><\/a>.<\/li>\n<\/ul>\n<\/div>\n\n\n\n<div class=\"wp-block-group has-background\" style=\"background-color:#f1f1f1;padding-top:var(--wp--preset--spacing--80);padding-bottom:var(--wp--preset--spacing--80)\"><div class=\"wp-block-group__inner-container is-layout-constrained wp-block-group-is-layout-constrained\">\n<h2 class=\"wp-block-heading\" style=\"padding-top:var(--wp--preset--spacing--40);padding-bottom:var(--wp--preset--spacing--40);font-size:25px;font-style:normal;font-weight:600;text-transform:capitalize\">Resumo<\/h2>\n\n\n\n<p style=\"padding-right:var(--wp--preset--spacing--50);padding-left:var(--wp--preset--spacing--50)\">O canal de LED para drywall de 22mm mont\u00e1vel embutido \u00e9 uma \u00f3tima solu\u00e7\u00e3o para obter ilumina\u00e7\u00e3o LED profissional, limpa e rebaixada. \u00c9 composto de alum\u00ednio anodizado de alta qualidade e se encaixa nos sulcos do drywall. Pode suportar fitas LED de at\u00e9 20 mm de largura. A flange de gesso facilita a aplica\u00e7\u00e3o de gesso, o que proporciona um acabamento suave \u00e0s luzes das paredes ou tetos. Descubra qu\u00e3o f\u00e1cil \u00e9 modificar a apar\u00eancia do seu espa\u00e7o com ilumina\u00e7\u00e3o linear consistente, brilho sem pontos e extrus\u00f5es robustas que protegem seus LEDs e se integram \u00e0 decora\u00e7\u00e3o da sua casa. Clique nos perfis de alum\u00ednio Tangooled listados aqui para saber mais sobre o produto.<\/p>\n<\/div><\/div>\n\n\n\n<p><\/p>","protected":false},"featured_media":13762,"template":"","meta":{"_acf_changed":true,"_seopress_robots_primary_cat":"none","_seopress_titles_title":"22mm Groove Drywall LED Channel Plaster-in DWP12 | TANGOOLED","_seopress_titles_desc":"The DWP12 is a 22mm groove drywall led channel with a slim 10mm depth. Designed for wider linear light effects, this plaster-in aluminum profile integrates seamlessly into ceilings for a trimless finish.","_seopress_robots_index":""},"pcb-width":[229],"product-cat":[197],"class_list":{"0":"post-42644","1":"product","2":"type-product","3":"status-publish","4":"has-post-thumbnail","6":"pcb-width-15-20mm","7":"product-cat-plaster-in-profile"},"acf":[],"_links":{"self":[{"href":"https:\/\/tangooled.com\/pt\/wp-json\/wp\/v2\/product\/42644","targetHints":{"allow":["GET"]}}],"collection":[{"href":"https:\/\/tangooled.com\/pt\/wp-json\/wp\/v2\/product"}],"about":[{"href":"https:\/\/tangooled.com\/pt\/wp-json\/wp\/v2\/types\/product"}],"wp:featuredmedia":[{"embeddable":true,"href":"https:\/\/tangooled.com\/pt\/wp-json\/wp\/v2\/media\/13762"}],"wp:attachment":[{"href":"https:\/\/tangooled.com\/pt\/wp-json\/wp\/v2\/media?parent=42644"}],"wp:term":[{"taxonomy":"pcb-width","embeddable":true,"href":"https:\/\/tangooled.com\/pt\/wp-json\/wp\/v2\/pcb-width?post=42644"},{"taxonomy":"product-cat","embeddable":true,"href":"https:\/\/tangooled.com\/pt\/wp-json\/wp\/v2\/product-cat?post=42644"}],"curies":[{"name":"wp","href":"https:\/\/api.w.org\/{rel}","templated":true}]}}