{"id":42642,"date":"2025-12-23T05:44:07","date_gmt":"2025-12-23T13:44:07","guid":{"rendered":"https:\/\/tangooled.com\/?post_type=product&#038;p=42642"},"modified":"2026-01-27T20:45:43","modified_gmt":"2026-01-28T04:45:43","slug":"10mm-deep-recessed-drywall-led-strip-channel","status":"publish","type":"product","link":"https:\/\/tangooled.com\/pt\/product\/10mm-deep-recessed-drywall-led-strip-channel\/","title":{"rendered":"canal de tira LED em drywall de 10mm de profundidade"},"content":{"rendered":"<div class=\"wp-block-group is-vertical is-layout-flex wp-container-core-group-is-layout-d255d7c4 wp-block-group-is-layout-flex\" style=\"padding-top:var(--wp--preset--spacing--80);padding-bottom:var(--wp--preset--spacing--80)\">\n<p>Our 10mm deep drywall LED channel is perfect for modern, stylish lighting that fits perfectly against drywall walls and ceilings. This high-quality profile fits flawlessly inside drywall or plasterboard, whether it&#8217;s recessed or &#8220;plaster-in.&#8221; It generates light that is smooth and lovely, with no hard shadows or framing that is easy to see. It can hold LED strips that are up to 20mm wide and works well with both COB and standard SMD LED tapes. The recessed drywall LED strip channel keeps the LED tape safe, and the smooth PC frost diffuser that comes with it spreads the light evenly and without glare.<\/p>\n<\/div>\n\n\n\n<div class=\"wp-block-group has-background is-vertical is-layout-flex wp-container-core-group-is-layout-d255d7c4 wp-block-group-is-layout-flex\" style=\"background-color:#f1f1f1;padding-top:var(--wp--preset--spacing--80);padding-bottom:var(--wp--preset--spacing--80)\">\n<div class=\"wp-block-group is-vertical is-layout-flex wp-container-core-group-is-layout-8cf370e7 wp-block-group-is-layout-flex\">\n<h2 class=\"wp-block-heading\" style=\"padding-top:var(--wp--preset--spacing--40);padding-bottom:var(--wp--preset--spacing--40);font-size:25px;font-style:normal;font-weight:600;text-transform:capitalize\">Por que escolher nosso canal LED em drywall de 10mm de profundidade?<\/h2>\n\n\n\n<ul class=\"wp-block-list\">\n<li>Voc\u00ea obt\u00e9m um efeito de dissipador de calor com a extrus\u00e3o de alum\u00ednio de alta qualidade que protege suas fitas LED.<\/li>\n\n\n\n<li>A caixa pint\u00e1vel permite integra\u00e7\u00e3o total com a cor da sua parede ou teto.<\/li>\n\n\n\n<li>O difusor de PC proporciona uma difus\u00e3o de luz impec\u00e1vel, sem pontos brilhantes.<\/li>\n\n\n\n<li>Ideal para designs de ilumina\u00e7\u00e3o arquitet\u00f4nica que buscam um visual de canal LED embutido sem moldura.<\/li>\n\n\n\n<li>Suporta instala\u00e7\u00e3o f\u00e1cil em novas constru\u00e7\u00f5es e renova\u00e7\u00f5es, perfeito para projetos de empreiteiros gerais ou DIY.<\/li>\n<\/ul>\n<\/div>\n<\/div>\n\n\n\n<div class=\"wp-block-group is-vertical is-layout-flex wp-container-core-group-is-layout-d255d7c4 wp-block-group-is-layout-flex\" style=\"padding-top:var(--wp--preset--spacing--80);padding-bottom:var(--wp--preset--spacing--80)\">\n<hr class=\"wp-block-separator has-alpha-channel-opacity\"\/>\n\n\n\n<div class=\"wp-block-media-text has-media-on-the-right is-stacked-on-mobile\" style=\"grid-template-columns:auto 40%\"><div class=\"wp-block-media-text__content\">\n<h2 class=\"wp-block-heading\" style=\"padding-top:var(--wp--preset--spacing--40);padding-bottom:var(--wp--preset--spacing--40);font-size:25px;font-style:normal;font-weight:600;text-transform:capitalize\">Como usar este canal de gesso embutido DWP11<\/h2>\n\n\n\n<ul class=\"wp-block-list\">\n<li>Verifique se a ranhura em seu gesso ou drywall est\u00e1 na profundidade correta (10mm).<\/li>\n\n\n\n<li>Coloque o canal de alum\u00ednio na ranhura e certifique-se de que est\u00e1 devidamente fixo aos caibros ou suporte.<\/li>\n\n\n\n<li>Use massa para juntas ou gesso para preencher os buracos nas flanges e deixar a superf\u00edcie nivelada.<\/li>\n\n\n\n<li>Para criar uma superf\u00edcie lisa que esconda completamente o acess\u00f3rio, lixe e pinte o drywall.<\/li>\n\n\n\n<li>Coloque a tira de luz LED no canal e encaixe a tampa difusora fosca para garantir que a luz se espalhe uniformemente.<\/li>\n<\/ul>\n<\/div><figure class=\"wp-block-media-text__media\"><img loading=\"lazy\" decoding=\"async\" width=\"500\" height=\"500\" src=\"https:\/\/tangooled.com\/wp-content\/uploads\/2025\/12\/dwp11-ins.webp\" alt=\"canal de tira LED em drywall de 10mm de profundidade\" class=\"wp-image-42866 size-full\" srcset=\"https:\/\/tangooled.com\/wp-content\/uploads\/2025\/12\/dwp11-ins.webp 500w, https:\/\/tangooled.com\/wp-content\/uploads\/2025\/12\/dwp11-ins-300x300.webp 300w, https:\/\/tangooled.com\/wp-content\/uploads\/2025\/12\/dwp11-ins-150x150.webp 150w\" sizes=\"auto, (max-width: 500px) 100vw, 500px\" \/><\/figure><\/div>\n<\/div>\n\n\n\n<div class=\"wp-block-group has-background\" style=\"background-color:#f1f1f1f2;padding-top:var(--wp--preset--spacing--80);padding-bottom:var(--wp--preset--spacing--80)\"><div class=\"wp-block-group__inner-container is-layout-constrained wp-block-group-is-layout-constrained\">\n<h2 class=\"wp-block-heading\" style=\"padding-top:var(--wp--preset--spacing--40);padding-bottom:var(--wp--preset--spacing--40);font-size:25px;font-style:normal;font-weight:600\">Cen\u00e1rios de Uso Real<\/h2>\n\n\n\n<ul class=\"wp-block-list\">\n<li>Linhas de transi\u00e7\u00e3o de luz da parede para o teto que parecem agrad\u00e1veis e desaparecem quando a luz est\u00e1 apagada.<\/li>\n\n\n\n<li>Luzes de destaque modernas no teto fazem o ambiente parecer acolhedor e convidativo.<\/li>\n\n\n\n<li>Ilumina\u00e7\u00e3o segura e elegante para escadas e corredores.<\/li>\n\n\n\n<li>Ilumina\u00e7\u00e3o ambiente limpa e profissional para neg\u00f3cios, hot\u00e9is e restaurantes.<\/li>\n\n\n\n<li>Isto \u00e9 o que tanto profissionais quanto pessoas que fazem por conta pr\u00f3pria usam para conseguir uma ilumina\u00e7\u00e3o LED perfeita em gesso.<\/li>\n<\/ul>\n<\/div><\/div>\n\n\n\n<div class=\"wp-block-group is-vertical is-layout-flex wp-container-core-group-is-layout-d255d7c4 wp-block-group-is-layout-flex\" style=\"padding-top:var(--wp--preset--spacing--80);padding-bottom:var(--wp--preset--spacing--80)\">\n<h2 class=\"wp-block-heading\" style=\"padding-top:var(--wp--preset--spacing--40);padding-bottom:var(--wp--preset--spacing--40);font-size:25px;font-style:normal;font-weight:600;text-transform:capitalize\">Produtos Relacionados Que Voc\u00ea Pode Gostar<\/h2>\n\n\n\n<ul class=\"wp-block-list\">\n<li><a href=\"https:\/\/tangooled.com\/pt\/product\/black-led-profile-with-black-diffuser-for-10mm-led-strip-light\/\"><mark style=\"background-color:rgba(0, 0, 0, 0)\" class=\"has-inline-color has-vivid-red-color\">Perfil LED preto com difusor preto para fita LED de 10mm<\/mark><\/a><\/li>\n\n\n\n<li><a href=\"https:\/\/tangooled.com\/pt\/product\/surface-mount-led-profile-with-frosted-diffuser-for-10mm-rope-lights\/\"><mark style=\"background-color:rgba(0, 0, 0, 0)\" class=\"has-inline-color has-vivid-red-color\">Perfil LED de montagem de superf\u00edcie com difusor fosco para luzes de cord\u00e3o de 10mm<\/mark><\/a><\/li>\n\n\n\n<li><a href=\"https:\/\/tangooled.com\/pt\/product\/led-light-diffuser-channel-aluminum-15x12mm-for-10mm-led-strips\/\"><mark style=\"background-color:rgba(0, 0, 0, 0)\" class=\"has-inline-color has-vivid-red-color\">Difusor de luz em alum\u00ednio 15x12mm para tiras LED de 10mm<\/mark><\/a><\/li>\n\n\n\n<li><a href=\"https:\/\/tangooled.com\/pt\/product\/recessed-led-strip-lighting-channel-17x15mm-for-10mm-tape-lights\/\"><mark style=\"background-color:rgba(0, 0, 0, 0)\" class=\"has-inline-color has-vivid-red-color\">Perfil de alum\u00ednio embutido 17x15mm para fitas de luz de 10mm<\/mark><\/a><\/li>\n<\/ul>\n<\/div>\n\n\n\n<div class=\"wp-block-group has-background\" style=\"background-color:#f1f1f1;padding-top:var(--wp--preset--spacing--80);padding-bottom:var(--wp--preset--spacing--80)\"><div class=\"wp-block-group__inner-container is-layout-constrained wp-block-group-is-layout-constrained\">\n<h2 class=\"wp-block-heading\" style=\"padding-top:var(--wp--preset--spacing--40);padding-bottom:var(--wp--preset--spacing--40);font-size:25px;font-style:normal;font-weight:600;text-transform:capitalize\">Resumo: Perfeito para Ilumina\u00e7\u00e3o Moderna, Sem Moldura<\/h2>\n\n\n\n<p style=\"padding-right:var(--wp--preset--spacing--50);padding-left:var(--wp--preset--spacing--50)\">Nosso canal LED em drywall de 10mm de profundidade \u00e9 o melhor canal de alum\u00ednio extrudado para instala\u00e7\u00e3o de perfis LED que ficam nivelados com a parede ou gesso. Ele possui uma variedade de acabamentos e proporciona uma ilumina\u00e7\u00e3o direta sem pontos. Ele pode acomodar tiras LED COB e SMD de at\u00e9 20mm de largura. Este canal abre um novo mundo de op\u00e7\u00f5es de ilumina\u00e7\u00e3o LED arquitet\u00f4nica para casas, escrit\u00f3rios, varejo e hot\u00e9is.<\/p>\n<\/div><\/div>\n\n\n\n<p><\/p>","protected":false},"featured_media":13757,"template":"","meta":{"_acf_changed":true,"_seopress_robots_primary_cat":"none","_seopress_titles_title":"10mm Deep Drywall LED Channel | Recessed Plaster-in DWP11 | TANGOOLED","_seopress_titles_desc":"The DWP11 is a 10mm deep drywall led channel designed for a seamless plaster-in finish. Optimized for recessed installation in ceilings and walls, this slim aluminum profile creates a clean linear light path.","_seopress_robots_index":""},"pcb-width":[229],"product-cat":[197],"class_list":{"0":"post-42642","1":"product","2":"type-product","3":"status-publish","4":"has-post-thumbnail","6":"pcb-width-15-20mm","7":"product-cat-plaster-in-profile"},"acf":[],"_links":{"self":[{"href":"https:\/\/tangooled.com\/pt\/wp-json\/wp\/v2\/product\/42642","targetHints":{"allow":["GET"]}}],"collection":[{"href":"https:\/\/tangooled.com\/pt\/wp-json\/wp\/v2\/product"}],"about":[{"href":"https:\/\/tangooled.com\/pt\/wp-json\/wp\/v2\/types\/product"}],"wp:featuredmedia":[{"embeddable":true,"href":"https:\/\/tangooled.com\/pt\/wp-json\/wp\/v2\/media\/13757"}],"wp:attachment":[{"href":"https:\/\/tangooled.com\/pt\/wp-json\/wp\/v2\/media?parent=42642"}],"wp:term":[{"taxonomy":"pcb-width","embeddable":true,"href":"https:\/\/tangooled.com\/pt\/wp-json\/wp\/v2\/pcb-width?post=42642"},{"taxonomy":"product-cat","embeddable":true,"href":"https:\/\/tangooled.com\/pt\/wp-json\/wp\/v2\/product-cat?post=42642"}],"curies":[{"name":"wp","href":"https:\/\/api.w.org\/{rel}","templated":true}]}}