{"id":42637,"date":"2025-12-23T05:39:57","date_gmt":"2025-12-23T13:39:57","guid":{"rendered":"https:\/\/tangooled.com\/?post_type=product&#038;p=42637"},"modified":"2026-02-01T22:31:35","modified_gmt":"2026-02-02T06:31:35","slug":"drywall-led-channel-with-outer-square-diffuser-inner-width-12mm","status":"publish","type":"product","link":"https:\/\/tangooled.com\/pt\/product\/drywall-led-channel-with-outer-square-diffuser-inner-width-12mm\/","title":{"rendered":"canal de LED para drywall com difusor quadrado externo largura interna 12mm"},"content":{"rendered":"<div class=\"wp-block-group is-vertical is-layout-flex wp-container-core-group-is-layout-d255d7c4 wp-block-group-is-layout-flex\" style=\"padding-top:var(--wp--preset--spacing--80);padding-bottom:var(--wp--preset--spacing--80)\">\n<p>Nosso canal de LED para drywall DWP10 tornar\u00e1 seu ambiente mais iluminado com uma luz limpa e suave. Este design \u00e9 adequado para ilumina\u00e7\u00e3o arquitet\u00f4nica moderna e sem moldura, encaixando-se perfeitamente em tetos constru\u00eddos com placas de gesso ou drywall. O canal tem 56,2mm de largura e 23,1mm de profundidade, permitindo que fitas LED de at\u00e9 12mm de largura se encaixem. O difusor quadrado por fora espalha a luz de maneira uniforme e bonita, emitindo um brilho que parece vir diretamente do teto. Este perfil \u00e9 ideal para casas e empresas de alto padr\u00e3o.<\/p>\n<\/div>\n\n\n\n<div class=\"wp-block-group has-background is-vertical is-layout-flex wp-container-core-group-is-layout-d255d7c4 wp-block-group-is-layout-flex\" style=\"background-color:#f1f1f1;padding-top:var(--wp--preset--spacing--80);padding-bottom:var(--wp--preset--spacing--80)\">\n<div class=\"wp-block-group\"><div class=\"wp-block-group__inner-container is-layout-constrained wp-block-group-is-layout-constrained\">\n<h2 class=\"wp-block-heading\" style=\"padding-top:var(--wp--preset--spacing--40);padding-bottom:var(--wp--preset--spacing--40);font-size:25px;font-style:normal;font-weight:600;text-transform:capitalize\">Por que escolher nosso canal de LED para drywall DWP10?<\/h2>\n\n\n\n<ul class=\"wp-block-list\">\n<li>Um acabamento liso e nivelado que oculta todas as bordas dentro do drywall.<\/li>\n\n\n\n<li>Feito de alum\u00ednio anodizado resistente que permite a fuga de calor e faz as LEDs durarem mais.<\/li>\n\n\n\n<li>Funciona com todas as fitas LED populares de 12mm de largura, como COB, RGBW e fitas brancas ajust\u00e1veis.<\/li>\n\n\n\n<li>Um difusor quadrado externo d\u00e1 um visual moderno e ousado e oculta pontos quentes.&nbsp;<\/li>\n\n\n\n<li>Vem com tampas de extremidade e parafusos para um trabalho limpo e profissional.<\/li>\n\n\n\n<li>F\u00e1cil de embutir com flanges que j\u00e1 est\u00e3o perfuradas para coloca\u00e7\u00e3o de argamassa.<\/li>\n<\/ul>\n<\/div><\/div>\n<\/div>\n\n\n\n<div class=\"wp-block-group is-vertical is-layout-flex wp-container-core-group-is-layout-d255d7c4 wp-block-group-is-layout-flex\" style=\"padding-top:var(--wp--preset--spacing--80);padding-bottom:var(--wp--preset--spacing--80)\">\n<hr class=\"wp-block-separator has-alpha-channel-opacity\"\/>\n\n\n\n<div class=\"wp-block-media-text has-media-on-the-right is-stacked-on-mobile\" style=\"grid-template-columns:auto 40%\"><div class=\"wp-block-media-text__content\">\n<h2 class=\"wp-block-heading\" style=\"padding-top:var(--wp--preset--spacing--40);padding-bottom:var(--wp--preset--spacing--40);font-size:25px;font-style:normal;font-weight:600;text-transform:capitalize\">Como Instalar<\/h2>\n\n\n\n<ul class=\"wp-block-list\">\n<li>Use parafusos atrav\u00e9s da flange perfurada para fixar o canal \u00e0 estrutura ou ao suporte do drywall.<\/li>\n\n\n\n<li>Coloque o drywall de modo que se ajuste \u00e0s bordas do canal.<\/li>\n\n\n\n<li>Coloque argamassa ou composto para juntas sobre as flanges e lixe-as para deix\u00e1-las lisas.<\/li>\n\n\n\n<li>Para um visual limpo, pinte sua parede.<\/li>\n\n\n\n<li>Coloque sua fita LED de 12mm dentro do canal.<\/li>\n\n\n\n<li>Conecte a fia\u00e7\u00e3o e encaixe o difusor quadrado.<\/li>\n<\/ul>\n<\/div><figure class=\"wp-block-media-text__media\"><img loading=\"lazy\" decoding=\"async\" width=\"500\" height=\"500\" src=\"https:\/\/tangooled.com\/wp-content\/uploads\/2025\/12\/dwp10-ins.webp\" alt=\"canal de LED para drywall com difusor quadrado externo largura interna 12mm\" class=\"wp-image-42863 size-full\" srcset=\"https:\/\/tangooled.com\/wp-content\/uploads\/2025\/12\/dwp10-ins.webp 500w, https:\/\/tangooled.com\/wp-content\/uploads\/2025\/12\/dwp10-ins-300x300.webp 300w, https:\/\/tangooled.com\/wp-content\/uploads\/2025\/12\/dwp10-ins-150x150.webp 150w\" sizes=\"auto, (max-width: 500px) 100vw, 500px\" \/><\/figure><\/div>\n<\/div>\n\n\n\n<div class=\"wp-block-group has-background is-vertical is-layout-flex wp-container-core-group-is-layout-b429018a wp-block-group-is-layout-flex\" style=\"background-color:#f1f1f1f2;padding-top:var(--wp--preset--spacing--70);padding-bottom:var(--wp--preset--spacing--70)\">\n<h2 class=\"wp-block-heading\" style=\"padding-top:var(--wp--preset--spacing--40);padding-bottom:var(--wp--preset--spacing--40);font-size:25px;font-style:normal;font-weight:600\">\u00d3timo para muitas necessidades de ilumina\u00e7\u00e3o<\/h2>\n\n\n\n<p>Nosso canal de LED para drywall com um difusor quadrado externo e uma largura interna de 12mm funciona para diversos projetos, como:<\/p>\n\n\n\n<ul class=\"wp-block-list\">\n<li>Ilumina\u00e7\u00e3o embutida na parede e no teto para uma linha de luz suave.&nbsp;<\/li>\n\n\n\n<li>Cozinhas e salas modernas que necessitam de luzes de destaque sem moldura.<\/li>\n\n\n\n<li>Locais de varejo e neg\u00f3cios que exigem ilumina\u00e7\u00e3o arquitet\u00f4nica profissional.<\/li>\n\n\n\n<li>Ilumina\u00e7\u00e3o em cove e linhas de luz do ch\u00e3o ao teto para um efeito dram\u00e1tico.<\/li>\n<\/ul>\n<\/div>\n\n\n\n<div class=\"wp-block-group is-vertical is-layout-flex wp-container-core-group-is-layout-d255d7c4 wp-block-group-is-layout-flex\" style=\"padding-top:var(--wp--preset--spacing--80);padding-bottom:var(--wp--preset--spacing--80)\">\n<h2 class=\"wp-block-heading\" style=\"padding-top:var(--wp--preset--spacing--40);padding-bottom:var(--wp--preset--spacing--40);font-size:25px;font-style:normal;font-weight:600;text-transform:capitalize\">Produtos Relacionados que Voc\u00ea Pode Precisar<\/h2>\n\n\n\n<ul class=\"wp-block-list\">\n<li>Explore nosso <a href=\"https:\/\/tangooled.com\/pt\/product\/black-led-diffuser-aluminum-channel-for-12mm-tape-lights\/\"><mark style=\"background-color:rgba(0, 0, 0, 0)\" class=\"has-inline-color has-vivid-red-color\">canal de alum\u00ednio com difusor LED preto para luzes de fita de 12mm<\/mark><\/a> para um acabamento moderno e preto elegante.<\/li>\n\n\n\n<li>Experimente o <a href=\"https:\/\/tangooled.com\/pt\/product\/led-strip-light-channel-aluminum-profile-with-diffused-cover-6mm-height\/\"><mark style=\"background-color:rgba(0, 0, 0, 0)\" class=\"has-inline-color has-vivid-red-color\">Canal de luz LED de alum\u00ednio com cobertura difusa, altura de 6 mm<\/mark><\/a> se voc\u00ea deseja um perfil mais fino.<\/li>\n\n\n\n<li>Para op\u00e7\u00f5es de montagem em superf\u00edcie, verifique o <a href=\"https:\/\/tangooled.com\/pt\/product\/surface-mount-led-profile-with-frosted-diffuser-for-10mm-rope-lights\/\"><mark style=\"background-color:rgba(0, 0, 0, 0)\" class=\"has-inline-color has-vivid-red-color\">perfil de LED de montagem em superf\u00edcie com difusor fosco para luzes de corda de 10mm<\/mark><\/a>.<\/li>\n<\/ul>\n<\/div>\n\n\n\n<div class=\"wp-block-group is-vertical is-layout-flex wp-container-core-group-is-layout-d255d7c4 wp-block-group-is-layout-flex\" style=\"padding-top:var(--wp--preset--spacing--80);padding-bottom:var(--wp--preset--spacing--80)\">\n<h2 class=\"wp-block-heading\" style=\"padding-top:var(--wp--preset--spacing--40);padding-bottom:var(--wp--preset--spacing--40);font-size:25px;font-style:normal;font-weight:600;text-transform:capitalize\">Resumo<\/h2>\n\n\n\n<p>Our drywall led channel, featuring an outside square diffuser and an inner width of 12mm, provides you with a lighting solution that is completely hidden and doesn&#8217;t need any trim. It is robust, simple to set up, and works with a variety of 12mm LED strips. Its square diffuser gives off gentle, even light, which is great for both home and business projects.<\/p>\n<\/div>\n\n\n\n<p><\/p>","protected":false},"featured_media":13752,"template":"","meta":{"_acf_changed":true,"_seopress_robots_primary_cat":"none","_seopress_titles_title":"Square Diffuser Plaster-in LED Profile | 12mm Inner Width DWP10","_seopress_titles_desc":"The DWP10 is a unique plaster-in led profile featuring an outer square diffuser for a wider light beam. With a 12mm inner width, this aluminum channel provides a modern architectural look for ceilings and drywalls.","_seopress_robots_index":""},"pcb-width":[228],"product-cat":[197],"class_list":{"0":"post-42637","1":"product","2":"type-product","3":"status-publish","4":"has-post-thumbnail","6":"pcb-width-6-12mm","7":"product-cat-plaster-in-profile"},"acf":[],"_links":{"self":[{"href":"https:\/\/tangooled.com\/pt\/wp-json\/wp\/v2\/product\/42637","targetHints":{"allow":["GET"]}}],"collection":[{"href":"https:\/\/tangooled.com\/pt\/wp-json\/wp\/v2\/product"}],"about":[{"href":"https:\/\/tangooled.com\/pt\/wp-json\/wp\/v2\/types\/product"}],"wp:featuredmedia":[{"embeddable":true,"href":"https:\/\/tangooled.com\/pt\/wp-json\/wp\/v2\/media\/13752"}],"wp:attachment":[{"href":"https:\/\/tangooled.com\/pt\/wp-json\/wp\/v2\/media?parent=42637"}],"wp:term":[{"taxonomy":"pcb-width","embeddable":true,"href":"https:\/\/tangooled.com\/pt\/wp-json\/wp\/v2\/pcb-width?post=42637"},{"taxonomy":"product-cat","embeddable":true,"href":"https:\/\/tangooled.com\/pt\/wp-json\/wp\/v2\/product-cat?post=42637"}],"curies":[{"name":"wp","href":"https:\/\/api.w.org\/{rel}","templated":true}]}}