{"id":42634,"date":"2025-12-23T05:35:09","date_gmt":"2025-12-23T13:35:09","guid":{"rendered":"https:\/\/tangooled.com\/?post_type=product&#038;p=42634"},"modified":"2026-02-01T22:21:38","modified_gmt":"2026-02-02T06:21:38","slug":"20mm-deep-mud-in-drywall-led-profile-for-10mm-tape-light","status":"publish","type":"product","link":"https:\/\/tangooled.com\/pt\/product\/20mm-deep-mud-in-drywall-led-profile-for-10mm-tape-light\/","title":{"rendered":"Perfil LED de 20mm de profundidade em drywall para fita de 10mm"},"content":{"rendered":"<div class=\"wp-block-group is-vertical is-layout-flex wp-container-core-group-is-layout-d255d7c4 wp-block-group-is-layout-flex\" style=\"padding-top:var(--wp--preset--spacing--80);padding-bottom:var(--wp--preset--spacing--80)\">\n<p>O nosso perfil LED DWP09 de 20mm de profundidade para drywall \u00e9 feito para instala\u00e7\u00f5es de gesso embutido. Ele cria linhas de luz suaves e limpas, sem quadros ou bordas aparentes. O perfil tem 56,6 mm de largura e uma profundidade de canal embutido de 23,2 mm, com uma altura interna de 20,0 mm. \u00c9 feito de alum\u00ednio anodizado dur\u00e1vel 6063-T5. A largura interna de 12,2 mm \u00e9 perfeita para fitas LED de 10 mm, incluindo vers\u00f5es de fila \u00fanica, RGB e COB. O material forte atua como um dissipador de calor, mantendo a fita de luz fresca e prolongando sua vida \u00fatil.<\/p>\n<\/div>\n\n\n\n<div class=\"wp-block-group has-background is-vertical is-layout-flex wp-container-core-group-is-layout-d255d7c4 wp-block-group-is-layout-flex\" style=\"background-color:#f1f1f1;padding-top:var(--wp--preset--spacing--80);padding-bottom:var(--wp--preset--spacing--80)\">\n<div class=\"wp-block-group is-vertical is-layout-flex wp-container-core-group-is-layout-8cf370e7 wp-block-group-is-layout-flex\">\n<h2 class=\"wp-block-heading\" style=\"padding-top:var(--wp--preset--spacing--40);padding-bottom:var(--wp--preset--spacing--40);font-size:25px;font-style:normal;font-weight:600;text-transform:capitalize\">Por que escolher este perfil LED de drywall de 20mm de profundidade?<\/h2>\n\n\n\n<ul class=\"wp-block-list\">\n<li>Acabamento flush: As bordas t\u00eam pequenos buracos (flanges perfurados) que permitem que a sujeira grude. Ele parece parte da sua parede quando seca.<\/li>\n\n\n\n<li>Dissipador de Calor Forte: A carca\u00e7a met\u00e1lica mant\u00e9m as fitas LED frescas, o que faz com que durem mais.<\/li>\n\n\n\n<li>Luz sem pontos: Vem com uma capa difusora opalina que se encaixa. Isso espalha a luz de maneira uniforme e suave, sem pontos ou \u00e1reas quentes.<\/li>\n\n\n\n<li>Fits perfectly: Made for regular drywall (1\/2&#8243; or 5\/8&#8243;) to make sure it stays in place.<\/li>\n\n\n\n<li>Protege a fita LED: Mant\u00e9m a poeira e os danos longe, facilitando a instala\u00e7\u00e3o.<\/li>\n\n\n\n<li>trim to size: You may get it in 1 or 2 meters and it&#8217;s easy to trim to the right length.<\/li>\n<\/ul>\n<\/div>\n<\/div>\n\n\n\n<div class=\"wp-block-group\" style=\"padding-top:var(--wp--preset--spacing--80);padding-bottom:var(--wp--preset--spacing--80)\"><div class=\"wp-block-group__inner-container is-layout-constrained wp-block-group-is-layout-constrained\">\n<div class=\"wp-block-media-text has-media-on-the-right is-stacked-on-mobile\" style=\"grid-template-columns:auto 40%\"><div class=\"wp-block-media-text__content\">\n<h2 class=\"wp-block-heading\" style=\"padding-top:var(--wp--preset--spacing--40);padding-bottom:var(--wp--preset--spacing--40);font-size:25px;font-style:normal;font-weight:600;text-transform:capitalize\">Como Usar?<\/h2>\n\n\n\n<ul class=\"wp-block-list\">\n<li>Prenda o perfil de alum\u00ednio \u00e0 parede ou ao teto.<\/li>\n\n\n\n<li>Coloque a massa de drywall nas asas que t\u00eam buracos.<\/li>\n\n\n\n<li>Espere a massa secar e depois lixe.<\/li>\n\n\n\n<li>Coloque a fita de luz de 10mm dentro do canal.<\/li>\n\n\n\n<li>Prenda a capa difusora para uma luz suave e sem pontos.<\/li>\n\n\n\n<li>Conecte a fita LED ao sistema de energia e controle.<\/li>\n<\/ul>\n<\/div><figure class=\"wp-block-media-text__media\"><img loading=\"lazy\" decoding=\"async\" width=\"500\" height=\"500\" src=\"https:\/\/tangooled.com\/wp-content\/uploads\/2025\/12\/dwp09-ins.webp\" alt=\"Perfil LED de 20mm de profundidade em drywall para fita de 10mm\" class=\"wp-image-42811 size-full\" srcset=\"https:\/\/tangooled.com\/wp-content\/uploads\/2025\/12\/dwp09-ins.webp 500w, https:\/\/tangooled.com\/wp-content\/uploads\/2025\/12\/dwp09-ins-300x300.webp 300w, https:\/\/tangooled.com\/wp-content\/uploads\/2025\/12\/dwp09-ins-150x150.webp 150w\" sizes=\"auto, (max-width: 500px) 100vw, 500px\" \/><\/figure><\/div>\n<\/div><\/div>\n\n\n\n<div class=\"wp-block-group has-background\" style=\"background-color:#f1f1f1f2;padding-top:var(--wp--preset--spacing--80);padding-bottom:var(--wp--preset--spacing--80)\"><div class=\"wp-block-group__inner-container is-layout-constrained wp-block-group-is-layout-constrained\">\n<h2 class=\"wp-block-heading\" style=\"padding-top:var(--wp--preset--spacing--40);padding-bottom:var(--wp--preset--spacing--40);font-size:25px;font-style:normal;font-weight:600;text-transform:capitalize\">Onde voc\u00ea pode usar este canal sem pontos?<\/h2>\n\n\n\n<ul class=\"wp-block-list\">\n<li>Ilumina\u00e7\u00e3o embutida na parede ou teto para criar linhas de luz sem cantos.<\/li>\n\n\n\n<li>Ilumina\u00e7\u00e3o atr\u00e1s de arm\u00e1rios ou prateleiras em cozinhas ou \u00e1reas de trabalho.<\/li>\n\n\n\n<li>Ilumina\u00e7\u00e3o para arquitetura e decora\u00e7\u00e3o que destaca formas e espa\u00e7os.<\/li>\n\n\n\n<li>Fitas LED modernas para ateliers, caves de homens e empreendimentos criativos.<\/li>\n<\/ul>\n<\/div><\/div>\n\n\n\n<div class=\"wp-block-group is-vertical is-layout-flex wp-container-core-group-is-layout-d255d7c4 wp-block-group-is-layout-flex\" style=\"padding-top:var(--wp--preset--spacing--80);padding-bottom:var(--wp--preset--spacing--80)\">\n<h2 class=\"wp-block-heading\" style=\"padding-top:var(--wp--preset--spacing--40);padding-bottom:var(--wp--preset--spacing--40);font-size:25px;font-style:normal;font-weight:600;text-transform:capitalize\">Produtos relacionados<\/h2>\n\n\n\n<ul class=\"wp-block-list\">\n<li>Explorar <a href=\"https:\/\/tangooled.com\/pt\/product\/surface-mount-led-profile-with-frosted-diffuser-for-10mm-rope-lights\/\"><mark style=\"background-color:rgba(0, 0, 0, 0)\" class=\"has-inline-color has-vivid-red-color\">Perfil LED de montagem de superf\u00edcie com difusor fosco para luzes de cord\u00e3o de 10mm<\/mark><\/a> para solu\u00e7\u00f5es de montagem em superf\u00edcie f\u00e1ceis.<\/li>\n\n\n\n<li>Verifique <a href=\"https:\/\/tangooled.com\/pt\/product\/led-light-diffuser-channel-aluminum-15x12mm-for-10mm-led-strips\/\"><mark style=\"background-color:rgba(0, 0, 0, 0)\" class=\"has-inline-color has-vivid-red-color\">Difusor de luz em alum\u00ednio 15x12mm para tiras LED de 10mm<\/mark><\/a> se voc\u00ea deseja um perfil mais fino.<\/li>\n\n\n\n<li>Encontrar <a href=\"https:\/\/tangooled.com\/pt\/product\/recessed-aluminum-channel-with-ceiling-buckle-for-led-10mm-strip-light\/\"><mark style=\"background-color:rgba(0, 0, 0, 0)\" class=\"has-inline-color has-vivid-red-color\">Perfil de alum\u00ednio LED embutido com fivela de teto<\/mark><\/a> se a necessidade \u00e9 fixar canais rapidamente aos tetos.<\/li>\n<\/ul>\n<\/div>\n\n\n\n<div class=\"wp-block-group has-background\" style=\"background-color:#f1f1f1;padding-top:var(--wp--preset--spacing--80);padding-bottom:var(--wp--preset--spacing--80)\"><div class=\"wp-block-group__inner-container is-layout-constrained wp-block-group-is-layout-constrained\">\n<p>O nosso perfil LED de drywall de 20mm de profundidade \u00e9 a escolha perfeita para instala\u00e7\u00f5es de fitas LED limpas, organizadas e profissionais. Constru\u00eddo com materiais de alta qualidade e projetado para montagem em drywall sem costura, esse perfil garante que sua fita de luz de 10mm ofere\u00e7a ilumina\u00e7\u00e3o suave, uniforme e duradoura por anos.<\/p>\n<\/div><\/div>\n\n\n\n<p><\/p>","protected":false},"featured_media":13743,"template":"","meta":{"_acf_changed":true,"_seopress_robots_primary_cat":"none","_seopress_titles_title":"20mm Deep Drywall LED Profile | Dot-Free Mud-in Channel DWP09","_seopress_titles_desc":"The DWP09 is a professional 20mm deep drywall led profile designed for 10mm tape lights. Its deep-recessed design ensures a dot-free, seamless linear light finish in plasterboards.","_seopress_robots_index":""},"pcb-width":[228],"product-cat":[197],"class_list":{"0":"post-42634","1":"product","2":"type-product","3":"status-publish","4":"has-post-thumbnail","6":"pcb-width-6-12mm","7":"product-cat-plaster-in-profile"},"acf":[],"_links":{"self":[{"href":"https:\/\/tangooled.com\/pt\/wp-json\/wp\/v2\/product\/42634","targetHints":{"allow":["GET"]}}],"collection":[{"href":"https:\/\/tangooled.com\/pt\/wp-json\/wp\/v2\/product"}],"about":[{"href":"https:\/\/tangooled.com\/pt\/wp-json\/wp\/v2\/types\/product"}],"wp:featuredmedia":[{"embeddable":true,"href":"https:\/\/tangooled.com\/pt\/wp-json\/wp\/v2\/media\/13743"}],"wp:attachment":[{"href":"https:\/\/tangooled.com\/pt\/wp-json\/wp\/v2\/media?parent=42634"}],"wp:term":[{"taxonomy":"pcb-width","embeddable":true,"href":"https:\/\/tangooled.com\/pt\/wp-json\/wp\/v2\/pcb-width?post=42634"},{"taxonomy":"product-cat","embeddable":true,"href":"https:\/\/tangooled.com\/pt\/wp-json\/wp\/v2\/product-cat?post=42634"}],"curies":[{"name":"wp","href":"https:\/\/api.w.org\/{rel}","templated":true}]}}