{"id":42633,"date":"2025-12-23T05:29:47","date_gmt":"2025-12-23T13:29:47","guid":{"rendered":"https:\/\/tangooled.com\/?post_type=product&#038;p=42633"},"modified":"2026-01-27T20:11:23","modified_gmt":"2026-01-28T04:11:23","slug":"inside-corner-tile-trim-led-aluminum-profile-for-12mm-strips","status":"publish","type":"product","link":"https:\/\/tangooled.com\/pt\/product\/inside-corner-tile-trim-led-aluminum-profile-for-12mm-strips\/","title":{"rendered":"Perfil de Alum\u00ednio para Acabamento em Canto Interno com LED para Fitas de 12mm"},"content":{"rendered":"<div class=\"wp-block-group is-vertical is-layout-flex wp-container-core-group-is-layout-d255d7c4 wp-block-group-is-layout-flex\" style=\"padding-top:var(--wp--preset--spacing--80);padding-bottom:var(--wp--preset--spacing--80)\">\n<p>O nosso perfil de acabamento em canto interno DWP08 vai iluminar e embelezar os cantos das suas cer\u00e2micas. Este perfil de alum\u00ednio anodizado profissional \u00e9 feito para ser colocado em gesso ou azulejos em cantos de 90 graus internos. Tem 58mm de largura e flanges para gesso que podem ter 25mm ou 36mm de largura. Pode segurar fitas LED de 12mm com seguran\u00e7a e fora da vista. A constru\u00e7\u00e3o robusta protege os LEDs e funciona como um dissipador de calor, garantindo que durem muito tempo. Para ilumina\u00e7\u00e3o linear sem costura em cozinhas, casas de banho, duches e outros espa\u00e7os azulejados, utilize-o.<\/p>\n<\/div>\n\n\n\n<div class=\"wp-block-group has-background is-vertical is-layout-flex wp-container-core-group-is-layout-d255d7c4 wp-block-group-is-layout-flex\" style=\"background-color:#f1f1f1;padding-top:var(--wp--preset--spacing--80);padding-bottom:var(--wp--preset--spacing--80)\">\n<div class=\"wp-block-group is-vertical is-layout-flex wp-container-core-group-is-layout-8cf370e7 wp-block-group-is-layout-flex\">\n<h2 class=\"wp-block-heading\" style=\"padding-top:var(--wp--preset--spacing--40);padding-bottom:var(--wp--preset--spacing--40);font-size:25px;font-style:normal;font-weight:600;text-transform:capitalize\">Por Que Escolher o Nosso Perfil de Acabamento em Canto Interno com LED?<\/h2>\n\n\n\n<ul class=\"wp-block-list\">\n<li>Funciona bem com fitas de LED de 12mm, como as conhecidas fitas COB e SMD.<\/li>\n\n\n\n<li>Feito de alum\u00ednio anodizado 6063-T5, que \u00e9 forte e deixa o calor escapar.<\/li>\n\n\n\n<li>Vem com um difusor fosco ou opaco que torna a luz suave e sem manchas.\u00a0<\/li>\n\n\n\n<li>A perna de montagem tem furos que permitem que o perfil seja fixado ao rejunte ou argamassa para um apoio s\u00f3lido. Voc\u00ea pode ter nas cores prata, preto ou branco para combinar com a sua decora\u00e7\u00e3o.<\/li>\n\n\n\n<li>Dispon\u00edvel em comprimentos de 1m, 2m ou 3m, e \u00e9 f\u00e1cil de cortar para qualquer projeto.<\/li>\n\n\n\n<li>Vem com tampas de extremidade para manter as extremidades organizadas e facilitar a passagem de fios.<\/li>\n<\/ul>\n<\/div>\n<\/div>\n\n\n\n<div class=\"wp-block-group is-vertical is-layout-flex wp-container-core-group-is-layout-d255d7c4 wp-block-group-is-layout-flex\" style=\"padding-top:var(--wp--preset--spacing--80);padding-bottom:var(--wp--preset--spacing--80)\">\n<hr class=\"wp-block-separator has-alpha-channel-opacity\"\/>\n\n\n\n<div class=\"wp-block-media-text has-media-on-the-right is-stacked-on-mobile\" style=\"grid-template-columns:auto 40%\"><div class=\"wp-block-media-text__content\">\n<h2 class=\"wp-block-heading\" style=\"padding-top:var(--wp--preset--spacing--40);padding-bottom:var(--wp--preset--spacing--40);font-size:25px;font-style:normal;font-weight:600;text-transform:capitalize\">Como Usar o Perfil de Acabamento em Canto Interno com LED<\/h2>\n\n\n\n<ul class=\"wp-block-list\">\n<li>Coloque a flange perfurada na argamassa ou adesivo de azulejos.<\/li>\n\n\n\n<li>Para um acabamento liso, certifique-se de que as bordas dos azulejos est\u00e3o alinhadas com o perfil.<\/li>\n\n\n\n<li>Para uma ilumina\u00e7\u00e3o n\u00edtida e uniforme nos cantos, coloque a fita LED de 12mm dentro.<\/li>\n\n\n\n<li>Para obter luz suave, coloque a tampa difusora fosca por cima.<\/li>\n<\/ul>\n<\/div><figure class=\"wp-block-media-text__media\"><img loading=\"lazy\" decoding=\"async\" width=\"500\" height=\"500\" src=\"https:\/\/tangooled.com\/wp-content\/uploads\/2025\/12\/dwp08-ins.webp\" alt=\"inside corner tile trim led aluminum profile for 12mm strips\" class=\"wp-image-42807 size-full\" srcset=\"https:\/\/tangooled.com\/wp-content\/uploads\/2025\/12\/dwp08-ins.webp 500w, https:\/\/tangooled.com\/wp-content\/uploads\/2025\/12\/dwp08-ins-300x300.webp 300w, https:\/\/tangooled.com\/wp-content\/uploads\/2025\/12\/dwp08-ins-150x150.webp 150w\" sizes=\"auto, (max-width: 500px) 100vw, 500px\" \/><\/figure><\/div>\n<\/div>\n\n\n\n<div class=\"wp-block-group has-background\" style=\"background-color:#f1f1f1f2;padding-top:var(--wp--preset--spacing--80);padding-bottom:var(--wp--preset--spacing--80)\"><div class=\"wp-block-group__inner-container is-layout-constrained wp-block-group-is-layout-constrained\">\n<h2 class=\"wp-block-heading\" style=\"padding-top:var(--wp--preset--spacing--40);padding-bottom:var(--wp--preset--spacing--40);font-size:25px;font-style:normal;font-weight:600\">Principais Aplica\u00e7\u00f5es do Perfil de Acabamento em Canto Interno com LED<\/h2>\n\n\n\n<ul class=\"wp-block-list\">\n<li>Paredes de Cozinhas: Utilize ilumina\u00e7\u00e3o de tarefa ou realce para destacar os cantos da sua bancada.<\/li>\n\n\n\n<li>Corredores e Escadas: Colocar linhas ao longo de degraus e cantos tornar\u00e1 o espa\u00e7o mais seguro e moderno.<\/li>\n\n\n\n<li>Ilumina\u00e7\u00e3o c\u00f4ncava no teto e nas paredes: Utilize luz indireta nos cantos para dar a sensa\u00e7\u00e3o de tetos mais altos.<\/li>\n\n\n\n<li>Mudan\u00e7as Entre Paredes e Pisos: Fa\u00e7a rodap\u00e9s ou rodap\u00e9s que iluminam.<\/li>\n\n\n\n<li>Exposi\u00e7\u00f5es Comerciais e Varejistas: Utilize ilumina\u00e7\u00e3o para destacar prateleiras, exibi\u00e7\u00f5es e bordas arquitet\u00f3nicas.<\/li>\n<\/ul>\n<\/div><\/div>\n\n\n\n<div class=\"wp-block-group is-vertical is-layout-flex wp-container-core-group-is-layout-d255d7c4 wp-block-group-is-layout-flex\" style=\"padding-top:var(--wp--preset--spacing--80);padding-bottom:var(--wp--preset--spacing--80)\">\n<h2 class=\"wp-block-heading\" style=\"font-size:25px;font-style:normal;font-weight:600;text-transform:capitalize\">Produtos Relacionados Que Voc\u00ea Pode Gostar<\/h2>\n\n\n\n<ul class=\"wp-block-list\">\n<li><a href=\"https:\/\/tangooled.com\/pt\/product\/black-led-diffuser-aluminum-channel-for-12mm-tape-lights\/\"><mark style=\"background-color:rgba(0, 0, 0, 0)\" class=\"has-inline-color has-vivid-red-color\">Canal de Alum\u00ednio Difusor LED Preto para Fitas de 12mm<\/mark><\/a> \u2014 Perfect match for dark designs.<\/li>\n\n\n\n<li><a href=\"https:\/\/tangooled.com\/pt\/product\/18x18mm-led-strip-corner-profile-for-12mm-led-strips\/\"><mark style=\"background-color:rgba(0, 0, 0, 0)\" class=\"has-inline-color has-vivid-red-color\">Perfil de Canto para Fita LED 18x18mm para Fitas LED de 12mm<\/mark><\/a> \u2014 Great for sharp corner lighting.<\/li>\n\n\n\n<li><a href=\"https:\/\/tangooled.com\/pt\/product\/led-profile-under-cabinet-corner-lighting-for-led-strip-12mm\/\"><mark style=\"background-color:rgba(0, 0, 0, 0)\" class=\"has-inline-color has-vivid-red-color\">Ilumina\u00e7\u00e3o de Canto debaixo de Gabinete para Fita LED de 12mm<\/mark><\/a> \u2014 Ideal for kitchen under cabinet corners.<\/li>\n<\/ul>\n<\/div>\n\n\n\n<p><\/p>","protected":false},"featured_media":13738,"template":"","meta":{"_acf_changed":true,"_seopress_robots_primary_cat":"none","_seopress_titles_title":"Inside Corner Tile Trim LED Profile | 12mm Internal Corner DWP08 | TANGOOLED","_seopress_titles_desc":"The DWP08 is a specialized inside corner tile trim led profile for 12mm strips. Perfect for creating ambient lighting in tile corners of bathrooms and showers while providing a clean trim finish.","_seopress_robots_index":""},"pcb-width":[228],"product-cat":[197],"class_list":{"0":"post-42633","1":"product","2":"type-product","3":"status-publish","4":"has-post-thumbnail","6":"pcb-width-6-12mm","7":"product-cat-plaster-in-profile"},"acf":[],"_links":{"self":[{"href":"https:\/\/tangooled.com\/pt\/wp-json\/wp\/v2\/product\/42633","targetHints":{"allow":["GET"]}}],"collection":[{"href":"https:\/\/tangooled.com\/pt\/wp-json\/wp\/v2\/product"}],"about":[{"href":"https:\/\/tangooled.com\/pt\/wp-json\/wp\/v2\/types\/product"}],"wp:featuredmedia":[{"embeddable":true,"href":"https:\/\/tangooled.com\/pt\/wp-json\/wp\/v2\/media\/13738"}],"wp:attachment":[{"href":"https:\/\/tangooled.com\/pt\/wp-json\/wp\/v2\/media?parent=42633"}],"wp:term":[{"taxonomy":"pcb-width","embeddable":true,"href":"https:\/\/tangooled.com\/pt\/wp-json\/wp\/v2\/pcb-width?post=42633"},{"taxonomy":"product-cat","embeddable":true,"href":"https:\/\/tangooled.com\/pt\/wp-json\/wp\/v2\/product-cat?post=42633"}],"curies":[{"name":"wp","href":"https:\/\/api.w.org\/{rel}","templated":true}]}}